{"id":56215,"date":"2023-12-05T16:13:29","date_gmt":"2023-12-05T15:13:29","guid":{"rendered":"https:\/\/biorius.com\/reach-registo-avaliacao-autorizacao-produtos-quimicos\/registo-de-substancias-reach\/"},"modified":"2023-12-05T16:13:29","modified_gmt":"2023-12-05T15:13:29","slug":"registo-de-substancias-reach","status":"publish","type":"page","link":"https:\/\/biorius.com\/pt-pt\/reach-registo-avaliacao-autorizacao-produtos-quimicos\/registo-de-substancias-reach\/","title":{"rendered":"Registo de subst\u00e2ncias REACH"},"content":{"rendered":"","protected":false},"excerpt":{"rendered":"","protected":false},"author":1,"featured_media":56213,"parent":56201,"menu_order":0,"comment_status":"closed","ping_status":"closed","template":"templates\/page-builder.php","meta":{"_acf_changed":false,"_coblocks_attr":"","_coblocks_dimensions":"","_coblocks_responsive_height":"","_coblocks_accordion_ie_support":"","footnotes":""},"categories":[],"tags":[],"class_list":["post-56215","page","type-page","status-publish","has-post-thumbnail","hentry"],"acf":[],"yoast_head":"<!-- This site is optimized with the Yoast SEO plugin v27.3 - https:\/\/yoast.com\/product\/yoast-seo-wordpress\/ -->\n<title>Registo de subst\u00e2ncias REACH - Biorius<\/title>\n<meta name=\"description\" content=\"Assegura a conformidade com o REACH com os servi\u00e7os especializados de registo de subst\u00e2ncias da Biorius. Obt\u00e9m apoio para o registo, avalia\u00e7\u00e3o e autoriza\u00e7\u00e3o de subst\u00e2ncias qu\u00edmicas.\" \/>\n<meta name=\"robots\" content=\"index, follow, max-snippet:-1, max-image-preview:large, max-video-preview:-1\" \/>\n<link rel=\"canonical\" href=\"https:\/\/biorius.com\/pt-pt\/reach-registo-avaliacao-autorizacao-produtos-quimicos\/registo-de-substancias-reach\/\" \/>\n<meta property=\"og:locale\" content=\"pt_PT\" \/>\n<meta property=\"og:type\" content=\"article\" \/>\n<meta property=\"og:title\" content=\"Registo de subst\u00e2ncias REACH - Biorius\" \/>\n<meta property=\"og:description\" content=\"Assegura a conformidade com o REACH com os servi\u00e7os especializados de registo de subst\u00e2ncias da Biorius. Obt\u00e9m apoio para o registo, avalia\u00e7\u00e3o e autoriza\u00e7\u00e3o de subst\u00e2ncias qu\u00edmicas.\" \/>\n<meta property=\"og:url\" content=\"https:\/\/biorius.com\/pt-pt\/reach-registo-avaliacao-autorizacao-produtos-quimicos\/registo-de-substancias-reach\/\" \/>\n<meta property=\"og:site_name\" content=\"Biorius\" \/>\n<meta property=\"og:image\" content=\"https:\/\/biorius.com\/wp-content\/uploads\/2024\/01\/REACH-2-1.webp\" \/>\n\t<meta property=\"og:image:width\" content=\"1024\" \/>\n\t<meta property=\"og:image:height\" content=\"1024\" \/>\n\t<meta property=\"og:image:type\" content=\"image\/webp\" \/>\n<meta name=\"twitter:card\" content=\"summary_large_image\" \/>\n<script type=\"application\/ld+json\" class=\"yoast-schema-graph\">{\"@context\":\"https:\\\/\\\/schema.org\",\"@graph\":[{\"@type\":\"WebPage\",\"@id\":\"https:\\\/\\\/biorius.com\\\/pt-pt\\\/reach-registo-avaliacao-autorizacao-produtos-quimicos\\\/registo-de-substancias-reach\\\/\",\"url\":\"https:\\\/\\\/biorius.com\\\/pt-pt\\\/reach-registo-avaliacao-autorizacao-produtos-quimicos\\\/registo-de-substancias-reach\\\/\",\"name\":\"Registo de subst\u00e2ncias REACH - Biorius\",\"isPartOf\":{\"@id\":\"https:\\\/\\\/biorius.com\\\/pt-pt\\\/#website\"},\"primaryImageOfPage\":{\"@id\":\"https:\\\/\\\/biorius.com\\\/pt-pt\\\/reach-registo-avaliacao-autorizacao-produtos-quimicos\\\/registo-de-substancias-reach\\\/#primaryimage\"},\"image\":{\"@id\":\"https:\\\/\\\/biorius.com\\\/pt-pt\\\/reach-registo-avaliacao-autorizacao-produtos-quimicos\\\/registo-de-substancias-reach\\\/#primaryimage\"},\"thumbnailUrl\":\"https:\\\/\\\/biorius.com\\\/wp-content\\\/uploads\\\/2024\\\/01\\\/REACH-2-1.webp\",\"datePublished\":\"2023-12-05T15:13:29+00:00\",\"description\":\"Assegura a conformidade com o REACH com os servi\u00e7os especializados de registo de subst\u00e2ncias da Biorius. Obt\u00e9m apoio para o registo, avalia\u00e7\u00e3o e autoriza\u00e7\u00e3o de subst\u00e2ncias qu\u00edmicas.\",\"breadcrumb\":{\"@id\":\"https:\\\/\\\/biorius.com\\\/pt-pt\\\/reach-registo-avaliacao-autorizacao-produtos-quimicos\\\/registo-de-substancias-reach\\\/#breadcrumb\"},\"inLanguage\":\"pt-PT\",\"potentialAction\":[{\"@type\":\"ReadAction\",\"target\":[\"https:\\\/\\\/biorius.com\\\/pt-pt\\\/reach-registo-avaliacao-autorizacao-produtos-quimicos\\\/registo-de-substancias-reach\\\/\"]}]},{\"@type\":\"ImageObject\",\"inLanguage\":\"pt-PT\",\"@id\":\"https:\\\/\\\/biorius.com\\\/pt-pt\\\/reach-registo-avaliacao-autorizacao-produtos-quimicos\\\/registo-de-substancias-reach\\\/#primaryimage\",\"url\":\"https:\\\/\\\/biorius.com\\\/wp-content\\\/uploads\\\/2024\\\/01\\\/REACH-2-1.webp\",\"contentUrl\":\"https:\\\/\\\/biorius.com\\\/wp-content\\\/uploads\\\/2024\\\/01\\\/REACH-2-1.webp\",\"width\":1024,\"height\":1024},{\"@type\":\"BreadcrumbList\",\"@id\":\"https:\\\/\\\/biorius.com\\\/pt-pt\\\/reach-registo-avaliacao-autorizacao-produtos-quimicos\\\/registo-de-substancias-reach\\\/#breadcrumb\",\"itemListElement\":[{\"@type\":\"ListItem\",\"position\":1,\"name\":\"Home\",\"item\":\"https:\\\/\\\/biorius.com\\\/pt-pt\\\/\"},{\"@type\":\"ListItem\",\"position\":2,\"name\":\"REACH (Registo, Avalia\u00e7\u00e3o, Autoriza\u00e7\u00e3o, Produtos Qu\u00edmicos)\",\"item\":\"https:\\\/\\\/biorius.com\\\/pt-pt\\\/reach-registo-avaliacao-autorizacao-produtos-quimicos\\\/\"},{\"@type\":\"ListItem\",\"position\":3,\"name\":\"Registo de subst\u00e2ncias REACH\"}]},{\"@type\":\"WebSite\",\"@id\":\"https:\\\/\\\/biorius.com\\\/pt-pt\\\/#website\",\"url\":\"https:\\\/\\\/biorius.com\\\/pt-pt\\\/\",\"name\":\"Biorius\",\"description\":\"You create dreams we protect them\",\"potentialAction\":[{\"@type\":\"SearchAction\",\"target\":{\"@type\":\"EntryPoint\",\"urlTemplate\":\"https:\\\/\\\/biorius.com\\\/pt-pt\\\/?s={search_term_string}\"},\"query-input\":{\"@type\":\"PropertyValueSpecification\",\"valueRequired\":true,\"valueName\":\"search_term_string\"}}],\"inLanguage\":\"pt-PT\"}]}<\/script>\n<!-- \/ Yoast SEO plugin. -->","yoast_head_json":{"title":"Registo de subst\u00e2ncias REACH - Biorius","description":"Assegura a conformidade com o REACH com os servi\u00e7os especializados de registo de subst\u00e2ncias da Biorius. Obt\u00e9m apoio para o registo, avalia\u00e7\u00e3o e autoriza\u00e7\u00e3o de subst\u00e2ncias qu\u00edmicas.","robots":{"index":"index","follow":"follow","max-snippet":"max-snippet:-1","max-image-preview":"max-image-preview:large","max-video-preview":"max-video-preview:-1"},"canonical":"https:\/\/biorius.com\/pt-pt\/reach-registo-avaliacao-autorizacao-produtos-quimicos\/registo-de-substancias-reach\/","og_locale":"pt_PT","og_type":"article","og_title":"Registo de subst\u00e2ncias REACH - Biorius","og_description":"Assegura a conformidade com o REACH com os servi\u00e7os especializados de registo de subst\u00e2ncias da Biorius. Obt\u00e9m apoio para o registo, avalia\u00e7\u00e3o e autoriza\u00e7\u00e3o de subst\u00e2ncias qu\u00edmicas.","og_url":"https:\/\/biorius.com\/pt-pt\/reach-registo-avaliacao-autorizacao-produtos-quimicos\/registo-de-substancias-reach\/","og_site_name":"Biorius","og_image":[{"width":1024,"height":1024,"url":"https:\/\/biorius.com\/wp-content\/uploads\/2024\/01\/REACH-2-1.webp","type":"image\/webp"}],"twitter_card":"summary_large_image","schema":{"@context":"https:\/\/schema.org","@graph":[{"@type":"WebPage","@id":"https:\/\/biorius.com\/pt-pt\/reach-registo-avaliacao-autorizacao-produtos-quimicos\/registo-de-substancias-reach\/","url":"https:\/\/biorius.com\/pt-pt\/reach-registo-avaliacao-autorizacao-produtos-quimicos\/registo-de-substancias-reach\/","name":"Registo de subst\u00e2ncias REACH - Biorius","isPartOf":{"@id":"https:\/\/biorius.com\/pt-pt\/#website"},"primaryImageOfPage":{"@id":"https:\/\/biorius.com\/pt-pt\/reach-registo-avaliacao-autorizacao-produtos-quimicos\/registo-de-substancias-reach\/#primaryimage"},"image":{"@id":"https:\/\/biorius.com\/pt-pt\/reach-registo-avaliacao-autorizacao-produtos-quimicos\/registo-de-substancias-reach\/#primaryimage"},"thumbnailUrl":"https:\/\/biorius.com\/wp-content\/uploads\/2024\/01\/REACH-2-1.webp","datePublished":"2023-12-05T15:13:29+00:00","description":"Assegura a conformidade com o REACH com os servi\u00e7os especializados de registo de subst\u00e2ncias da Biorius. Obt\u00e9m apoio para o registo, avalia\u00e7\u00e3o e autoriza\u00e7\u00e3o de subst\u00e2ncias qu\u00edmicas.","breadcrumb":{"@id":"https:\/\/biorius.com\/pt-pt\/reach-registo-avaliacao-autorizacao-produtos-quimicos\/registo-de-substancias-reach\/#breadcrumb"},"inLanguage":"pt-PT","potentialAction":[{"@type":"ReadAction","target":["https:\/\/biorius.com\/pt-pt\/reach-registo-avaliacao-autorizacao-produtos-quimicos\/registo-de-substancias-reach\/"]}]},{"@type":"ImageObject","inLanguage":"pt-PT","@id":"https:\/\/biorius.com\/pt-pt\/reach-registo-avaliacao-autorizacao-produtos-quimicos\/registo-de-substancias-reach\/#primaryimage","url":"https:\/\/biorius.com\/wp-content\/uploads\/2024\/01\/REACH-2-1.webp","contentUrl":"https:\/\/biorius.com\/wp-content\/uploads\/2024\/01\/REACH-2-1.webp","width":1024,"height":1024},{"@type":"BreadcrumbList","@id":"https:\/\/biorius.com\/pt-pt\/reach-registo-avaliacao-autorizacao-produtos-quimicos\/registo-de-substancias-reach\/#breadcrumb","itemListElement":[{"@type":"ListItem","position":1,"name":"Home","item":"https:\/\/biorius.com\/pt-pt\/"},{"@type":"ListItem","position":2,"name":"REACH (Registo, Avalia\u00e7\u00e3o, Autoriza\u00e7\u00e3o, Produtos Qu\u00edmicos)","item":"https:\/\/biorius.com\/pt-pt\/reach-registo-avaliacao-autorizacao-produtos-quimicos\/"},{"@type":"ListItem","position":3,"name":"Registo de subst\u00e2ncias REACH"}]},{"@type":"WebSite","@id":"https:\/\/biorius.com\/pt-pt\/#website","url":"https:\/\/biorius.com\/pt-pt\/","name":"Biorius","description":"You create dreams we protect them","potentialAction":[{"@type":"SearchAction","target":{"@type":"EntryPoint","urlTemplate":"https:\/\/biorius.com\/pt-pt\/?s={search_term_string}"},"query-input":{"@type":"PropertyValueSpecification","valueRequired":true,"valueName":"search_term_string"}}],"inLanguage":"pt-PT"}]}},"_links":{"self":[{"href":"https:\/\/biorius.com\/pt-pt\/wp-json\/wp\/v2\/pages\/56215","targetHints":{"allow":["GET"]}}],"collection":[{"href":"https:\/\/biorius.com\/pt-pt\/wp-json\/wp\/v2\/pages"}],"about":[{"href":"https:\/\/biorius.com\/pt-pt\/wp-json\/wp\/v2\/types\/page"}],"author":[{"embeddable":true,"href":"https:\/\/biorius.com\/pt-pt\/wp-json\/wp\/v2\/users\/1"}],"replies":[{"embeddable":true,"href":"https:\/\/biorius.com\/pt-pt\/wp-json\/wp\/v2\/comments?post=56215"}],"version-history":[{"count":0,"href":"https:\/\/biorius.com\/pt-pt\/wp-json\/wp\/v2\/pages\/56215\/revisions"}],"up":[{"embeddable":true,"href":"https:\/\/biorius.com\/pt-pt\/wp-json\/wp\/v2\/pages\/56201"}],"wp:featuredmedia":[{"embeddable":true,"href":"https:\/\/biorius.com\/pt-pt\/wp-json\/wp\/v2\/media\/56213"}],"wp:attachment":[{"href":"https:\/\/biorius.com\/pt-pt\/wp-json\/wp\/v2\/media?parent=56215"}],"wp:term":[{"taxonomy":"category","embeddable":true,"href":"https:\/\/biorius.com\/pt-pt\/wp-json\/wp\/v2\/categories?post=56215"},{"taxonomy":"post_tag","embeddable":true,"href":"https:\/\/biorius.com\/pt-pt\/wp-json\/wp\/v2\/tags?post=56215"}],"curies":[{"name":"wp","href":"https:\/\/api.w.org\/{rel}","templated":true}]}}