{"id":56201,"date":"2023-11-27T13:52:03","date_gmt":"2023-11-27T12:52:03","guid":{"rendered":"https:\/\/biorius.com\/reach-registo-avaliacao-autorizacao-produtos-quimicos\/"},"modified":"2023-11-27T13:52:03","modified_gmt":"2023-11-27T12:52:03","slug":"reach-registo-avaliacao-autorizacao-produtos-quimicos","status":"publish","type":"page","link":"https:\/\/biorius.com\/pt-pt\/reach-registo-avaliacao-autorizacao-produtos-quimicos\/","title":{"rendered":"REACH (Registo, Avalia\u00e7\u00e3o, Autoriza\u00e7\u00e3o, Produtos Qu\u00edmicos)"},"content":{"rendered":"","protected":false},"excerpt":{"rendered":"","protected":false},"author":1,"featured_media":56209,"parent":0,"menu_order":0,"comment_status":"closed","ping_status":"closed","template":"templates\/page-builder.php","meta":{"_acf_changed":false,"_coblocks_attr":"","_coblocks_dimensions":"","_coblocks_responsive_height":"","_coblocks_accordion_ie_support":"","footnotes":""},"categories":[],"tags":[],"class_list":["post-56201","page","type-page","status-publish","has-post-thumbnail","hentry"],"acf":[],"yoast_head":"<!-- This site is optimized with the Yoast SEO plugin v27.3 - https:\/\/yoast.com\/product\/yoast-seo-wordpress\/ -->\n<title>REACH (Registo, Avalia\u00e7\u00e3o, Autoriza\u00e7\u00e3o, Produtos Qu\u00edmicos) - Biorius<\/title>\n<meta name=\"description\" content=\"Garante a conformidade com os regulamentos REACH para produtos qu\u00edmicos com a Biorius. Obt\u00e9m apoio especializado para o registo, avalia\u00e7\u00e3o e autoriza\u00e7\u00e3o dos teus produtos.\" \/>\n<meta name=\"robots\" content=\"index, follow, max-snippet:-1, max-image-preview:large, max-video-preview:-1\" \/>\n<link rel=\"canonical\" href=\"https:\/\/biorius.com\/pt-pt\/reach-registo-avaliacao-autorizacao-produtos-quimicos\/\" \/>\n<meta property=\"og:locale\" content=\"pt_PT\" \/>\n<meta property=\"og:type\" content=\"article\" \/>\n<meta property=\"og:title\" content=\"REACH (Registo, Avalia\u00e7\u00e3o, Autoriza\u00e7\u00e3o, Produtos Qu\u00edmicos) - Biorius\" \/>\n<meta property=\"og:description\" content=\"Garante a conformidade com os regulamentos REACH para produtos qu\u00edmicos com a Biorius. Obt\u00e9m apoio especializado para o registo, avalia\u00e7\u00e3o e autoriza\u00e7\u00e3o dos teus produtos.\" \/>\n<meta property=\"og:url\" content=\"https:\/\/biorius.com\/pt-pt\/reach-registo-avaliacao-autorizacao-produtos-quimicos\/\" \/>\n<meta property=\"og:site_name\" content=\"Biorius\" \/>\n<meta property=\"og:image\" content=\"https:\/\/biorius.com\/wp-content\/uploads\/2024\/01\/REACh-2.webp\" \/>\n\t<meta property=\"og:image:width\" content=\"1024\" \/>\n\t<meta property=\"og:image:height\" content=\"1024\" \/>\n\t<meta property=\"og:image:type\" content=\"image\/webp\" \/>\n<meta name=\"twitter:card\" content=\"summary_large_image\" \/>\n<script type=\"application\/ld+json\" class=\"yoast-schema-graph\">{\"@context\":\"https:\\\/\\\/schema.org\",\"@graph\":[{\"@type\":\"WebPage\",\"@id\":\"https:\\\/\\\/biorius.com\\\/pt-pt\\\/reach-registo-avaliacao-autorizacao-produtos-quimicos\\\/\",\"url\":\"https:\\\/\\\/biorius.com\\\/pt-pt\\\/reach-registo-avaliacao-autorizacao-produtos-quimicos\\\/\",\"name\":\"REACH (Registo, Avalia\u00e7\u00e3o, Autoriza\u00e7\u00e3o, Produtos Qu\u00edmicos) - Biorius\",\"isPartOf\":{\"@id\":\"https:\\\/\\\/biorius.com\\\/pt-pt\\\/#website\"},\"primaryImageOfPage\":{\"@id\":\"https:\\\/\\\/biorius.com\\\/pt-pt\\\/reach-registo-avaliacao-autorizacao-produtos-quimicos\\\/#primaryimage\"},\"image\":{\"@id\":\"https:\\\/\\\/biorius.com\\\/pt-pt\\\/reach-registo-avaliacao-autorizacao-produtos-quimicos\\\/#primaryimage\"},\"thumbnailUrl\":\"https:\\\/\\\/biorius.com\\\/wp-content\\\/uploads\\\/2024\\\/01\\\/REACh-2.webp\",\"datePublished\":\"2023-11-27T12:52:03+00:00\",\"description\":\"Garante a conformidade com os regulamentos REACH para produtos qu\u00edmicos com a Biorius. Obt\u00e9m apoio especializado para o registo, avalia\u00e7\u00e3o e autoriza\u00e7\u00e3o dos teus produtos.\",\"breadcrumb\":{\"@id\":\"https:\\\/\\\/biorius.com\\\/pt-pt\\\/reach-registo-avaliacao-autorizacao-produtos-quimicos\\\/#breadcrumb\"},\"inLanguage\":\"pt-PT\",\"potentialAction\":[{\"@type\":\"ReadAction\",\"target\":[\"https:\\\/\\\/biorius.com\\\/pt-pt\\\/reach-registo-avaliacao-autorizacao-produtos-quimicos\\\/\"]}]},{\"@type\":\"ImageObject\",\"inLanguage\":\"pt-PT\",\"@id\":\"https:\\\/\\\/biorius.com\\\/pt-pt\\\/reach-registo-avaliacao-autorizacao-produtos-quimicos\\\/#primaryimage\",\"url\":\"https:\\\/\\\/biorius.com\\\/wp-content\\\/uploads\\\/2024\\\/01\\\/REACh-2.webp\",\"contentUrl\":\"https:\\\/\\\/biorius.com\\\/wp-content\\\/uploads\\\/2024\\\/01\\\/REACh-2.webp\",\"width\":1024,\"height\":1024},{\"@type\":\"BreadcrumbList\",\"@id\":\"https:\\\/\\\/biorius.com\\\/pt-pt\\\/reach-registo-avaliacao-autorizacao-produtos-quimicos\\\/#breadcrumb\",\"itemListElement\":[{\"@type\":\"ListItem\",\"position\":1,\"name\":\"Home\",\"item\":\"https:\\\/\\\/biorius.com\\\/pt-pt\\\/\"},{\"@type\":\"ListItem\",\"position\":2,\"name\":\"REACH (Registo, Avalia\u00e7\u00e3o, Autoriza\u00e7\u00e3o, Produtos Qu\u00edmicos)\"}]},{\"@type\":\"WebSite\",\"@id\":\"https:\\\/\\\/biorius.com\\\/pt-pt\\\/#website\",\"url\":\"https:\\\/\\\/biorius.com\\\/pt-pt\\\/\",\"name\":\"Biorius\",\"description\":\"You create dreams we protect them\",\"potentialAction\":[{\"@type\":\"SearchAction\",\"target\":{\"@type\":\"EntryPoint\",\"urlTemplate\":\"https:\\\/\\\/biorius.com\\\/pt-pt\\\/?s={search_term_string}\"},\"query-input\":{\"@type\":\"PropertyValueSpecification\",\"valueRequired\":true,\"valueName\":\"search_term_string\"}}],\"inLanguage\":\"pt-PT\"}]}<\/script>\n<!-- \/ Yoast SEO plugin. -->","yoast_head_json":{"title":"REACH (Registo, Avalia\u00e7\u00e3o, Autoriza\u00e7\u00e3o, Produtos Qu\u00edmicos) - Biorius","description":"Garante a conformidade com os regulamentos REACH para produtos qu\u00edmicos com a Biorius. Obt\u00e9m apoio especializado para o registo, avalia\u00e7\u00e3o e autoriza\u00e7\u00e3o dos teus produtos.","robots":{"index":"index","follow":"follow","max-snippet":"max-snippet:-1","max-image-preview":"max-image-preview:large","max-video-preview":"max-video-preview:-1"},"canonical":"https:\/\/biorius.com\/pt-pt\/reach-registo-avaliacao-autorizacao-produtos-quimicos\/","og_locale":"pt_PT","og_type":"article","og_title":"REACH (Registo, Avalia\u00e7\u00e3o, Autoriza\u00e7\u00e3o, Produtos Qu\u00edmicos) - Biorius","og_description":"Garante a conformidade com os regulamentos REACH para produtos qu\u00edmicos com a Biorius. Obt\u00e9m apoio especializado para o registo, avalia\u00e7\u00e3o e autoriza\u00e7\u00e3o dos teus produtos.","og_url":"https:\/\/biorius.com\/pt-pt\/reach-registo-avaliacao-autorizacao-produtos-quimicos\/","og_site_name":"Biorius","og_image":[{"width":1024,"height":1024,"url":"https:\/\/biorius.com\/wp-content\/uploads\/2024\/01\/REACh-2.webp","type":"image\/webp"}],"twitter_card":"summary_large_image","schema":{"@context":"https:\/\/schema.org","@graph":[{"@type":"WebPage","@id":"https:\/\/biorius.com\/pt-pt\/reach-registo-avaliacao-autorizacao-produtos-quimicos\/","url":"https:\/\/biorius.com\/pt-pt\/reach-registo-avaliacao-autorizacao-produtos-quimicos\/","name":"REACH (Registo, Avalia\u00e7\u00e3o, Autoriza\u00e7\u00e3o, Produtos Qu\u00edmicos) - Biorius","isPartOf":{"@id":"https:\/\/biorius.com\/pt-pt\/#website"},"primaryImageOfPage":{"@id":"https:\/\/biorius.com\/pt-pt\/reach-registo-avaliacao-autorizacao-produtos-quimicos\/#primaryimage"},"image":{"@id":"https:\/\/biorius.com\/pt-pt\/reach-registo-avaliacao-autorizacao-produtos-quimicos\/#primaryimage"},"thumbnailUrl":"https:\/\/biorius.com\/wp-content\/uploads\/2024\/01\/REACh-2.webp","datePublished":"2023-11-27T12:52:03+00:00","description":"Garante a conformidade com os regulamentos REACH para produtos qu\u00edmicos com a Biorius. Obt\u00e9m apoio especializado para o registo, avalia\u00e7\u00e3o e autoriza\u00e7\u00e3o dos teus produtos.","breadcrumb":{"@id":"https:\/\/biorius.com\/pt-pt\/reach-registo-avaliacao-autorizacao-produtos-quimicos\/#breadcrumb"},"inLanguage":"pt-PT","potentialAction":[{"@type":"ReadAction","target":["https:\/\/biorius.com\/pt-pt\/reach-registo-avaliacao-autorizacao-produtos-quimicos\/"]}]},{"@type":"ImageObject","inLanguage":"pt-PT","@id":"https:\/\/biorius.com\/pt-pt\/reach-registo-avaliacao-autorizacao-produtos-quimicos\/#primaryimage","url":"https:\/\/biorius.com\/wp-content\/uploads\/2024\/01\/REACh-2.webp","contentUrl":"https:\/\/biorius.com\/wp-content\/uploads\/2024\/01\/REACh-2.webp","width":1024,"height":1024},{"@type":"BreadcrumbList","@id":"https:\/\/biorius.com\/pt-pt\/reach-registo-avaliacao-autorizacao-produtos-quimicos\/#breadcrumb","itemListElement":[{"@type":"ListItem","position":1,"name":"Home","item":"https:\/\/biorius.com\/pt-pt\/"},{"@type":"ListItem","position":2,"name":"REACH (Registo, Avalia\u00e7\u00e3o, Autoriza\u00e7\u00e3o, Produtos Qu\u00edmicos)"}]},{"@type":"WebSite","@id":"https:\/\/biorius.com\/pt-pt\/#website","url":"https:\/\/biorius.com\/pt-pt\/","name":"Biorius","description":"You create dreams we protect them","potentialAction":[{"@type":"SearchAction","target":{"@type":"EntryPoint","urlTemplate":"https:\/\/biorius.com\/pt-pt\/?s={search_term_string}"},"query-input":{"@type":"PropertyValueSpecification","valueRequired":true,"valueName":"search_term_string"}}],"inLanguage":"pt-PT"}]}},"_links":{"self":[{"href":"https:\/\/biorius.com\/pt-pt\/wp-json\/wp\/v2\/pages\/56201","targetHints":{"allow":["GET"]}}],"collection":[{"href":"https:\/\/biorius.com\/pt-pt\/wp-json\/wp\/v2\/pages"}],"about":[{"href":"https:\/\/biorius.com\/pt-pt\/wp-json\/wp\/v2\/types\/page"}],"author":[{"embeddable":true,"href":"https:\/\/biorius.com\/pt-pt\/wp-json\/wp\/v2\/users\/1"}],"replies":[{"embeddable":true,"href":"https:\/\/biorius.com\/pt-pt\/wp-json\/wp\/v2\/comments?post=56201"}],"version-history":[{"count":0,"href":"https:\/\/biorius.com\/pt-pt\/wp-json\/wp\/v2\/pages\/56201\/revisions"}],"wp:featuredmedia":[{"embeddable":true,"href":"https:\/\/biorius.com\/pt-pt\/wp-json\/wp\/v2\/media\/56209"}],"wp:attachment":[{"href":"https:\/\/biorius.com\/pt-pt\/wp-json\/wp\/v2\/media?parent=56201"}],"wp:term":[{"taxonomy":"category","embeddable":true,"href":"https:\/\/biorius.com\/pt-pt\/wp-json\/wp\/v2\/categories?post=56201"},{"taxonomy":"post_tag","embeddable":true,"href":"https:\/\/biorius.com\/pt-pt\/wp-json\/wp\/v2\/tags?post=56201"}],"curies":[{"name":"wp","href":"https:\/\/api.w.org\/{rel}","templated":true}]}}