{"id":56148,"date":"2023-08-29T09:20:05","date_gmt":"2023-08-29T07:20:05","guid":{"rendered":"https:\/\/biorius.com\/regulamentos-sobre-cosmeticos\/regulamentos-sobre-cosmeticos-da-australia-guia-completo\/"},"modified":"2025-09-30T13:56:28","modified_gmt":"2025-09-30T11:56:28","slug":"regulamento-australia","status":"publish","type":"page","link":"https:\/\/biorius.com\/pt-pt\/regulamentos-cosmeticos\/regulamento-australia\/","title":{"rendered":"Regulamentos sobre cosm\u00e9ticos da Austr\u00e1lia &#8211; Guia completo"},"content":{"rendered":"","protected":false},"excerpt":{"rendered":"","protected":false},"author":1,"featured_media":0,"parent":56021,"menu_order":0,"comment_status":"closed","ping_status":"closed","template":"templates\/page-builder.php","meta":{"_acf_changed":false,"_coblocks_attr":"","_coblocks_dimensions":"","_coblocks_responsive_height":"","_coblocks_accordion_ie_support":"","footnotes":""},"categories":[],"tags":[],"class_list":["post-56148","page","type-page","status-publish","hentry"],"acf":[],"yoast_head":"<!-- This site is optimized with the Yoast SEO plugin v27.3 - https:\/\/yoast.com\/product\/yoast-seo-wordpress\/ -->\n<title>Regulamentos sobre cosm\u00e9ticos da Austr\u00e1lia - Guia completo - Biorius<\/title>\n<meta name=\"description\" content=\"Aprende tudo sobre os regulamentos de cosm\u00e9ticos da Austr\u00e1lia. A Biorius oferece orienta\u00e7\u00e3o especializada sobre conformidade, rotulagem e an\u00e1lises de ingredientes para cosm\u00e9ticos na Austr\u00e1lia.\" \/>\n<meta name=\"robots\" content=\"index, follow, max-snippet:-1, max-image-preview:large, max-video-preview:-1\" \/>\n<link rel=\"canonical\" href=\"https:\/\/biorius.com\/pt-pt\/regulamentos-cosmeticos\/regulamento-australia\/\" \/>\n<meta property=\"og:locale\" content=\"pt_PT\" \/>\n<meta property=\"og:type\" content=\"article\" \/>\n<meta property=\"og:title\" content=\"Regulamentos sobre cosm\u00e9ticos da Austr\u00e1lia - Guia completo - Biorius\" \/>\n<meta property=\"og:description\" content=\"Aprende tudo sobre os regulamentos de cosm\u00e9ticos da Austr\u00e1lia. A Biorius oferece orienta\u00e7\u00e3o especializada sobre conformidade, rotulagem e an\u00e1lises de ingredientes para cosm\u00e9ticos na Austr\u00e1lia.\" \/>\n<meta property=\"og:url\" content=\"https:\/\/biorius.com\/pt-pt\/regulamentos-cosmeticos\/regulamento-australia\/\" \/>\n<meta property=\"og:site_name\" content=\"Biorius\" \/>\n<meta property=\"article:modified_time\" content=\"2025-09-30T11:56:28+00:00\" \/>\n<meta name=\"twitter:card\" content=\"summary_large_image\" \/>\n<meta name=\"twitter:label1\" content=\"Est. reading time\" \/>\n\t<meta name=\"twitter:data1\" content=\"4 minutos\" \/>\n<script type=\"application\/ld+json\" class=\"yoast-schema-graph\">{\"@context\":\"https:\\\/\\\/schema.org\",\"@graph\":[{\"@type\":\"WebPage\",\"@id\":\"https:\\\/\\\/biorius.com\\\/pt-pt\\\/regulamentos-cosmeticos\\\/regulamento-australia\\\/\",\"url\":\"https:\\\/\\\/biorius.com\\\/pt-pt\\\/regulamentos-cosmeticos\\\/regulamento-australia\\\/\",\"name\":\"Regulamentos sobre cosm\u00e9ticos da Austr\u00e1lia - Guia completo - Biorius\",\"isPartOf\":{\"@id\":\"https:\\\/\\\/biorius.com\\\/pt-pt\\\/#website\"},\"datePublished\":\"2023-08-29T07:20:05+00:00\",\"dateModified\":\"2025-09-30T11:56:28+00:00\",\"description\":\"Aprende tudo sobre os regulamentos de cosm\u00e9ticos da Austr\u00e1lia. A Biorius oferece orienta\u00e7\u00e3o especializada sobre conformidade, rotulagem e an\u00e1lises de ingredientes para cosm\u00e9ticos na Austr\u00e1lia.\",\"breadcrumb\":{\"@id\":\"https:\\\/\\\/biorius.com\\\/pt-pt\\\/regulamentos-cosmeticos\\\/regulamento-australia\\\/#breadcrumb\"},\"inLanguage\":\"pt-PT\",\"potentialAction\":[{\"@type\":\"ReadAction\",\"target\":[\"https:\\\/\\\/biorius.com\\\/pt-pt\\\/regulamentos-cosmeticos\\\/regulamento-australia\\\/\"]}]},{\"@type\":\"BreadcrumbList\",\"@id\":\"https:\\\/\\\/biorius.com\\\/pt-pt\\\/regulamentos-cosmeticos\\\/regulamento-australia\\\/#breadcrumb\",\"itemListElement\":[{\"@type\":\"ListItem\",\"position\":1,\"name\":\"Home\",\"item\":\"https:\\\/\\\/biorius.com\\\/pt-pt\\\/\"},{\"@type\":\"ListItem\",\"position\":2,\"name\":\"Regulamentos cosm\u00e9ticos\",\"item\":\"https:\\\/\\\/biorius.com\\\/pt-pt\\\/regulamentos-cosmeticos\\\/\"},{\"@type\":\"ListItem\",\"position\":3,\"name\":\"Regulamentos sobre cosm\u00e9ticos da Austr\u00e1lia &#8211; Guia completo\"}]},{\"@type\":\"WebSite\",\"@id\":\"https:\\\/\\\/biorius.com\\\/pt-pt\\\/#website\",\"url\":\"https:\\\/\\\/biorius.com\\\/pt-pt\\\/\",\"name\":\"Biorius\",\"description\":\"You create dreams we protect them\",\"potentialAction\":[{\"@type\":\"SearchAction\",\"target\":{\"@type\":\"EntryPoint\",\"urlTemplate\":\"https:\\\/\\\/biorius.com\\\/pt-pt\\\/?s={search_term_string}\"},\"query-input\":{\"@type\":\"PropertyValueSpecification\",\"valueRequired\":true,\"valueName\":\"search_term_string\"}}],\"inLanguage\":\"pt-PT\"}]}<\/script>\n<!-- \/ Yoast SEO plugin. -->","yoast_head_json":{"title":"Regulamentos sobre cosm\u00e9ticos da Austr\u00e1lia - Guia completo - Biorius","description":"Aprende tudo sobre os regulamentos de cosm\u00e9ticos da Austr\u00e1lia. A Biorius oferece orienta\u00e7\u00e3o especializada sobre conformidade, rotulagem e an\u00e1lises de ingredientes para cosm\u00e9ticos na Austr\u00e1lia.","robots":{"index":"index","follow":"follow","max-snippet":"max-snippet:-1","max-image-preview":"max-image-preview:large","max-video-preview":"max-video-preview:-1"},"canonical":"https:\/\/biorius.com\/pt-pt\/regulamentos-cosmeticos\/regulamento-australia\/","og_locale":"pt_PT","og_type":"article","og_title":"Regulamentos sobre cosm\u00e9ticos da Austr\u00e1lia - Guia completo - Biorius","og_description":"Aprende tudo sobre os regulamentos de cosm\u00e9ticos da Austr\u00e1lia. A Biorius oferece orienta\u00e7\u00e3o especializada sobre conformidade, rotulagem e an\u00e1lises de ingredientes para cosm\u00e9ticos na Austr\u00e1lia.","og_url":"https:\/\/biorius.com\/pt-pt\/regulamentos-cosmeticos\/regulamento-australia\/","og_site_name":"Biorius","article_modified_time":"2025-09-30T11:56:28+00:00","twitter_card":"summary_large_image","twitter_misc":{"Est. reading time":"4 minutos"},"schema":{"@context":"https:\/\/schema.org","@graph":[{"@type":"WebPage","@id":"https:\/\/biorius.com\/pt-pt\/regulamentos-cosmeticos\/regulamento-australia\/","url":"https:\/\/biorius.com\/pt-pt\/regulamentos-cosmeticos\/regulamento-australia\/","name":"Regulamentos sobre cosm\u00e9ticos da Austr\u00e1lia - Guia completo - Biorius","isPartOf":{"@id":"https:\/\/biorius.com\/pt-pt\/#website"},"datePublished":"2023-08-29T07:20:05+00:00","dateModified":"2025-09-30T11:56:28+00:00","description":"Aprende tudo sobre os regulamentos de cosm\u00e9ticos da Austr\u00e1lia. A Biorius oferece orienta\u00e7\u00e3o especializada sobre conformidade, rotulagem e an\u00e1lises de ingredientes para cosm\u00e9ticos na Austr\u00e1lia.","breadcrumb":{"@id":"https:\/\/biorius.com\/pt-pt\/regulamentos-cosmeticos\/regulamento-australia\/#breadcrumb"},"inLanguage":"pt-PT","potentialAction":[{"@type":"ReadAction","target":["https:\/\/biorius.com\/pt-pt\/regulamentos-cosmeticos\/regulamento-australia\/"]}]},{"@type":"BreadcrumbList","@id":"https:\/\/biorius.com\/pt-pt\/regulamentos-cosmeticos\/regulamento-australia\/#breadcrumb","itemListElement":[{"@type":"ListItem","position":1,"name":"Home","item":"https:\/\/biorius.com\/pt-pt\/"},{"@type":"ListItem","position":2,"name":"Regulamentos cosm\u00e9ticos","item":"https:\/\/biorius.com\/pt-pt\/regulamentos-cosmeticos\/"},{"@type":"ListItem","position":3,"name":"Regulamentos sobre cosm\u00e9ticos da Austr\u00e1lia &#8211; Guia completo"}]},{"@type":"WebSite","@id":"https:\/\/biorius.com\/pt-pt\/#website","url":"https:\/\/biorius.com\/pt-pt\/","name":"Biorius","description":"You create dreams we protect them","potentialAction":[{"@type":"SearchAction","target":{"@type":"EntryPoint","urlTemplate":"https:\/\/biorius.com\/pt-pt\/?s={search_term_string}"},"query-input":{"@type":"PropertyValueSpecification","valueRequired":true,"valueName":"search_term_string"}}],"inLanguage":"pt-PT"}]}},"_links":{"self":[{"href":"https:\/\/biorius.com\/pt-pt\/wp-json\/wp\/v2\/pages\/56148","targetHints":{"allow":["GET"]}}],"collection":[{"href":"https:\/\/biorius.com\/pt-pt\/wp-json\/wp\/v2\/pages"}],"about":[{"href":"https:\/\/biorius.com\/pt-pt\/wp-json\/wp\/v2\/types\/page"}],"author":[{"embeddable":true,"href":"https:\/\/biorius.com\/pt-pt\/wp-json\/wp\/v2\/users\/1"}],"replies":[{"embeddable":true,"href":"https:\/\/biorius.com\/pt-pt\/wp-json\/wp\/v2\/comments?post=56148"}],"version-history":[{"count":0,"href":"https:\/\/biorius.com\/pt-pt\/wp-json\/wp\/v2\/pages\/56148\/revisions"}],"up":[{"embeddable":true,"href":"https:\/\/biorius.com\/pt-pt\/wp-json\/wp\/v2\/pages\/56021"}],"wp:attachment":[{"href":"https:\/\/biorius.com\/pt-pt\/wp-json\/wp\/v2\/media?parent=56148"}],"wp:term":[{"taxonomy":"category","embeddable":true,"href":"https:\/\/biorius.com\/pt-pt\/wp-json\/wp\/v2\/categories?post=56148"},{"taxonomy":"post_tag","embeddable":true,"href":"https:\/\/biorius.com\/pt-pt\/wp-json\/wp\/v2\/tags?post=56148"}],"curies":[{"name":"wp","href":"https:\/\/api.w.org\/{rel}","templated":true}]}}