{"id":56139,"date":"2023-11-22T15:46:00","date_gmt":"2023-11-22T14:46:00","guid":{"rendered":"https:\/\/biorius.com\/regulamentos-sobre-cosmeticos\/america-do-sul-mercosul-regulamentos-sobre-produtos-cosmeticos\/"},"modified":"2023-11-22T15:46:00","modified_gmt":"2023-11-22T14:46:00","slug":"america-do-sul-mercosul-regulamentos-sobre-produtos-cosmeticos","status":"publish","type":"page","link":"https:\/\/biorius.com\/pt-pt\/regulamentos-cosmeticos\/america-do-sul-mercosul-regulamentos-sobre-produtos-cosmeticos\/","title":{"rendered":"Am\u00e9rica do Sul Mercosul Regulamentos sobre produtos cosm\u00e9ticos"},"content":{"rendered":"","protected":false},"excerpt":{"rendered":"","protected":false},"author":1,"featured_media":0,"parent":56021,"menu_order":0,"comment_status":"closed","ping_status":"closed","template":"templates\/page-builder.php","meta":{"_acf_changed":false,"_coblocks_attr":"","_coblocks_dimensions":"","_coblocks_responsive_height":"","_coblocks_accordion_ie_support":"","footnotes":""},"categories":[],"tags":[],"class_list":["post-56139","page","type-page","status-publish","hentry"],"acf":[],"yoast_head":"<!-- This site is optimized with the Yoast SEO plugin v27.4 - https:\/\/yoast.com\/product\/yoast-seo-wordpress\/ -->\n<title>Am\u00e9rica do Sul Mercosul Regulamentos sobre produtos cosm\u00e9ticos - Biorius<\/title>\n<meta name=\"description\" content=\"Navega pelas regulamenta\u00e7\u00f5es de cosm\u00e9ticos da Am\u00e9rica do Sul Mercosul com a Biorius. Obt\u00e9m suporte especializado para conformidade, com foco em seguran\u00e7a, ingredientes e padr\u00f5es de rotulagem.\" \/>\n<meta name=\"robots\" content=\"index, follow, max-snippet:-1, max-image-preview:large, max-video-preview:-1\" \/>\n<link rel=\"canonical\" href=\"https:\/\/biorius.com\/pt-pt\/regulamentos-cosmeticos\/america-do-sul-mercosul-regulamentos-sobre-produtos-cosmeticos\/\" \/>\n<meta property=\"og:locale\" content=\"pt_PT\" \/>\n<meta property=\"og:type\" content=\"article\" \/>\n<meta property=\"og:title\" content=\"Am\u00e9rica do Sul Mercosul Regulamentos sobre produtos cosm\u00e9ticos - Biorius\" \/>\n<meta property=\"og:description\" content=\"Navega pelas regulamenta\u00e7\u00f5es de cosm\u00e9ticos da Am\u00e9rica do Sul Mercosul com a Biorius. Obt\u00e9m suporte especializado para conformidade, com foco em seguran\u00e7a, ingredientes e padr\u00f5es de rotulagem.\" \/>\n<meta property=\"og:url\" content=\"https:\/\/biorius.com\/pt-pt\/regulamentos-cosmeticos\/america-do-sul-mercosul-regulamentos-sobre-produtos-cosmeticos\/\" \/>\n<meta property=\"og:site_name\" content=\"Biorius\" \/>\n<meta name=\"twitter:card\" content=\"summary_large_image\" \/>\n<script type=\"application\/ld+json\" class=\"yoast-schema-graph\">{\"@context\":\"https:\\\/\\\/schema.org\",\"@graph\":[{\"@type\":\"WebPage\",\"@id\":\"https:\\\/\\\/biorius.com\\\/pt-pt\\\/regulamentos-cosmeticos\\\/america-do-sul-mercosul-regulamentos-sobre-produtos-cosmeticos\\\/\",\"url\":\"https:\\\/\\\/biorius.com\\\/pt-pt\\\/regulamentos-cosmeticos\\\/america-do-sul-mercosul-regulamentos-sobre-produtos-cosmeticos\\\/\",\"name\":\"Am\u00e9rica do Sul Mercosul Regulamentos sobre produtos cosm\u00e9ticos - Biorius\",\"isPartOf\":{\"@id\":\"https:\\\/\\\/biorius.com\\\/pt-pt\\\/#website\"},\"datePublished\":\"2023-11-22T14:46:00+00:00\",\"description\":\"Navega pelas regulamenta\u00e7\u00f5es de cosm\u00e9ticos da Am\u00e9rica do Sul Mercosul com a Biorius. Obt\u00e9m suporte especializado para conformidade, com foco em seguran\u00e7a, ingredientes e padr\u00f5es de rotulagem.\",\"breadcrumb\":{\"@id\":\"https:\\\/\\\/biorius.com\\\/pt-pt\\\/regulamentos-cosmeticos\\\/america-do-sul-mercosul-regulamentos-sobre-produtos-cosmeticos\\\/#breadcrumb\"},\"inLanguage\":\"pt-PT\",\"potentialAction\":[{\"@type\":\"ReadAction\",\"target\":[\"https:\\\/\\\/biorius.com\\\/pt-pt\\\/regulamentos-cosmeticos\\\/america-do-sul-mercosul-regulamentos-sobre-produtos-cosmeticos\\\/\"]}]},{\"@type\":\"BreadcrumbList\",\"@id\":\"https:\\\/\\\/biorius.com\\\/pt-pt\\\/regulamentos-cosmeticos\\\/america-do-sul-mercosul-regulamentos-sobre-produtos-cosmeticos\\\/#breadcrumb\",\"itemListElement\":[{\"@type\":\"ListItem\",\"position\":1,\"name\":\"Home\",\"item\":\"https:\\\/\\\/biorius.com\\\/pt-pt\\\/\"},{\"@type\":\"ListItem\",\"position\":2,\"name\":\"Regulamentos cosm\u00e9ticos\",\"item\":\"https:\\\/\\\/biorius.com\\\/pt-pt\\\/regulamentos-cosmeticos\\\/\"},{\"@type\":\"ListItem\",\"position\":3,\"name\":\"Am\u00e9rica do Sul Mercosul Regulamentos sobre produtos cosm\u00e9ticos\"}]},{\"@type\":\"WebSite\",\"@id\":\"https:\\\/\\\/biorius.com\\\/pt-pt\\\/#website\",\"url\":\"https:\\\/\\\/biorius.com\\\/pt-pt\\\/\",\"name\":\"Biorius\",\"description\":\"You create dreams we protect them\",\"potentialAction\":[{\"@type\":\"SearchAction\",\"target\":{\"@type\":\"EntryPoint\",\"urlTemplate\":\"https:\\\/\\\/biorius.com\\\/pt-pt\\\/?s={search_term_string}\"},\"query-input\":{\"@type\":\"PropertyValueSpecification\",\"valueRequired\":true,\"valueName\":\"search_term_string\"}}],\"inLanguage\":\"pt-PT\"}]}<\/script>\n<!-- \/ Yoast SEO plugin. -->","yoast_head_json":{"title":"Am\u00e9rica do Sul Mercosul Regulamentos sobre produtos cosm\u00e9ticos - Biorius","description":"Navega pelas regulamenta\u00e7\u00f5es de cosm\u00e9ticos da Am\u00e9rica do Sul Mercosul com a Biorius. Obt\u00e9m suporte especializado para conformidade, com foco em seguran\u00e7a, ingredientes e padr\u00f5es de rotulagem.","robots":{"index":"index","follow":"follow","max-snippet":"max-snippet:-1","max-image-preview":"max-image-preview:large","max-video-preview":"max-video-preview:-1"},"canonical":"https:\/\/biorius.com\/pt-pt\/regulamentos-cosmeticos\/america-do-sul-mercosul-regulamentos-sobre-produtos-cosmeticos\/","og_locale":"pt_PT","og_type":"article","og_title":"Am\u00e9rica do Sul Mercosul Regulamentos sobre produtos cosm\u00e9ticos - Biorius","og_description":"Navega pelas regulamenta\u00e7\u00f5es de cosm\u00e9ticos da Am\u00e9rica do Sul Mercosul com a Biorius. Obt\u00e9m suporte especializado para conformidade, com foco em seguran\u00e7a, ingredientes e padr\u00f5es de rotulagem.","og_url":"https:\/\/biorius.com\/pt-pt\/regulamentos-cosmeticos\/america-do-sul-mercosul-regulamentos-sobre-produtos-cosmeticos\/","og_site_name":"Biorius","twitter_card":"summary_large_image","schema":{"@context":"https:\/\/schema.org","@graph":[{"@type":"WebPage","@id":"https:\/\/biorius.com\/pt-pt\/regulamentos-cosmeticos\/america-do-sul-mercosul-regulamentos-sobre-produtos-cosmeticos\/","url":"https:\/\/biorius.com\/pt-pt\/regulamentos-cosmeticos\/america-do-sul-mercosul-regulamentos-sobre-produtos-cosmeticos\/","name":"Am\u00e9rica do Sul Mercosul Regulamentos sobre produtos cosm\u00e9ticos - Biorius","isPartOf":{"@id":"https:\/\/biorius.com\/pt-pt\/#website"},"datePublished":"2023-11-22T14:46:00+00:00","description":"Navega pelas regulamenta\u00e7\u00f5es de cosm\u00e9ticos da Am\u00e9rica do Sul Mercosul com a Biorius. Obt\u00e9m suporte especializado para conformidade, com foco em seguran\u00e7a, ingredientes e padr\u00f5es de rotulagem.","breadcrumb":{"@id":"https:\/\/biorius.com\/pt-pt\/regulamentos-cosmeticos\/america-do-sul-mercosul-regulamentos-sobre-produtos-cosmeticos\/#breadcrumb"},"inLanguage":"pt-PT","potentialAction":[{"@type":"ReadAction","target":["https:\/\/biorius.com\/pt-pt\/regulamentos-cosmeticos\/america-do-sul-mercosul-regulamentos-sobre-produtos-cosmeticos\/"]}]},{"@type":"BreadcrumbList","@id":"https:\/\/biorius.com\/pt-pt\/regulamentos-cosmeticos\/america-do-sul-mercosul-regulamentos-sobre-produtos-cosmeticos\/#breadcrumb","itemListElement":[{"@type":"ListItem","position":1,"name":"Home","item":"https:\/\/biorius.com\/pt-pt\/"},{"@type":"ListItem","position":2,"name":"Regulamentos cosm\u00e9ticos","item":"https:\/\/biorius.com\/pt-pt\/regulamentos-cosmeticos\/"},{"@type":"ListItem","position":3,"name":"Am\u00e9rica do Sul Mercosul Regulamentos sobre produtos cosm\u00e9ticos"}]},{"@type":"WebSite","@id":"https:\/\/biorius.com\/pt-pt\/#website","url":"https:\/\/biorius.com\/pt-pt\/","name":"Biorius","description":"You create dreams we protect them","potentialAction":[{"@type":"SearchAction","target":{"@type":"EntryPoint","urlTemplate":"https:\/\/biorius.com\/pt-pt\/?s={search_term_string}"},"query-input":{"@type":"PropertyValueSpecification","valueRequired":true,"valueName":"search_term_string"}}],"inLanguage":"pt-PT"}]}},"_links":{"self":[{"href":"https:\/\/biorius.com\/pt-pt\/wp-json\/wp\/v2\/pages\/56139","targetHints":{"allow":["GET"]}}],"collection":[{"href":"https:\/\/biorius.com\/pt-pt\/wp-json\/wp\/v2\/pages"}],"about":[{"href":"https:\/\/biorius.com\/pt-pt\/wp-json\/wp\/v2\/types\/page"}],"author":[{"embeddable":true,"href":"https:\/\/biorius.com\/pt-pt\/wp-json\/wp\/v2\/users\/1"}],"replies":[{"embeddable":true,"href":"https:\/\/biorius.com\/pt-pt\/wp-json\/wp\/v2\/comments?post=56139"}],"version-history":[{"count":0,"href":"https:\/\/biorius.com\/pt-pt\/wp-json\/wp\/v2\/pages\/56139\/revisions"}],"up":[{"embeddable":true,"href":"https:\/\/biorius.com\/pt-pt\/wp-json\/wp\/v2\/pages\/56021"}],"wp:attachment":[{"href":"https:\/\/biorius.com\/pt-pt\/wp-json\/wp\/v2\/media?parent=56139"}],"wp:term":[{"taxonomy":"category","embeddable":true,"href":"https:\/\/biorius.com\/pt-pt\/wp-json\/wp\/v2\/categories?post=56139"},{"taxonomy":"post_tag","embeddable":true,"href":"https:\/\/biorius.com\/pt-pt\/wp-json\/wp\/v2\/tags?post=56139"}],"curies":[{"name":"wp","href":"https:\/\/api.w.org\/{rel}","templated":true}]}}