{"id":55949,"date":"2023-07-05T14:13:47","date_gmt":"2023-07-05T12:13:47","guid":{"rendered":"https:\/\/biorius.com\/regulamentos-relativos-aos-produtos-cosmeticos\/"},"modified":"2026-04-15T16:03:30","modified_gmt":"2026-04-15T14:03:30","slug":"regulamentos-relativos-aos-produtos-cosmeticos","status":"publish","type":"page","link":"https:\/\/biorius.com\/pt-pt\/","title":{"rendered":"Regulamentos relativos aos produtos cosm\u00e9ticos"},"content":{"rendered":"","protected":false},"excerpt":{"rendered":"","protected":false},"author":1,"featured_media":56019,"parent":0,"menu_order":0,"comment_status":"closed","ping_status":"closed","template":"templates\/page-builder.php","meta":{"_acf_changed":false,"_coblocks_attr":"","_coblocks_dimensions":"","_coblocks_responsive_height":"","_coblocks_accordion_ie_support":"","footnotes":""},"categories":[2572,2568,2556,2557,2565,2569],"tags":[2558,2562,2570,2561,2574,2575,2576,2577],"class_list":["post-55949","page","type-page","status-publish","has-post-thumbnail","hentry","category-agente-mocra-nos-eua","category-mocra-pt-pt","category-pessoa-responsavel","category-regulamento-da-ue-relativo-aos-produtos-cosmeticos","category-regulamento-relativo-aos-produtos-cosmeticos-do-reino-unido","category-regulamentos-de-cosmeticos-dos-eua","tag-cosmetica-pt-pt","tag-cosmeticos-pt-pt","tag-mocra-pt-pt","tag-pessoa-responsavel","tag-regulamento-da-ue-relativo-aos-produtos-cosmeticos","tag-regulamento-relativo-aos-produtos-cosmeticos-do-reino-unido","tag-regulamentos-de-cosmeticos-dos-eua","tag-regulamentos-sobre-cosmeticos"],"acf":[],"yoast_head":"<!-- This site is optimized with the Yoast SEO plugin v27.4 - https:\/\/yoast.com\/product\/yoast-seo-wordpress\/ -->\n<title>Biorius - O teu especialista em regulamenta\u00e7\u00e3o de cosm\u00e9ticos<\/title>\n<meta name=\"description\" content=\"Contacta a Biorius, um dos principais especialistas em Regulamenta\u00e7\u00e3o Cosm\u00e9tica h\u00e1 mais de 15 anos, servindo a UE, o Reino Unido, os EUA e mais de 60 pa\u00edses.\" \/>\n<meta name=\"robots\" content=\"index, follow, max-snippet:-1, max-image-preview:large, max-video-preview:-1\" \/>\n<link rel=\"canonical\" href=\"https:\/\/biorius.com\/pt-pt\/\" \/>\n<meta property=\"og:locale\" content=\"pt_PT\" \/>\n<meta property=\"og:type\" content=\"article\" \/>\n<meta property=\"og:title\" content=\"Biorius - O teu especialista em regulamenta\u00e7\u00e3o de cosm\u00e9ticos\" \/>\n<meta property=\"og:description\" content=\"Contacta a Biorius, um dos principais especialistas em Regulamenta\u00e7\u00e3o Cosm\u00e9tica h\u00e1 mais de 15 anos, servindo a UE, o Reino Unido, os EUA e mais de 60 pa\u00edses.\" \/>\n<meta property=\"og:url\" content=\"https:\/\/biorius.com\/pt-pt\/\" \/>\n<meta property=\"og:site_name\" content=\"Biorius\" \/>\n<meta property=\"article:modified_time\" content=\"2026-04-15T14:03:30+00:00\" \/>\n<meta property=\"og:image\" content=\"https:\/\/biorius.com\/wp-content\/uploads\/2023\/11\/LOGO_RVB-e1768482371629.webp\" \/>\n\t<meta property=\"og:image:width\" content=\"1799\" \/>\n\t<meta property=\"og:image:height\" content=\"426\" \/>\n\t<meta property=\"og:image:type\" content=\"image\/webp\" \/>\n<meta name=\"twitter:card\" content=\"summary_large_image\" \/>\n<meta name=\"twitter:label1\" content=\"Est. reading time\" \/>\n\t<meta name=\"twitter:data1\" content=\"16 minutos\" \/>\n<script type=\"application\/ld+json\" class=\"yoast-schema-graph\">{\"@context\":\"https:\\\/\\\/schema.org\",\"@graph\":[{\"@type\":\"WebPage\",\"@id\":\"https:\\\/\\\/biorius.com\\\/pt-pt\\\/\",\"url\":\"https:\\\/\\\/biorius.com\\\/pt-pt\\\/\",\"name\":\"Biorius - O teu especialista em regulamenta\u00e7\u00e3o de cosm\u00e9ticos\",\"isPartOf\":{\"@id\":\"https:\\\/\\\/biorius.com\\\/pt-pt\\\/#website\"},\"primaryImageOfPage\":{\"@id\":\"https:\\\/\\\/biorius.com\\\/pt-pt\\\/#primaryimage\"},\"image\":{\"@id\":\"https:\\\/\\\/biorius.com\\\/pt-pt\\\/#primaryimage\"},\"thumbnailUrl\":\"https:\\\/\\\/biorius.com\\\/wp-content\\\/uploads\\\/2023\\\/11\\\/LOGO_RVB-e1768482371629.webp\",\"datePublished\":\"2023-07-05T12:13:47+00:00\",\"dateModified\":\"2026-04-15T14:03:30+00:00\",\"description\":\"Contacta a Biorius, um dos principais especialistas em Regulamenta\u00e7\u00e3o Cosm\u00e9tica h\u00e1 mais de 15 anos, servindo a UE, o Reino Unido, os EUA e mais de 60 pa\u00edses.\",\"breadcrumb\":{\"@id\":\"https:\\\/\\\/biorius.com\\\/pt-pt\\\/#breadcrumb\"},\"inLanguage\":\"pt-PT\",\"potentialAction\":[{\"@type\":\"ReadAction\",\"target\":[\"https:\\\/\\\/biorius.com\\\/pt-pt\\\/\"]}]},{\"@type\":\"ImageObject\",\"inLanguage\":\"pt-PT\",\"@id\":\"https:\\\/\\\/biorius.com\\\/pt-pt\\\/#primaryimage\",\"url\":\"https:\\\/\\\/biorius.com\\\/wp-content\\\/uploads\\\/2023\\\/11\\\/LOGO_RVB-e1768482371629.webp\",\"contentUrl\":\"https:\\\/\\\/biorius.com\\\/wp-content\\\/uploads\\\/2023\\\/11\\\/LOGO_RVB-e1768482371629.webp\",\"width\":1799,\"height\":426,\"caption\":\"Biorius Logo\"},{\"@type\":\"BreadcrumbList\",\"@id\":\"https:\\\/\\\/biorius.com\\\/pt-pt\\\/#breadcrumb\",\"itemListElement\":[{\"@type\":\"ListItem\",\"position\":1,\"name\":\"Home\",\"item\":\"https:\\\/\\\/biorius.com\\\/pt-pt\\\/\"},{\"@type\":\"ListItem\",\"position\":2,\"name\":\"Regulamentos relativos aos produtos cosm\u00e9ticos\"}]},{\"@type\":\"WebSite\",\"@id\":\"https:\\\/\\\/biorius.com\\\/pt-pt\\\/#website\",\"url\":\"https:\\\/\\\/biorius.com\\\/pt-pt\\\/\",\"name\":\"Biorius\",\"description\":\"You create dreams we protect them\",\"potentialAction\":[{\"@type\":\"SearchAction\",\"target\":{\"@type\":\"EntryPoint\",\"urlTemplate\":\"https:\\\/\\\/biorius.com\\\/pt-pt\\\/?s={search_term_string}\"},\"query-input\":{\"@type\":\"PropertyValueSpecification\",\"valueRequired\":true,\"valueName\":\"search_term_string\"}}],\"inLanguage\":\"pt-PT\"}]}<\/script>\n<!-- \/ Yoast SEO plugin. -->","yoast_head_json":{"title":"Biorius - O teu especialista em regulamenta\u00e7\u00e3o de cosm\u00e9ticos","description":"Contacta a Biorius, um dos principais especialistas em Regulamenta\u00e7\u00e3o Cosm\u00e9tica h\u00e1 mais de 15 anos, servindo a UE, o Reino Unido, os EUA e mais de 60 pa\u00edses.","robots":{"index":"index","follow":"follow","max-snippet":"max-snippet:-1","max-image-preview":"max-image-preview:large","max-video-preview":"max-video-preview:-1"},"canonical":"https:\/\/biorius.com\/pt-pt\/","og_locale":"pt_PT","og_type":"article","og_title":"Biorius - O teu especialista em regulamenta\u00e7\u00e3o de cosm\u00e9ticos","og_description":"Contacta a Biorius, um dos principais especialistas em Regulamenta\u00e7\u00e3o Cosm\u00e9tica h\u00e1 mais de 15 anos, servindo a UE, o Reino Unido, os EUA e mais de 60 pa\u00edses.","og_url":"https:\/\/biorius.com\/pt-pt\/","og_site_name":"Biorius","article_modified_time":"2026-04-15T14:03:30+00:00","og_image":[{"width":1799,"height":426,"url":"https:\/\/biorius.com\/wp-content\/uploads\/2023\/11\/LOGO_RVB-e1768482371629.webp","type":"image\/webp"}],"twitter_card":"summary_large_image","twitter_misc":{"Est. reading time":"16 minutos"},"schema":{"@context":"https:\/\/schema.org","@graph":[{"@type":"WebPage","@id":"https:\/\/biorius.com\/pt-pt\/","url":"https:\/\/biorius.com\/pt-pt\/","name":"Biorius - O teu especialista em regulamenta\u00e7\u00e3o de cosm\u00e9ticos","isPartOf":{"@id":"https:\/\/biorius.com\/pt-pt\/#website"},"primaryImageOfPage":{"@id":"https:\/\/biorius.com\/pt-pt\/#primaryimage"},"image":{"@id":"https:\/\/biorius.com\/pt-pt\/#primaryimage"},"thumbnailUrl":"https:\/\/biorius.com\/wp-content\/uploads\/2023\/11\/LOGO_RVB-e1768482371629.webp","datePublished":"2023-07-05T12:13:47+00:00","dateModified":"2026-04-15T14:03:30+00:00","description":"Contacta a Biorius, um dos principais especialistas em Regulamenta\u00e7\u00e3o Cosm\u00e9tica h\u00e1 mais de 15 anos, servindo a UE, o Reino Unido, os EUA e mais de 60 pa\u00edses.","breadcrumb":{"@id":"https:\/\/biorius.com\/pt-pt\/#breadcrumb"},"inLanguage":"pt-PT","potentialAction":[{"@type":"ReadAction","target":["https:\/\/biorius.com\/pt-pt\/"]}]},{"@type":"ImageObject","inLanguage":"pt-PT","@id":"https:\/\/biorius.com\/pt-pt\/#primaryimage","url":"https:\/\/biorius.com\/wp-content\/uploads\/2023\/11\/LOGO_RVB-e1768482371629.webp","contentUrl":"https:\/\/biorius.com\/wp-content\/uploads\/2023\/11\/LOGO_RVB-e1768482371629.webp","width":1799,"height":426,"caption":"Biorius Logo"},{"@type":"BreadcrumbList","@id":"https:\/\/biorius.com\/pt-pt\/#breadcrumb","itemListElement":[{"@type":"ListItem","position":1,"name":"Home","item":"https:\/\/biorius.com\/pt-pt\/"},{"@type":"ListItem","position":2,"name":"Regulamentos relativos aos produtos cosm\u00e9ticos"}]},{"@type":"WebSite","@id":"https:\/\/biorius.com\/pt-pt\/#website","url":"https:\/\/biorius.com\/pt-pt\/","name":"Biorius","description":"You create dreams we protect them","potentialAction":[{"@type":"SearchAction","target":{"@type":"EntryPoint","urlTemplate":"https:\/\/biorius.com\/pt-pt\/?s={search_term_string}"},"query-input":{"@type":"PropertyValueSpecification","valueRequired":true,"valueName":"search_term_string"}}],"inLanguage":"pt-PT"}]}},"_links":{"self":[{"href":"https:\/\/biorius.com\/pt-pt\/wp-json\/wp\/v2\/pages\/55949","targetHints":{"allow":["GET"]}}],"collection":[{"href":"https:\/\/biorius.com\/pt-pt\/wp-json\/wp\/v2\/pages"}],"about":[{"href":"https:\/\/biorius.com\/pt-pt\/wp-json\/wp\/v2\/types\/page"}],"author":[{"embeddable":true,"href":"https:\/\/biorius.com\/pt-pt\/wp-json\/wp\/v2\/users\/1"}],"replies":[{"embeddable":true,"href":"https:\/\/biorius.com\/pt-pt\/wp-json\/wp\/v2\/comments?post=55949"}],"version-history":[{"count":0,"href":"https:\/\/biorius.com\/pt-pt\/wp-json\/wp\/v2\/pages\/55949\/revisions"}],"wp:featuredmedia":[{"embeddable":true,"href":"https:\/\/biorius.com\/pt-pt\/wp-json\/wp\/v2\/media\/56019"}],"wp:attachment":[{"href":"https:\/\/biorius.com\/pt-pt\/wp-json\/wp\/v2\/media?parent=55949"}],"wp:term":[{"taxonomy":"category","embeddable":true,"href":"https:\/\/biorius.com\/pt-pt\/wp-json\/wp\/v2\/categories?post=55949"},{"taxonomy":"post_tag","embeddable":true,"href":"https:\/\/biorius.com\/pt-pt\/wp-json\/wp\/v2\/tags?post=55949"}],"curies":[{"name":"wp","href":"https:\/\/api.w.org\/{rel}","templated":true}]}}