{"id":55927,"date":"2023-08-31T08:13:43","date_gmt":"2023-08-31T06:13:43","guid":{"rendered":"https:\/\/biorius.com\/revisao-da-cosmetic-label\/"},"modified":"2025-09-30T16:04:42","modified_gmt":"2025-09-30T14:04:42","slug":"revisao-rotulo-cosmetico","status":"publish","type":"page","link":"https:\/\/biorius.com\/pt-pt\/regulamentos-cosmeticos\/revisao-rotulo-cosmetico\/","title":{"rendered":"Revis\u00e3o de r\u00f3tulo cosm\u00e9tico"},"content":{"rendered":"","protected":false},"excerpt":{"rendered":"","protected":false},"author":1,"featured_media":0,"parent":56021,"menu_order":0,"comment_status":"closed","ping_status":"closed","template":"templates\/page-builder.php","meta":{"_acf_changed":false,"_coblocks_attr":"","_coblocks_dimensions":"","_coblocks_responsive_height":"","_coblocks_accordion_ie_support":"","footnotes":""},"categories":[],"tags":[],"class_list":["post-55927","page","type-page","status-publish","hentry"],"acf":[],"yoast_head":"<!-- This site is optimized with the Yoast SEO plugin v27.5 - https:\/\/yoast.com\/product\/yoast-seo-wordpress\/ -->\n<title>Revis\u00e3o de r\u00f3tulos de cosm\u00e9ticos - Biorius<\/title>\n<meta name=\"description\" content=\"Revis\u00f5es especializadas de r\u00f3tulos de cosm\u00e9ticos para conformidade global. Assegura que os r\u00f3tulos dos teus produtos cumprem os regulamentos internacionais com os servi\u00e7os abrangentes da Biorius.\" \/>\n<meta name=\"robots\" content=\"index, follow, max-snippet:-1, max-image-preview:large, max-video-preview:-1\" \/>\n<link rel=\"canonical\" href=\"https:\/\/biorius.com\/pt-pt\/regulamentos-cosmeticos\/revisao-rotulo-cosmetico\/\" \/>\n<meta property=\"og:locale\" content=\"pt_PT\" \/>\n<meta property=\"og:type\" content=\"article\" \/>\n<meta property=\"og:title\" content=\"Revis\u00e3o de r\u00f3tulos de cosm\u00e9ticos - Biorius\" \/>\n<meta property=\"og:description\" content=\"Revis\u00f5es especializadas de r\u00f3tulos de cosm\u00e9ticos para conformidade global. Assegura que os r\u00f3tulos dos teus produtos cumprem os regulamentos internacionais com os servi\u00e7os abrangentes da Biorius.\" \/>\n<meta property=\"og:url\" content=\"https:\/\/biorius.com\/pt-pt\/regulamentos-cosmeticos\/revisao-rotulo-cosmetico\/\" \/>\n<meta property=\"og:site_name\" content=\"Biorius\" \/>\n<meta property=\"article:modified_time\" content=\"2025-09-30T14:04:42+00:00\" \/>\n<meta name=\"twitter:card\" content=\"summary_large_image\" \/>\n<meta name=\"twitter:label1\" content=\"Est. reading time\" \/>\n\t<meta name=\"twitter:data1\" content=\"2 minutos\" \/>\n<script type=\"application\/ld+json\" class=\"yoast-schema-graph\">{\"@context\":\"https:\\\/\\\/schema.org\",\"@graph\":[{\"@type\":\"WebPage\",\"@id\":\"https:\\\/\\\/biorius.com\\\/pt-pt\\\/regulamentos-cosmeticos\\\/revisao-rotulo-cosmetico\\\/\",\"url\":\"https:\\\/\\\/biorius.com\\\/pt-pt\\\/regulamentos-cosmeticos\\\/revisao-rotulo-cosmetico\\\/\",\"name\":\"Revis\u00e3o de r\u00f3tulos de cosm\u00e9ticos - Biorius\",\"isPartOf\":{\"@id\":\"https:\\\/\\\/biorius.com\\\/pt-pt\\\/#website\"},\"datePublished\":\"2023-08-31T06:13:43+00:00\",\"dateModified\":\"2025-09-30T14:04:42+00:00\",\"description\":\"Revis\u00f5es especializadas de r\u00f3tulos de cosm\u00e9ticos para conformidade global. Assegura que os r\u00f3tulos dos teus produtos cumprem os regulamentos internacionais com os servi\u00e7os abrangentes da Biorius.\",\"breadcrumb\":{\"@id\":\"https:\\\/\\\/biorius.com\\\/pt-pt\\\/regulamentos-cosmeticos\\\/revisao-rotulo-cosmetico\\\/#breadcrumb\"},\"inLanguage\":\"pt-PT\",\"potentialAction\":[{\"@type\":\"ReadAction\",\"target\":[\"https:\\\/\\\/biorius.com\\\/pt-pt\\\/regulamentos-cosmeticos\\\/revisao-rotulo-cosmetico\\\/\"]}]},{\"@type\":\"BreadcrumbList\",\"@id\":\"https:\\\/\\\/biorius.com\\\/pt-pt\\\/regulamentos-cosmeticos\\\/revisao-rotulo-cosmetico\\\/#breadcrumb\",\"itemListElement\":[{\"@type\":\"ListItem\",\"position\":1,\"name\":\"Home\",\"item\":\"https:\\\/\\\/biorius.com\\\/pt-pt\\\/\"},{\"@type\":\"ListItem\",\"position\":2,\"name\":\"Regulamentos cosm\u00e9ticos\",\"item\":\"https:\\\/\\\/biorius.com\\\/pt-pt\\\/cosmetic-regulations\\\/\"},{\"@type\":\"ListItem\",\"position\":3,\"name\":\"Revis\u00e3o de r\u00f3tulo cosm\u00e9tico\"}]},{\"@type\":\"WebSite\",\"@id\":\"https:\\\/\\\/biorius.com\\\/pt-pt\\\/#website\",\"url\":\"https:\\\/\\\/biorius.com\\\/pt-pt\\\/\",\"name\":\"Biorius\",\"description\":\"You create dreams we protect them\",\"potentialAction\":[{\"@type\":\"SearchAction\",\"target\":{\"@type\":\"EntryPoint\",\"urlTemplate\":\"https:\\\/\\\/biorius.com\\\/pt-pt\\\/?s={search_term_string}\"},\"query-input\":{\"@type\":\"PropertyValueSpecification\",\"valueRequired\":true,\"valueName\":\"search_term_string\"}}],\"inLanguage\":\"pt-PT\"}]}<\/script>\n<!-- \/ Yoast SEO plugin. -->","yoast_head_json":{"title":"Revis\u00e3o de r\u00f3tulos de cosm\u00e9ticos - Biorius","description":"Revis\u00f5es especializadas de r\u00f3tulos de cosm\u00e9ticos para conformidade global. Assegura que os r\u00f3tulos dos teus produtos cumprem os regulamentos internacionais com os servi\u00e7os abrangentes da Biorius.","robots":{"index":"index","follow":"follow","max-snippet":"max-snippet:-1","max-image-preview":"max-image-preview:large","max-video-preview":"max-video-preview:-1"},"canonical":"https:\/\/biorius.com\/pt-pt\/regulamentos-cosmeticos\/revisao-rotulo-cosmetico\/","og_locale":"pt_PT","og_type":"article","og_title":"Revis\u00e3o de r\u00f3tulos de cosm\u00e9ticos - Biorius","og_description":"Revis\u00f5es especializadas de r\u00f3tulos de cosm\u00e9ticos para conformidade global. Assegura que os r\u00f3tulos dos teus produtos cumprem os regulamentos internacionais com os servi\u00e7os abrangentes da Biorius.","og_url":"https:\/\/biorius.com\/pt-pt\/regulamentos-cosmeticos\/revisao-rotulo-cosmetico\/","og_site_name":"Biorius","article_modified_time":"2025-09-30T14:04:42+00:00","twitter_card":"summary_large_image","twitter_misc":{"Est. reading time":"2 minutos"},"schema":{"@context":"https:\/\/schema.org","@graph":[{"@type":"WebPage","@id":"https:\/\/biorius.com\/pt-pt\/regulamentos-cosmeticos\/revisao-rotulo-cosmetico\/","url":"https:\/\/biorius.com\/pt-pt\/regulamentos-cosmeticos\/revisao-rotulo-cosmetico\/","name":"Revis\u00e3o de r\u00f3tulos de cosm\u00e9ticos - Biorius","isPartOf":{"@id":"https:\/\/biorius.com\/pt-pt\/#website"},"datePublished":"2023-08-31T06:13:43+00:00","dateModified":"2025-09-30T14:04:42+00:00","description":"Revis\u00f5es especializadas de r\u00f3tulos de cosm\u00e9ticos para conformidade global. Assegura que os r\u00f3tulos dos teus produtos cumprem os regulamentos internacionais com os servi\u00e7os abrangentes da Biorius.","breadcrumb":{"@id":"https:\/\/biorius.com\/pt-pt\/regulamentos-cosmeticos\/revisao-rotulo-cosmetico\/#breadcrumb"},"inLanguage":"pt-PT","potentialAction":[{"@type":"ReadAction","target":["https:\/\/biorius.com\/pt-pt\/regulamentos-cosmeticos\/revisao-rotulo-cosmetico\/"]}]},{"@type":"BreadcrumbList","@id":"https:\/\/biorius.com\/pt-pt\/regulamentos-cosmeticos\/revisao-rotulo-cosmetico\/#breadcrumb","itemListElement":[{"@type":"ListItem","position":1,"name":"Home","item":"https:\/\/biorius.com\/pt-pt\/"},{"@type":"ListItem","position":2,"name":"Regulamentos cosm\u00e9ticos","item":"https:\/\/biorius.com\/pt-pt\/cosmetic-regulations\/"},{"@type":"ListItem","position":3,"name":"Revis\u00e3o de r\u00f3tulo cosm\u00e9tico"}]},{"@type":"WebSite","@id":"https:\/\/biorius.com\/pt-pt\/#website","url":"https:\/\/biorius.com\/pt-pt\/","name":"Biorius","description":"You create dreams we protect them","potentialAction":[{"@type":"SearchAction","target":{"@type":"EntryPoint","urlTemplate":"https:\/\/biorius.com\/pt-pt\/?s={search_term_string}"},"query-input":{"@type":"PropertyValueSpecification","valueRequired":true,"valueName":"search_term_string"}}],"inLanguage":"pt-PT"}]}},"_links":{"self":[{"href":"https:\/\/biorius.com\/pt-pt\/wp-json\/wp\/v2\/pages\/55927","targetHints":{"allow":["GET"]}}],"collection":[{"href":"https:\/\/biorius.com\/pt-pt\/wp-json\/wp\/v2\/pages"}],"about":[{"href":"https:\/\/biorius.com\/pt-pt\/wp-json\/wp\/v2\/types\/page"}],"author":[{"embeddable":true,"href":"https:\/\/biorius.com\/pt-pt\/wp-json\/wp\/v2\/users\/1"}],"replies":[{"embeddable":true,"href":"https:\/\/biorius.com\/pt-pt\/wp-json\/wp\/v2\/comments?post=55927"}],"version-history":[{"count":0,"href":"https:\/\/biorius.com\/pt-pt\/wp-json\/wp\/v2\/pages\/55927\/revisions"}],"up":[{"embeddable":true,"href":"https:\/\/biorius.com\/pt-pt\/wp-json\/wp\/v2\/pages\/56021"}],"wp:attachment":[{"href":"https:\/\/biorius.com\/pt-pt\/wp-json\/wp\/v2\/media?parent=55927"}],"wp:term":[{"taxonomy":"category","embeddable":true,"href":"https:\/\/biorius.com\/pt-pt\/wp-json\/wp\/v2\/categories?post=55927"},{"taxonomy":"post_tag","embeddable":true,"href":"https:\/\/biorius.com\/pt-pt\/wp-json\/wp\/v2\/tags?post=55927"}],"curies":[{"name":"wp","href":"https:\/\/api.w.org\/{rel}","templated":true}]}}