{"id":54530,"date":"2024-09-02T15:06:09","date_gmt":"2024-09-02T13:06:09","guid":{"rendered":"https:\/\/biorius.com\/rappresentante-autorizzato\/"},"modified":"2025-01-13T10:08:11","modified_gmt":"2025-01-13T09:08:11","slug":"rappresentante-autorizzato","status":"publish","type":"page","link":"https:\/\/biorius.com\/it\/rappresentante-autorizzato\/","title":{"rendered":"Rappresentante autorizzato"},"content":{"rendered":"\n<div data-elementor-type=\"wp-page\" data-elementor-id=\"54530\" class=\"elementor elementor-54530 elementor-52808\" data-elementor-post-type=\"page\">\n<div class=\"elementor-element elementor-element-7ec2200 e-flex e-con-boxed e-con e-parent\" data-id=\"7ec2200\" data-element_type=\"container\" data-e-type=\"container\">\n<div class=\"e-con-inner\">\n<div class=\"elementor-element elementor-element-a2ad5f2 elementor-widget elementor-widget-text-editor\" data-id=\"a2ad5f2\" data-element_type=\"widget\" data-e-type=\"widget\" data-widget_type=\"text-editor.default\">\n<div class=\"elementor-widget-container\">\n<p><span style=\"color: var( --e-global-color-text ); font-family: var( --e-global-typography-text-font-family ), Sans-serif; font-weight: var( --e-global-typography-text-font-weight ); text-align: var(--text-align);\">Un <\/span><strong style=\"font-family: var( --e-global-typography-text-font-family ), Sans-serif; text-align: var(--text-align);\">Rappresentante autorizzato (AR) in <\/strong><span style=\"color: var(--c-theme-dark, var(--c-theme)); font-family: var( --e-global-typography-text-font-family ), Sans-serif; font-weight: 600; text-align: var(--text-align);\">GPSD<\/span><span style=\"color: var(--c-theme-dark, var(--c-theme)); font-family: var( --e-global-typography-text-font-family ), Sans-serif; font-weight: 600; text-align: var(--text-align);\"> <\/span><span style=\"color: var( --e-global-color-text ); font-family: var( --e-global-typography-text-font-family ), Sans-serif; font-weight: var( --e-global-typography-text-font-weight ); text-align: var(--text-align);\">\u00e8 una persona o un&#8217;entit\u00e0 nominata da un produttore, in particolare da quelli con sede al di fuori dell&#8217;Unione Europea, per agire per suo conto all&#8217;interno dell&#8217;UE ai sensi del &#8220;<\/span><strong style=\"font-family: var( --e-global-typography-text-font-family ), Sans-serif; text-align: var(--text-align);\">G<\/strong><span style=\"color: var( --e-global-color-text ); font-family: var( --e-global-typography-text-font-family ), Sans-serif; font-weight: var( --e-global-typography-text-font-weight ); text-align: var(--text-align);\">enerale <\/span><strong style=\"font-family: var( --e-global-typography-text-font-family ), Sans-serif; text-align: var(--text-align);\">P<\/strong><span style=\"color: var( --e-global-color-text ); font-family: var( --e-global-typography-text-font-family ), Sans-serif; font-weight: var( --e-global-typography-text-font-weight ); text-align: var(--text-align);\">rodotto <\/span><strong style=\"font-family: var( --e-global-typography-text-font-family ), Sans-serif; text-align: var(--text-align);\">S<\/strong><span style=\"color: var( --e-global-color-text ); font-family: var( --e-global-typography-text-font-family ), Sans-serif; font-weight: var( --e-global-typography-text-font-weight ); text-align: var(--text-align);\">sicurezza <\/span><strong style=\"font-family: var( --e-global-typography-text-font-family ), Sans-serif; text-align: var(--text-align);\">D<\/strong><span style=\"color: var( --e-global-color-text ); font-family: var( --e-global-typography-text-font-family ), Sans-serif; font-weight: var( --e-global-typography-text-font-weight ); text-align: var(--text-align);\">direttiva&#8221; (GPSD). Il rappresentante assicura che i prodotti del produttore siano conformi alle normative di sicurezza dell&#8217;UE, detiene e conserva la documentazione necessaria e funge da punto di contatto per le autorit\u00e0 di sorveglianza del mercato. Questo ruolo \u00e8 fondamentale per la conformit\u00e0 alle normative, soprattutto per i produttori extra-UE che vogliono entrare nel mercato europeo.  <\/span><\/p>\n<\/p>\n<p>La <strong>GPSD (General Product Safety Directive)<\/strong> \u00e8 un regolamento dell&#8217;Unione Europea che mira a garantire che i prodotti venduti nell&#8217;UE siano sicuri per i consumatori. Si applica a tutti i prodotti di consumo non coperti da una specifica legislazione settoriale. La DSGP stabilisce i requisiti generali di sicurezza, impone la sorveglianza del mercato e stabilisce gli obblighi di produttori, distributori e importatori per garantire la sicurezza dei prodotti.  <\/p>\n<\/p>\n<p><strong>Rappresentante autorizzato (AR) Ruolo:<\/strong><\/p>\n<p>Un Rappresentante Autorizzato (AR) ai sensi della DSGP \u00e8 un ente o una persona fisica nominata da un produttore extra-UE per agire per suo conto all&#8217;interno dell&#8217;UE. L&#8217;AR garantisce la conformit\u00e0 normativa, conserva la documentazione necessaria (come la dichiarazione di conformit\u00e0 UE) e mantiene i contatti con le autorit\u00e0 di sorveglianza del mercato. Questo ruolo \u00e8 particolarmente importante per i produttori extracomunitari che vogliono entrare nel mercato dell&#8217;UE, in quanto l&#8217;AR aiuta a colmare il divario normativo e garantisce l&#8217;aderenza agli standard di sicurezza dell&#8217;UE.  <\/p>\n<p><strong>Importanza del GPSD:<\/strong><\/p>\n<p>La DSGP \u00e8 essenziale per mantenere elevati standard di protezione dei consumatori in tutta l&#8217;UE, per promuovere la fiducia dei consumatori nella sicurezza dei prodotti disponibili sul mercato e per prevenire i danni causati da prodotti non sicuri.<\/p>\n<\/p>\n<p>La Direttiva sulla Sicurezza Generale dei Prodotti (GPSD) \u00e8 disciplinata dalla <strong>Direttiva 2001\/95\/CE<\/strong>. Questa legge dell&#8217;UE definisce il quadro di riferimento per garantire la sicurezza dei prodotti di consumo in tutta l&#8217;Unione Europea. Stabilisce i requisiti generali di sicurezza per i prodotti, gli obblighi per gli operatori economici (produttori, importatori e distributori) e impone la sorveglianza del mercato e i meccanismi di applicazione per proteggere i consumatori da prodotti non sicuri.  <\/p>\n<p>Questa direttiva \u00e8 la pietra miliare dell&#8217;approccio dell&#8217;UE alla sicurezza dei prodotti, in particolare per quei prodotti di consumo non coperti da una legislazione settoriale pi\u00f9 specifica.<\/p>\n<\/p><\/div>\n<\/p><\/div>\n<\/p><\/div>\n<\/p><\/div>\n<div class=\"elementor-element elementor-element-48ba72d e-flex e-con-boxed e-con e-parent\" data-id=\"48ba72d\" data-element_type=\"container\" data-e-type=\"container\">\n<div class=\"e-con-inner\">\n<div class=\"elementor-element elementor-element-a1b5e9a elementor-widget elementor-widget-text-editor\" data-id=\"a1b5e9a\" data-element_type=\"widget\" data-e-type=\"widget\" data-widget_type=\"text-editor.default\">\n<div class=\"elementor-widget-container\">\n<p>Un <strong>Rappresentante Autorizzato GPSD<\/strong> \u00e8 un ente o un individuo autorizzato ad agire per conto di un produttore o di un importatore ai sensi della <strong>Direttiva sulla Sicurezza Generale dei Prodotti (GPSD)<\/strong> nell&#8217;Unione Europea. Questo rappresentante garantisce che i prodotti siano conformi alle normative di sicurezza dell&#8217;UE e si coordina con le autorit\u00e0 competenti. <\/p>\n<p>Ecco una ripartizione pi\u00f9 dettagliata:<\/p>\n<ol>\n<li><strong>Direttiva sulla sicurezza generale dei prodotti (GPSD):<\/strong> La DSGP \u00e8 una direttiva dell&#8217;UE che mira a garantire che solo i prodotti sicuri siano venduti sul mercato europeo. Si applica ai prodotti di consumo che non sono coperti da una legislazione settoriale specifica (come i giocattoli, i dispositivi medici, ecc.). <\/li>\n<li><strong>Ruolo del Rappresentante Autorizzato:<\/strong>\n<ul>\n<li><strong>Garanzia di conformit\u00e0:<\/strong> Il rappresentante autorizzato garantisce che i prodotti soddisfino tutti i requisiti di sicurezza previsti dalla GPSD.<\/li>\n<li><strong>Documentazione:<\/strong> Possono detenere e conservare la documentazione necessaria, come la Dichiarazione di Conformit\u00e0 UE, per conto del produttore.<\/li>\n<li><strong>Sorveglianza del mercato:<\/strong> Agiscono come punto di contatto per le autorit\u00e0 di sorveglianza del mercato, rispondendo alle richieste di informazioni o adottando le azioni correttive necessarie se un prodotto non \u00e8 conforme alle norme di sicurezza.<\/li>\n<li><strong>Responsabilit\u00e0:<\/strong> In alcuni casi, il rappresentante autorizzato pu\u00f2 condividere le responsabilit\u00e0 legali con il produttore per la sicurezza del prodotto.<\/li>\n<\/ul>\n<\/li>\n<li><strong>Perch\u00e9 \u00e8 importante:<\/strong>\n<ul>\n<li><strong>Produttori extra-UE:<\/strong> Per i produttori situati al di fuori dell&#8217;UE, avere un rappresentante autorizzato \u00e8 fondamentale per accedere al mercato europeo, in quanto aiuta a colmare il divario normativo.<\/li>\n<li><strong>Ingresso nel mercato:<\/strong> Semplifica il processo di ingresso nel mercato dell&#8217;UE garantendo che un ente competente all&#8217;interno dell&#8217;UE si occupi della conformit\u00e0 normativa.<\/li>\n<\/ul>\n<\/li>\n<\/ol>\n<p>In sintesi, un rappresentante autorizzato GPSD agisce come entit\u00e0 legale locale responsabile di garantire che un prodotto soddisfi i requisiti generali di sicurezza dell&#8217;UE, soprattutto per i produttori al di fuori dell&#8217;UE.<\/p>\n<\/p><\/div>\n<\/p><\/div>\n<\/p><\/div>\n<\/p><\/div>\n<\/p><\/div>\n","protected":false},"excerpt":{"rendered":"<p>Un Rappresentante autorizzato (AR) in GPSD \u00e8 una persona o un&#8217;entit\u00e0 nominata da un produttore, in particolare da quelli con sede al di fuori dell&#8217;Unione&#8230;<\/p>\n","protected":false},"author":1,"featured_media":0,"parent":0,"menu_order":0,"comment_status":"closed","ping_status":"closed","template":"","meta":{"_acf_changed":false,"_coblocks_attr":"","_coblocks_dimensions":"","_coblocks_responsive_height":"","_coblocks_accordion_ie_support":"","footnotes":""},"categories":[],"tags":[],"class_list":["post-54530","page","type-page","status-publish","hentry"],"acf":[],"yoast_head":"<!-- This site is optimized with the Yoast SEO plugin v27.5 - https:\/\/yoast.com\/product\/yoast-seo-wordpress\/ -->\n<title>Rappresentante autorizzato - Biorius<\/title>\n<meta name=\"description\" content=\"Scopri il ruolo cruciale di un Rappresentante Autorizzato GPSD nel garantire la conformit\u00e0 della sicurezza dei prodotti all&#039;interno dell&#039;Unione Europea.\" \/>\n<meta name=\"robots\" content=\"index, follow, max-snippet:-1, max-image-preview:large, max-video-preview:-1\" \/>\n<link rel=\"canonical\" href=\"https:\/\/biorius.com\/it\/rappresentante-autorizzato\/\" \/>\n<meta property=\"og:locale\" content=\"it_IT\" \/>\n<meta property=\"og:type\" content=\"article\" \/>\n<meta property=\"og:title\" content=\"Rappresentante autorizzato - Biorius\" \/>\n<meta property=\"og:description\" content=\"Scopri il ruolo cruciale di un Rappresentante Autorizzato GPSD nel garantire la conformit\u00e0 della sicurezza dei prodotti all&#039;interno dell&#039;Unione Europea.\" \/>\n<meta property=\"og:url\" content=\"https:\/\/biorius.com\/it\/rappresentante-autorizzato\/\" \/>\n<meta property=\"og:site_name\" content=\"Biorius\" \/>\n<meta property=\"article:modified_time\" content=\"2025-01-13T09:08:11+00:00\" \/>\n<meta name=\"twitter:card\" content=\"summary_large_image\" \/>\n<meta name=\"twitter:label1\" content=\"Tempo di lettura stimato\" \/>\n\t<meta name=\"twitter:data1\" content=\"3 minuti\" \/>\n<script type=\"application\/ld+json\" class=\"yoast-schema-graph\">{\"@context\":\"https:\\\/\\\/schema.org\",\"@graph\":[{\"@type\":\"WebPage\",\"@id\":\"https:\\\/\\\/biorius.com\\\/it\\\/rappresentante-autorizzato\\\/\",\"url\":\"https:\\\/\\\/biorius.com\\\/it\\\/rappresentante-autorizzato\\\/\",\"name\":\"Rappresentante autorizzato - Biorius\",\"isPartOf\":{\"@id\":\"https:\\\/\\\/biorius.com\\\/it\\\/#website\"},\"datePublished\":\"2024-09-02T13:06:09+00:00\",\"dateModified\":\"2025-01-13T09:08:11+00:00\",\"description\":\"Scopri il ruolo cruciale di un Rappresentante Autorizzato GPSD nel garantire la conformit\u00e0 della sicurezza dei prodotti all'interno dell'Unione Europea.\",\"breadcrumb\":{\"@id\":\"https:\\\/\\\/biorius.com\\\/it\\\/rappresentante-autorizzato\\\/#breadcrumb\"},\"inLanguage\":\"it-IT\",\"potentialAction\":[{\"@type\":\"ReadAction\",\"target\":[\"https:\\\/\\\/biorius.com\\\/it\\\/rappresentante-autorizzato\\\/\"]}]},{\"@type\":\"BreadcrumbList\",\"@id\":\"https:\\\/\\\/biorius.com\\\/it\\\/rappresentante-autorizzato\\\/#breadcrumb\",\"itemListElement\":[{\"@type\":\"ListItem\",\"position\":1,\"name\":\"Casa\",\"item\":\"https:\\\/\\\/biorius.com\\\/it\\\/\"},{\"@type\":\"ListItem\",\"position\":2,\"name\":\"Rappresentante autorizzato\"}]},{\"@type\":\"WebSite\",\"@id\":\"https:\\\/\\\/biorius.com\\\/it\\\/#website\",\"url\":\"https:\\\/\\\/biorius.com\\\/it\\\/\",\"name\":\"Biorius\",\"description\":\"You create dreams we protect them\",\"potentialAction\":[{\"@type\":\"SearchAction\",\"target\":{\"@type\":\"EntryPoint\",\"urlTemplate\":\"https:\\\/\\\/biorius.com\\\/it\\\/?s={search_term_string}\"},\"query-input\":{\"@type\":\"PropertyValueSpecification\",\"valueRequired\":true,\"valueName\":\"search_term_string\"}}],\"inLanguage\":\"it-IT\"}]}<\/script>\n<!-- \/ Yoast SEO plugin. -->","yoast_head_json":{"title":"Rappresentante autorizzato - Biorius","description":"Scopri il ruolo cruciale di un Rappresentante Autorizzato GPSD nel garantire la conformit\u00e0 della sicurezza dei prodotti all'interno dell'Unione Europea.","robots":{"index":"index","follow":"follow","max-snippet":"max-snippet:-1","max-image-preview":"max-image-preview:large","max-video-preview":"max-video-preview:-1"},"canonical":"https:\/\/biorius.com\/it\/rappresentante-autorizzato\/","og_locale":"it_IT","og_type":"article","og_title":"Rappresentante autorizzato - Biorius","og_description":"Scopri il ruolo cruciale di un Rappresentante Autorizzato GPSD nel garantire la conformit\u00e0 della sicurezza dei prodotti all'interno dell'Unione Europea.","og_url":"https:\/\/biorius.com\/it\/rappresentante-autorizzato\/","og_site_name":"Biorius","article_modified_time":"2025-01-13T09:08:11+00:00","twitter_card":"summary_large_image","twitter_misc":{"Tempo di lettura stimato":"3 minuti"},"schema":{"@context":"https:\/\/schema.org","@graph":[{"@type":"WebPage","@id":"https:\/\/biorius.com\/it\/rappresentante-autorizzato\/","url":"https:\/\/biorius.com\/it\/rappresentante-autorizzato\/","name":"Rappresentante autorizzato - Biorius","isPartOf":{"@id":"https:\/\/biorius.com\/it\/#website"},"datePublished":"2024-09-02T13:06:09+00:00","dateModified":"2025-01-13T09:08:11+00:00","description":"Scopri il ruolo cruciale di un Rappresentante Autorizzato GPSD nel garantire la conformit\u00e0 della sicurezza dei prodotti all'interno dell'Unione Europea.","breadcrumb":{"@id":"https:\/\/biorius.com\/it\/rappresentante-autorizzato\/#breadcrumb"},"inLanguage":"it-IT","potentialAction":[{"@type":"ReadAction","target":["https:\/\/biorius.com\/it\/rappresentante-autorizzato\/"]}]},{"@type":"BreadcrumbList","@id":"https:\/\/biorius.com\/it\/rappresentante-autorizzato\/#breadcrumb","itemListElement":[{"@type":"ListItem","position":1,"name":"Casa","item":"https:\/\/biorius.com\/it\/"},{"@type":"ListItem","position":2,"name":"Rappresentante autorizzato"}]},{"@type":"WebSite","@id":"https:\/\/biorius.com\/it\/#website","url":"https:\/\/biorius.com\/it\/","name":"Biorius","description":"You create dreams we protect them","potentialAction":[{"@type":"SearchAction","target":{"@type":"EntryPoint","urlTemplate":"https:\/\/biorius.com\/it\/?s={search_term_string}"},"query-input":{"@type":"PropertyValueSpecification","valueRequired":true,"valueName":"search_term_string"}}],"inLanguage":"it-IT"}]}},"_links":{"self":[{"href":"https:\/\/biorius.com\/it\/wp-json\/wp\/v2\/pages\/54530","targetHints":{"allow":["GET"]}}],"collection":[{"href":"https:\/\/biorius.com\/it\/wp-json\/wp\/v2\/pages"}],"about":[{"href":"https:\/\/biorius.com\/it\/wp-json\/wp\/v2\/types\/page"}],"author":[{"embeddable":true,"href":"https:\/\/biorius.com\/it\/wp-json\/wp\/v2\/users\/1"}],"replies":[{"embeddable":true,"href":"https:\/\/biorius.com\/it\/wp-json\/wp\/v2\/comments?post=54530"}],"version-history":[{"count":0,"href":"https:\/\/biorius.com\/it\/wp-json\/wp\/v2\/pages\/54530\/revisions"}],"wp:attachment":[{"href":"https:\/\/biorius.com\/it\/wp-json\/wp\/v2\/media?parent=54530"}],"wp:term":[{"taxonomy":"category","embeddable":true,"href":"https:\/\/biorius.com\/it\/wp-json\/wp\/v2\/categories?post=54530"},{"taxonomy":"post_tag","embeddable":true,"href":"https:\/\/biorius.com\/it\/wp-json\/wp\/v2\/tags?post=54530"}],"curies":[{"name":"wp","href":"https:\/\/api.w.org\/{rel}","templated":true}]}}