{"id":54533,"date":"2024-09-02T15:06:09","date_gmt":"2024-09-02T13:06:09","guid":{"rendered":"https:\/\/biorius.com\/representant-autorise\/"},"modified":"2025-01-13T10:08:48","modified_gmt":"2025-01-13T09:08:48","slug":"representant-autorise","status":"publish","type":"page","link":"https:\/\/biorius.com\/fr\/representant-autorise\/","title":{"rendered":"Repr\u00e9sentant autoris\u00e9"},"content":{"rendered":"\n<div data-elementor-type=\"wp-page\" data-elementor-id=\"54533\" class=\"elementor elementor-54533 elementor-52808\" data-elementor-post-type=\"page\">\n<div class=\"elementor-element elementor-element-7ec2200 e-flex e-con-boxed e-con e-parent\" data-id=\"7ec2200\" data-element_type=\"container\" data-e-type=\"container\">\n<div class=\"e-con-inner\">\n<div class=\"elementor-element elementor-element-a2ad5f2 elementor-widget elementor-widget-text-editor\" data-id=\"a2ad5f2\" data-element_type=\"widget\" data-e-type=\"widget\" data-widget_type=\"text-editor.default\">\n<div class=\"elementor-widget-container\">\n<p><span style=\"color: var( --e-global-color-text ); font-family: var( --e-global-typography-text-font-family ), Sans-serif; font-weight: var( --e-global-typography-text-font-weight ); text-align: var(--text-align);\">Un <\/span><strong style=\"font-family: var( --e-global-typography-text-font-family ), Sans-serif; text-align: var(--text-align);\">Un repr\u00e9sentant autoris\u00e9 (RA) de la <\/strong><span style=\"color: var(--c-theme-dark, var(--c-theme)); font-family: var( --e-global-typography-text-font-family ), Sans-serif; font-weight: 600; text-align: var(--text-align);\">DSGP<\/span><span style=\"color: var(--c-theme-dark, var(--c-theme)); font-family: var( --e-global-typography-text-font-family ), Sans-serif; font-weight: 600; text-align: var(--text-align);\"> <\/span><span style=\"color: var( --e-global-color-text ); font-family: var( --e-global-typography-text-font-family ), Sans-serif; font-weight: var( --e-global-typography-text-font-weight ); text-align: var(--text-align);\">est une personne ou une entit\u00e9 d\u00e9sign\u00e9e par un fabricant, en particulier ceux qui sont bas\u00e9s en dehors de l&#8217;Union europ\u00e9enne, pour agir en son nom au sein de l&#8217;UE dans le cadre de la &#8220;G<\/span><strong style=\"font-family: var( --e-global-typography-text-font-family ), Sans-serif; text-align: var(--text-align);\">G<\/strong><span style=\"color: var( --e-global-color-text ); font-family: var( --e-global-typography-text-font-family ), Sans-serif; font-weight: var( --e-global-typography-text-font-weight ); text-align: var(--text-align);\">\u00e9rale <\/span><strong style=\"font-family: var( --e-global-typography-text-font-family ), Sans-serif; text-align: var(--text-align);\">P<\/strong><span style=\"color: var( --e-global-color-text ); font-family: var( --e-global-typography-text-font-family ), Sans-serif; font-weight: var( --e-global-typography-text-font-weight ); text-align: var(--text-align);\">roduit <\/span><strong style=\"font-family: var( --e-global-typography-text-font-family ), Sans-serif; text-align: var(--text-align);\">S<\/strong><span style=\"color: var( --e-global-color-text ); font-family: var( --e-global-typography-text-font-family ), Sans-serif; font-weight: var( --e-global-typography-text-font-weight ); text-align: var(--text-align);\">a s\u00e9curit\u00e9 <\/span><strong style=\"font-family: var( --e-global-typography-text-font-family ), Sans-serif; text-align: var(--text-align);\">D<\/strong><span style=\"color: var( --e-global-color-text ); font-family: var( --e-global-typography-text-font-family ), Sans-serif; font-weight: var( --e-global-typography-text-font-weight ); text-align: var(--text-align);\">irective&#8221; (DSGP). Le repr\u00e9sentant s&#8217;assure que les produits du fabricant sont conformes aux r\u00e8gles de s\u00e9curit\u00e9 de l&#8217;UE, d\u00e9tient et tient \u00e0 jour la documentation n\u00e9cessaire et sert de point de contact pour les autorit\u00e9s de surveillance du march\u00e9. Ce r\u00f4le est essentiel pour le respect de la r\u00e9glementation, en particulier pour les fabricants de pays non membres de l&#8217;UE qui souhaitent entrer sur le march\u00e9 europ\u00e9en.  <\/span><\/p>\n<\/p>\n<p>La <strong>DSGP (directive sur la s\u00e9curit\u00e9 g\u00e9n\u00e9rale des produits)<\/strong> est un r\u00e8glement de l&#8217;UE visant \u00e0 garantir que les produits vendus dans l&#8217;UE sont s\u00fbrs pour les consommateurs. Elle s&#8217;applique \u00e0 tous les produits de consommation qui ne sont pas couverts par une l\u00e9gislation sectorielle sp\u00e9cifique. La DSGP fixe des exigences g\u00e9n\u00e9rales en mati\u00e8re de s\u00e9curit\u00e9, impose une surveillance du march\u00e9 et \u00e9tablit des obligations pour les fabricants, les distributeurs et les importateurs afin de garantir la s\u00e9curit\u00e9 des produits.  <\/p>\n<\/p>\n<p><strong>R\u00f4le du repr\u00e9sentant autoris\u00e9 (RA) :<\/strong><\/p>\n<p>Un repr\u00e9sentant autoris\u00e9 (RA) au sens de la DSGP est une entit\u00e9 ou une personne d\u00e9sign\u00e9e par un fabricant non europ\u00e9en pour agir en son nom au sein de l&#8217;UE. Le repr\u00e9sentant autoris\u00e9 veille au respect de la r\u00e9glementation, conserve les documents n\u00e9cessaires (tels que la d\u00e9claration de conformit\u00e9 de l&#8217;UE) et assure la liaison avec les autorit\u00e9s de surveillance du march\u00e9. Ce r\u00f4le est particuli\u00e8rement important pour les fabricants non europ\u00e9ens qui cherchent \u00e0 entrer sur le march\u00e9 de l&#8217;UE, car l&#8217;AR aide \u00e0 combler le foss\u00e9 r\u00e9glementaire et \u00e0 garantir le respect des normes de s\u00e9curit\u00e9 de l&#8217;UE.  <\/p>\n<p><strong>Importance de la DSGP :<\/strong><\/p>\n<p>La DSGP est essentielle pour maintenir des normes \u00e9lev\u00e9es de protection des consommateurs dans l&#8217;ensemble de l&#8217;UE, pour renforcer la confiance des consommateurs dans la s\u00e9curit\u00e9 des produits disponibles sur le march\u00e9 et pour pr\u00e9venir les dommages caus\u00e9s par des produits dangereux.<\/p>\n<\/p>\n<p>La directive sur la s\u00e9curit\u00e9 g\u00e9n\u00e9rale des produits (DSGP) est r\u00e9gie par la <strong>directive 2001\/95\/CE<\/strong>. Cette loi europ\u00e9enne d\u00e9finit le cadre permettant de garantir la s\u00e9curit\u00e9 des produits de consommation dans l&#8217;ensemble de l&#8217;Union europ\u00e9enne. Elle \u00e9tablit les exigences g\u00e9n\u00e9rales en mati\u00e8re de s\u00e9curit\u00e9 des produits, les obligations des op\u00e9rateurs \u00e9conomiques (fabricants, importateurs et distributeurs) et impose des m\u00e9canismes de surveillance du march\u00e9 et d&#8217;application de la l\u00e9gislation pour prot\u00e9ger les consommateurs contre les produits dangereux.  <\/p>\n<p>Cette directive est la pierre angulaire de l&#8217;approche de l&#8217;UE en mati\u00e8re de s\u00e9curit\u00e9 des produits, en particulier pour les produits de consommation qui ne sont pas couverts par une l\u00e9gislation sectorielle plus sp\u00e9cifique.<\/p>\n<\/p><\/div>\n<\/p><\/div>\n<\/p><\/div>\n<\/p><\/div>\n<div class=\"elementor-element elementor-element-48ba72d e-flex e-con-boxed e-con e-parent\" data-id=\"48ba72d\" data-element_type=\"container\" data-e-type=\"container\">\n<div class=\"e-con-inner\">\n<div class=\"elementor-element elementor-element-a1b5e9a elementor-widget elementor-widget-text-editor\" data-id=\"a1b5e9a\" data-element_type=\"widget\" data-e-type=\"widget\" data-widget_type=\"text-editor.default\">\n<div class=\"elementor-widget-container\">\n<p>Un <strong>repr\u00e9sentant agr\u00e9\u00e9 de la DSGP<\/strong> est une entit\u00e9 ou une personne autoris\u00e9e \u00e0 agir au nom d&#8217;un fabricant ou d&#8217;un importateur dans le cadre de la <strong>directive sur la s\u00e9curit\u00e9 g\u00e9n\u00e9rale des produits (DSGP)<\/strong> dans l&#8217;Union europ\u00e9enne. Ce repr\u00e9sentant veille \u00e0 ce que les produits soient conformes aux r\u00e8gles de s\u00e9curit\u00e9 de l&#8217;UE et assure la coordination avec les autorit\u00e9s comp\u00e9tentes. <\/p>\n<p>Voici une analyse plus d\u00e9taill\u00e9e :<\/p>\n<ol>\n<li><strong>Directive sur la s\u00e9curit\u00e9 g\u00e9n\u00e9rale des produits (DSGP) :<\/strong> La DSGP est une directive de l&#8217;UE qui vise \u00e0 garantir que seuls des produits s\u00fbrs sont vendus sur le march\u00e9 europ\u00e9en. Elle s&#8217;applique aux produits de consommation qui ne sont pas couverts par une l\u00e9gislation sectorielle sp\u00e9cifique (comme les jouets, les dispositifs m\u00e9dicaux, etc.). <\/li>\n<li><strong>R\u00f4le du repr\u00e9sentant autoris\u00e9 :<\/strong>\n<ul>\n<li><strong>Assurance de conformit\u00e9 :<\/strong> Le repr\u00e9sentant agr\u00e9\u00e9 s&#8217;assure que les produits r\u00e9pondent \u00e0 toutes les exigences de s\u00e9curit\u00e9 \u00e9nonc\u00e9es dans la DSGP.<\/li>\n<li><strong>Documentation :<\/strong> Ils peuvent d\u00e9tenir et conserver la documentation n\u00e9cessaire, telle que la d\u00e9claration de conformit\u00e9 de l&#8217;UE, au nom du fabricant.<\/li>\n<li><strong>Surveillance du march\u00e9 :<\/strong> Ils servent de point de contact pour les autorit\u00e9s de surveillance du march\u00e9, r\u00e9pondant aux demandes d&#8217;information ou prenant les mesures correctives n\u00e9cessaires si un produit n&#8217;est pas conforme aux r\u00e9glementations en mati\u00e8re de s\u00e9curit\u00e9.<\/li>\n<li><strong>Responsabilit\u00e9 :<\/strong> Dans certains cas, le mandataire peut partager avec le fabricant les responsabilit\u00e9s l\u00e9gales en mati\u00e8re de s\u00e9curit\u00e9 des produits.<\/li>\n<\/ul>\n<\/li>\n<li><strong>Pourquoi c&#8217;est important :<\/strong>\n<ul>\n<li><strong>Fabricants \u00e9tablis hors de l&#8217;UE :<\/strong> Pour les fabricants \u00e9tablis en dehors de l&#8217;UE, il est essentiel de disposer d&#8217;un repr\u00e9sentant autoris\u00e9 pour acc\u00e9der au march\u00e9 europ\u00e9en, car cela permet de combler le foss\u00e9 r\u00e9glementaire.<\/li>\n<li><strong>Entr\u00e9e sur le march\u00e9 :<\/strong> Il simplifie le processus d&#8217;entr\u00e9e sur le march\u00e9 de l&#8217;UE en garantissant qu&#8217;une entit\u00e9 comp\u00e9tente au sein de l&#8217;UE s&#8217;occupe de la conformit\u00e9 r\u00e9glementaire.<\/li>\n<\/ul>\n<\/li>\n<\/ol>\n<p>En r\u00e9sum\u00e9, un repr\u00e9sentant agr\u00e9\u00e9 de la DSGP agit en tant qu&#8217;entit\u00e9 juridique locale charg\u00e9e de veiller \u00e0 ce qu&#8217;un produit r\u00e9ponde aux exigences g\u00e9n\u00e9rales de s\u00e9curit\u00e9 de l&#8217;UE, en particulier pour les fabricants situ\u00e9s en dehors de l&#8217;UE.<\/p>\n<\/p><\/div>\n<\/p><\/div>\n<\/p><\/div>\n<\/p><\/div>\n<\/p><\/div>\n","protected":false},"excerpt":{"rendered":"<p>Un Un repr\u00e9sentant autoris\u00e9 (RA) de la DSGP est une personne ou une entit\u00e9 d\u00e9sign\u00e9e par un fabricant, en particulier ceux qui sont bas\u00e9s en&#8230;<\/p>\n","protected":false},"author":1,"featured_media":0,"parent":0,"menu_order":0,"comment_status":"closed","ping_status":"closed","template":"","meta":{"_acf_changed":false,"_coblocks_attr":"","_coblocks_dimensions":"","_coblocks_responsive_height":"","_coblocks_accordion_ie_support":"","footnotes":""},"categories":[],"tags":[],"class_list":["post-54533","page","type-page","status-publish","hentry"],"acf":[],"yoast_head":"<!-- This site is optimized with the Yoast SEO plugin v27.3 - https:\/\/yoast.com\/product\/yoast-seo-wordpress\/ -->\n<title>Repr\u00e9sentant autoris\u00e9 - Biorius<\/title>\n<meta name=\"description\" content=\"D\u00e9couvrez le r\u00f4le crucial d&#039;un repr\u00e9sentant agr\u00e9\u00e9 de la DSGP pour garantir la conformit\u00e9 de la s\u00e9curit\u00e9 des produits au sein de l&#039;Union europ\u00e9enne.\" \/>\n<meta name=\"robots\" content=\"index, follow, max-snippet:-1, max-image-preview:large, max-video-preview:-1\" \/>\n<link rel=\"canonical\" href=\"https:\/\/biorius.com\/fr\/representant-autorise\/\" \/>\n<meta property=\"og:locale\" content=\"fr_FR\" \/>\n<meta property=\"og:type\" content=\"article\" \/>\n<meta property=\"og:title\" content=\"Repr\u00e9sentant autoris\u00e9 - Biorius\" \/>\n<meta property=\"og:description\" content=\"D\u00e9couvrez le r\u00f4le crucial d&#039;un repr\u00e9sentant agr\u00e9\u00e9 de la DSGP pour garantir la conformit\u00e9 de la s\u00e9curit\u00e9 des produits au sein de l&#039;Union europ\u00e9enne.\" \/>\n<meta property=\"og:url\" content=\"https:\/\/biorius.com\/fr\/representant-autorise\/\" \/>\n<meta property=\"og:site_name\" content=\"Biorius\" \/>\n<meta property=\"article:modified_time\" content=\"2025-01-13T09:08:48+00:00\" \/>\n<meta name=\"twitter:card\" content=\"summary_large_image\" \/>\n<meta name=\"twitter:label1\" content=\"Dur\u00e9e de lecture estim\u00e9e\" \/>\n\t<meta name=\"twitter:data1\" content=\"4 minutes\" \/>\n<script type=\"application\/ld+json\" class=\"yoast-schema-graph\">{\"@context\":\"https:\\\/\\\/schema.org\",\"@graph\":[{\"@type\":\"WebPage\",\"@id\":\"https:\\\/\\\/biorius.com\\\/fr\\\/representant-autorise\\\/\",\"url\":\"https:\\\/\\\/biorius.com\\\/fr\\\/representant-autorise\\\/\",\"name\":\"Repr\u00e9sentant autoris\u00e9 - Biorius\",\"isPartOf\":{\"@id\":\"https:\\\/\\\/biorius.com\\\/fr\\\/#website\"},\"datePublished\":\"2024-09-02T13:06:09+00:00\",\"dateModified\":\"2025-01-13T09:08:48+00:00\",\"description\":\"D\u00e9couvrez le r\u00f4le crucial d'un repr\u00e9sentant agr\u00e9\u00e9 de la DSGP pour garantir la conformit\u00e9 de la s\u00e9curit\u00e9 des produits au sein de l'Union europ\u00e9enne.\",\"breadcrumb\":{\"@id\":\"https:\\\/\\\/biorius.com\\\/fr\\\/representant-autorise\\\/#breadcrumb\"},\"inLanguage\":\"fr-FR\",\"potentialAction\":[{\"@type\":\"ReadAction\",\"target\":[\"https:\\\/\\\/biorius.com\\\/fr\\\/representant-autorise\\\/\"]}]},{\"@type\":\"BreadcrumbList\",\"@id\":\"https:\\\/\\\/biorius.com\\\/fr\\\/representant-autorise\\\/#breadcrumb\",\"itemListElement\":[{\"@type\":\"ListItem\",\"position\":1,\"name\":\"Accueil\",\"item\":\"https:\\\/\\\/biorius.com\\\/fr\\\/\"},{\"@type\":\"ListItem\",\"position\":2,\"name\":\"Repr\u00e9sentant autoris\u00e9\"}]},{\"@type\":\"WebSite\",\"@id\":\"https:\\\/\\\/biorius.com\\\/fr\\\/#website\",\"url\":\"https:\\\/\\\/biorius.com\\\/fr\\\/\",\"name\":\"Biorius\",\"description\":\"You create dreams we protect them\",\"potentialAction\":[{\"@type\":\"SearchAction\",\"target\":{\"@type\":\"EntryPoint\",\"urlTemplate\":\"https:\\\/\\\/biorius.com\\\/fr\\\/?s={search_term_string}\"},\"query-input\":{\"@type\":\"PropertyValueSpecification\",\"valueRequired\":true,\"valueName\":\"search_term_string\"}}],\"inLanguage\":\"fr-FR\"}]}<\/script>\n<!-- \/ Yoast SEO plugin. -->","yoast_head_json":{"title":"Repr\u00e9sentant autoris\u00e9 - Biorius","description":"D\u00e9couvrez le r\u00f4le crucial d'un repr\u00e9sentant agr\u00e9\u00e9 de la DSGP pour garantir la conformit\u00e9 de la s\u00e9curit\u00e9 des produits au sein de l'Union europ\u00e9enne.","robots":{"index":"index","follow":"follow","max-snippet":"max-snippet:-1","max-image-preview":"max-image-preview:large","max-video-preview":"max-video-preview:-1"},"canonical":"https:\/\/biorius.com\/fr\/representant-autorise\/","og_locale":"fr_FR","og_type":"article","og_title":"Repr\u00e9sentant autoris\u00e9 - Biorius","og_description":"D\u00e9couvrez le r\u00f4le crucial d'un repr\u00e9sentant agr\u00e9\u00e9 de la DSGP pour garantir la conformit\u00e9 de la s\u00e9curit\u00e9 des produits au sein de l'Union europ\u00e9enne.","og_url":"https:\/\/biorius.com\/fr\/representant-autorise\/","og_site_name":"Biorius","article_modified_time":"2025-01-13T09:08:48+00:00","twitter_card":"summary_large_image","twitter_misc":{"Dur\u00e9e de lecture estim\u00e9e":"4 minutes"},"schema":{"@context":"https:\/\/schema.org","@graph":[{"@type":"WebPage","@id":"https:\/\/biorius.com\/fr\/representant-autorise\/","url":"https:\/\/biorius.com\/fr\/representant-autorise\/","name":"Repr\u00e9sentant autoris\u00e9 - Biorius","isPartOf":{"@id":"https:\/\/biorius.com\/fr\/#website"},"datePublished":"2024-09-02T13:06:09+00:00","dateModified":"2025-01-13T09:08:48+00:00","description":"D\u00e9couvrez le r\u00f4le crucial d'un repr\u00e9sentant agr\u00e9\u00e9 de la DSGP pour garantir la conformit\u00e9 de la s\u00e9curit\u00e9 des produits au sein de l'Union europ\u00e9enne.","breadcrumb":{"@id":"https:\/\/biorius.com\/fr\/representant-autorise\/#breadcrumb"},"inLanguage":"fr-FR","potentialAction":[{"@type":"ReadAction","target":["https:\/\/biorius.com\/fr\/representant-autorise\/"]}]},{"@type":"BreadcrumbList","@id":"https:\/\/biorius.com\/fr\/representant-autorise\/#breadcrumb","itemListElement":[{"@type":"ListItem","position":1,"name":"Accueil","item":"https:\/\/biorius.com\/fr\/"},{"@type":"ListItem","position":2,"name":"Repr\u00e9sentant autoris\u00e9"}]},{"@type":"WebSite","@id":"https:\/\/biorius.com\/fr\/#website","url":"https:\/\/biorius.com\/fr\/","name":"Biorius","description":"You create dreams we protect them","potentialAction":[{"@type":"SearchAction","target":{"@type":"EntryPoint","urlTemplate":"https:\/\/biorius.com\/fr\/?s={search_term_string}"},"query-input":{"@type":"PropertyValueSpecification","valueRequired":true,"valueName":"search_term_string"}}],"inLanguage":"fr-FR"}]}},"_links":{"self":[{"href":"https:\/\/biorius.com\/fr\/wp-json\/wp\/v2\/pages\/54533","targetHints":{"allow":["GET"]}}],"collection":[{"href":"https:\/\/biorius.com\/fr\/wp-json\/wp\/v2\/pages"}],"about":[{"href":"https:\/\/biorius.com\/fr\/wp-json\/wp\/v2\/types\/page"}],"author":[{"embeddable":true,"href":"https:\/\/biorius.com\/fr\/wp-json\/wp\/v2\/users\/1"}],"replies":[{"embeddable":true,"href":"https:\/\/biorius.com\/fr\/wp-json\/wp\/v2\/comments?post=54533"}],"version-history":[{"count":0,"href":"https:\/\/biorius.com\/fr\/wp-json\/wp\/v2\/pages\/54533\/revisions"}],"wp:attachment":[{"href":"https:\/\/biorius.com\/fr\/wp-json\/wp\/v2\/media?parent=54533"}],"wp:term":[{"taxonomy":"category","embeddable":true,"href":"https:\/\/biorius.com\/fr\/wp-json\/wp\/v2\/categories?post=54533"},{"taxonomy":"post_tag","embeddable":true,"href":"https:\/\/biorius.com\/fr\/wp-json\/wp\/v2\/tags?post=54533"}],"curies":[{"name":"wp","href":"https:\/\/api.w.org\/{rel}","templated":true}]}}