{"id":54394,"date":"2024-07-22T13:31:20","date_gmt":"2024-07-22T11:31:20","guid":{"rendered":"https:\/\/biorius.com\/reglementation-cosmetique\/etats-unis\/loi-americaine-sur-les-cosmetiques\/"},"modified":"2024-07-22T13:31:20","modified_gmt":"2024-07-22T11:31:20","slug":"loi-americaine-sur-les-cosmetiques","status":"publish","type":"page","link":"https:\/\/biorius.com\/fr\/reglementation-cosmetique\/etats-unis\/loi-americaine-sur-les-cosmetiques\/","title":{"rendered":"Loi am\u00e9ricaine sur les cosm\u00e9tiques"},"content":{"rendered":"<div class=\"vc_row wpb_row vc_row-fluid\">\n<div class=\"wpb_column vc_column_container vc_col-sm-12\">\n<div class=\"vc_column-inner\">\n<div class=\"wpb_wrapper\">\n<div class=\"vc_row wpb_row vc_inner vc_row-fluid\">\n<div class=\"wpb_column vc_column_container vc_col-sm-12\">\n<div class=\"vc_column-inner\">\n<div class=\"wpb_wrapper\">\n<div class=\"wpb_text_column wpb_content_element \">\n<div class=\"wpb_wrapper\">\n<p><img fetchpriority=\"high\" decoding=\"async\" class=\"alignleft wp-image-51891 size-full\" src=\"https:\/\/biorius.com\/wp-content\/uploads\/2024\/07\/US-cosmetics-law-e1721648381845.webp\" alt=\"Loi am\u00e9ricaine sur les cosm\u00e9tiques\" width=\"256\" height=\"256\">La l\u00e9gislation am\u00e9ricaine sur les cosm\u00e9tiques : aux \u00c9tats-Unis, l&#8217;information est essentielle et tout doit \u00eatre fait pour que le consommateur prenne sa d\u00e9cision d&#8217;achat en connaissance de cause. La l\u00e9gislation am\u00e9ricaine sur les cosm\u00e9tiques, y compris la MoCRA, semble plut\u00f4t l\u00e9g\u00e8re par rapport \u00e0 la l\u00e9gislation europ\u00e9enne. En r\u00e8gle g\u00e9n\u00e9rale, elle n&#8217;est pas prescriptive lorsqu&#8217;il s&#8217;agit de garantir la s\u00e9curit\u00e9 des produits ou d&#8217;\u00e9tayer les communications marketing. La raison en est que les consommateurs sont responsables des d\u00e9cisions qu&#8217;ils prennent dans leur propre vie. En d&#8217;autres termes, les consommateurs sont consid\u00e9r\u00e9s comme pleinement responsables s&#8217;ils portent atteinte \u00e0 leur propre sant\u00e9, \u00e9tant donn\u00e9 que des informations ad\u00e9quates ont \u00e9t\u00e9 fournies sur le produit. La cons\u00e9quence logique est que le consommateur peut poursuivre l&#8217;entreprise responsable en cas de probl\u00e8me. Les \u00c9tats-Unis sont une soci\u00e9t\u00e9 plus proc\u00e9duri\u00e8re et il n&#8217;est pas rare qu&#8217;un consommateur poursuive une marque de cosm\u00e9tiques. Cela arrive tous les jours (en particulier sous la forme d&#8217;actions collectives) et les co\u00fbts r\u00e9sultant du r\u00e8glement de ces litiges peuvent \u00eatre d\u00e9vastateurs pour une entreprise. Les mots cl\u00e9s sont donc libert\u00e9 et responsabilit\u00e9. Bien que la MoCRA et les r\u00e9glementations existantes soient assorties d&#8217;un certain nombre d&#8217;obligations, les marques de cosm\u00e9tiques disposent de beaucoup plus de libert\u00e9 pour d\u00e9montrer de mani\u00e8re ad\u00e9quate la conformit\u00e9 et la s\u00e9curit\u00e9 de leurs produits.  <\/p>\n<\/div>\n<\/div>\n<\/div>\n<\/div>\n<\/div>\n<\/div>\n<\/div>\n<\/div>\n<\/div>\n<\/div>\n<div class=\"vc_row wpb_row vc_row-fluid\">\n<div class=\"wpb_column vc_column_container vc_col-sm-12\">\n<div class=\"vc_column-inner\">\n<div class=\"wpb_wrapper\">\n<div class=\"wpb_text_column wpb_content_element \">\n<div class=\"wpb_wrapper\">\n<h2><strong>Loi am\u00e9ricaine sur les cosm\u00e9tiques &#8211; Contexte r\u00e9glementaire<\/strong><\/h2>\n<p>Bien qu&#8217;elles se ressemblent \u00e0 premi\u00e8re vue, les cultures am\u00e9ricaine et europ\u00e9enne diff\u00e8rent \u00e0 plusieurs \u00e9gards. En ce qui concerne les implications pour l&#8217;industrie cosm\u00e9tique, les principales diff\u00e9rences sont les suivantes : <\/p>\n<\/div>\n<\/div>\n<div class=\"wpb_text_column wpb_content_element \">\n<div class=\"wpb_wrapper\">\n<h3><strong>Information et protection des consommateurs<\/strong><\/h3>\n<p>Aux \u00c9tats-Unis, l&#8217;information est essentielle et tout doit \u00eatre mis en \u0153uvre pour que le consommateur prenne sa d\u00e9cision d&#8217;achat en connaissance de cause. La l\u00e9gislation sur les cosm\u00e9tiques semble plut\u00f4t l\u00e9g\u00e8re par rapport \u00e0 l&#8217;Europe et n&#8217;est pas prescriptive lorsqu&#8217;il s&#8217;agit de garantir la s\u00e9curit\u00e9 des produits ou d&#8217;\u00e9tayer les communications marketing. Il n&#8217;est donc pas surprenant que les consommateurs soient responsables des d\u00e9cisions qu&#8217;ils prennent dans leur propre vie. En d&#8217;autres termes, les consommateurs sont consid\u00e9r\u00e9s comme pleinement responsables s&#8217;ils portent atteinte \u00e0 leur propre sant\u00e9, \u00e9tant donn\u00e9 que des informations ad\u00e9quates ont \u00e9t\u00e9 fournies sur le produit. La cons\u00e9quence logique est que le consommateur peut poursuivre l&#8217;entreprise responsable en cas de probl\u00e8me. Les \u00c9tats-Unis sont une soci\u00e9t\u00e9 plus proc\u00e9duri\u00e8re et il n&#8217;est pas rare qu&#8217;un consommateur poursuive une marque de cosm\u00e9tiques. Cela arrive tous les jours (en particulier sous la forme d&#8217;actions collectives) et les co\u00fbts r\u00e9sultant du r\u00e8glement de ces litiges peuvent \u00eatre d\u00e9vastateurs pour une entreprise.      <\/p>\n<\/div>\n<\/div>\n<div class=\"wpb_text_column wpb_content_element \">\n<div class=\"wpb_wrapper\">\n<h3><strong>Principe de pr\u00e9caution<\/strong><\/h3>\n<p>Un \u00e9l\u00e9ment cl\u00e9 des politiques am\u00e9ricaines de gestion des risques est ce que l&#8217;on appelle le principe de pr\u00e9caution. L&#8217;approche du gouvernement f\u00e9d\u00e9ral am\u00e9ricain en mati\u00e8re de gestion des substances chimiques place la barre tr\u00e8s haut en ce qui concerne la preuve de la nocivit\u00e9 qui doit \u00eatre apport\u00e9e avant que des mesures r\u00e9glementaires ne soient prises. La charge de la preuve de l&#8217;innocuit\u00e9 d&#8217;un produit incombe aux autorit\u00e9s jusqu&#8217;\u00e0 ce qu&#8217;un probl\u00e8me de s\u00e9curit\u00e9 r\u00e9el se pose. Lorsqu&#8217;un tel \u00e9v\u00e9nement se produit, un recours juridique de la part du consommateur et\/ou des autorit\u00e9s devient alors possible, voire probable. \u00c0 titre d&#8217;exemple, la l\u00e9gislation am\u00e9ricaine n&#8217;est pas normative et n&#8217;interdit que six ingr\u00e9dients et n&#8217;en restreint que trois autres<a href=\"https:\/\/www.accessdata.fda.gov\/scripts\/cdrh\/cfdocs\/cfcfr\/CFRSearch.cfm?fr=250.250\">[21 CFR 700.11-27 &amp; 250.250<\/a>], mais cela ne doit pas \u00eatre interpr\u00e9t\u00e9 comme une facilit\u00e9. Elle rappelle simplement que le diable se cache dans les d\u00e9tails et que les pi\u00e8ges les plus dangereux sont ceux qui restent invisibles. Tout cosm\u00e9tique commercialis\u00e9 sur le march\u00e9 am\u00e9ricain doit \u00eatre conforme aux dispositions du Federal Food, Drug and Cosmetic Act, du Fair Packaging and Labeling Act et de toutes les r\u00e9glementations publi\u00e9es sous l&#8217;autorit\u00e9 de ces lois (des r\u00e9glementations nationales sp\u00e9cifiques peuvent \u00e9galement s&#8217;appliquer).<\/p>\n<\/div>\n<\/div>\n<\/div>\n<\/div>\n<\/div>\n<\/div>\n<div class=\"vc_row wpb_row vc_row-fluid\">\n<div class=\"wpb_column vc_column_container vc_col-sm-12\">\n<div class=\"vc_column-inner\">\n<div class=\"wpb_wrapper\">\n<div class=\"wpb_text_column wpb_content_element \">\n<div class=\"wpb_wrapper\">\n<h3><strong>Aux \u00c9tats-Unis, les produits cosm\u00e9tiques se r\u00e9partissent en trois cat\u00e9gories :<\/strong><\/h3>\n<p>Ces caract\u00e9ristiques culturelles des \u00c9tats-Unis ont conduit \u00e0 l&#8217;adoption de deux grandes lois f\u00e9d\u00e9rales r\u00e9glementant les produits cosm\u00e9tiques :<\/p>\n<\/div>\n<\/div>\n<div class=\"wpb_single_image wpb_content_element vc_align_center\">\n<figure class=\"wpb_wrapper vc_figure\">\n<div class=\"vc_single_image-wrapper vc_box_border_grey\"><img decoding=\"async\" class=\"vc_single_image-img attachment-full\" title=\"Constitution des \u00c9tats-Unis\" src=\"https:\/\/bioriusold.wpenginepowered.com\/wp-content\/uploads\/2020\/11\/constitution_usa.png\" sizes=\"(max-width: 1250px) 100vw, 1250px\" srcset=\"https:\/\/bioriusold.wpenginepowered.com\/wp-content\/uploads\/2020\/11\/constitution_usa.png 1250w, https:\/\/bioriusold.wpenginepowered.com\/wp-content\/uploads\/2020\/11\/constitution_usa-300x132.png 300w, https:\/\/bioriusold.wpenginepowered.com\/wp-content\/uploads\/2020\/11\/constitution_usa-1024x449.png 1024w, https:\/\/bioriusold.wpenginepowered.com\/wp-content\/uploads\/2020\/11\/constitution_usa-768x337.png 768w, https:\/\/bioriusold.wpenginepowered.com\/wp-content\/uploads\/2020\/11\/constitution_usa-24x11.png 24w, https:\/\/bioriusold.wpenginepowered.com\/wp-content\/uploads\/2020\/11\/constitution_usa-36x16.png 36w, https:\/\/bioriusold.wpenginepowered.com\/wp-content\/uploads\/2020\/11\/constitution_usa-48x21.png 48w\" alt=\"\" width=\"1250\" height=\"548\"><\/div>\n<\/figure>\n<\/div>\n<div class=\"wpb_text_column wpb_content_element \">\n<div class=\"wpb_wrapper\">\n<p>Cependant, ce que l&#8217;on appelle &#8220;cosm\u00e9tiques&#8221; aux \u00c9tats-Unis ne correspond pas parfaitement \u00e0 la d\u00e9finition des &#8220;cosm\u00e9tiques&#8221; dans l&#8217;UE\/le Royaume-Uni et dans la plupart des autres pays :<\/p>\n<\/div>\n<\/div>\n<div class=\"wpb_text_column wpb_content_element \">\n<div class=\"wpb_wrapper\">\n<h3><strong>Cosm\u00e9tique ordinaire<\/strong><\/h3>\n<p>La <a href=\"https:\/\/www.fda.gov\/cosmetics\/cosmetics-laws-regulations\/it-cosmetic-drug-or-both-or-it-soap#Definecosmetic\">FDA d\u00e9finit les cosm\u00e9tiques<\/a> [FD&amp;C Act, sec. 201(i)] en fonction de l&#8217;usage auquel ils sont <em>destin\u00e9s : &#8220;articles destin\u00e9s \u00e0 \u00eatre frott\u00e9s, vers\u00e9s, saupoudr\u00e9s ou pulv\u00e9ris\u00e9s sur le corps humain, introduits dans celui-ci ou appliqu\u00e9s d&#8217;une autre mani\u00e8re&#8230; pour le nettoyer, l&#8217;embellir, le rendre plus attrayant ou en modifier l&#8217;apparence&#8221;.<\/em> <em>Exemples : cr\u00e8mes hydratantes pour la peau, parfums, rouges \u00e0 l\u00e8vres, vernis \u00e0 ongles, maquillage des yeux et cosm\u00e9tiques pour le visage, shampooings nettoyants, permanentes, colorations et d\u00e9odorants, ainsi que toute substance destin\u00e9e \u00e0 \u00eatre utilis\u00e9e comme composant d&#8217;un produit cosm\u00e9tique.<\/em><\/p>\n<\/div>\n<\/div>\n<div class=\"wpb_text_column wpb_content_element \">\n<div class=\"wpb_wrapper\">\n<h3><strong>Produits en vente libre<\/strong><\/h3>\n<p>Les produits en vente libre sont des m\u00e9dicaments disponibles sans ordonnance. Les m\u00e9dicaments en vente libre sont <a href=\"https:\/\/www.fda.gov\/drugs\/types-applications\/drug-applications-over-counter-otc-drugs\">d\u00e9finis par la FDA<\/a> [FD&amp;C Act, sec. 201(g)(1)] comme des <em>&#8220;m\u00e9dicaments s\u00fbrs et efficaces destin\u00e9s \u00e0 \u00eatre utilis\u00e9s par le grand public sans avoir recours au traitement d&#8217;un professionnel de la sant\u00e9&#8221;.<\/em> La <a href=\"https:\/\/www.fda.gov\/cosmetics\/cosmetics-laws-regulations\/it-cosmetic-drug-or-both-or-it-soap#Definecosmetic\">FDA a publi\u00e9 des monographies<\/a> (c&#8217;est-\u00e0-dire des r\u00e8gles) qui \u00e9noncent des exigences telles que les ingr\u00e9dients qui peuvent \u00eatre utilis\u00e9s et \u00e0 quelles fins.  <\/p>\n<\/div>\n<\/div>\n<div class=\"wpb_text_column wpb_content_element \">\n<div class=\"wpb_wrapper\">\n<h3><strong>Savons<\/strong><\/h3>\n<p>Le  <a href=\"https:\/\/www.fda.gov\/cosmetics\/cosmetics-laws-regulations\/it-cosmetic-drug-or-both-or-it-soap#Define_soap\">La FDA d\u00e9finit le terme &#8220;savon&#8221;<\/a> selon deux conditions :<\/p>\n<ul>\n<li>la majeure partie de la mati\u00e8re non volatile du produit est constitu\u00e9e d&#8217;un sel alcalin d&#8217;acides gras et les propri\u00e9t\u00e9s d\u00e9tergentes du produit sont dues \u00e0 ces compos\u00e9s alcalins d&#8217;acides gras, et<\/li>\n<li>le produit est \u00e9tiquet\u00e9, vendu et pr\u00e9sent\u00e9 uniquement comme du savon<a href=\"https:\/\/www.ecfr.gov\/cgi-bin\/retrieveECFR?gp=&amp;SID=79073513f7ba6a05126c6da0aa85c460&amp;r=PART&amp;n=21y7.0.1.2.11#21:7.0.1.2.11.3.1.1\">[21 CFR 701.20<\/a>].<\/li>\n<\/ul>\n<p>&nbsp;<\/p>\n<\/div>\n<\/div>\n<\/div>\n<\/div>\n<\/div>\n<\/div>\n<div class=\"vc_row wpb_row vc_row-fluid\">\n<div class=\"wpb_column vc_column_container vc_col-sm-12\">\n<div class=\"vc_column-inner\">\n<div class=\"wpb_wrapper\">\n<div class=\"wpb_text_column wpb_content_element \">\n<div class=\"wpb_wrapper\">\n<p><strong><a href=\"https:\/\/biorius.com\/cosmetic-regulations\/usa-cosmetic-regulations\/\">D\u00e9couvrez comment vendre des produits cosm\u00e9tiques aux \u00c9tats-Unis<\/a><\/strong><\/p>\n<\/div>\n<\/div>\n<\/div>\n<\/div>\n<\/div>\n<\/div>\n","protected":false},"excerpt":{"rendered":"<p>La l\u00e9gislation am\u00e9ricaine sur les cosm\u00e9tiques : aux \u00c9tats-Unis, l&#8217;information est essentielle et tout doit \u00eatre fait pour que le consommateur prenne sa d\u00e9cision d&#8217;achat&#8230;<\/p>\n","protected":false},"author":1,"featured_media":51892,"parent":53722,"menu_order":0,"comment_status":"closed","ping_status":"closed","template":"","meta":{"_acf_changed":false,"_coblocks_attr":"","_coblocks_dimensions":"","_coblocks_responsive_height":"","_coblocks_accordion_ie_support":"","footnotes":""},"categories":[],"tags":[],"class_list":["post-54394","page","type-page","status-publish","has-post-thumbnail","hentry"],"acf":[],"yoast_head":"<!-- This site is optimized with the Yoast SEO plugin v27.4 - https:\/\/yoast.com\/product\/yoast-seo-wordpress\/ -->\n<title>Loi am\u00e9ricaine sur les cosm\u00e9tiques - Biorius<\/title>\n<meta name=\"description\" content=\"D\u00e9couvrez la l\u00e9gislation am\u00e9ricaine sur les cosm\u00e9tiques avec BIORIUS : un aper\u00e7u complet des r\u00e9glementations, de la conformit\u00e9 et des normes de s\u00e9curit\u00e9 pour l&#039;industrie des cosm\u00e9tiques.\" \/>\n<meta name=\"robots\" content=\"index, follow, max-snippet:-1, max-image-preview:large, max-video-preview:-1\" \/>\n<link rel=\"canonical\" href=\"https:\/\/biorius.com\/fr\/reglementation-cosmetique\/etats-unis\/loi-americaine-sur-les-cosmetiques\/\" \/>\n<meta property=\"og:locale\" content=\"fr_FR\" \/>\n<meta property=\"og:type\" content=\"article\" \/>\n<meta property=\"og:title\" content=\"Loi am\u00e9ricaine sur les cosm\u00e9tiques - Biorius\" \/>\n<meta property=\"og:description\" content=\"D\u00e9couvrez la l\u00e9gislation am\u00e9ricaine sur les cosm\u00e9tiques avec BIORIUS : un aper\u00e7u complet des r\u00e9glementations, de la conformit\u00e9 et des normes de s\u00e9curit\u00e9 pour l&#039;industrie des cosm\u00e9tiques.\" \/>\n<meta property=\"og:url\" content=\"https:\/\/biorius.com\/fr\/reglementation-cosmetique\/etats-unis\/loi-americaine-sur-les-cosmetiques\/\" \/>\n<meta property=\"og:site_name\" content=\"Biorius\" \/>\n<meta property=\"og:image\" content=\"https:\/\/biorius.com\/wp-content\/uploads\/2024\/07\/US-cosmetics-law-e1721648381845.webp\" \/>\n\t<meta property=\"og:image:width\" content=\"1024\" \/>\n\t<meta property=\"og:image:height\" content=\"1024\" \/>\n\t<meta property=\"og:image:type\" content=\"image\/webp\" \/>\n<meta name=\"twitter:card\" content=\"summary_large_image\" \/>\n<meta name=\"twitter:label1\" content=\"Dur\u00e9e de lecture estim\u00e9e\" \/>\n\t<meta name=\"twitter:data1\" content=\"5 minutes\" \/>\n<script type=\"application\/ld+json\" class=\"yoast-schema-graph\">{\"@context\":\"https:\\\/\\\/schema.org\",\"@graph\":[{\"@type\":\"WebPage\",\"@id\":\"https:\\\/\\\/biorius.com\\\/fr\\\/reglementation-cosmetique\\\/etats-unis\\\/loi-americaine-sur-les-cosmetiques\\\/\",\"url\":\"https:\\\/\\\/biorius.com\\\/fr\\\/reglementation-cosmetique\\\/etats-unis\\\/loi-americaine-sur-les-cosmetiques\\\/\",\"name\":\"Loi am\u00e9ricaine sur les cosm\u00e9tiques - Biorius\",\"isPartOf\":{\"@id\":\"https:\\\/\\\/biorius.com\\\/fr\\\/#website\"},\"primaryImageOfPage\":{\"@id\":\"https:\\\/\\\/biorius.com\\\/fr\\\/reglementation-cosmetique\\\/etats-unis\\\/loi-americaine-sur-les-cosmetiques\\\/#primaryimage\"},\"image\":{\"@id\":\"https:\\\/\\\/biorius.com\\\/fr\\\/reglementation-cosmetique\\\/etats-unis\\\/loi-americaine-sur-les-cosmetiques\\\/#primaryimage\"},\"thumbnailUrl\":\"https:\\\/\\\/biorius.com\\\/wp-content\\\/uploads\\\/2024\\\/07\\\/US-cosmetics-law-e1721648381845.webp\",\"datePublished\":\"2024-07-22T11:31:20+00:00\",\"description\":\"D\u00e9couvrez la l\u00e9gislation am\u00e9ricaine sur les cosm\u00e9tiques avec BIORIUS : un aper\u00e7u complet des r\u00e9glementations, de la conformit\u00e9 et des normes de s\u00e9curit\u00e9 pour l'industrie des cosm\u00e9tiques.\",\"breadcrumb\":{\"@id\":\"https:\\\/\\\/biorius.com\\\/fr\\\/reglementation-cosmetique\\\/etats-unis\\\/loi-americaine-sur-les-cosmetiques\\\/#breadcrumb\"},\"inLanguage\":\"fr-FR\",\"potentialAction\":[{\"@type\":\"ReadAction\",\"target\":[\"https:\\\/\\\/biorius.com\\\/fr\\\/reglementation-cosmetique\\\/etats-unis\\\/loi-americaine-sur-les-cosmetiques\\\/\"]}]},{\"@type\":\"ImageObject\",\"inLanguage\":\"fr-FR\",\"@id\":\"https:\\\/\\\/biorius.com\\\/fr\\\/reglementation-cosmetique\\\/etats-unis\\\/loi-americaine-sur-les-cosmetiques\\\/#primaryimage\",\"url\":\"https:\\\/\\\/biorius.com\\\/wp-content\\\/uploads\\\/2024\\\/07\\\/US-cosmetics-law-e1721648381845.webp\",\"contentUrl\":\"https:\\\/\\\/biorius.com\\\/wp-content\\\/uploads\\\/2024\\\/07\\\/US-cosmetics-law-e1721648381845.webp\",\"width\":1024,\"height\":1024,\"caption\":\"US cosmetics law\"},{\"@type\":\"BreadcrumbList\",\"@id\":\"https:\\\/\\\/biorius.com\\\/fr\\\/reglementation-cosmetique\\\/etats-unis\\\/loi-americaine-sur-les-cosmetiques\\\/#breadcrumb\",\"itemListElement\":[{\"@type\":\"ListItem\",\"position\":1,\"name\":\"Accueil\",\"item\":\"https:\\\/\\\/biorius.com\\\/fr\\\/\"},{\"@type\":\"ListItem\",\"position\":2,\"name\":\"R\u00e9glementations Cosm\u00e9tiques\",\"item\":\"https:\\\/\\\/biorius.com\\\/fr\\\/cosmetic-regulations\\\/\"},{\"@type\":\"ListItem\",\"position\":3,\"name\":\"R\u00e9glementation des cosm\u00e9tiques aux \u00c9tats-Unis &#8211; Guide complet\",\"item\":\"https:\\\/\\\/biorius.com\\\/fr\\\/reglementation-cosmetique\\\/etats-unis\\\/\"},{\"@type\":\"ListItem\",\"position\":4,\"name\":\"Loi am\u00e9ricaine sur les cosm\u00e9tiques\"}]},{\"@type\":\"WebSite\",\"@id\":\"https:\\\/\\\/biorius.com\\\/fr\\\/#website\",\"url\":\"https:\\\/\\\/biorius.com\\\/fr\\\/\",\"name\":\"Biorius\",\"description\":\"You create dreams we protect them\",\"potentialAction\":[{\"@type\":\"SearchAction\",\"target\":{\"@type\":\"EntryPoint\",\"urlTemplate\":\"https:\\\/\\\/biorius.com\\\/fr\\\/?s={search_term_string}\"},\"query-input\":{\"@type\":\"PropertyValueSpecification\",\"valueRequired\":true,\"valueName\":\"search_term_string\"}}],\"inLanguage\":\"fr-FR\"}]}<\/script>\n<!-- \/ Yoast SEO plugin. -->","yoast_head_json":{"title":"Loi am\u00e9ricaine sur les cosm\u00e9tiques - Biorius","description":"D\u00e9couvrez la l\u00e9gislation am\u00e9ricaine sur les cosm\u00e9tiques avec BIORIUS : un aper\u00e7u complet des r\u00e9glementations, de la conformit\u00e9 et des normes de s\u00e9curit\u00e9 pour l'industrie des cosm\u00e9tiques.","robots":{"index":"index","follow":"follow","max-snippet":"max-snippet:-1","max-image-preview":"max-image-preview:large","max-video-preview":"max-video-preview:-1"},"canonical":"https:\/\/biorius.com\/fr\/reglementation-cosmetique\/etats-unis\/loi-americaine-sur-les-cosmetiques\/","og_locale":"fr_FR","og_type":"article","og_title":"Loi am\u00e9ricaine sur les cosm\u00e9tiques - Biorius","og_description":"D\u00e9couvrez la l\u00e9gislation am\u00e9ricaine sur les cosm\u00e9tiques avec BIORIUS : un aper\u00e7u complet des r\u00e9glementations, de la conformit\u00e9 et des normes de s\u00e9curit\u00e9 pour l'industrie des cosm\u00e9tiques.","og_url":"https:\/\/biorius.com\/fr\/reglementation-cosmetique\/etats-unis\/loi-americaine-sur-les-cosmetiques\/","og_site_name":"Biorius","og_image":[{"width":1024,"height":1024,"url":"https:\/\/biorius.com\/wp-content\/uploads\/2024\/07\/US-cosmetics-law-e1721648381845.webp","type":"image\/webp"}],"twitter_card":"summary_large_image","twitter_misc":{"Dur\u00e9e de lecture estim\u00e9e":"5 minutes"},"schema":{"@context":"https:\/\/schema.org","@graph":[{"@type":"WebPage","@id":"https:\/\/biorius.com\/fr\/reglementation-cosmetique\/etats-unis\/loi-americaine-sur-les-cosmetiques\/","url":"https:\/\/biorius.com\/fr\/reglementation-cosmetique\/etats-unis\/loi-americaine-sur-les-cosmetiques\/","name":"Loi am\u00e9ricaine sur les cosm\u00e9tiques - Biorius","isPartOf":{"@id":"https:\/\/biorius.com\/fr\/#website"},"primaryImageOfPage":{"@id":"https:\/\/biorius.com\/fr\/reglementation-cosmetique\/etats-unis\/loi-americaine-sur-les-cosmetiques\/#primaryimage"},"image":{"@id":"https:\/\/biorius.com\/fr\/reglementation-cosmetique\/etats-unis\/loi-americaine-sur-les-cosmetiques\/#primaryimage"},"thumbnailUrl":"https:\/\/biorius.com\/wp-content\/uploads\/2024\/07\/US-cosmetics-law-e1721648381845.webp","datePublished":"2024-07-22T11:31:20+00:00","description":"D\u00e9couvrez la l\u00e9gislation am\u00e9ricaine sur les cosm\u00e9tiques avec BIORIUS : un aper\u00e7u complet des r\u00e9glementations, de la conformit\u00e9 et des normes de s\u00e9curit\u00e9 pour l'industrie des cosm\u00e9tiques.","breadcrumb":{"@id":"https:\/\/biorius.com\/fr\/reglementation-cosmetique\/etats-unis\/loi-americaine-sur-les-cosmetiques\/#breadcrumb"},"inLanguage":"fr-FR","potentialAction":[{"@type":"ReadAction","target":["https:\/\/biorius.com\/fr\/reglementation-cosmetique\/etats-unis\/loi-americaine-sur-les-cosmetiques\/"]}]},{"@type":"ImageObject","inLanguage":"fr-FR","@id":"https:\/\/biorius.com\/fr\/reglementation-cosmetique\/etats-unis\/loi-americaine-sur-les-cosmetiques\/#primaryimage","url":"https:\/\/biorius.com\/wp-content\/uploads\/2024\/07\/US-cosmetics-law-e1721648381845.webp","contentUrl":"https:\/\/biorius.com\/wp-content\/uploads\/2024\/07\/US-cosmetics-law-e1721648381845.webp","width":1024,"height":1024,"caption":"US cosmetics law"},{"@type":"BreadcrumbList","@id":"https:\/\/biorius.com\/fr\/reglementation-cosmetique\/etats-unis\/loi-americaine-sur-les-cosmetiques\/#breadcrumb","itemListElement":[{"@type":"ListItem","position":1,"name":"Accueil","item":"https:\/\/biorius.com\/fr\/"},{"@type":"ListItem","position":2,"name":"R\u00e9glementations Cosm\u00e9tiques","item":"https:\/\/biorius.com\/fr\/cosmetic-regulations\/"},{"@type":"ListItem","position":3,"name":"R\u00e9glementation des cosm\u00e9tiques aux \u00c9tats-Unis &#8211; Guide complet","item":"https:\/\/biorius.com\/fr\/reglementation-cosmetique\/etats-unis\/"},{"@type":"ListItem","position":4,"name":"Loi am\u00e9ricaine sur les cosm\u00e9tiques"}]},{"@type":"WebSite","@id":"https:\/\/biorius.com\/fr\/#website","url":"https:\/\/biorius.com\/fr\/","name":"Biorius","description":"You create dreams we protect them","potentialAction":[{"@type":"SearchAction","target":{"@type":"EntryPoint","urlTemplate":"https:\/\/biorius.com\/fr\/?s={search_term_string}"},"query-input":{"@type":"PropertyValueSpecification","valueRequired":true,"valueName":"search_term_string"}}],"inLanguage":"fr-FR"}]}},"_links":{"self":[{"href":"https:\/\/biorius.com\/fr\/wp-json\/wp\/v2\/pages\/54394","targetHints":{"allow":["GET"]}}],"collection":[{"href":"https:\/\/biorius.com\/fr\/wp-json\/wp\/v2\/pages"}],"about":[{"href":"https:\/\/biorius.com\/fr\/wp-json\/wp\/v2\/types\/page"}],"author":[{"embeddable":true,"href":"https:\/\/biorius.com\/fr\/wp-json\/wp\/v2\/users\/1"}],"replies":[{"embeddable":true,"href":"https:\/\/biorius.com\/fr\/wp-json\/wp\/v2\/comments?post=54394"}],"version-history":[{"count":0,"href":"https:\/\/biorius.com\/fr\/wp-json\/wp\/v2\/pages\/54394\/revisions"}],"up":[{"embeddable":true,"href":"https:\/\/biorius.com\/fr\/wp-json\/wp\/v2\/pages\/53722"}],"wp:featuredmedia":[{"embeddable":true,"href":"https:\/\/biorius.com\/fr\/wp-json\/wp\/v2\/media\/51892"}],"wp:attachment":[{"href":"https:\/\/biorius.com\/fr\/wp-json\/wp\/v2\/media?parent=54394"}],"wp:term":[{"taxonomy":"category","embeddable":true,"href":"https:\/\/biorius.com\/fr\/wp-json\/wp\/v2\/categories?post=54394"},{"taxonomy":"post_tag","embeddable":true,"href":"https:\/\/biorius.com\/fr\/wp-json\/wp\/v2\/tags?post=54394"}],"curies":[{"name":"wp","href":"https:\/\/api.w.org\/{rel}","templated":true}]}}