{"id":48923,"date":"2023-11-27T15:29:13","date_gmt":"2023-11-27T14:29:13","guid":{"rendered":"https:\/\/biorius.com\/reglements-sur-les-cosmetiques\/due-diligence-cosmetiques\/"},"modified":"2024-11-05T09:58:11","modified_gmt":"2024-11-05T08:58:11","slug":"due-diligence-cosmetiques","status":"publish","type":"page","link":"https:\/\/biorius.com\/fr\/reglementation-cosmetique\/due-diligence-cosmetiques\/","title":{"rendered":"Due Diligence Cosm\u00e9tiques"},"content":{"rendered":"","protected":false},"excerpt":{"rendered":"","protected":false},"author":1,"featured_media":0,"parent":47373,"menu_order":0,"comment_status":"closed","ping_status":"closed","template":"templates\/page-builder.php","meta":{"_acf_changed":false,"_coblocks_attr":"","_coblocks_dimensions":"","_coblocks_responsive_height":"","_coblocks_accordion_ie_support":"","footnotes":""},"categories":[],"tags":[],"class_list":["post-48923","page","type-page","status-publish","hentry"],"acf":[],"yoast_head":"<!-- This site is optimized with the Yoast SEO plugin v27.3 - https:\/\/yoast.com\/product\/yoast-seo-wordpress\/ -->\n<title>Due Diligence Cosm\u00e9tiques - Biorius<\/title>\n<meta name=\"description\" content=\"Dans le cadre de l&#039;audit pr\u00e9alable, Biorius \u00e9valuera les risques r\u00e9glementaires potentiels li\u00e9s \u00e0 l&#039;acquisition d&#039;une marque de cosm\u00e9tiques conform\u00e9ment aux normes r\u00e9glementaires.\" \/>\n<meta name=\"robots\" content=\"index, follow, max-snippet:-1, max-image-preview:large, max-video-preview:-1\" \/>\n<link rel=\"canonical\" href=\"https:\/\/biorius.com\/fr\/reglementation-cosmetique\/due-diligence-cosmetiques\/\" \/>\n<meta property=\"og:locale\" content=\"fr_FR\" \/>\n<meta property=\"og:type\" content=\"article\" \/>\n<meta property=\"og:title\" content=\"Due Diligence Cosm\u00e9tiques - Biorius\" \/>\n<meta property=\"og:description\" content=\"Dans le cadre de l&#039;audit pr\u00e9alable, Biorius \u00e9valuera les risques r\u00e9glementaires potentiels li\u00e9s \u00e0 l&#039;acquisition d&#039;une marque de cosm\u00e9tiques conform\u00e9ment aux normes r\u00e9glementaires.\" \/>\n<meta property=\"og:url\" content=\"https:\/\/biorius.com\/fr\/reglementation-cosmetique\/due-diligence-cosmetiques\/\" \/>\n<meta property=\"og:site_name\" content=\"Biorius\" \/>\n<meta property=\"article:modified_time\" content=\"2024-11-05T08:58:11+00:00\" \/>\n<meta name=\"twitter:card\" content=\"summary_large_image\" \/>\n<meta name=\"twitter:label1\" content=\"Dur\u00e9e de lecture estim\u00e9e\" \/>\n\t<meta name=\"twitter:data1\" content=\"2 minutes\" \/>\n<script type=\"application\/ld+json\" class=\"yoast-schema-graph\">{\"@context\":\"https:\\\/\\\/schema.org\",\"@graph\":[{\"@type\":\"WebPage\",\"@id\":\"https:\\\/\\\/biorius.com\\\/fr\\\/reglementation-cosmetique\\\/due-diligence-cosmetiques\\\/\",\"url\":\"https:\\\/\\\/biorius.com\\\/fr\\\/reglementation-cosmetique\\\/due-diligence-cosmetiques\\\/\",\"name\":\"Due Diligence Cosm\u00e9tiques - Biorius\",\"isPartOf\":{\"@id\":\"https:\\\/\\\/biorius.com\\\/fr\\\/#website\"},\"datePublished\":\"2023-11-27T14:29:13+00:00\",\"dateModified\":\"2024-11-05T08:58:11+00:00\",\"description\":\"Dans le cadre de l'audit pr\u00e9alable, Biorius \u00e9valuera les risques r\u00e9glementaires potentiels li\u00e9s \u00e0 l'acquisition d'une marque de cosm\u00e9tiques conform\u00e9ment aux normes r\u00e9glementaires.\",\"breadcrumb\":{\"@id\":\"https:\\\/\\\/biorius.com\\\/fr\\\/reglementation-cosmetique\\\/due-diligence-cosmetiques\\\/#breadcrumb\"},\"inLanguage\":\"fr-FR\",\"potentialAction\":[{\"@type\":\"ReadAction\",\"target\":[\"https:\\\/\\\/biorius.com\\\/fr\\\/reglementation-cosmetique\\\/due-diligence-cosmetiques\\\/\"]}]},{\"@type\":\"BreadcrumbList\",\"@id\":\"https:\\\/\\\/biorius.com\\\/fr\\\/reglementation-cosmetique\\\/due-diligence-cosmetiques\\\/#breadcrumb\",\"itemListElement\":[{\"@type\":\"ListItem\",\"position\":1,\"name\":\"Accueil\",\"item\":\"https:\\\/\\\/biorius.com\\\/fr\\\/\"},{\"@type\":\"ListItem\",\"position\":2,\"name\":\"R\u00e9glementations Cosm\u00e9tiques\",\"item\":\"https:\\\/\\\/biorius.com\\\/fr\\\/cosmetic-regulations\\\/\"},{\"@type\":\"ListItem\",\"position\":3,\"name\":\"Due Diligence Cosm\u00e9tiques\"}]},{\"@type\":\"WebSite\",\"@id\":\"https:\\\/\\\/biorius.com\\\/fr\\\/#website\",\"url\":\"https:\\\/\\\/biorius.com\\\/fr\\\/\",\"name\":\"Biorius\",\"description\":\"You create dreams we protect them\",\"potentialAction\":[{\"@type\":\"SearchAction\",\"target\":{\"@type\":\"EntryPoint\",\"urlTemplate\":\"https:\\\/\\\/biorius.com\\\/fr\\\/?s={search_term_string}\"},\"query-input\":{\"@type\":\"PropertyValueSpecification\",\"valueRequired\":true,\"valueName\":\"search_term_string\"}}],\"inLanguage\":\"fr-FR\"}]}<\/script>\n<!-- \/ Yoast SEO plugin. -->","yoast_head_json":{"title":"Due Diligence Cosm\u00e9tiques - Biorius","description":"Dans le cadre de l'audit pr\u00e9alable, Biorius \u00e9valuera les risques r\u00e9glementaires potentiels li\u00e9s \u00e0 l'acquisition d'une marque de cosm\u00e9tiques conform\u00e9ment aux normes r\u00e9glementaires.","robots":{"index":"index","follow":"follow","max-snippet":"max-snippet:-1","max-image-preview":"max-image-preview:large","max-video-preview":"max-video-preview:-1"},"canonical":"https:\/\/biorius.com\/fr\/reglementation-cosmetique\/due-diligence-cosmetiques\/","og_locale":"fr_FR","og_type":"article","og_title":"Due Diligence Cosm\u00e9tiques - Biorius","og_description":"Dans le cadre de l'audit pr\u00e9alable, Biorius \u00e9valuera les risques r\u00e9glementaires potentiels li\u00e9s \u00e0 l'acquisition d'une marque de cosm\u00e9tiques conform\u00e9ment aux normes r\u00e9glementaires.","og_url":"https:\/\/biorius.com\/fr\/reglementation-cosmetique\/due-diligence-cosmetiques\/","og_site_name":"Biorius","article_modified_time":"2024-11-05T08:58:11+00:00","twitter_card":"summary_large_image","twitter_misc":{"Dur\u00e9e de lecture estim\u00e9e":"2 minutes"},"schema":{"@context":"https:\/\/schema.org","@graph":[{"@type":"WebPage","@id":"https:\/\/biorius.com\/fr\/reglementation-cosmetique\/due-diligence-cosmetiques\/","url":"https:\/\/biorius.com\/fr\/reglementation-cosmetique\/due-diligence-cosmetiques\/","name":"Due Diligence Cosm\u00e9tiques - Biorius","isPartOf":{"@id":"https:\/\/biorius.com\/fr\/#website"},"datePublished":"2023-11-27T14:29:13+00:00","dateModified":"2024-11-05T08:58:11+00:00","description":"Dans le cadre de l'audit pr\u00e9alable, Biorius \u00e9valuera les risques r\u00e9glementaires potentiels li\u00e9s \u00e0 l'acquisition d'une marque de cosm\u00e9tiques conform\u00e9ment aux normes r\u00e9glementaires.","breadcrumb":{"@id":"https:\/\/biorius.com\/fr\/reglementation-cosmetique\/due-diligence-cosmetiques\/#breadcrumb"},"inLanguage":"fr-FR","potentialAction":[{"@type":"ReadAction","target":["https:\/\/biorius.com\/fr\/reglementation-cosmetique\/due-diligence-cosmetiques\/"]}]},{"@type":"BreadcrumbList","@id":"https:\/\/biorius.com\/fr\/reglementation-cosmetique\/due-diligence-cosmetiques\/#breadcrumb","itemListElement":[{"@type":"ListItem","position":1,"name":"Accueil","item":"https:\/\/biorius.com\/fr\/"},{"@type":"ListItem","position":2,"name":"R\u00e9glementations Cosm\u00e9tiques","item":"https:\/\/biorius.com\/fr\/cosmetic-regulations\/"},{"@type":"ListItem","position":3,"name":"Due Diligence Cosm\u00e9tiques"}]},{"@type":"WebSite","@id":"https:\/\/biorius.com\/fr\/#website","url":"https:\/\/biorius.com\/fr\/","name":"Biorius","description":"You create dreams we protect them","potentialAction":[{"@type":"SearchAction","target":{"@type":"EntryPoint","urlTemplate":"https:\/\/biorius.com\/fr\/?s={search_term_string}"},"query-input":{"@type":"PropertyValueSpecification","valueRequired":true,"valueName":"search_term_string"}}],"inLanguage":"fr-FR"}]}},"_links":{"self":[{"href":"https:\/\/biorius.com\/fr\/wp-json\/wp\/v2\/pages\/48923","targetHints":{"allow":["GET"]}}],"collection":[{"href":"https:\/\/biorius.com\/fr\/wp-json\/wp\/v2\/pages"}],"about":[{"href":"https:\/\/biorius.com\/fr\/wp-json\/wp\/v2\/types\/page"}],"author":[{"embeddable":true,"href":"https:\/\/biorius.com\/fr\/wp-json\/wp\/v2\/users\/1"}],"replies":[{"embeddable":true,"href":"https:\/\/biorius.com\/fr\/wp-json\/wp\/v2\/comments?post=48923"}],"version-history":[{"count":0,"href":"https:\/\/biorius.com\/fr\/wp-json\/wp\/v2\/pages\/48923\/revisions"}],"up":[{"embeddable":true,"href":"https:\/\/biorius.com\/fr\/wp-json\/wp\/v2\/pages\/47373"}],"wp:attachment":[{"href":"https:\/\/biorius.com\/fr\/wp-json\/wp\/v2\/media?parent=48923"}],"wp:term":[{"taxonomy":"category","embeddable":true,"href":"https:\/\/biorius.com\/fr\/wp-json\/wp\/v2\/categories?post=48923"},{"taxonomy":"post_tag","embeddable":true,"href":"https:\/\/biorius.com\/fr\/wp-json\/wp\/v2\/tags?post=48923"}],"curies":[{"name":"wp","href":"https:\/\/api.w.org\/{rel}","templated":true}]}}