{"id":48896,"date":"2023-11-27T14:01:39","date_gmt":"2023-11-27T13:01:39","guid":{"rendered":"https:\/\/biorius.com\/reach-enregistrement-evaluation-autorisation-produits-chimiques\/reach-pour-les-cosmetiques\/"},"modified":"2025-01-13T09:54:58","modified_gmt":"2025-01-13T08:54:58","slug":"reach-pour-les-cosmetiques","status":"publish","type":"page","link":"https:\/\/biorius.com\/fr\/reach-enregistrement-evaluation-autorisation-produits-chimiques\/reach-pour-les-cosmetiques\/","title":{"rendered":"REACH pour les cosm\u00e9tiques"},"content":{"rendered":"","protected":false},"excerpt":{"rendered":"","protected":false},"author":1,"featured_media":0,"parent":48618,"menu_order":0,"comment_status":"closed","ping_status":"closed","template":"templates\/page-builder.php","meta":{"_acf_changed":false,"_coblocks_attr":"","_coblocks_dimensions":"","_coblocks_responsive_height":"","_coblocks_accordion_ie_support":"","footnotes":""},"categories":[],"tags":[],"class_list":["post-48896","page","type-page","status-publish","hentry"],"acf":[],"yoast_head":"<!-- This site is optimized with the Yoast SEO plugin v27.3 - https:\/\/yoast.com\/product\/yoast-seo-wordpress\/ -->\n<title>REACH pour les cosm\u00e9tiques - Biorius<\/title>\n<meta name=\"description\" content=\"Garantissez la conformit\u00e9 aux r\u00e9glementations REACH pour les cosm\u00e9tiques avec Biorius. B\u00e9n\u00e9ficiez du soutien d&#039;experts pour l&#039;enregistrement, l&#039;\u00e9valuation et l&#039;autorisation des substances.\" \/>\n<meta name=\"robots\" content=\"index, follow, max-snippet:-1, max-image-preview:large, max-video-preview:-1\" \/>\n<link rel=\"canonical\" href=\"https:\/\/biorius.com\/fr\/reach-enregistrement-evaluation-autorisation-produits-chimiques\/reach-pour-les-cosmetiques\/\" \/>\n<meta property=\"og:locale\" content=\"fr_FR\" \/>\n<meta property=\"og:type\" content=\"article\" \/>\n<meta property=\"og:title\" content=\"REACH pour les cosm\u00e9tiques - Biorius\" \/>\n<meta property=\"og:description\" content=\"Garantissez la conformit\u00e9 aux r\u00e9glementations REACH pour les cosm\u00e9tiques avec Biorius. B\u00e9n\u00e9ficiez du soutien d&#039;experts pour l&#039;enregistrement, l&#039;\u00e9valuation et l&#039;autorisation des substances.\" \/>\n<meta property=\"og:url\" content=\"https:\/\/biorius.com\/fr\/reach-enregistrement-evaluation-autorisation-produits-chimiques\/reach-pour-les-cosmetiques\/\" \/>\n<meta property=\"og:site_name\" content=\"Biorius\" \/>\n<meta property=\"article:modified_time\" content=\"2025-01-13T08:54:58+00:00\" \/>\n<meta property=\"og:image\" content=\"https:\/\/biorius.com\/wp-content\/uploads\/2023\/10\/image-1-1-e1701089870584.webp\" \/>\n\t<meta property=\"og:image:width\" content=\"781\" \/>\n\t<meta property=\"og:image:height\" content=\"538\" \/>\n\t<meta property=\"og:image:type\" content=\"image\/png\" \/>\n<meta name=\"twitter:card\" content=\"summary_large_image\" \/>\n<meta name=\"twitter:label1\" content=\"Dur\u00e9e de lecture estim\u00e9e\" \/>\n\t<meta name=\"twitter:data1\" content=\"2 minutes\" \/>\n<script type=\"application\/ld+json\" class=\"yoast-schema-graph\">{\"@context\":\"https:\\\/\\\/schema.org\",\"@graph\":[{\"@type\":\"WebPage\",\"@id\":\"https:\\\/\\\/biorius.com\\\/fr\\\/reach-enregistrement-evaluation-autorisation-produits-chimiques\\\/reach-pour-les-cosmetiques\\\/\",\"url\":\"https:\\\/\\\/biorius.com\\\/fr\\\/reach-enregistrement-evaluation-autorisation-produits-chimiques\\\/reach-pour-les-cosmetiques\\\/\",\"name\":\"REACH pour les cosm\u00e9tiques - Biorius\",\"isPartOf\":{\"@id\":\"https:\\\/\\\/biorius.com\\\/fr\\\/#website\"},\"datePublished\":\"2023-11-27T13:01:39+00:00\",\"dateModified\":\"2025-01-13T08:54:58+00:00\",\"description\":\"Garantissez la conformit\u00e9 aux r\u00e9glementations REACH pour les cosm\u00e9tiques avec Biorius. B\u00e9n\u00e9ficiez du soutien d'experts pour l'enregistrement, l'\u00e9valuation et l'autorisation des substances.\",\"breadcrumb\":{\"@id\":\"https:\\\/\\\/biorius.com\\\/fr\\\/reach-enregistrement-evaluation-autorisation-produits-chimiques\\\/reach-pour-les-cosmetiques\\\/#breadcrumb\"},\"inLanguage\":\"fr-FR\",\"potentialAction\":[{\"@type\":\"ReadAction\",\"target\":[\"https:\\\/\\\/biorius.com\\\/fr\\\/reach-enregistrement-evaluation-autorisation-produits-chimiques\\\/reach-pour-les-cosmetiques\\\/\"]}]},{\"@type\":\"BreadcrumbList\",\"@id\":\"https:\\\/\\\/biorius.com\\\/fr\\\/reach-enregistrement-evaluation-autorisation-produits-chimiques\\\/reach-pour-les-cosmetiques\\\/#breadcrumb\",\"itemListElement\":[{\"@type\":\"ListItem\",\"position\":1,\"name\":\"Accueil\",\"item\":\"https:\\\/\\\/biorius.com\\\/fr\\\/\"},{\"@type\":\"ListItem\",\"position\":2,\"name\":\"REACH (enregistrement, \u00e9valuation, autorisation, produits chimiques)\",\"item\":\"https:\\\/\\\/biorius.com\\\/fr\\\/reach-enregistrement-evaluation-autorisation-produits-chimiques\\\/\"},{\"@type\":\"ListItem\",\"position\":3,\"name\":\"REACH pour les cosm\u00e9tiques\"}]},{\"@type\":\"WebSite\",\"@id\":\"https:\\\/\\\/biorius.com\\\/fr\\\/#website\",\"url\":\"https:\\\/\\\/biorius.com\\\/fr\\\/\",\"name\":\"Biorius\",\"description\":\"You create dreams we protect them\",\"potentialAction\":[{\"@type\":\"SearchAction\",\"target\":{\"@type\":\"EntryPoint\",\"urlTemplate\":\"https:\\\/\\\/biorius.com\\\/fr\\\/?s={search_term_string}\"},\"query-input\":{\"@type\":\"PropertyValueSpecification\",\"valueRequired\":true,\"valueName\":\"search_term_string\"}}],\"inLanguage\":\"fr-FR\"}]}<\/script>\n<!-- \/ Yoast SEO plugin. -->","yoast_head_json":{"title":"REACH pour les cosm\u00e9tiques - Biorius","description":"Garantissez la conformit\u00e9 aux r\u00e9glementations REACH pour les cosm\u00e9tiques avec Biorius. B\u00e9n\u00e9ficiez du soutien d'experts pour l'enregistrement, l'\u00e9valuation et l'autorisation des substances.","robots":{"index":"index","follow":"follow","max-snippet":"max-snippet:-1","max-image-preview":"max-image-preview:large","max-video-preview":"max-video-preview:-1"},"canonical":"https:\/\/biorius.com\/fr\/reach-enregistrement-evaluation-autorisation-produits-chimiques\/reach-pour-les-cosmetiques\/","og_locale":"fr_FR","og_type":"article","og_title":"REACH pour les cosm\u00e9tiques - Biorius","og_description":"Garantissez la conformit\u00e9 aux r\u00e9glementations REACH pour les cosm\u00e9tiques avec Biorius. B\u00e9n\u00e9ficiez du soutien d'experts pour l'enregistrement, l'\u00e9valuation et l'autorisation des substances.","og_url":"https:\/\/biorius.com\/fr\/reach-enregistrement-evaluation-autorisation-produits-chimiques\/reach-pour-les-cosmetiques\/","og_site_name":"Biorius","article_modified_time":"2025-01-13T08:54:58+00:00","og_image":[{"width":781,"height":538,"url":"https:\/\/biorius.com\/wp-content\/uploads\/2023\/10\/image-1-1-e1701089870584.webp","type":"image\/png"}],"twitter_card":"summary_large_image","twitter_misc":{"Dur\u00e9e de lecture estim\u00e9e":"2 minutes"},"schema":{"@context":"https:\/\/schema.org","@graph":[{"@type":"WebPage","@id":"https:\/\/biorius.com\/fr\/reach-enregistrement-evaluation-autorisation-produits-chimiques\/reach-pour-les-cosmetiques\/","url":"https:\/\/biorius.com\/fr\/reach-enregistrement-evaluation-autorisation-produits-chimiques\/reach-pour-les-cosmetiques\/","name":"REACH pour les cosm\u00e9tiques - Biorius","isPartOf":{"@id":"https:\/\/biorius.com\/fr\/#website"},"datePublished":"2023-11-27T13:01:39+00:00","dateModified":"2025-01-13T08:54:58+00:00","description":"Garantissez la conformit\u00e9 aux r\u00e9glementations REACH pour les cosm\u00e9tiques avec Biorius. B\u00e9n\u00e9ficiez du soutien d'experts pour l'enregistrement, l'\u00e9valuation et l'autorisation des substances.","breadcrumb":{"@id":"https:\/\/biorius.com\/fr\/reach-enregistrement-evaluation-autorisation-produits-chimiques\/reach-pour-les-cosmetiques\/#breadcrumb"},"inLanguage":"fr-FR","potentialAction":[{"@type":"ReadAction","target":["https:\/\/biorius.com\/fr\/reach-enregistrement-evaluation-autorisation-produits-chimiques\/reach-pour-les-cosmetiques\/"]}]},{"@type":"BreadcrumbList","@id":"https:\/\/biorius.com\/fr\/reach-enregistrement-evaluation-autorisation-produits-chimiques\/reach-pour-les-cosmetiques\/#breadcrumb","itemListElement":[{"@type":"ListItem","position":1,"name":"Accueil","item":"https:\/\/biorius.com\/fr\/"},{"@type":"ListItem","position":2,"name":"REACH (enregistrement, \u00e9valuation, autorisation, produits chimiques)","item":"https:\/\/biorius.com\/fr\/reach-enregistrement-evaluation-autorisation-produits-chimiques\/"},{"@type":"ListItem","position":3,"name":"REACH pour les cosm\u00e9tiques"}]},{"@type":"WebSite","@id":"https:\/\/biorius.com\/fr\/#website","url":"https:\/\/biorius.com\/fr\/","name":"Biorius","description":"You create dreams we protect them","potentialAction":[{"@type":"SearchAction","target":{"@type":"EntryPoint","urlTemplate":"https:\/\/biorius.com\/fr\/?s={search_term_string}"},"query-input":{"@type":"PropertyValueSpecification","valueRequired":true,"valueName":"search_term_string"}}],"inLanguage":"fr-FR"}]}},"_links":{"self":[{"href":"https:\/\/biorius.com\/fr\/wp-json\/wp\/v2\/pages\/48896","targetHints":{"allow":["GET"]}}],"collection":[{"href":"https:\/\/biorius.com\/fr\/wp-json\/wp\/v2\/pages"}],"about":[{"href":"https:\/\/biorius.com\/fr\/wp-json\/wp\/v2\/types\/page"}],"author":[{"embeddable":true,"href":"https:\/\/biorius.com\/fr\/wp-json\/wp\/v2\/users\/1"}],"replies":[{"embeddable":true,"href":"https:\/\/biorius.com\/fr\/wp-json\/wp\/v2\/comments?post=48896"}],"version-history":[{"count":0,"href":"https:\/\/biorius.com\/fr\/wp-json\/wp\/v2\/pages\/48896\/revisions"}],"up":[{"embeddable":true,"href":"https:\/\/biorius.com\/fr\/wp-json\/wp\/v2\/pages\/48618"}],"wp:attachment":[{"href":"https:\/\/biorius.com\/fr\/wp-json\/wp\/v2\/media?parent=48896"}],"wp:term":[{"taxonomy":"category","embeddable":true,"href":"https:\/\/biorius.com\/fr\/wp-json\/wp\/v2\/categories?post=48896"},{"taxonomy":"post_tag","embeddable":true,"href":"https:\/\/biorius.com\/fr\/wp-json\/wp\/v2\/tags?post=48896"}],"curies":[{"name":"wp","href":"https:\/\/api.w.org\/{rel}","templated":true}]}}