{"id":48618,"date":"2023-11-27T13:52:03","date_gmt":"2023-11-27T12:52:03","guid":{"rendered":"https:\/\/biorius.com\/reach-enregistrement-evaluation-autorisation-produits-chimiques\/"},"modified":"2025-01-13T09:55:02","modified_gmt":"2025-01-13T08:55:02","slug":"reach-enregistrement-evaluation-autorisation-produits-chimiques","status":"publish","type":"page","link":"https:\/\/biorius.com\/fr\/reach-enregistrement-evaluation-autorisation-produits-chimiques\/","title":{"rendered":"REACH (enregistrement, \u00e9valuation, autorisation, produits chimiques)"},"content":{"rendered":"","protected":false},"excerpt":{"rendered":"","protected":false},"author":1,"featured_media":46319,"parent":0,"menu_order":0,"comment_status":"closed","ping_status":"closed","template":"templates\/page-builder.php","meta":{"_acf_changed":false,"_coblocks_attr":"","_coblocks_dimensions":"","_coblocks_responsive_height":"","_coblocks_accordion_ie_support":"","footnotes":""},"categories":[],"tags":[],"class_list":["post-48618","page","type-page","status-publish","has-post-thumbnail","hentry"],"acf":[],"yoast_head":"<!-- This site is optimized with the Yoast SEO plugin v27.4 - https:\/\/yoast.com\/product\/yoast-seo-wordpress\/ -->\n<title>REACH (enregistrement, \u00e9valuation, autorisation, produits chimiques) - Biorius<\/title>\n<meta name=\"description\" content=\"Assurez la conformit\u00e9 avec les r\u00e9glementations REACH pour les produits chimiques avec Biorius. B\u00e9n\u00e9ficiez du soutien d&#039;experts pour l&#039;enregistrement, l&#039;\u00e9valuation et l&#039;autorisation de vos produits.\" \/>\n<meta name=\"robots\" content=\"index, follow, max-snippet:-1, max-image-preview:large, max-video-preview:-1\" \/>\n<link rel=\"canonical\" href=\"https:\/\/biorius.com\/fr\/reach-enregistrement-evaluation-autorisation-produits-chimiques\/\" \/>\n<meta property=\"og:locale\" content=\"fr_FR\" \/>\n<meta property=\"og:type\" content=\"article\" \/>\n<meta property=\"og:title\" content=\"REACH (enregistrement, \u00e9valuation, autorisation, produits chimiques) - Biorius\" \/>\n<meta property=\"og:description\" content=\"Assurez la conformit\u00e9 avec les r\u00e9glementations REACH pour les produits chimiques avec Biorius. B\u00e9n\u00e9ficiez du soutien d&#039;experts pour l&#039;enregistrement, l&#039;\u00e9valuation et l&#039;autorisation de vos produits.\" \/>\n<meta property=\"og:url\" content=\"https:\/\/biorius.com\/fr\/reach-enregistrement-evaluation-autorisation-produits-chimiques\/\" \/>\n<meta property=\"og:site_name\" content=\"Biorius\" \/>\n<meta property=\"article:modified_time\" content=\"2025-01-13T08:55:02+00:00\" \/>\n<meta property=\"og:image\" content=\"https:\/\/biorius.com\/wp-content\/uploads\/2024\/01\/REACh-2.webp\" \/>\n\t<meta property=\"og:image:width\" content=\"1024\" \/>\n\t<meta property=\"og:image:height\" content=\"1024\" \/>\n\t<meta property=\"og:image:type\" content=\"image\/png\" \/>\n<meta name=\"twitter:card\" content=\"summary_large_image\" \/>\n<meta name=\"twitter:label1\" content=\"Dur\u00e9e de lecture estim\u00e9e\" \/>\n\t<meta name=\"twitter:data1\" content=\"2 minutes\" \/>\n<script type=\"application\/ld+json\" class=\"yoast-schema-graph\">{\"@context\":\"https:\\\/\\\/schema.org\",\"@graph\":[{\"@type\":\"WebPage\",\"@id\":\"https:\\\/\\\/biorius.com\\\/fr\\\/reach-enregistrement-evaluation-autorisation-produits-chimiques\\\/\",\"url\":\"https:\\\/\\\/biorius.com\\\/fr\\\/reach-enregistrement-evaluation-autorisation-produits-chimiques\\\/\",\"name\":\"REACH (enregistrement, \u00e9valuation, autorisation, produits chimiques) - Biorius\",\"isPartOf\":{\"@id\":\"https:\\\/\\\/biorius.com\\\/fr\\\/#website\"},\"primaryImageOfPage\":{\"@id\":\"https:\\\/\\\/biorius.com\\\/fr\\\/reach-enregistrement-evaluation-autorisation-produits-chimiques\\\/#primaryimage\"},\"image\":{\"@id\":\"https:\\\/\\\/biorius.com\\\/fr\\\/reach-enregistrement-evaluation-autorisation-produits-chimiques\\\/#primaryimage\"},\"thumbnailUrl\":\"https:\\\/\\\/biorius.com\\\/wp-content\\\/uploads\\\/2024\\\/01\\\/REACh-2.webp\",\"datePublished\":\"2023-11-27T12:52:03+00:00\",\"dateModified\":\"2025-01-13T08:55:02+00:00\",\"description\":\"Assurez la conformit\u00e9 avec les r\u00e9glementations REACH pour les produits chimiques avec Biorius. B\u00e9n\u00e9ficiez du soutien d'experts pour l'enregistrement, l'\u00e9valuation et l'autorisation de vos produits.\",\"breadcrumb\":{\"@id\":\"https:\\\/\\\/biorius.com\\\/fr\\\/reach-enregistrement-evaluation-autorisation-produits-chimiques\\\/#breadcrumb\"},\"inLanguage\":\"fr-FR\",\"potentialAction\":[{\"@type\":\"ReadAction\",\"target\":[\"https:\\\/\\\/biorius.com\\\/fr\\\/reach-enregistrement-evaluation-autorisation-produits-chimiques\\\/\"]}]},{\"@type\":\"ImageObject\",\"inLanguage\":\"fr-FR\",\"@id\":\"https:\\\/\\\/biorius.com\\\/fr\\\/reach-enregistrement-evaluation-autorisation-produits-chimiques\\\/#primaryimage\",\"url\":\"https:\\\/\\\/biorius.com\\\/wp-content\\\/uploads\\\/2024\\\/01\\\/REACh-2.webp\",\"contentUrl\":\"https:\\\/\\\/biorius.com\\\/wp-content\\\/uploads\\\/2024\\\/01\\\/REACh-2.webp\",\"width\":1024,\"height\":1024},{\"@type\":\"BreadcrumbList\",\"@id\":\"https:\\\/\\\/biorius.com\\\/fr\\\/reach-enregistrement-evaluation-autorisation-produits-chimiques\\\/#breadcrumb\",\"itemListElement\":[{\"@type\":\"ListItem\",\"position\":1,\"name\":\"Accueil\",\"item\":\"https:\\\/\\\/biorius.com\\\/fr\\\/\"},{\"@type\":\"ListItem\",\"position\":2,\"name\":\"REACH (enregistrement, \u00e9valuation, autorisation, produits chimiques)\"}]},{\"@type\":\"WebSite\",\"@id\":\"https:\\\/\\\/biorius.com\\\/fr\\\/#website\",\"url\":\"https:\\\/\\\/biorius.com\\\/fr\\\/\",\"name\":\"Biorius\",\"description\":\"You create dreams we protect them\",\"potentialAction\":[{\"@type\":\"SearchAction\",\"target\":{\"@type\":\"EntryPoint\",\"urlTemplate\":\"https:\\\/\\\/biorius.com\\\/fr\\\/?s={search_term_string}\"},\"query-input\":{\"@type\":\"PropertyValueSpecification\",\"valueRequired\":true,\"valueName\":\"search_term_string\"}}],\"inLanguage\":\"fr-FR\"}]}<\/script>\n<!-- \/ Yoast SEO plugin. -->","yoast_head_json":{"title":"REACH (enregistrement, \u00e9valuation, autorisation, produits chimiques) - Biorius","description":"Assurez la conformit\u00e9 avec les r\u00e9glementations REACH pour les produits chimiques avec Biorius. B\u00e9n\u00e9ficiez du soutien d'experts pour l'enregistrement, l'\u00e9valuation et l'autorisation de vos produits.","robots":{"index":"index","follow":"follow","max-snippet":"max-snippet:-1","max-image-preview":"max-image-preview:large","max-video-preview":"max-video-preview:-1"},"canonical":"https:\/\/biorius.com\/fr\/reach-enregistrement-evaluation-autorisation-produits-chimiques\/","og_locale":"fr_FR","og_type":"article","og_title":"REACH (enregistrement, \u00e9valuation, autorisation, produits chimiques) - Biorius","og_description":"Assurez la conformit\u00e9 avec les r\u00e9glementations REACH pour les produits chimiques avec Biorius. B\u00e9n\u00e9ficiez du soutien d'experts pour l'enregistrement, l'\u00e9valuation et l'autorisation de vos produits.","og_url":"https:\/\/biorius.com\/fr\/reach-enregistrement-evaluation-autorisation-produits-chimiques\/","og_site_name":"Biorius","article_modified_time":"2025-01-13T08:55:02+00:00","og_image":[{"width":1024,"height":1024,"url":"https:\/\/biorius.com\/wp-content\/uploads\/2024\/01\/REACh-2.webp","type":"image\/png"}],"twitter_card":"summary_large_image","twitter_misc":{"Dur\u00e9e de lecture estim\u00e9e":"2 minutes"},"schema":{"@context":"https:\/\/schema.org","@graph":[{"@type":"WebPage","@id":"https:\/\/biorius.com\/fr\/reach-enregistrement-evaluation-autorisation-produits-chimiques\/","url":"https:\/\/biorius.com\/fr\/reach-enregistrement-evaluation-autorisation-produits-chimiques\/","name":"REACH (enregistrement, \u00e9valuation, autorisation, produits chimiques) - Biorius","isPartOf":{"@id":"https:\/\/biorius.com\/fr\/#website"},"primaryImageOfPage":{"@id":"https:\/\/biorius.com\/fr\/reach-enregistrement-evaluation-autorisation-produits-chimiques\/#primaryimage"},"image":{"@id":"https:\/\/biorius.com\/fr\/reach-enregistrement-evaluation-autorisation-produits-chimiques\/#primaryimage"},"thumbnailUrl":"https:\/\/biorius.com\/wp-content\/uploads\/2024\/01\/REACh-2.webp","datePublished":"2023-11-27T12:52:03+00:00","dateModified":"2025-01-13T08:55:02+00:00","description":"Assurez la conformit\u00e9 avec les r\u00e9glementations REACH pour les produits chimiques avec Biorius. B\u00e9n\u00e9ficiez du soutien d'experts pour l'enregistrement, l'\u00e9valuation et l'autorisation de vos produits.","breadcrumb":{"@id":"https:\/\/biorius.com\/fr\/reach-enregistrement-evaluation-autorisation-produits-chimiques\/#breadcrumb"},"inLanguage":"fr-FR","potentialAction":[{"@type":"ReadAction","target":["https:\/\/biorius.com\/fr\/reach-enregistrement-evaluation-autorisation-produits-chimiques\/"]}]},{"@type":"ImageObject","inLanguage":"fr-FR","@id":"https:\/\/biorius.com\/fr\/reach-enregistrement-evaluation-autorisation-produits-chimiques\/#primaryimage","url":"https:\/\/biorius.com\/wp-content\/uploads\/2024\/01\/REACh-2.webp","contentUrl":"https:\/\/biorius.com\/wp-content\/uploads\/2024\/01\/REACh-2.webp","width":1024,"height":1024},{"@type":"BreadcrumbList","@id":"https:\/\/biorius.com\/fr\/reach-enregistrement-evaluation-autorisation-produits-chimiques\/#breadcrumb","itemListElement":[{"@type":"ListItem","position":1,"name":"Accueil","item":"https:\/\/biorius.com\/fr\/"},{"@type":"ListItem","position":2,"name":"REACH (enregistrement, \u00e9valuation, autorisation, produits chimiques)"}]},{"@type":"WebSite","@id":"https:\/\/biorius.com\/fr\/#website","url":"https:\/\/biorius.com\/fr\/","name":"Biorius","description":"You create dreams we protect them","potentialAction":[{"@type":"SearchAction","target":{"@type":"EntryPoint","urlTemplate":"https:\/\/biorius.com\/fr\/?s={search_term_string}"},"query-input":{"@type":"PropertyValueSpecification","valueRequired":true,"valueName":"search_term_string"}}],"inLanguage":"fr-FR"}]}},"_links":{"self":[{"href":"https:\/\/biorius.com\/fr\/wp-json\/wp\/v2\/pages\/48618","targetHints":{"allow":["GET"]}}],"collection":[{"href":"https:\/\/biorius.com\/fr\/wp-json\/wp\/v2\/pages"}],"about":[{"href":"https:\/\/biorius.com\/fr\/wp-json\/wp\/v2\/types\/page"}],"author":[{"embeddable":true,"href":"https:\/\/biorius.com\/fr\/wp-json\/wp\/v2\/users\/1"}],"replies":[{"embeddable":true,"href":"https:\/\/biorius.com\/fr\/wp-json\/wp\/v2\/comments?post=48618"}],"version-history":[{"count":0,"href":"https:\/\/biorius.com\/fr\/wp-json\/wp\/v2\/pages\/48618\/revisions"}],"wp:featuredmedia":[{"embeddable":true,"href":"https:\/\/biorius.com\/fr\/wp-json\/wp\/v2\/media\/46319"}],"wp:attachment":[{"href":"https:\/\/biorius.com\/fr\/wp-json\/wp\/v2\/media?parent=48618"}],"wp:term":[{"taxonomy":"category","embeddable":true,"href":"https:\/\/biorius.com\/fr\/wp-json\/wp\/v2\/categories?post=48618"},{"taxonomy":"post_tag","embeddable":true,"href":"https:\/\/biorius.com\/fr\/wp-json\/wp\/v2\/tags?post=48618"}],"curies":[{"name":"wp","href":"https:\/\/api.w.org\/{rel}","templated":true}]}}