{"id":48609,"date":"2023-11-27T12:49:48","date_gmt":"2023-11-27T11:49:48","guid":{"rendered":"https:\/\/biorius.com\/fds-fiche-de-donnees-de-securite\/"},"modified":"2025-06-27T11:29:11","modified_gmt":"2025-06-27T09:29:11","slug":"fds-fiche-de-donnees-de-securite","status":"publish","type":"page","link":"https:\/\/biorius.com\/fr\/fds-fiche-de-donnees-de-securite\/","title":{"rendered":"FDS (Fiche de donn\u00e9es de s\u00e9curit\u00e9)"},"content":{"rendered":"","protected":false},"excerpt":{"rendered":"","protected":false},"author":1,"featured_media":45822,"parent":0,"menu_order":0,"comment_status":"closed","ping_status":"closed","template":"templates\/page-builder.php","meta":{"_acf_changed":false,"_coblocks_attr":"","_coblocks_dimensions":"","_coblocks_responsive_height":"","_coblocks_accordion_ie_support":"","footnotes":""},"categories":[],"tags":[],"class_list":["post-48609","page","type-page","status-publish","has-post-thumbnail","hentry"],"acf":[],"yoast_head":"<!-- This site is optimized with the Yoast SEO plugin v27.4 - https:\/\/yoast.com\/product\/yoast-seo-wordpress\/ -->\n<title>FDS (Fiche de donn\u00e9es de s\u00e9curit\u00e9) - Biorius<\/title>\n<meta name=\"description\" content=\"Garantissez la conformit\u00e9 avec les r\u00e9glementations internationales en utilisant les services FDS (fiches de donn\u00e9es de s\u00e9curit\u00e9) de Biorius. Obtenez des \u00e9valuations expertes des dangers et des FDS conformes pour vos produits.\" \/>\n<meta name=\"robots\" content=\"index, follow, max-snippet:-1, max-image-preview:large, max-video-preview:-1\" \/>\n<link rel=\"canonical\" href=\"https:\/\/biorius.com\/fr\/fds-fiche-de-donnees-de-securite\/\" \/>\n<meta property=\"og:locale\" content=\"fr_FR\" \/>\n<meta property=\"og:type\" content=\"article\" \/>\n<meta property=\"og:title\" content=\"FDS (Fiche de donn\u00e9es de s\u00e9curit\u00e9) - Biorius\" \/>\n<meta property=\"og:description\" content=\"Garantissez la conformit\u00e9 avec les r\u00e9glementations internationales en utilisant les services FDS (fiches de donn\u00e9es de s\u00e9curit\u00e9) de Biorius. Obtenez des \u00e9valuations expertes des dangers et des FDS conformes pour vos produits.\" \/>\n<meta property=\"og:url\" content=\"https:\/\/biorius.com\/fr\/fds-fiche-de-donnees-de-securite\/\" \/>\n<meta property=\"og:site_name\" content=\"Biorius\" \/>\n<meta property=\"article:modified_time\" content=\"2025-06-27T09:29:11+00:00\" \/>\n<meta property=\"og:image\" content=\"https:\/\/biorius.com\/wp-content\/uploads\/2023\/11\/SDS-e1723629124716.webp\" \/>\n\t<meta property=\"og:image:width\" content=\"305\" \/>\n\t<meta property=\"og:image:height\" content=\"165\" \/>\n\t<meta property=\"og:image:type\" content=\"image\/png\" \/>\n<meta name=\"twitter:card\" content=\"summary_large_image\" \/>\n<meta name=\"twitter:label1\" content=\"Dur\u00e9e de lecture estim\u00e9e\" \/>\n\t<meta name=\"twitter:data1\" content=\"4 minutes\" \/>\n<script type=\"application\/ld+json\" class=\"yoast-schema-graph\">{\"@context\":\"https:\\\/\\\/schema.org\",\"@graph\":[{\"@type\":\"WebPage\",\"@id\":\"https:\\\/\\\/biorius.com\\\/fr\\\/fds-fiche-de-donnees-de-securite\\\/\",\"url\":\"https:\\\/\\\/biorius.com\\\/fr\\\/fds-fiche-de-donnees-de-securite\\\/\",\"name\":\"FDS (Fiche de donn\u00e9es de s\u00e9curit\u00e9) - Biorius\",\"isPartOf\":{\"@id\":\"https:\\\/\\\/biorius.com\\\/fr\\\/#website\"},\"primaryImageOfPage\":{\"@id\":\"https:\\\/\\\/biorius.com\\\/fr\\\/fds-fiche-de-donnees-de-securite\\\/#primaryimage\"},\"image\":{\"@id\":\"https:\\\/\\\/biorius.com\\\/fr\\\/fds-fiche-de-donnees-de-securite\\\/#primaryimage\"},\"thumbnailUrl\":\"https:\\\/\\\/biorius.com\\\/wp-content\\\/uploads\\\/2023\\\/11\\\/SDS-e1723629124716.webp\",\"datePublished\":\"2023-11-27T11:49:48+00:00\",\"dateModified\":\"2025-06-27T09:29:11+00:00\",\"description\":\"Garantissez la conformit\u00e9 avec les r\u00e9glementations internationales en utilisant les services FDS (fiches de donn\u00e9es de s\u00e9curit\u00e9) de Biorius. Obtenez des \u00e9valuations expertes des dangers et des FDS conformes pour vos produits.\",\"breadcrumb\":{\"@id\":\"https:\\\/\\\/biorius.com\\\/fr\\\/fds-fiche-de-donnees-de-securite\\\/#breadcrumb\"},\"inLanguage\":\"fr-FR\",\"potentialAction\":[{\"@type\":\"ReadAction\",\"target\":[\"https:\\\/\\\/biorius.com\\\/fr\\\/fds-fiche-de-donnees-de-securite\\\/\"]}]},{\"@type\":\"ImageObject\",\"inLanguage\":\"fr-FR\",\"@id\":\"https:\\\/\\\/biorius.com\\\/fr\\\/fds-fiche-de-donnees-de-securite\\\/#primaryimage\",\"url\":\"https:\\\/\\\/biorius.com\\\/wp-content\\\/uploads\\\/2023\\\/11\\\/SDS-e1723629124716.webp\",\"contentUrl\":\"https:\\\/\\\/biorius.com\\\/wp-content\\\/uploads\\\/2023\\\/11\\\/SDS-e1723629124716.webp\",\"width\":305,\"height\":165,\"caption\":\"SDS\"},{\"@type\":\"BreadcrumbList\",\"@id\":\"https:\\\/\\\/biorius.com\\\/fr\\\/fds-fiche-de-donnees-de-securite\\\/#breadcrumb\",\"itemListElement\":[{\"@type\":\"ListItem\",\"position\":1,\"name\":\"Accueil\",\"item\":\"https:\\\/\\\/biorius.com\\\/fr\\\/\"},{\"@type\":\"ListItem\",\"position\":2,\"name\":\"FDS (Fiche de donn\u00e9es de s\u00e9curit\u00e9)\"}]},{\"@type\":\"WebSite\",\"@id\":\"https:\\\/\\\/biorius.com\\\/fr\\\/#website\",\"url\":\"https:\\\/\\\/biorius.com\\\/fr\\\/\",\"name\":\"Biorius\",\"description\":\"You create dreams we protect them\",\"potentialAction\":[{\"@type\":\"SearchAction\",\"target\":{\"@type\":\"EntryPoint\",\"urlTemplate\":\"https:\\\/\\\/biorius.com\\\/fr\\\/?s={search_term_string}\"},\"query-input\":{\"@type\":\"PropertyValueSpecification\",\"valueRequired\":true,\"valueName\":\"search_term_string\"}}],\"inLanguage\":\"fr-FR\"}]}<\/script>\n<!-- \/ Yoast SEO plugin. -->","yoast_head_json":{"title":"FDS (Fiche de donn\u00e9es de s\u00e9curit\u00e9) - Biorius","description":"Garantissez la conformit\u00e9 avec les r\u00e9glementations internationales en utilisant les services FDS (fiches de donn\u00e9es de s\u00e9curit\u00e9) de Biorius. Obtenez des \u00e9valuations expertes des dangers et des FDS conformes pour vos produits.","robots":{"index":"index","follow":"follow","max-snippet":"max-snippet:-1","max-image-preview":"max-image-preview:large","max-video-preview":"max-video-preview:-1"},"canonical":"https:\/\/biorius.com\/fr\/fds-fiche-de-donnees-de-securite\/","og_locale":"fr_FR","og_type":"article","og_title":"FDS (Fiche de donn\u00e9es de s\u00e9curit\u00e9) - Biorius","og_description":"Garantissez la conformit\u00e9 avec les r\u00e9glementations internationales en utilisant les services FDS (fiches de donn\u00e9es de s\u00e9curit\u00e9) de Biorius. Obtenez des \u00e9valuations expertes des dangers et des FDS conformes pour vos produits.","og_url":"https:\/\/biorius.com\/fr\/fds-fiche-de-donnees-de-securite\/","og_site_name":"Biorius","article_modified_time":"2025-06-27T09:29:11+00:00","og_image":[{"width":305,"height":165,"url":"https:\/\/biorius.com\/wp-content\/uploads\/2023\/11\/SDS-e1723629124716.webp","type":"image\/png"}],"twitter_card":"summary_large_image","twitter_misc":{"Dur\u00e9e de lecture estim\u00e9e":"4 minutes"},"schema":{"@context":"https:\/\/schema.org","@graph":[{"@type":"WebPage","@id":"https:\/\/biorius.com\/fr\/fds-fiche-de-donnees-de-securite\/","url":"https:\/\/biorius.com\/fr\/fds-fiche-de-donnees-de-securite\/","name":"FDS (Fiche de donn\u00e9es de s\u00e9curit\u00e9) - Biorius","isPartOf":{"@id":"https:\/\/biorius.com\/fr\/#website"},"primaryImageOfPage":{"@id":"https:\/\/biorius.com\/fr\/fds-fiche-de-donnees-de-securite\/#primaryimage"},"image":{"@id":"https:\/\/biorius.com\/fr\/fds-fiche-de-donnees-de-securite\/#primaryimage"},"thumbnailUrl":"https:\/\/biorius.com\/wp-content\/uploads\/2023\/11\/SDS-e1723629124716.webp","datePublished":"2023-11-27T11:49:48+00:00","dateModified":"2025-06-27T09:29:11+00:00","description":"Garantissez la conformit\u00e9 avec les r\u00e9glementations internationales en utilisant les services FDS (fiches de donn\u00e9es de s\u00e9curit\u00e9) de Biorius. Obtenez des \u00e9valuations expertes des dangers et des FDS conformes pour vos produits.","breadcrumb":{"@id":"https:\/\/biorius.com\/fr\/fds-fiche-de-donnees-de-securite\/#breadcrumb"},"inLanguage":"fr-FR","potentialAction":[{"@type":"ReadAction","target":["https:\/\/biorius.com\/fr\/fds-fiche-de-donnees-de-securite\/"]}]},{"@type":"ImageObject","inLanguage":"fr-FR","@id":"https:\/\/biorius.com\/fr\/fds-fiche-de-donnees-de-securite\/#primaryimage","url":"https:\/\/biorius.com\/wp-content\/uploads\/2023\/11\/SDS-e1723629124716.webp","contentUrl":"https:\/\/biorius.com\/wp-content\/uploads\/2023\/11\/SDS-e1723629124716.webp","width":305,"height":165,"caption":"SDS"},{"@type":"BreadcrumbList","@id":"https:\/\/biorius.com\/fr\/fds-fiche-de-donnees-de-securite\/#breadcrumb","itemListElement":[{"@type":"ListItem","position":1,"name":"Accueil","item":"https:\/\/biorius.com\/fr\/"},{"@type":"ListItem","position":2,"name":"FDS (Fiche de donn\u00e9es de s\u00e9curit\u00e9)"}]},{"@type":"WebSite","@id":"https:\/\/biorius.com\/fr\/#website","url":"https:\/\/biorius.com\/fr\/","name":"Biorius","description":"You create dreams we protect them","potentialAction":[{"@type":"SearchAction","target":{"@type":"EntryPoint","urlTemplate":"https:\/\/biorius.com\/fr\/?s={search_term_string}"},"query-input":{"@type":"PropertyValueSpecification","valueRequired":true,"valueName":"search_term_string"}}],"inLanguage":"fr-FR"}]}},"_links":{"self":[{"href":"https:\/\/biorius.com\/fr\/wp-json\/wp\/v2\/pages\/48609","targetHints":{"allow":["GET"]}}],"collection":[{"href":"https:\/\/biorius.com\/fr\/wp-json\/wp\/v2\/pages"}],"about":[{"href":"https:\/\/biorius.com\/fr\/wp-json\/wp\/v2\/types\/page"}],"author":[{"embeddable":true,"href":"https:\/\/biorius.com\/fr\/wp-json\/wp\/v2\/users\/1"}],"replies":[{"embeddable":true,"href":"https:\/\/biorius.com\/fr\/wp-json\/wp\/v2\/comments?post=48609"}],"version-history":[{"count":0,"href":"https:\/\/biorius.com\/fr\/wp-json\/wp\/v2\/pages\/48609\/revisions"}],"wp:featuredmedia":[{"embeddable":true,"href":"https:\/\/biorius.com\/fr\/wp-json\/wp\/v2\/media\/45822"}],"wp:attachment":[{"href":"https:\/\/biorius.com\/fr\/wp-json\/wp\/v2\/media?parent=48609"}],"wp:term":[{"taxonomy":"category","embeddable":true,"href":"https:\/\/biorius.com\/fr\/wp-json\/wp\/v2\/categories?post=48609"},{"taxonomy":"post_tag","embeddable":true,"href":"https:\/\/biorius.com\/fr\/wp-json\/wp\/v2\/tags?post=48609"}],"curies":[{"name":"wp","href":"https:\/\/api.w.org\/{rel}","templated":true}]}}