{"id":48599,"date":"2023-11-27T11:35:25","date_gmt":"2023-11-27T10:35:25","guid":{"rendered":"https:\/\/biorius.com\/reglement-sur-les-detergents\/"},"modified":"2025-01-13T09:55:11","modified_gmt":"2025-01-13T08:55:11","slug":"reglement-sur-les-detergents","status":"publish","type":"page","link":"https:\/\/biorius.com\/fr\/reglement-sur-les-detergents\/","title":{"rendered":"R\u00e8glement sur les d\u00e9tergents"},"content":{"rendered":"","protected":false},"excerpt":{"rendered":"","protected":false},"author":1,"featured_media":45798,"parent":0,"menu_order":0,"comment_status":"closed","ping_status":"closed","template":"templates\/page-builder.php","meta":{"_acf_changed":false,"_coblocks_attr":"","_coblocks_dimensions":"","_coblocks_responsive_height":"","_coblocks_accordion_ie_support":"","footnotes":""},"categories":[],"tags":[],"class_list":["post-48599","page","type-page","status-publish","has-post-thumbnail","hentry"],"acf":[],"yoast_head":"<!-- This site is optimized with the Yoast SEO plugin v27.4 - https:\/\/yoast.com\/product\/yoast-seo-wordpress\/ -->\n<title>R\u00e8glement sur les d\u00e9tergents - Biorius<\/title>\n<meta name=\"description\" content=\"Naviguez dans les r\u00e9glementations europ\u00e9ennes et britanniques sur les d\u00e9tergents avec Biorius. Services d&#039;experts pour la conformit\u00e9, l&#039;examen des ingr\u00e9dients, les fiches de donn\u00e9es de s\u00e9curit\u00e9 et l&#039;acc\u00e8s au march\u00e9.\" \/>\n<meta name=\"robots\" content=\"index, follow, max-snippet:-1, max-image-preview:large, max-video-preview:-1\" \/>\n<link rel=\"canonical\" href=\"https:\/\/biorius.com\/fr\/reglement-sur-les-detergents\/\" \/>\n<meta property=\"og:locale\" content=\"fr_FR\" \/>\n<meta property=\"og:type\" content=\"article\" \/>\n<meta property=\"og:title\" content=\"R\u00e8glement sur les d\u00e9tergents - Biorius\" \/>\n<meta property=\"og:description\" content=\"Naviguez dans les r\u00e9glementations europ\u00e9ennes et britanniques sur les d\u00e9tergents avec Biorius. Services d&#039;experts pour la conformit\u00e9, l&#039;examen des ingr\u00e9dients, les fiches de donn\u00e9es de s\u00e9curit\u00e9 et l&#039;acc\u00e8s au march\u00e9.\" \/>\n<meta property=\"og:url\" content=\"https:\/\/biorius.com\/fr\/reglement-sur-les-detergents\/\" \/>\n<meta property=\"og:site_name\" content=\"Biorius\" \/>\n<meta property=\"article:modified_time\" content=\"2025-01-13T08:55:11+00:00\" \/>\n<meta property=\"og:image\" content=\"https:\/\/biorius.com\/wp-content\/uploads\/2023\/11\/Detergents-e1701081445965.jpg\" \/>\n\t<meta property=\"og:image:width\" content=\"619\" \/>\n\t<meta property=\"og:image:height\" content=\"929\" \/>\n\t<meta property=\"og:image:type\" content=\"image\/jpeg\" \/>\n<meta name=\"twitter:card\" content=\"summary_large_image\" \/>\n<meta name=\"twitter:label1\" content=\"Dur\u00e9e de lecture estim\u00e9e\" \/>\n\t<meta name=\"twitter:data1\" content=\"4 minutes\" \/>\n<script type=\"application\/ld+json\" class=\"yoast-schema-graph\">{\"@context\":\"https:\\\/\\\/schema.org\",\"@graph\":[{\"@type\":\"WebPage\",\"@id\":\"https:\\\/\\\/biorius.com\\\/fr\\\/reglement-sur-les-detergents\\\/\",\"url\":\"https:\\\/\\\/biorius.com\\\/fr\\\/reglement-sur-les-detergents\\\/\",\"name\":\"R\u00e8glement sur les d\u00e9tergents - Biorius\",\"isPartOf\":{\"@id\":\"https:\\\/\\\/biorius.com\\\/fr\\\/#website\"},\"primaryImageOfPage\":{\"@id\":\"https:\\\/\\\/biorius.com\\\/fr\\\/reglement-sur-les-detergents\\\/#primaryimage\"},\"image\":{\"@id\":\"https:\\\/\\\/biorius.com\\\/fr\\\/reglement-sur-les-detergents\\\/#primaryimage\"},\"thumbnailUrl\":\"https:\\\/\\\/biorius.com\\\/wp-content\\\/uploads\\\/2023\\\/11\\\/Detergents-e1701081445965.jpg\",\"datePublished\":\"2023-11-27T10:35:25+00:00\",\"dateModified\":\"2025-01-13T08:55:11+00:00\",\"description\":\"Naviguez dans les r\u00e9glementations europ\u00e9ennes et britanniques sur les d\u00e9tergents avec Biorius. Services d'experts pour la conformit\u00e9, l'examen des ingr\u00e9dients, les fiches de donn\u00e9es de s\u00e9curit\u00e9 et l'acc\u00e8s au march\u00e9.\",\"breadcrumb\":{\"@id\":\"https:\\\/\\\/biorius.com\\\/fr\\\/reglement-sur-les-detergents\\\/#breadcrumb\"},\"inLanguage\":\"fr-FR\",\"potentialAction\":[{\"@type\":\"ReadAction\",\"target\":[\"https:\\\/\\\/biorius.com\\\/fr\\\/reglement-sur-les-detergents\\\/\"]}]},{\"@type\":\"ImageObject\",\"inLanguage\":\"fr-FR\",\"@id\":\"https:\\\/\\\/biorius.com\\\/fr\\\/reglement-sur-les-detergents\\\/#primaryimage\",\"url\":\"https:\\\/\\\/biorius.com\\\/wp-content\\\/uploads\\\/2023\\\/11\\\/Detergents-e1701081445965.jpg\",\"contentUrl\":\"https:\\\/\\\/biorius.com\\\/wp-content\\\/uploads\\\/2023\\\/11\\\/Detergents-e1701081445965.jpg\",\"width\":619,\"height\":929,\"caption\":\"Detergents\"},{\"@type\":\"BreadcrumbList\",\"@id\":\"https:\\\/\\\/biorius.com\\\/fr\\\/reglement-sur-les-detergents\\\/#breadcrumb\",\"itemListElement\":[{\"@type\":\"ListItem\",\"position\":1,\"name\":\"Accueil\",\"item\":\"https:\\\/\\\/biorius.com\\\/fr\\\/\"},{\"@type\":\"ListItem\",\"position\":2,\"name\":\"R\u00e8glement sur les d\u00e9tergents\"}]},{\"@type\":\"WebSite\",\"@id\":\"https:\\\/\\\/biorius.com\\\/fr\\\/#website\",\"url\":\"https:\\\/\\\/biorius.com\\\/fr\\\/\",\"name\":\"Biorius\",\"description\":\"You create dreams we protect them\",\"potentialAction\":[{\"@type\":\"SearchAction\",\"target\":{\"@type\":\"EntryPoint\",\"urlTemplate\":\"https:\\\/\\\/biorius.com\\\/fr\\\/?s={search_term_string}\"},\"query-input\":{\"@type\":\"PropertyValueSpecification\",\"valueRequired\":true,\"valueName\":\"search_term_string\"}}],\"inLanguage\":\"fr-FR\"}]}<\/script>\n<!-- \/ Yoast SEO plugin. -->","yoast_head_json":{"title":"R\u00e8glement sur les d\u00e9tergents - Biorius","description":"Naviguez dans les r\u00e9glementations europ\u00e9ennes et britanniques sur les d\u00e9tergents avec Biorius. Services d'experts pour la conformit\u00e9, l'examen des ingr\u00e9dients, les fiches de donn\u00e9es de s\u00e9curit\u00e9 et l'acc\u00e8s au march\u00e9.","robots":{"index":"index","follow":"follow","max-snippet":"max-snippet:-1","max-image-preview":"max-image-preview:large","max-video-preview":"max-video-preview:-1"},"canonical":"https:\/\/biorius.com\/fr\/reglement-sur-les-detergents\/","og_locale":"fr_FR","og_type":"article","og_title":"R\u00e8glement sur les d\u00e9tergents - Biorius","og_description":"Naviguez dans les r\u00e9glementations europ\u00e9ennes et britanniques sur les d\u00e9tergents avec Biorius. Services d'experts pour la conformit\u00e9, l'examen des ingr\u00e9dients, les fiches de donn\u00e9es de s\u00e9curit\u00e9 et l'acc\u00e8s au march\u00e9.","og_url":"https:\/\/biorius.com\/fr\/reglement-sur-les-detergents\/","og_site_name":"Biorius","article_modified_time":"2025-01-13T08:55:11+00:00","og_image":[{"width":619,"height":929,"url":"https:\/\/biorius.com\/wp-content\/uploads\/2023\/11\/Detergents-e1701081445965.jpg","type":"image\/jpeg"}],"twitter_card":"summary_large_image","twitter_misc":{"Dur\u00e9e de lecture estim\u00e9e":"4 minutes"},"schema":{"@context":"https:\/\/schema.org","@graph":[{"@type":"WebPage","@id":"https:\/\/biorius.com\/fr\/reglement-sur-les-detergents\/","url":"https:\/\/biorius.com\/fr\/reglement-sur-les-detergents\/","name":"R\u00e8glement sur les d\u00e9tergents - Biorius","isPartOf":{"@id":"https:\/\/biorius.com\/fr\/#website"},"primaryImageOfPage":{"@id":"https:\/\/biorius.com\/fr\/reglement-sur-les-detergents\/#primaryimage"},"image":{"@id":"https:\/\/biorius.com\/fr\/reglement-sur-les-detergents\/#primaryimage"},"thumbnailUrl":"https:\/\/biorius.com\/wp-content\/uploads\/2023\/11\/Detergents-e1701081445965.jpg","datePublished":"2023-11-27T10:35:25+00:00","dateModified":"2025-01-13T08:55:11+00:00","description":"Naviguez dans les r\u00e9glementations europ\u00e9ennes et britanniques sur les d\u00e9tergents avec Biorius. Services d'experts pour la conformit\u00e9, l'examen des ingr\u00e9dients, les fiches de donn\u00e9es de s\u00e9curit\u00e9 et l'acc\u00e8s au march\u00e9.","breadcrumb":{"@id":"https:\/\/biorius.com\/fr\/reglement-sur-les-detergents\/#breadcrumb"},"inLanguage":"fr-FR","potentialAction":[{"@type":"ReadAction","target":["https:\/\/biorius.com\/fr\/reglement-sur-les-detergents\/"]}]},{"@type":"ImageObject","inLanguage":"fr-FR","@id":"https:\/\/biorius.com\/fr\/reglement-sur-les-detergents\/#primaryimage","url":"https:\/\/biorius.com\/wp-content\/uploads\/2023\/11\/Detergents-e1701081445965.jpg","contentUrl":"https:\/\/biorius.com\/wp-content\/uploads\/2023\/11\/Detergents-e1701081445965.jpg","width":619,"height":929,"caption":"Detergents"},{"@type":"BreadcrumbList","@id":"https:\/\/biorius.com\/fr\/reglement-sur-les-detergents\/#breadcrumb","itemListElement":[{"@type":"ListItem","position":1,"name":"Accueil","item":"https:\/\/biorius.com\/fr\/"},{"@type":"ListItem","position":2,"name":"R\u00e8glement sur les d\u00e9tergents"}]},{"@type":"WebSite","@id":"https:\/\/biorius.com\/fr\/#website","url":"https:\/\/biorius.com\/fr\/","name":"Biorius","description":"You create dreams we protect them","potentialAction":[{"@type":"SearchAction","target":{"@type":"EntryPoint","urlTemplate":"https:\/\/biorius.com\/fr\/?s={search_term_string}"},"query-input":{"@type":"PropertyValueSpecification","valueRequired":true,"valueName":"search_term_string"}}],"inLanguage":"fr-FR"}]}},"_links":{"self":[{"href":"https:\/\/biorius.com\/fr\/wp-json\/wp\/v2\/pages\/48599","targetHints":{"allow":["GET"]}}],"collection":[{"href":"https:\/\/biorius.com\/fr\/wp-json\/wp\/v2\/pages"}],"about":[{"href":"https:\/\/biorius.com\/fr\/wp-json\/wp\/v2\/types\/page"}],"author":[{"embeddable":true,"href":"https:\/\/biorius.com\/fr\/wp-json\/wp\/v2\/users\/1"}],"replies":[{"embeddable":true,"href":"https:\/\/biorius.com\/fr\/wp-json\/wp\/v2\/comments?post=48599"}],"version-history":[{"count":0,"href":"https:\/\/biorius.com\/fr\/wp-json\/wp\/v2\/pages\/48599\/revisions"}],"wp:featuredmedia":[{"embeddable":true,"href":"https:\/\/biorius.com\/fr\/wp-json\/wp\/v2\/media\/45798"}],"wp:attachment":[{"href":"https:\/\/biorius.com\/fr\/wp-json\/wp\/v2\/media?parent=48599"}],"wp:term":[{"taxonomy":"category","embeddable":true,"href":"https:\/\/biorius.com\/fr\/wp-json\/wp\/v2\/categories?post=48599"},{"taxonomy":"post_tag","embeddable":true,"href":"https:\/\/biorius.com\/fr\/wp-json\/wp\/v2\/tags?post=48599"}],"curies":[{"name":"wp","href":"https:\/\/api.w.org\/{rel}","templated":true}]}}