{"id":48586,"date":"2023-11-24T17:08:31","date_gmt":"2023-11-24T16:08:31","guid":{"rendered":"https:\/\/biorius.com\/reglementation-californienne-sur-les-cosmetiques\/"},"modified":"2025-08-29T10:30:06","modified_gmt":"2025-08-29T08:30:06","slug":"californie","status":"publish","type":"page","link":"https:\/\/biorius.com\/fr\/reglementation-cosmetique\/etats-unis\/californie\/","title":{"rendered":"R\u00e9glementation cosm\u00e9tiques Californie"},"content":{"rendered":"","protected":false},"excerpt":{"rendered":"","protected":false},"author":1,"featured_media":0,"parent":53722,"menu_order":0,"comment_status":"closed","ping_status":"closed","template":"templates\/page-builder.php","meta":{"_acf_changed":false,"_coblocks_attr":"","_coblocks_dimensions":"","_coblocks_responsive_height":"","_coblocks_accordion_ie_support":"","footnotes":""},"categories":[],"tags":[],"class_list":["post-48586","page","type-page","status-publish","hentry"],"acf":[],"yoast_head":"<!-- This site is optimized with the Yoast SEO plugin v27.4 - https:\/\/yoast.com\/product\/yoast-seo-wordpress\/ -->\n<title>R\u00e9glementation cosm\u00e9tiques Californie - Biorius<\/title>\n<meta name=\"description\" content=\"Biorius vous aide \u00e0 respecter les r\u00e9glementations cosm\u00e9tiques californiennes : California Air Resources Board, California Safe Cosmetic Program, Proposition 65, Volatile Organic Compounds.\" \/>\n<meta name=\"robots\" content=\"index, follow, max-snippet:-1, max-image-preview:large, max-video-preview:-1\" \/>\n<link rel=\"canonical\" href=\"https:\/\/biorius.com\/fr\/reglementation-cosmetique\/etats-unis\/californie\/\" \/>\n<meta property=\"og:locale\" content=\"fr_FR\" \/>\n<meta property=\"og:type\" content=\"article\" \/>\n<meta property=\"og:title\" content=\"R\u00e9glementation cosm\u00e9tiques Californie - Biorius\" \/>\n<meta property=\"og:description\" content=\"Biorius vous aide \u00e0 respecter les r\u00e9glementations cosm\u00e9tiques californiennes : California Air Resources Board, California Safe Cosmetic Program, Proposition 65, Volatile Organic Compounds.\" \/>\n<meta property=\"og:url\" content=\"https:\/\/biorius.com\/fr\/reglementation-cosmetique\/etats-unis\/californie\/\" \/>\n<meta property=\"og:site_name\" content=\"Biorius\" \/>\n<meta property=\"article:modified_time\" content=\"2025-08-29T08:30:06+00:00\" \/>\n<meta name=\"twitter:card\" content=\"summary_large_image\" \/>\n<meta name=\"twitter:label1\" content=\"Dur\u00e9e de lecture estim\u00e9e\" \/>\n\t<meta name=\"twitter:data1\" content=\"9 minutes\" \/>\n<script type=\"application\/ld+json\" class=\"yoast-schema-graph\">{\"@context\":\"https:\\\/\\\/schema.org\",\"@graph\":[{\"@type\":\"WebPage\",\"@id\":\"https:\\\/\\\/biorius.com\\\/fr\\\/reglementation-cosmetique\\\/etats-unis\\\/californie\\\/\",\"url\":\"https:\\\/\\\/biorius.com\\\/fr\\\/reglementation-cosmetique\\\/etats-unis\\\/californie\\\/\",\"name\":\"R\u00e9glementation cosm\u00e9tiques Californie - Biorius\",\"isPartOf\":{\"@id\":\"https:\\\/\\\/biorius.com\\\/fr\\\/#website\"},\"datePublished\":\"2023-11-24T16:08:31+00:00\",\"dateModified\":\"2025-08-29T08:30:06+00:00\",\"description\":\"Biorius vous aide \u00e0 respecter les r\u00e9glementations cosm\u00e9tiques californiennes : California Air Resources Board, California Safe Cosmetic Program, Proposition 65, Volatile Organic Compounds.\",\"breadcrumb\":{\"@id\":\"https:\\\/\\\/biorius.com\\\/fr\\\/reglementation-cosmetique\\\/etats-unis\\\/californie\\\/#breadcrumb\"},\"inLanguage\":\"fr-FR\",\"potentialAction\":[{\"@type\":\"ReadAction\",\"target\":[\"https:\\\/\\\/biorius.com\\\/fr\\\/reglementation-cosmetique\\\/etats-unis\\\/californie\\\/\"]}]},{\"@type\":\"BreadcrumbList\",\"@id\":\"https:\\\/\\\/biorius.com\\\/fr\\\/reglementation-cosmetique\\\/etats-unis\\\/californie\\\/#breadcrumb\",\"itemListElement\":[{\"@type\":\"ListItem\",\"position\":1,\"name\":\"Accueil\",\"item\":\"https:\\\/\\\/biorius.com\\\/fr\\\/\"},{\"@type\":\"ListItem\",\"position\":2,\"name\":\"R\u00e9glementations Cosm\u00e9tiques\",\"item\":\"https:\\\/\\\/biorius.com\\\/fr\\\/cosmetic-regulations\\\/\"},{\"@type\":\"ListItem\",\"position\":3,\"name\":\"R\u00e9glementation des cosm\u00e9tiques aux \u00c9tats-Unis &#8211; Guide complet\",\"item\":\"https:\\\/\\\/biorius.com\\\/fr\\\/reglementation-cosmetique\\\/etats-unis\\\/\"},{\"@type\":\"ListItem\",\"position\":4,\"name\":\"R\u00e9glementation cosm\u00e9tiques Californie\"}]},{\"@type\":\"WebSite\",\"@id\":\"https:\\\/\\\/biorius.com\\\/fr\\\/#website\",\"url\":\"https:\\\/\\\/biorius.com\\\/fr\\\/\",\"name\":\"Biorius\",\"description\":\"You create dreams we protect them\",\"potentialAction\":[{\"@type\":\"SearchAction\",\"target\":{\"@type\":\"EntryPoint\",\"urlTemplate\":\"https:\\\/\\\/biorius.com\\\/fr\\\/?s={search_term_string}\"},\"query-input\":{\"@type\":\"PropertyValueSpecification\",\"valueRequired\":true,\"valueName\":\"search_term_string\"}}],\"inLanguage\":\"fr-FR\"}]}<\/script>\n<!-- \/ Yoast SEO plugin. -->","yoast_head_json":{"title":"R\u00e9glementation cosm\u00e9tiques Californie - Biorius","description":"Biorius vous aide \u00e0 respecter les r\u00e9glementations cosm\u00e9tiques californiennes : California Air Resources Board, California Safe Cosmetic Program, Proposition 65, Volatile Organic Compounds.","robots":{"index":"index","follow":"follow","max-snippet":"max-snippet:-1","max-image-preview":"max-image-preview:large","max-video-preview":"max-video-preview:-1"},"canonical":"https:\/\/biorius.com\/fr\/reglementation-cosmetique\/etats-unis\/californie\/","og_locale":"fr_FR","og_type":"article","og_title":"R\u00e9glementation cosm\u00e9tiques Californie - Biorius","og_description":"Biorius vous aide \u00e0 respecter les r\u00e9glementations cosm\u00e9tiques californiennes : California Air Resources Board, California Safe Cosmetic Program, Proposition 65, Volatile Organic Compounds.","og_url":"https:\/\/biorius.com\/fr\/reglementation-cosmetique\/etats-unis\/californie\/","og_site_name":"Biorius","article_modified_time":"2025-08-29T08:30:06+00:00","twitter_card":"summary_large_image","twitter_misc":{"Dur\u00e9e de lecture estim\u00e9e":"9 minutes"},"schema":{"@context":"https:\/\/schema.org","@graph":[{"@type":"WebPage","@id":"https:\/\/biorius.com\/fr\/reglementation-cosmetique\/etats-unis\/californie\/","url":"https:\/\/biorius.com\/fr\/reglementation-cosmetique\/etats-unis\/californie\/","name":"R\u00e9glementation cosm\u00e9tiques Californie - Biorius","isPartOf":{"@id":"https:\/\/biorius.com\/fr\/#website"},"datePublished":"2023-11-24T16:08:31+00:00","dateModified":"2025-08-29T08:30:06+00:00","description":"Biorius vous aide \u00e0 respecter les r\u00e9glementations cosm\u00e9tiques californiennes : California Air Resources Board, California Safe Cosmetic Program, Proposition 65, Volatile Organic Compounds.","breadcrumb":{"@id":"https:\/\/biorius.com\/fr\/reglementation-cosmetique\/etats-unis\/californie\/#breadcrumb"},"inLanguage":"fr-FR","potentialAction":[{"@type":"ReadAction","target":["https:\/\/biorius.com\/fr\/reglementation-cosmetique\/etats-unis\/californie\/"]}]},{"@type":"BreadcrumbList","@id":"https:\/\/biorius.com\/fr\/reglementation-cosmetique\/etats-unis\/californie\/#breadcrumb","itemListElement":[{"@type":"ListItem","position":1,"name":"Accueil","item":"https:\/\/biorius.com\/fr\/"},{"@type":"ListItem","position":2,"name":"R\u00e9glementations Cosm\u00e9tiques","item":"https:\/\/biorius.com\/fr\/cosmetic-regulations\/"},{"@type":"ListItem","position":3,"name":"R\u00e9glementation des cosm\u00e9tiques aux \u00c9tats-Unis &#8211; Guide complet","item":"https:\/\/biorius.com\/fr\/reglementation-cosmetique\/etats-unis\/"},{"@type":"ListItem","position":4,"name":"R\u00e9glementation cosm\u00e9tiques Californie"}]},{"@type":"WebSite","@id":"https:\/\/biorius.com\/fr\/#website","url":"https:\/\/biorius.com\/fr\/","name":"Biorius","description":"You create dreams we protect them","potentialAction":[{"@type":"SearchAction","target":{"@type":"EntryPoint","urlTemplate":"https:\/\/biorius.com\/fr\/?s={search_term_string}"},"query-input":{"@type":"PropertyValueSpecification","valueRequired":true,"valueName":"search_term_string"}}],"inLanguage":"fr-FR"}]}},"_links":{"self":[{"href":"https:\/\/biorius.com\/fr\/wp-json\/wp\/v2\/pages\/48586","targetHints":{"allow":["GET"]}}],"collection":[{"href":"https:\/\/biorius.com\/fr\/wp-json\/wp\/v2\/pages"}],"about":[{"href":"https:\/\/biorius.com\/fr\/wp-json\/wp\/v2\/types\/page"}],"author":[{"embeddable":true,"href":"https:\/\/biorius.com\/fr\/wp-json\/wp\/v2\/users\/1"}],"replies":[{"embeddable":true,"href":"https:\/\/biorius.com\/fr\/wp-json\/wp\/v2\/comments?post=48586"}],"version-history":[{"count":0,"href":"https:\/\/biorius.com\/fr\/wp-json\/wp\/v2\/pages\/48586\/revisions"}],"up":[{"embeddable":true,"href":"https:\/\/biorius.com\/fr\/wp-json\/wp\/v2\/pages\/53722"}],"wp:attachment":[{"href":"https:\/\/biorius.com\/fr\/wp-json\/wp\/v2\/media?parent=48586"}],"wp:term":[{"taxonomy":"category","embeddable":true,"href":"https:\/\/biorius.com\/fr\/wp-json\/wp\/v2\/categories?post=48586"},{"taxonomy":"post_tag","embeddable":true,"href":"https:\/\/biorius.com\/fr\/wp-json\/wp\/v2\/tags?post=48586"}],"curies":[{"name":"wp","href":"https:\/\/api.w.org\/{rel}","templated":true}]}}