{"id":48573,"date":"2023-11-23T16:01:43","date_gmt":"2023-11-23T15:01:43","guid":{"rendered":"https:\/\/biorius.com\/cosmetic-ingredient-review\/"},"modified":"2024-11-05T16:34:57","modified_gmt":"2024-11-05T15:34:57","slug":"ingredients-cosmetiques","status":"publish","type":"page","link":"https:\/\/biorius.com\/fr\/ingredients-cosmetiques\/","title":{"rendered":"Revue des ingr\u00e9dients cosm\u00e9tiques : Formulations s\u00fbres et conformes"},"content":{"rendered":"","protected":false},"excerpt":{"rendered":"","protected":false},"author":1,"featured_media":45631,"parent":0,"menu_order":0,"comment_status":"closed","ping_status":"closed","template":"templates\/page-builder.php","meta":{"_acf_changed":false,"_coblocks_attr":"","_coblocks_dimensions":"","_coblocks_responsive_height":"","_coblocks_accordion_ie_support":"","footnotes":""},"categories":[],"tags":[],"class_list":["post-48573","page","type-page","status-publish","has-post-thumbnail","hentry"],"acf":[],"yoast_head":"<!-- This site is optimized with the Yoast SEO plugin v27.5 - https:\/\/yoast.com\/product\/yoast-seo-wordpress\/ -->\n<title>Revue des ingr\u00e9dients cosm\u00e9tiques : Formulations s\u00fbres et conformes - Biorius<\/title>\n<meta name=\"description\" content=\"Analyse des ingr\u00e9dients cosm\u00e9tiques : Garantissez la s\u00e9curit\u00e9 et la conformit\u00e9 de vos produits cosm\u00e9tiques gr\u00e2ce aux analyses d&#039;ingr\u00e9dients r\u00e9alis\u00e9es par des experts de Biorius.\" \/>\n<meta name=\"robots\" content=\"index, follow, max-snippet:-1, max-image-preview:large, max-video-preview:-1\" \/>\n<link rel=\"canonical\" href=\"https:\/\/biorius.com\/fr\/ingredients-cosmetiques\/\" \/>\n<meta property=\"og:locale\" content=\"fr_FR\" \/>\n<meta property=\"og:type\" content=\"article\" \/>\n<meta property=\"og:title\" content=\"Revue des ingr\u00e9dients cosm\u00e9tiques : Formulations s\u00fbres et conformes - Biorius\" \/>\n<meta property=\"og:description\" content=\"Analyse des ingr\u00e9dients cosm\u00e9tiques : Garantissez la s\u00e9curit\u00e9 et la conformit\u00e9 de vos produits cosm\u00e9tiques gr\u00e2ce aux analyses d&#039;ingr\u00e9dients r\u00e9alis\u00e9es par des experts de Biorius.\" \/>\n<meta property=\"og:url\" content=\"https:\/\/biorius.com\/fr\/ingredients-cosmetiques\/\" \/>\n<meta property=\"og:site_name\" content=\"Biorius\" \/>\n<meta property=\"article:modified_time\" content=\"2024-11-05T15:34:57+00:00\" \/>\n<meta property=\"og:image\" content=\"https:\/\/biorius.com\/wp-content\/uploads\/2023\/11\/Cosmetic-ingredients-scaled-e1700750179289.jpg\" \/>\n\t<meta property=\"og:image:width\" content=\"2560\" \/>\n\t<meta property=\"og:image:height\" content=\"1828\" \/>\n\t<meta property=\"og:image:type\" content=\"image\/jpeg\" \/>\n<meta name=\"twitter:card\" content=\"summary_large_image\" \/>\n<meta name=\"twitter:label1\" content=\"Dur\u00e9e de lecture estim\u00e9e\" \/>\n\t<meta name=\"twitter:data1\" content=\"8 minutes\" \/>\n<script type=\"application\/ld+json\" class=\"yoast-schema-graph\">{\"@context\":\"https:\\\/\\\/schema.org\",\"@graph\":[{\"@type\":\"WebPage\",\"@id\":\"https:\\\/\\\/biorius.com\\\/fr\\\/ingredients-cosmetiques\\\/\",\"url\":\"https:\\\/\\\/biorius.com\\\/fr\\\/ingredients-cosmetiques\\\/\",\"name\":\"Revue des ingr\u00e9dients cosm\u00e9tiques : Formulations s\u00fbres et conformes - Biorius\",\"isPartOf\":{\"@id\":\"https:\\\/\\\/biorius.com\\\/fr\\\/#website\"},\"primaryImageOfPage\":{\"@id\":\"https:\\\/\\\/biorius.com\\\/fr\\\/ingredients-cosmetiques\\\/#primaryimage\"},\"image\":{\"@id\":\"https:\\\/\\\/biorius.com\\\/fr\\\/ingredients-cosmetiques\\\/#primaryimage\"},\"thumbnailUrl\":\"https:\\\/\\\/biorius.com\\\/wp-content\\\/uploads\\\/2023\\\/11\\\/Cosmetic-ingredients-scaled-e1700750179289.jpg\",\"datePublished\":\"2023-11-23T15:01:43+00:00\",\"dateModified\":\"2024-11-05T15:34:57+00:00\",\"description\":\"Analyse des ingr\u00e9dients cosm\u00e9tiques : Garantissez la s\u00e9curit\u00e9 et la conformit\u00e9 de vos produits cosm\u00e9tiques gr\u00e2ce aux analyses d'ingr\u00e9dients r\u00e9alis\u00e9es par des experts de Biorius.\",\"breadcrumb\":{\"@id\":\"https:\\\/\\\/biorius.com\\\/fr\\\/ingredients-cosmetiques\\\/#breadcrumb\"},\"inLanguage\":\"fr-FR\",\"potentialAction\":[{\"@type\":\"ReadAction\",\"target\":[\"https:\\\/\\\/biorius.com\\\/fr\\\/ingredients-cosmetiques\\\/\"]}]},{\"@type\":\"ImageObject\",\"inLanguage\":\"fr-FR\",\"@id\":\"https:\\\/\\\/biorius.com\\\/fr\\\/ingredients-cosmetiques\\\/#primaryimage\",\"url\":\"https:\\\/\\\/biorius.com\\\/wp-content\\\/uploads\\\/2023\\\/11\\\/Cosmetic-ingredients-scaled-e1700750179289.jpg\",\"contentUrl\":\"https:\\\/\\\/biorius.com\\\/wp-content\\\/uploads\\\/2023\\\/11\\\/Cosmetic-ingredients-scaled-e1700750179289.jpg\",\"width\":2560,\"height\":1828,\"caption\":\"Cosmetic ingredients\"},{\"@type\":\"BreadcrumbList\",\"@id\":\"https:\\\/\\\/biorius.com\\\/fr\\\/ingredients-cosmetiques\\\/#breadcrumb\",\"itemListElement\":[{\"@type\":\"ListItem\",\"position\":1,\"name\":\"Accueil\",\"item\":\"https:\\\/\\\/biorius.com\\\/fr\\\/\"},{\"@type\":\"ListItem\",\"position\":2,\"name\":\"Revue des ingr\u00e9dients cosm\u00e9tiques : Formulations s\u00fbres et conformes\"}]},{\"@type\":\"WebSite\",\"@id\":\"https:\\\/\\\/biorius.com\\\/fr\\\/#website\",\"url\":\"https:\\\/\\\/biorius.com\\\/fr\\\/\",\"name\":\"Biorius\",\"description\":\"You create dreams we protect them\",\"potentialAction\":[{\"@type\":\"SearchAction\",\"target\":{\"@type\":\"EntryPoint\",\"urlTemplate\":\"https:\\\/\\\/biorius.com\\\/fr\\\/?s={search_term_string}\"},\"query-input\":{\"@type\":\"PropertyValueSpecification\",\"valueRequired\":true,\"valueName\":\"search_term_string\"}}],\"inLanguage\":\"fr-FR\"}]}<\/script>\n<!-- \/ Yoast SEO plugin. -->","yoast_head_json":{"title":"Revue des ingr\u00e9dients cosm\u00e9tiques : Formulations s\u00fbres et conformes - Biorius","description":"Analyse des ingr\u00e9dients cosm\u00e9tiques : Garantissez la s\u00e9curit\u00e9 et la conformit\u00e9 de vos produits cosm\u00e9tiques gr\u00e2ce aux analyses d'ingr\u00e9dients r\u00e9alis\u00e9es par des experts de Biorius.","robots":{"index":"index","follow":"follow","max-snippet":"max-snippet:-1","max-image-preview":"max-image-preview:large","max-video-preview":"max-video-preview:-1"},"canonical":"https:\/\/biorius.com\/fr\/ingredients-cosmetiques\/","og_locale":"fr_FR","og_type":"article","og_title":"Revue des ingr\u00e9dients cosm\u00e9tiques : Formulations s\u00fbres et conformes - Biorius","og_description":"Analyse des ingr\u00e9dients cosm\u00e9tiques : Garantissez la s\u00e9curit\u00e9 et la conformit\u00e9 de vos produits cosm\u00e9tiques gr\u00e2ce aux analyses d'ingr\u00e9dients r\u00e9alis\u00e9es par des experts de Biorius.","og_url":"https:\/\/biorius.com\/fr\/ingredients-cosmetiques\/","og_site_name":"Biorius","article_modified_time":"2024-11-05T15:34:57+00:00","og_image":[{"width":2560,"height":1828,"url":"https:\/\/biorius.com\/wp-content\/uploads\/2023\/11\/Cosmetic-ingredients-scaled-e1700750179289.jpg","type":"image\/jpeg"}],"twitter_card":"summary_large_image","twitter_misc":{"Dur\u00e9e de lecture estim\u00e9e":"8 minutes"},"schema":{"@context":"https:\/\/schema.org","@graph":[{"@type":"WebPage","@id":"https:\/\/biorius.com\/fr\/ingredients-cosmetiques\/","url":"https:\/\/biorius.com\/fr\/ingredients-cosmetiques\/","name":"Revue des ingr\u00e9dients cosm\u00e9tiques : Formulations s\u00fbres et conformes - Biorius","isPartOf":{"@id":"https:\/\/biorius.com\/fr\/#website"},"primaryImageOfPage":{"@id":"https:\/\/biorius.com\/fr\/ingredients-cosmetiques\/#primaryimage"},"image":{"@id":"https:\/\/biorius.com\/fr\/ingredients-cosmetiques\/#primaryimage"},"thumbnailUrl":"https:\/\/biorius.com\/wp-content\/uploads\/2023\/11\/Cosmetic-ingredients-scaled-e1700750179289.jpg","datePublished":"2023-11-23T15:01:43+00:00","dateModified":"2024-11-05T15:34:57+00:00","description":"Analyse des ingr\u00e9dients cosm\u00e9tiques : Garantissez la s\u00e9curit\u00e9 et la conformit\u00e9 de vos produits cosm\u00e9tiques gr\u00e2ce aux analyses d'ingr\u00e9dients r\u00e9alis\u00e9es par des experts de Biorius.","breadcrumb":{"@id":"https:\/\/biorius.com\/fr\/ingredients-cosmetiques\/#breadcrumb"},"inLanguage":"fr-FR","potentialAction":[{"@type":"ReadAction","target":["https:\/\/biorius.com\/fr\/ingredients-cosmetiques\/"]}]},{"@type":"ImageObject","inLanguage":"fr-FR","@id":"https:\/\/biorius.com\/fr\/ingredients-cosmetiques\/#primaryimage","url":"https:\/\/biorius.com\/wp-content\/uploads\/2023\/11\/Cosmetic-ingredients-scaled-e1700750179289.jpg","contentUrl":"https:\/\/biorius.com\/wp-content\/uploads\/2023\/11\/Cosmetic-ingredients-scaled-e1700750179289.jpg","width":2560,"height":1828,"caption":"Cosmetic ingredients"},{"@type":"BreadcrumbList","@id":"https:\/\/biorius.com\/fr\/ingredients-cosmetiques\/#breadcrumb","itemListElement":[{"@type":"ListItem","position":1,"name":"Accueil","item":"https:\/\/biorius.com\/fr\/"},{"@type":"ListItem","position":2,"name":"Revue des ingr\u00e9dients cosm\u00e9tiques : Formulations s\u00fbres et conformes"}]},{"@type":"WebSite","@id":"https:\/\/biorius.com\/fr\/#website","url":"https:\/\/biorius.com\/fr\/","name":"Biorius","description":"You create dreams we protect them","potentialAction":[{"@type":"SearchAction","target":{"@type":"EntryPoint","urlTemplate":"https:\/\/biorius.com\/fr\/?s={search_term_string}"},"query-input":{"@type":"PropertyValueSpecification","valueRequired":true,"valueName":"search_term_string"}}],"inLanguage":"fr-FR"}]}},"_links":{"self":[{"href":"https:\/\/biorius.com\/fr\/wp-json\/wp\/v2\/pages\/48573","targetHints":{"allow":["GET"]}}],"collection":[{"href":"https:\/\/biorius.com\/fr\/wp-json\/wp\/v2\/pages"}],"about":[{"href":"https:\/\/biorius.com\/fr\/wp-json\/wp\/v2\/types\/page"}],"author":[{"embeddable":true,"href":"https:\/\/biorius.com\/fr\/wp-json\/wp\/v2\/users\/1"}],"replies":[{"embeddable":true,"href":"https:\/\/biorius.com\/fr\/wp-json\/wp\/v2\/comments?post=48573"}],"version-history":[{"count":0,"href":"https:\/\/biorius.com\/fr\/wp-json\/wp\/v2\/pages\/48573\/revisions"}],"wp:featuredmedia":[{"embeddable":true,"href":"https:\/\/biorius.com\/fr\/wp-json\/wp\/v2\/media\/45631"}],"wp:attachment":[{"href":"https:\/\/biorius.com\/fr\/wp-json\/wp\/v2\/media?parent=48573"}],"wp:term":[{"taxonomy":"category","embeddable":true,"href":"https:\/\/biorius.com\/fr\/wp-json\/wp\/v2\/categories?post=48573"},{"taxonomy":"post_tag","embeddable":true,"href":"https:\/\/biorius.com\/fr\/wp-json\/wp\/v2\/tags?post=48573"}],"curies":[{"name":"wp","href":"https:\/\/api.w.org\/{rel}","templated":true}]}}