{"id":48544,"date":"2023-11-20T13:55:31","date_gmt":"2023-11-20T12:55:31","guid":{"rendered":"https:\/\/biorius.com\/cosmetiques-actualites\/"},"modified":"2025-01-13T09:55:42","modified_gmt":"2025-01-13T08:55:42","slug":"cosmetiques-actualites","status":"publish","type":"page","link":"https:\/\/biorius.com\/fr\/cosmetiques-actualites\/","title":{"rendered":"Cosm\u00e9tiques Actualit\u00e9s"},"content":{"rendered":"","protected":false},"excerpt":{"rendered":"","protected":false},"author":1,"featured_media":45447,"parent":0,"menu_order":0,"comment_status":"closed","ping_status":"closed","template":"templates\/page-builder.php","meta":{"_acf_changed":false,"_coblocks_attr":"","_coblocks_dimensions":"","_coblocks_responsive_height":"","_coblocks_accordion_ie_support":"","footnotes":""},"categories":[],"tags":[],"class_list":["post-48544","page","type-page","status-publish","has-post-thumbnail","hentry"],"acf":[],"yoast_head":"<!-- This site is optimized with the Yoast SEO plugin v27.5 - https:\/\/yoast.com\/product\/yoast-seo-wordpress\/ -->\n<title>Cosm\u00e9tiques Actualit\u00e9s - Biorius<\/title>\n<meta name=\"description\" content=\"Restez inform\u00e9 des derni\u00e8res nouvelles de l&#039;industrie cosm\u00e9tique, des r\u00e9glementations et des mises \u00e0 jour de conformit\u00e9 de Biorius. Des informations essentielles pour les marques internationales.\" \/>\n<meta name=\"robots\" content=\"index, follow, max-snippet:-1, max-image-preview:large, max-video-preview:-1\" \/>\n<link rel=\"canonical\" href=\"https:\/\/biorius.com\/fr\/cosmetiques-actualites\/\" \/>\n<meta property=\"og:locale\" content=\"fr_FR\" \/>\n<meta property=\"og:type\" content=\"article\" \/>\n<meta property=\"og:title\" content=\"Cosm\u00e9tiques Actualit\u00e9s - Biorius\" \/>\n<meta property=\"og:description\" content=\"Restez inform\u00e9 des derni\u00e8res nouvelles de l&#039;industrie cosm\u00e9tique, des r\u00e9glementations et des mises \u00e0 jour de conformit\u00e9 de Biorius. Des informations essentielles pour les marques internationales.\" \/>\n<meta property=\"og:url\" content=\"https:\/\/biorius.com\/fr\/cosmetiques-actualites\/\" \/>\n<meta property=\"og:site_name\" content=\"Biorius\" \/>\n<meta property=\"article:modified_time\" content=\"2025-01-13T08:55:42+00:00\" \/>\n<meta property=\"og:image\" content=\"https:\/\/biorius.com\/wp-content\/uploads\/2023\/11\/Cosmetics-Breaking-news.webp\" \/>\n\t<meta property=\"og:image:width\" content=\"1200\" \/>\n\t<meta property=\"og:image:height\" content=\"771\" \/>\n\t<meta property=\"og:image:type\" content=\"image\/jpeg\" \/>\n<meta name=\"twitter:card\" content=\"summary_large_image\" \/>\n<meta name=\"twitter:label1\" content=\"Dur\u00e9e de lecture estim\u00e9e\" \/>\n\t<meta name=\"twitter:data1\" content=\"25 minutes\" \/>\n<script type=\"application\/ld+json\" class=\"yoast-schema-graph\">{\"@context\":\"https:\\\/\\\/schema.org\",\"@graph\":[{\"@type\":\"WebPage\",\"@id\":\"https:\\\/\\\/biorius.com\\\/fr\\\/cosmetiques-actualites\\\/\",\"url\":\"https:\\\/\\\/biorius.com\\\/fr\\\/cosmetiques-actualites\\\/\",\"name\":\"Cosm\u00e9tiques Actualit\u00e9s - Biorius\",\"isPartOf\":{\"@id\":\"https:\\\/\\\/biorius.com\\\/fr\\\/#website\"},\"primaryImageOfPage\":{\"@id\":\"https:\\\/\\\/biorius.com\\\/fr\\\/cosmetiques-actualites\\\/#primaryimage\"},\"image\":{\"@id\":\"https:\\\/\\\/biorius.com\\\/fr\\\/cosmetiques-actualites\\\/#primaryimage\"},\"thumbnailUrl\":\"https:\\\/\\\/biorius.com\\\/wp-content\\\/uploads\\\/2023\\\/11\\\/Cosmetics-Breaking-news.webp\",\"datePublished\":\"2023-11-20T12:55:31+00:00\",\"dateModified\":\"2025-01-13T08:55:42+00:00\",\"description\":\"Restez inform\u00e9 des derni\u00e8res nouvelles de l'industrie cosm\u00e9tique, des r\u00e9glementations et des mises \u00e0 jour de conformit\u00e9 de Biorius. Des informations essentielles pour les marques internationales.\",\"breadcrumb\":{\"@id\":\"https:\\\/\\\/biorius.com\\\/fr\\\/cosmetiques-actualites\\\/#breadcrumb\"},\"inLanguage\":\"fr-FR\",\"potentialAction\":[{\"@type\":\"ReadAction\",\"target\":[\"https:\\\/\\\/biorius.com\\\/fr\\\/cosmetiques-actualites\\\/\"]}]},{\"@type\":\"ImageObject\",\"inLanguage\":\"fr-FR\",\"@id\":\"https:\\\/\\\/biorius.com\\\/fr\\\/cosmetiques-actualites\\\/#primaryimage\",\"url\":\"https:\\\/\\\/biorius.com\\\/wp-content\\\/uploads\\\/2023\\\/11\\\/Cosmetics-Breaking-news.webp\",\"contentUrl\":\"https:\\\/\\\/biorius.com\\\/wp-content\\\/uploads\\\/2023\\\/11\\\/Cosmetics-Breaking-news.webp\",\"width\":1200,\"height\":771,\"caption\":\"Cosmetics Breaking news\"},{\"@type\":\"BreadcrumbList\",\"@id\":\"https:\\\/\\\/biorius.com\\\/fr\\\/cosmetiques-actualites\\\/#breadcrumb\",\"itemListElement\":[{\"@type\":\"ListItem\",\"position\":1,\"name\":\"Accueil\",\"item\":\"https:\\\/\\\/biorius.com\\\/fr\\\/\"},{\"@type\":\"ListItem\",\"position\":2,\"name\":\"Cosm\u00e9tiques Actualit\u00e9s\"}]},{\"@type\":\"WebSite\",\"@id\":\"https:\\\/\\\/biorius.com\\\/fr\\\/#website\",\"url\":\"https:\\\/\\\/biorius.com\\\/fr\\\/\",\"name\":\"Biorius\",\"description\":\"You create dreams we protect them\",\"potentialAction\":[{\"@type\":\"SearchAction\",\"target\":{\"@type\":\"EntryPoint\",\"urlTemplate\":\"https:\\\/\\\/biorius.com\\\/fr\\\/?s={search_term_string}\"},\"query-input\":{\"@type\":\"PropertyValueSpecification\",\"valueRequired\":true,\"valueName\":\"search_term_string\"}}],\"inLanguage\":\"fr-FR\"}]}<\/script>\n<!-- \/ Yoast SEO plugin. -->","yoast_head_json":{"title":"Cosm\u00e9tiques Actualit\u00e9s - Biorius","description":"Restez inform\u00e9 des derni\u00e8res nouvelles de l'industrie cosm\u00e9tique, des r\u00e9glementations et des mises \u00e0 jour de conformit\u00e9 de Biorius. Des informations essentielles pour les marques internationales.","robots":{"index":"index","follow":"follow","max-snippet":"max-snippet:-1","max-image-preview":"max-image-preview:large","max-video-preview":"max-video-preview:-1"},"canonical":"https:\/\/biorius.com\/fr\/cosmetiques-actualites\/","og_locale":"fr_FR","og_type":"article","og_title":"Cosm\u00e9tiques Actualit\u00e9s - Biorius","og_description":"Restez inform\u00e9 des derni\u00e8res nouvelles de l'industrie cosm\u00e9tique, des r\u00e9glementations et des mises \u00e0 jour de conformit\u00e9 de Biorius. Des informations essentielles pour les marques internationales.","og_url":"https:\/\/biorius.com\/fr\/cosmetiques-actualites\/","og_site_name":"Biorius","article_modified_time":"2025-01-13T08:55:42+00:00","og_image":[{"width":1200,"height":771,"url":"https:\/\/biorius.com\/wp-content\/uploads\/2023\/11\/Cosmetics-Breaking-news.webp","type":"image\/jpeg"}],"twitter_card":"summary_large_image","twitter_misc":{"Dur\u00e9e de lecture estim\u00e9e":"25 minutes"},"schema":{"@context":"https:\/\/schema.org","@graph":[{"@type":"WebPage","@id":"https:\/\/biorius.com\/fr\/cosmetiques-actualites\/","url":"https:\/\/biorius.com\/fr\/cosmetiques-actualites\/","name":"Cosm\u00e9tiques Actualit\u00e9s - Biorius","isPartOf":{"@id":"https:\/\/biorius.com\/fr\/#website"},"primaryImageOfPage":{"@id":"https:\/\/biorius.com\/fr\/cosmetiques-actualites\/#primaryimage"},"image":{"@id":"https:\/\/biorius.com\/fr\/cosmetiques-actualites\/#primaryimage"},"thumbnailUrl":"https:\/\/biorius.com\/wp-content\/uploads\/2023\/11\/Cosmetics-Breaking-news.webp","datePublished":"2023-11-20T12:55:31+00:00","dateModified":"2025-01-13T08:55:42+00:00","description":"Restez inform\u00e9 des derni\u00e8res nouvelles de l'industrie cosm\u00e9tique, des r\u00e9glementations et des mises \u00e0 jour de conformit\u00e9 de Biorius. Des informations essentielles pour les marques internationales.","breadcrumb":{"@id":"https:\/\/biorius.com\/fr\/cosmetiques-actualites\/#breadcrumb"},"inLanguage":"fr-FR","potentialAction":[{"@type":"ReadAction","target":["https:\/\/biorius.com\/fr\/cosmetiques-actualites\/"]}]},{"@type":"ImageObject","inLanguage":"fr-FR","@id":"https:\/\/biorius.com\/fr\/cosmetiques-actualites\/#primaryimage","url":"https:\/\/biorius.com\/wp-content\/uploads\/2023\/11\/Cosmetics-Breaking-news.webp","contentUrl":"https:\/\/biorius.com\/wp-content\/uploads\/2023\/11\/Cosmetics-Breaking-news.webp","width":1200,"height":771,"caption":"Cosmetics Breaking news"},{"@type":"BreadcrumbList","@id":"https:\/\/biorius.com\/fr\/cosmetiques-actualites\/#breadcrumb","itemListElement":[{"@type":"ListItem","position":1,"name":"Accueil","item":"https:\/\/biorius.com\/fr\/"},{"@type":"ListItem","position":2,"name":"Cosm\u00e9tiques Actualit\u00e9s"}]},{"@type":"WebSite","@id":"https:\/\/biorius.com\/fr\/#website","url":"https:\/\/biorius.com\/fr\/","name":"Biorius","description":"You create dreams we protect them","potentialAction":[{"@type":"SearchAction","target":{"@type":"EntryPoint","urlTemplate":"https:\/\/biorius.com\/fr\/?s={search_term_string}"},"query-input":{"@type":"PropertyValueSpecification","valueRequired":true,"valueName":"search_term_string"}}],"inLanguage":"fr-FR"}]}},"_links":{"self":[{"href":"https:\/\/biorius.com\/fr\/wp-json\/wp\/v2\/pages\/48544","targetHints":{"allow":["GET"]}}],"collection":[{"href":"https:\/\/biorius.com\/fr\/wp-json\/wp\/v2\/pages"}],"about":[{"href":"https:\/\/biorius.com\/fr\/wp-json\/wp\/v2\/types\/page"}],"author":[{"embeddable":true,"href":"https:\/\/biorius.com\/fr\/wp-json\/wp\/v2\/users\/1"}],"replies":[{"embeddable":true,"href":"https:\/\/biorius.com\/fr\/wp-json\/wp\/v2\/comments?post=48544"}],"version-history":[{"count":0,"href":"https:\/\/biorius.com\/fr\/wp-json\/wp\/v2\/pages\/48544\/revisions"}],"wp:featuredmedia":[{"embeddable":true,"href":"https:\/\/biorius.com\/fr\/wp-json\/wp\/v2\/media\/45447"}],"wp:attachment":[{"href":"https:\/\/biorius.com\/fr\/wp-json\/wp\/v2\/media?parent=48544"}],"wp:term":[{"taxonomy":"category","embeddable":true,"href":"https:\/\/biorius.com\/fr\/wp-json\/wp\/v2\/categories?post=48544"},{"taxonomy":"post_tag","embeddable":true,"href":"https:\/\/biorius.com\/fr\/wp-json\/wp\/v2\/tags?post=48544"}],"curies":[{"name":"wp","href":"https:\/\/api.w.org\/{rel}","templated":true}]}}