{"id":46178,"date":"2023-11-22T16:21:01","date_gmt":"2023-11-22T15:21:01","guid":{"rendered":"https:\/\/biorius.com\/?page_id=46178"},"modified":"2025-01-13T09:55:25","modified_gmt":"2025-01-13T08:55:25","slug":"moyen-orient","status":"publish","type":"page","link":"https:\/\/biorius.com\/fr\/reglementation-cosmetique\/moyen-orient\/","title":{"rendered":"R\u00e8glement sur les produits cosm\u00e9tiques au Moyen-Orient"},"content":{"rendered":"","protected":false},"excerpt":{"rendered":"","protected":false},"author":1,"featured_media":0,"parent":47373,"menu_order":0,"comment_status":"closed","ping_status":"closed","template":"templates\/page-builder.php","meta":{"_acf_changed":false,"_coblocks_attr":"","_coblocks_dimensions":"","_coblocks_responsive_height":"","_coblocks_accordion_ie_support":"","footnotes":""},"categories":[],"tags":[],"class_list":["post-46178","page","type-page","status-publish","hentry"],"acf":[],"yoast_head":"<!-- This site is optimized with the Yoast SEO plugin v27.5 - https:\/\/yoast.com\/product\/yoast-seo-wordpress\/ -->\n<title>Moyen-Orient R\u00e9glementation Cosm\u00e9tique<\/title>\n<meta name=\"description\" content=\"Naviguez dans les r\u00e9glementations cosm\u00e9tiques au Moyen-Orient avec Biorius. B\u00e9n\u00e9ficiez du soutien d&#039;un expert pour la conformit\u00e9, en vous concentrant sur les normes GSO en mati\u00e8re de s\u00e9curit\u00e9, d&#039;ingr\u00e9dients et d&#039;\u00e9tiquetage.\" \/>\n<meta name=\"robots\" content=\"index, follow, max-snippet:-1, max-image-preview:large, max-video-preview:-1\" \/>\n<link rel=\"canonical\" href=\"https:\/\/biorius.com\/fr\/reglementation-cosmetique\/moyen-orient\/\" \/>\n<meta property=\"og:locale\" content=\"fr_FR\" \/>\n<meta property=\"og:type\" content=\"article\" \/>\n<meta property=\"og:title\" content=\"Moyen-Orient R\u00e9glementation Cosm\u00e9tique\" \/>\n<meta property=\"og:description\" content=\"Naviguez dans les r\u00e9glementations cosm\u00e9tiques au Moyen-Orient avec Biorius. B\u00e9n\u00e9ficiez du soutien d&#039;un expert pour la conformit\u00e9, en vous concentrant sur les normes GSO en mati\u00e8re de s\u00e9curit\u00e9, d&#039;ingr\u00e9dients et d&#039;\u00e9tiquetage.\" \/>\n<meta property=\"og:url\" content=\"https:\/\/biorius.com\/fr\/reglementation-cosmetique\/moyen-orient\/\" \/>\n<meta property=\"og:site_name\" content=\"Biorius\" \/>\n<meta property=\"article:modified_time\" content=\"2025-01-13T08:55:25+00:00\" \/>\n<meta name=\"twitter:card\" content=\"summary_large_image\" \/>\n<meta name=\"twitter:label1\" content=\"Dur\u00e9e de lecture estim\u00e9e\" \/>\n\t<meta name=\"twitter:data1\" content=\"2 minutes\" \/>\n<script type=\"application\/ld+json\" class=\"yoast-schema-graph\">{\"@context\":\"https:\\\/\\\/schema.org\",\"@graph\":[{\"@type\":\"WebPage\",\"@id\":\"https:\\\/\\\/biorius.com\\\/fr\\\/reglementation-cosmetique\\\/moyen-orient\\\/\",\"url\":\"https:\\\/\\\/biorius.com\\\/fr\\\/reglementation-cosmetique\\\/moyen-orient\\\/\",\"name\":\"Moyen-Orient R\u00e9glementation Cosm\u00e9tique\",\"isPartOf\":{\"@id\":\"https:\\\/\\\/biorius.com\\\/fr\\\/#website\"},\"datePublished\":\"2023-11-22T15:21:01+00:00\",\"dateModified\":\"2025-01-13T08:55:25+00:00\",\"description\":\"Naviguez dans les r\u00e9glementations cosm\u00e9tiques au Moyen-Orient avec Biorius. B\u00e9n\u00e9ficiez du soutien d'un expert pour la conformit\u00e9, en vous concentrant sur les normes GSO en mati\u00e8re de s\u00e9curit\u00e9, d'ingr\u00e9dients et d'\u00e9tiquetage.\",\"breadcrumb\":{\"@id\":\"https:\\\/\\\/biorius.com\\\/fr\\\/reglementation-cosmetique\\\/moyen-orient\\\/#breadcrumb\"},\"inLanguage\":\"fr-FR\",\"potentialAction\":[{\"@type\":\"ReadAction\",\"target\":[\"https:\\\/\\\/biorius.com\\\/fr\\\/reglementation-cosmetique\\\/moyen-orient\\\/\"]}]},{\"@type\":\"BreadcrumbList\",\"@id\":\"https:\\\/\\\/biorius.com\\\/fr\\\/reglementation-cosmetique\\\/moyen-orient\\\/#breadcrumb\",\"itemListElement\":[{\"@type\":\"ListItem\",\"position\":1,\"name\":\"Accueil\",\"item\":\"https:\\\/\\\/biorius.com\\\/fr\\\/\"},{\"@type\":\"ListItem\",\"position\":2,\"name\":\"R\u00e9glementations Cosm\u00e9tiques\",\"item\":\"https:\\\/\\\/biorius.com\\\/fr\\\/reglementation-cosmetique\\\/\"},{\"@type\":\"ListItem\",\"position\":3,\"name\":\"R\u00e8glement sur les produits cosm\u00e9tiques au Moyen-Orient\"}]},{\"@type\":\"WebSite\",\"@id\":\"https:\\\/\\\/biorius.com\\\/fr\\\/#website\",\"url\":\"https:\\\/\\\/biorius.com\\\/fr\\\/\",\"name\":\"Biorius\",\"description\":\"You create dreams we protect them\",\"potentialAction\":[{\"@type\":\"SearchAction\",\"target\":{\"@type\":\"EntryPoint\",\"urlTemplate\":\"https:\\\/\\\/biorius.com\\\/fr\\\/?s={search_term_string}\"},\"query-input\":{\"@type\":\"PropertyValueSpecification\",\"valueRequired\":true,\"valueName\":\"search_term_string\"}}],\"inLanguage\":\"fr-FR\"}]}<\/script>\n<!-- \/ Yoast SEO plugin. -->","yoast_head_json":{"title":"Moyen-Orient R\u00e9glementation Cosm\u00e9tique","description":"Naviguez dans les r\u00e9glementations cosm\u00e9tiques au Moyen-Orient avec Biorius. B\u00e9n\u00e9ficiez du soutien d'un expert pour la conformit\u00e9, en vous concentrant sur les normes GSO en mati\u00e8re de s\u00e9curit\u00e9, d'ingr\u00e9dients et d'\u00e9tiquetage.","robots":{"index":"index","follow":"follow","max-snippet":"max-snippet:-1","max-image-preview":"max-image-preview:large","max-video-preview":"max-video-preview:-1"},"canonical":"https:\/\/biorius.com\/fr\/reglementation-cosmetique\/moyen-orient\/","og_locale":"fr_FR","og_type":"article","og_title":"Moyen-Orient R\u00e9glementation Cosm\u00e9tique","og_description":"Naviguez dans les r\u00e9glementations cosm\u00e9tiques au Moyen-Orient avec Biorius. B\u00e9n\u00e9ficiez du soutien d'un expert pour la conformit\u00e9, en vous concentrant sur les normes GSO en mati\u00e8re de s\u00e9curit\u00e9, d'ingr\u00e9dients et d'\u00e9tiquetage.","og_url":"https:\/\/biorius.com\/fr\/reglementation-cosmetique\/moyen-orient\/","og_site_name":"Biorius","article_modified_time":"2025-01-13T08:55:25+00:00","twitter_card":"summary_large_image","twitter_misc":{"Dur\u00e9e de lecture estim\u00e9e":"2 minutes"},"schema":{"@context":"https:\/\/schema.org","@graph":[{"@type":"WebPage","@id":"https:\/\/biorius.com\/fr\/reglementation-cosmetique\/moyen-orient\/","url":"https:\/\/biorius.com\/fr\/reglementation-cosmetique\/moyen-orient\/","name":"Moyen-Orient R\u00e9glementation Cosm\u00e9tique","isPartOf":{"@id":"https:\/\/biorius.com\/fr\/#website"},"datePublished":"2023-11-22T15:21:01+00:00","dateModified":"2025-01-13T08:55:25+00:00","description":"Naviguez dans les r\u00e9glementations cosm\u00e9tiques au Moyen-Orient avec Biorius. B\u00e9n\u00e9ficiez du soutien d'un expert pour la conformit\u00e9, en vous concentrant sur les normes GSO en mati\u00e8re de s\u00e9curit\u00e9, d'ingr\u00e9dients et d'\u00e9tiquetage.","breadcrumb":{"@id":"https:\/\/biorius.com\/fr\/reglementation-cosmetique\/moyen-orient\/#breadcrumb"},"inLanguage":"fr-FR","potentialAction":[{"@type":"ReadAction","target":["https:\/\/biorius.com\/fr\/reglementation-cosmetique\/moyen-orient\/"]}]},{"@type":"BreadcrumbList","@id":"https:\/\/biorius.com\/fr\/reglementation-cosmetique\/moyen-orient\/#breadcrumb","itemListElement":[{"@type":"ListItem","position":1,"name":"Accueil","item":"https:\/\/biorius.com\/fr\/"},{"@type":"ListItem","position":2,"name":"R\u00e9glementations Cosm\u00e9tiques","item":"https:\/\/biorius.com\/fr\/reglementation-cosmetique\/"},{"@type":"ListItem","position":3,"name":"R\u00e8glement sur les produits cosm\u00e9tiques au Moyen-Orient"}]},{"@type":"WebSite","@id":"https:\/\/biorius.com\/fr\/#website","url":"https:\/\/biorius.com\/fr\/","name":"Biorius","description":"You create dreams we protect them","potentialAction":[{"@type":"SearchAction","target":{"@type":"EntryPoint","urlTemplate":"https:\/\/biorius.com\/fr\/?s={search_term_string}"},"query-input":{"@type":"PropertyValueSpecification","valueRequired":true,"valueName":"search_term_string"}}],"inLanguage":"fr-FR"}]}},"_links":{"self":[{"href":"https:\/\/biorius.com\/fr\/wp-json\/wp\/v2\/pages\/46178","targetHints":{"allow":["GET"]}}],"collection":[{"href":"https:\/\/biorius.com\/fr\/wp-json\/wp\/v2\/pages"}],"about":[{"href":"https:\/\/biorius.com\/fr\/wp-json\/wp\/v2\/types\/page"}],"author":[{"embeddable":true,"href":"https:\/\/biorius.com\/fr\/wp-json\/wp\/v2\/users\/1"}],"replies":[{"embeddable":true,"href":"https:\/\/biorius.com\/fr\/wp-json\/wp\/v2\/comments?post=46178"}],"version-history":[{"count":0,"href":"https:\/\/biorius.com\/fr\/wp-json\/wp\/v2\/pages\/46178\/revisions"}],"up":[{"embeddable":true,"href":"https:\/\/biorius.com\/fr\/wp-json\/wp\/v2\/pages\/47373"}],"wp:attachment":[{"href":"https:\/\/biorius.com\/fr\/wp-json\/wp\/v2\/media?parent=46178"}],"wp:term":[{"taxonomy":"category","embeddable":true,"href":"https:\/\/biorius.com\/fr\/wp-json\/wp\/v2\/categories?post=46178"},{"taxonomy":"post_tag","embeddable":true,"href":"https:\/\/biorius.com\/fr\/wp-json\/wp\/v2\/tags?post=46178"}],"curies":[{"name":"wp","href":"https:\/\/api.w.org\/{rel}","templated":true}]}}