{"id":46035,"date":"2023-12-04T16:29:12","date_gmt":"2023-12-04T15:29:12","guid":{"rendered":"https:\/\/biorius.com\/?page_id=46035"},"modified":"2023-12-04T16:29:43","modified_gmt":"2023-12-04T15:29:43","slug":"fds-fiche-donnees-securite","status":"publish","type":"page","link":"https:\/\/biorius.com\/fr\/fds-fiche-donnees-securite\/","title":{"rendered":"FDS: Fiche Donn\u00e9es S\u00e9curit\u00e9"},"content":{"rendered":"","protected":false},"excerpt":{"rendered":"","protected":false},"author":1,"featured_media":0,"parent":0,"menu_order":0,"comment_status":"closed","ping_status":"closed","template":"templates\/page-builder.php","meta":{"_acf_changed":false,"_coblocks_attr":"","_coblocks_dimensions":"","_coblocks_responsive_height":"","_coblocks_accordion_ie_support":"","footnotes":""},"categories":[],"tags":[],"class_list":["post-46035","page","type-page","status-publish","hentry"],"acf":[],"yoast_head":"<!-- This site is optimized with the Yoast SEO plugin v27.3 - https:\/\/yoast.com\/product\/yoast-seo-wordpress\/ -->\n<title>FDS: Fiche Donn\u00e9es S\u00e9curit\u00e9 - Biorius<\/title>\n<meta name=\"description\" content=\"Biorius \u00e9labore votre FDS (Fiche de Donn\u00e9es de S\u00e9curit\u00e9), n\u00e9cessaire pour toutes les substances ou m\u00e9langes dangereux.\" \/>\n<meta name=\"robots\" content=\"index, follow, max-snippet:-1, max-image-preview:large, max-video-preview:-1\" \/>\n<link rel=\"canonical\" href=\"https:\/\/biorius.com\/fr\/fds-fiche-donnees-securite\/\" \/>\n<meta property=\"og:locale\" content=\"fr_FR\" \/>\n<meta property=\"og:type\" content=\"article\" \/>\n<meta property=\"og:title\" content=\"FDS: Fiche Donn\u00e9es S\u00e9curit\u00e9 - Biorius\" \/>\n<meta property=\"og:description\" content=\"Biorius \u00e9labore votre FDS (Fiche de Donn\u00e9es de S\u00e9curit\u00e9), n\u00e9cessaire pour toutes les substances ou m\u00e9langes dangereux.\" \/>\n<meta property=\"og:url\" content=\"https:\/\/biorius.com\/fr\/fds-fiche-donnees-securite\/\" \/>\n<meta property=\"og:site_name\" content=\"Biorius\" \/>\n<meta property=\"article:modified_time\" content=\"2023-12-04T15:29:43+00:00\" \/>\n<meta name=\"twitter:card\" content=\"summary_large_image\" \/>\n<script type=\"application\/ld+json\" class=\"yoast-schema-graph\">{\"@context\":\"https:\\\/\\\/schema.org\",\"@graph\":[{\"@type\":\"WebPage\",\"@id\":\"https:\\\/\\\/biorius.com\\\/fr\\\/fds-fiche-donnees-securite\\\/\",\"url\":\"https:\\\/\\\/biorius.com\\\/fr\\\/fds-fiche-donnees-securite\\\/\",\"name\":\"FDS: Fiche Donn\u00e9es S\u00e9curit\u00e9 - Biorius\",\"isPartOf\":{\"@id\":\"https:\\\/\\\/biorius.com\\\/fr\\\/#website\"},\"datePublished\":\"2023-12-04T15:29:12+00:00\",\"dateModified\":\"2023-12-04T15:29:43+00:00\",\"description\":\"Biorius \u00e9labore votre FDS (Fiche de Donn\u00e9es de S\u00e9curit\u00e9), n\u00e9cessaire pour toutes les substances ou m\u00e9langes dangereux.\",\"breadcrumb\":{\"@id\":\"https:\\\/\\\/biorius.com\\\/fr\\\/fds-fiche-donnees-securite\\\/#breadcrumb\"},\"inLanguage\":\"fr-FR\",\"potentialAction\":[{\"@type\":\"ReadAction\",\"target\":[\"https:\\\/\\\/biorius.com\\\/fr\\\/fds-fiche-donnees-securite\\\/\"]}]},{\"@type\":\"BreadcrumbList\",\"@id\":\"https:\\\/\\\/biorius.com\\\/fr\\\/fds-fiche-donnees-securite\\\/#breadcrumb\",\"itemListElement\":[{\"@type\":\"ListItem\",\"position\":1,\"name\":\"Accueil\",\"item\":\"https:\\\/\\\/biorius.com\\\/fr\\\/\"},{\"@type\":\"ListItem\",\"position\":2,\"name\":\"FDS: Fiche Donn\u00e9es S\u00e9curit\u00e9\"}]},{\"@type\":\"WebSite\",\"@id\":\"https:\\\/\\\/biorius.com\\\/fr\\\/#website\",\"url\":\"https:\\\/\\\/biorius.com\\\/fr\\\/\",\"name\":\"Biorius\",\"description\":\"You create dreams we protect them\",\"potentialAction\":[{\"@type\":\"SearchAction\",\"target\":{\"@type\":\"EntryPoint\",\"urlTemplate\":\"https:\\\/\\\/biorius.com\\\/fr\\\/?s={search_term_string}\"},\"query-input\":{\"@type\":\"PropertyValueSpecification\",\"valueRequired\":true,\"valueName\":\"search_term_string\"}}],\"inLanguage\":\"fr-FR\"}]}<\/script>\n<!-- \/ Yoast SEO plugin. -->","yoast_head_json":{"title":"FDS: Fiche Donn\u00e9es S\u00e9curit\u00e9 - Biorius","description":"Biorius \u00e9labore votre FDS (Fiche de Donn\u00e9es de S\u00e9curit\u00e9), n\u00e9cessaire pour toutes les substances ou m\u00e9langes dangereux.","robots":{"index":"index","follow":"follow","max-snippet":"max-snippet:-1","max-image-preview":"max-image-preview:large","max-video-preview":"max-video-preview:-1"},"canonical":"https:\/\/biorius.com\/fr\/fds-fiche-donnees-securite\/","og_locale":"fr_FR","og_type":"article","og_title":"FDS: Fiche Donn\u00e9es S\u00e9curit\u00e9 - Biorius","og_description":"Biorius \u00e9labore votre FDS (Fiche de Donn\u00e9es de S\u00e9curit\u00e9), n\u00e9cessaire pour toutes les substances ou m\u00e9langes dangereux.","og_url":"https:\/\/biorius.com\/fr\/fds-fiche-donnees-securite\/","og_site_name":"Biorius","article_modified_time":"2023-12-04T15:29:43+00:00","twitter_card":"summary_large_image","schema":{"@context":"https:\/\/schema.org","@graph":[{"@type":"WebPage","@id":"https:\/\/biorius.com\/fr\/fds-fiche-donnees-securite\/","url":"https:\/\/biorius.com\/fr\/fds-fiche-donnees-securite\/","name":"FDS: Fiche Donn\u00e9es S\u00e9curit\u00e9 - Biorius","isPartOf":{"@id":"https:\/\/biorius.com\/fr\/#website"},"datePublished":"2023-12-04T15:29:12+00:00","dateModified":"2023-12-04T15:29:43+00:00","description":"Biorius \u00e9labore votre FDS (Fiche de Donn\u00e9es de S\u00e9curit\u00e9), n\u00e9cessaire pour toutes les substances ou m\u00e9langes dangereux.","breadcrumb":{"@id":"https:\/\/biorius.com\/fr\/fds-fiche-donnees-securite\/#breadcrumb"},"inLanguage":"fr-FR","potentialAction":[{"@type":"ReadAction","target":["https:\/\/biorius.com\/fr\/fds-fiche-donnees-securite\/"]}]},{"@type":"BreadcrumbList","@id":"https:\/\/biorius.com\/fr\/fds-fiche-donnees-securite\/#breadcrumb","itemListElement":[{"@type":"ListItem","position":1,"name":"Accueil","item":"https:\/\/biorius.com\/fr\/"},{"@type":"ListItem","position":2,"name":"FDS: Fiche Donn\u00e9es S\u00e9curit\u00e9"}]},{"@type":"WebSite","@id":"https:\/\/biorius.com\/fr\/#website","url":"https:\/\/biorius.com\/fr\/","name":"Biorius","description":"You create dreams we protect them","potentialAction":[{"@type":"SearchAction","target":{"@type":"EntryPoint","urlTemplate":"https:\/\/biorius.com\/fr\/?s={search_term_string}"},"query-input":{"@type":"PropertyValueSpecification","valueRequired":true,"valueName":"search_term_string"}}],"inLanguage":"fr-FR"}]}},"_links":{"self":[{"href":"https:\/\/biorius.com\/fr\/wp-json\/wp\/v2\/pages\/46035","targetHints":{"allow":["GET"]}}],"collection":[{"href":"https:\/\/biorius.com\/fr\/wp-json\/wp\/v2\/pages"}],"about":[{"href":"https:\/\/biorius.com\/fr\/wp-json\/wp\/v2\/types\/page"}],"author":[{"embeddable":true,"href":"https:\/\/biorius.com\/fr\/wp-json\/wp\/v2\/users\/1"}],"replies":[{"embeddable":true,"href":"https:\/\/biorius.com\/fr\/wp-json\/wp\/v2\/comments?post=46035"}],"version-history":[{"count":0,"href":"https:\/\/biorius.com\/fr\/wp-json\/wp\/v2\/pages\/46035\/revisions"}],"wp:attachment":[{"href":"https:\/\/biorius.com\/fr\/wp-json\/wp\/v2\/media?parent=46035"}],"wp:term":[{"taxonomy":"category","embeddable":true,"href":"https:\/\/biorius.com\/fr\/wp-json\/wp\/v2\/categories?post=46035"},{"taxonomy":"post_tag","embeddable":true,"href":"https:\/\/biorius.com\/fr\/wp-json\/wp\/v2\/tags?post=46035"}],"curies":[{"name":"wp","href":"https:\/\/api.w.org\/{rel}","templated":true}]}}