{"id":1965,"date":"2023-08-29T09:20:05","date_gmt":"2023-08-29T07:20:05","guid":{"rendered":"https:\/\/biorius.com\/australia\/"},"modified":"2024-11-04T09:18:49","modified_gmt":"2024-11-04T08:18:49","slug":"australie","status":"publish","type":"page","link":"https:\/\/biorius.com\/fr\/reglementation-cosmetique\/australie\/","title":{"rendered":"Australie R\u00e9glementation Cosm\u00e9tique"},"content":{"rendered":"","protected":false},"excerpt":{"rendered":"","protected":false},"author":1,"featured_media":0,"parent":47373,"menu_order":0,"comment_status":"closed","ping_status":"closed","template":"templates\/page-builder.php","meta":{"_acf_changed":false,"_coblocks_attr":"","_coblocks_dimensions":"","_coblocks_responsive_height":"","_coblocks_accordion_ie_support":"","footnotes":""},"categories":[],"tags":[],"class_list":["post-1965","page","type-page","status-publish","hentry"],"acf":[],"yoast_head":"<!-- This site is optimized with the Yoast SEO plugin v27.3 - https:\/\/yoast.com\/product\/yoast-seo-wordpress\/ -->\n<title>Australie R\u00e9glementation Cosm\u00e9tique - Biorius<\/title>\n<meta name=\"description\" content=\"Gr\u00e2ce \u00e0 son expertise, Biorius vous explique comment \u00eatre conforme \u00e0 la r\u00e9glementation cosm\u00e9tique de l&#039;Australie afin d&#039;acc\u00e9der \u00e0 ce march\u00e9 lucratif.\" \/>\n<meta name=\"robots\" content=\"index, follow, max-snippet:-1, max-image-preview:large, max-video-preview:-1\" \/>\n<link rel=\"canonical\" href=\"https:\/\/biorius.com\/fr\/reglementation-cosmetique\/australie\/\" \/>\n<meta property=\"og:locale\" content=\"fr_FR\" \/>\n<meta property=\"og:type\" content=\"article\" \/>\n<meta property=\"og:title\" content=\"Australie R\u00e9glementation Cosm\u00e9tique - Biorius\" \/>\n<meta property=\"og:description\" content=\"Gr\u00e2ce \u00e0 son expertise, Biorius vous explique comment \u00eatre conforme \u00e0 la r\u00e9glementation cosm\u00e9tique de l&#039;Australie afin d&#039;acc\u00e9der \u00e0 ce march\u00e9 lucratif.\" \/>\n<meta property=\"og:url\" content=\"https:\/\/biorius.com\/fr\/reglementation-cosmetique\/australie\/\" \/>\n<meta property=\"og:site_name\" content=\"Biorius\" \/>\n<meta property=\"article:modified_time\" content=\"2024-11-04T08:18:49+00:00\" \/>\n<meta name=\"twitter:card\" content=\"summary_large_image\" \/>\n<meta name=\"twitter:label1\" content=\"Dur\u00e9e de lecture estim\u00e9e\" \/>\n\t<meta name=\"twitter:data1\" content=\"4 minutes\" \/>\n<script type=\"application\/ld+json\" class=\"yoast-schema-graph\">{\"@context\":\"https:\\\/\\\/schema.org\",\"@graph\":[{\"@type\":\"WebPage\",\"@id\":\"https:\\\/\\\/biorius.com\\\/fr\\\/reglementation-cosmetique\\\/australie\\\/\",\"url\":\"https:\\\/\\\/biorius.com\\\/fr\\\/reglementation-cosmetique\\\/australie\\\/\",\"name\":\"Australie R\u00e9glementation Cosm\u00e9tique - Biorius\",\"isPartOf\":{\"@id\":\"https:\\\/\\\/biorius.com\\\/fr\\\/#website\"},\"datePublished\":\"2023-08-29T07:20:05+00:00\",\"dateModified\":\"2024-11-04T08:18:49+00:00\",\"description\":\"Gr\u00e2ce \u00e0 son expertise, Biorius vous explique comment \u00eatre conforme \u00e0 la r\u00e9glementation cosm\u00e9tique de l'Australie afin d'acc\u00e9der \u00e0 ce march\u00e9 lucratif.\",\"breadcrumb\":{\"@id\":\"https:\\\/\\\/biorius.com\\\/fr\\\/reglementation-cosmetique\\\/australie\\\/#breadcrumb\"},\"inLanguage\":\"fr-FR\",\"potentialAction\":[{\"@type\":\"ReadAction\",\"target\":[\"https:\\\/\\\/biorius.com\\\/fr\\\/reglementation-cosmetique\\\/australie\\\/\"]}]},{\"@type\":\"BreadcrumbList\",\"@id\":\"https:\\\/\\\/biorius.com\\\/fr\\\/reglementation-cosmetique\\\/australie\\\/#breadcrumb\",\"itemListElement\":[{\"@type\":\"ListItem\",\"position\":1,\"name\":\"Accueil\",\"item\":\"https:\\\/\\\/biorius.com\\\/fr\\\/\"},{\"@type\":\"ListItem\",\"position\":2,\"name\":\"Australie R\u00e9glementation Cosm\u00e9tique\"}]},{\"@type\":\"WebSite\",\"@id\":\"https:\\\/\\\/biorius.com\\\/fr\\\/#website\",\"url\":\"https:\\\/\\\/biorius.com\\\/fr\\\/\",\"name\":\"Biorius\",\"description\":\"You create dreams we protect them\",\"potentialAction\":[{\"@type\":\"SearchAction\",\"target\":{\"@type\":\"EntryPoint\",\"urlTemplate\":\"https:\\\/\\\/biorius.com\\\/fr\\\/?s={search_term_string}\"},\"query-input\":{\"@type\":\"PropertyValueSpecification\",\"valueRequired\":true,\"valueName\":\"search_term_string\"}}],\"inLanguage\":\"fr-FR\"}]}<\/script>\n<!-- \/ Yoast SEO plugin. -->","yoast_head_json":{"title":"Australie R\u00e9glementation Cosm\u00e9tique - Biorius","description":"Gr\u00e2ce \u00e0 son expertise, Biorius vous explique comment \u00eatre conforme \u00e0 la r\u00e9glementation cosm\u00e9tique de l'Australie afin d'acc\u00e9der \u00e0 ce march\u00e9 lucratif.","robots":{"index":"index","follow":"follow","max-snippet":"max-snippet:-1","max-image-preview":"max-image-preview:large","max-video-preview":"max-video-preview:-1"},"canonical":"https:\/\/biorius.com\/fr\/reglementation-cosmetique\/australie\/","og_locale":"fr_FR","og_type":"article","og_title":"Australie R\u00e9glementation Cosm\u00e9tique - Biorius","og_description":"Gr\u00e2ce \u00e0 son expertise, Biorius vous explique comment \u00eatre conforme \u00e0 la r\u00e9glementation cosm\u00e9tique de l'Australie afin d'acc\u00e9der \u00e0 ce march\u00e9 lucratif.","og_url":"https:\/\/biorius.com\/fr\/reglementation-cosmetique\/australie\/","og_site_name":"Biorius","article_modified_time":"2024-11-04T08:18:49+00:00","twitter_card":"summary_large_image","twitter_misc":{"Dur\u00e9e de lecture estim\u00e9e":"4 minutes"},"schema":{"@context":"https:\/\/schema.org","@graph":[{"@type":"WebPage","@id":"https:\/\/biorius.com\/fr\/reglementation-cosmetique\/australie\/","url":"https:\/\/biorius.com\/fr\/reglementation-cosmetique\/australie\/","name":"Australie R\u00e9glementation Cosm\u00e9tique - Biorius","isPartOf":{"@id":"https:\/\/biorius.com\/fr\/#website"},"datePublished":"2023-08-29T07:20:05+00:00","dateModified":"2024-11-04T08:18:49+00:00","description":"Gr\u00e2ce \u00e0 son expertise, Biorius vous explique comment \u00eatre conforme \u00e0 la r\u00e9glementation cosm\u00e9tique de l'Australie afin d'acc\u00e9der \u00e0 ce march\u00e9 lucratif.","breadcrumb":{"@id":"https:\/\/biorius.com\/fr\/reglementation-cosmetique\/australie\/#breadcrumb"},"inLanguage":"fr-FR","potentialAction":[{"@type":"ReadAction","target":["https:\/\/biorius.com\/fr\/reglementation-cosmetique\/australie\/"]}]},{"@type":"BreadcrumbList","@id":"https:\/\/biorius.com\/fr\/reglementation-cosmetique\/australie\/#breadcrumb","itemListElement":[{"@type":"ListItem","position":1,"name":"Accueil","item":"https:\/\/biorius.com\/fr\/"},{"@type":"ListItem","position":2,"name":"Australie R\u00e9glementation Cosm\u00e9tique"}]},{"@type":"WebSite","@id":"https:\/\/biorius.com\/fr\/#website","url":"https:\/\/biorius.com\/fr\/","name":"Biorius","description":"You create dreams we protect them","potentialAction":[{"@type":"SearchAction","target":{"@type":"EntryPoint","urlTemplate":"https:\/\/biorius.com\/fr\/?s={search_term_string}"},"query-input":{"@type":"PropertyValueSpecification","valueRequired":true,"valueName":"search_term_string"}}],"inLanguage":"fr-FR"}]}},"_links":{"self":[{"href":"https:\/\/biorius.com\/fr\/wp-json\/wp\/v2\/pages\/1965","targetHints":{"allow":["GET"]}}],"collection":[{"href":"https:\/\/biorius.com\/fr\/wp-json\/wp\/v2\/pages"}],"about":[{"href":"https:\/\/biorius.com\/fr\/wp-json\/wp\/v2\/types\/page"}],"author":[{"embeddable":true,"href":"https:\/\/biorius.com\/fr\/wp-json\/wp\/v2\/users\/1"}],"replies":[{"embeddable":true,"href":"https:\/\/biorius.com\/fr\/wp-json\/wp\/v2\/comments?post=1965"}],"version-history":[{"count":0,"href":"https:\/\/biorius.com\/fr\/wp-json\/wp\/v2\/pages\/1965\/revisions"}],"up":[{"embeddable":true,"href":"https:\/\/biorius.com\/fr\/wp-json\/wp\/v2\/pages\/47373"}],"wp:attachment":[{"href":"https:\/\/biorius.com\/fr\/wp-json\/wp\/v2\/media?parent=1965"}],"wp:term":[{"taxonomy":"category","embeddable":true,"href":"https:\/\/biorius.com\/fr\/wp-json\/wp\/v2\/categories?post=1965"},{"taxonomy":"post_tag","embeddable":true,"href":"https:\/\/biorius.com\/fr\/wp-json\/wp\/v2\/tags?post=1965"}],"curies":[{"name":"wp","href":"https:\/\/api.w.org\/{rel}","templated":true}]}}