{"id":1933,"date":"2023-08-29T14:05:08","date_gmt":"2023-08-29T12:05:08","guid":{"rendered":"https:\/\/biorius.com\/cosmetics-compliance-china\/"},"modified":"2024-11-04T09:18:50","modified_gmt":"2024-11-04T08:18:50","slug":"chine","status":"publish","type":"page","link":"https:\/\/biorius.com\/fr\/reglementation-cosmetique\/chine\/","title":{"rendered":"Chine R\u00e9glementation Cosm\u00e9tique"},"content":{"rendered":"","protected":false},"excerpt":{"rendered":"","protected":false},"author":1,"featured_media":871,"parent":47373,"menu_order":0,"comment_status":"closed","ping_status":"closed","template":"templates\/page-builder.php","meta":{"_acf_changed":false,"_coblocks_attr":"","_coblocks_dimensions":"","_coblocks_responsive_height":"","_coblocks_accordion_ie_support":"","footnotes":""},"categories":[],"tags":[],"class_list":["post-1933","page","type-page","status-publish","has-post-thumbnail","hentry"],"acf":[],"yoast_head":"<!-- This site is optimized with the Yoast SEO plugin v27.3 - https:\/\/yoast.com\/product\/yoast-seo-wordpress\/ -->\n<title>Chine R\u00e9glementation Cosm\u00e9tique - Biorius<\/title>\n<meta name=\"description\" content=\"Biorius vous aide \u00e0 rendre vos produits conformes aux r\u00e9glementations chinoises sur les cosm\u00e9tiques\" \/>\n<meta name=\"robots\" content=\"index, follow, max-snippet:-1, max-image-preview:large, max-video-preview:-1\" \/>\n<link rel=\"canonical\" href=\"https:\/\/biorius.com\/fr\/reglementation-cosmetique\/chine\/\" \/>\n<meta property=\"og:locale\" content=\"fr_FR\" \/>\n<meta property=\"og:type\" content=\"article\" \/>\n<meta property=\"og:title\" content=\"Chine R\u00e9glementation Cosm\u00e9tique - Biorius\" \/>\n<meta property=\"og:description\" content=\"Biorius vous aide \u00e0 rendre vos produits conformes aux r\u00e9glementations chinoises sur les cosm\u00e9tiques\" \/>\n<meta property=\"og:url\" content=\"https:\/\/biorius.com\/fr\/reglementation-cosmetique\/chine\/\" \/>\n<meta property=\"og:site_name\" content=\"Biorius\" \/>\n<meta property=\"article:modified_time\" content=\"2024-11-04T08:18:50+00:00\" \/>\n<meta property=\"og:image\" content=\"https:\/\/biorius.com\/wp-content\/uploads\/2023\/08\/china-2.jpg\" \/>\n\t<meta property=\"og:image:width\" content=\"1920\" \/>\n\t<meta property=\"og:image:height\" content=\"840\" \/>\n\t<meta property=\"og:image:type\" content=\"image\/jpeg\" \/>\n<meta name=\"twitter:card\" content=\"summary_large_image\" \/>\n<meta name=\"twitter:label1\" content=\"Dur\u00e9e de lecture estim\u00e9e\" \/>\n\t<meta name=\"twitter:data1\" content=\"11 minutes\" \/>\n<script type=\"application\/ld+json\" class=\"yoast-schema-graph\">{\"@context\":\"https:\\\/\\\/schema.org\",\"@graph\":[{\"@type\":\"WebPage\",\"@id\":\"https:\\\/\\\/biorius.com\\\/fr\\\/reglementation-cosmetique\\\/chine\\\/\",\"url\":\"https:\\\/\\\/biorius.com\\\/fr\\\/reglementation-cosmetique\\\/chine\\\/\",\"name\":\"Chine R\u00e9glementation Cosm\u00e9tique - Biorius\",\"isPartOf\":{\"@id\":\"https:\\\/\\\/biorius.com\\\/fr\\\/#website\"},\"primaryImageOfPage\":{\"@id\":\"https:\\\/\\\/biorius.com\\\/fr\\\/reglementation-cosmetique\\\/chine\\\/#primaryimage\"},\"image\":{\"@id\":\"https:\\\/\\\/biorius.com\\\/fr\\\/reglementation-cosmetique\\\/chine\\\/#primaryimage\"},\"thumbnailUrl\":\"https:\\\/\\\/biorius.com\\\/wp-content\\\/uploads\\\/2023\\\/08\\\/china-2.jpg\",\"datePublished\":\"2023-08-29T12:05:08+00:00\",\"dateModified\":\"2024-11-04T08:18:50+00:00\",\"description\":\"Biorius vous aide \u00e0 rendre vos produits conformes aux r\u00e9glementations chinoises sur les cosm\u00e9tiques\",\"breadcrumb\":{\"@id\":\"https:\\\/\\\/biorius.com\\\/fr\\\/reglementation-cosmetique\\\/chine\\\/#breadcrumb\"},\"inLanguage\":\"fr-FR\",\"potentialAction\":[{\"@type\":\"ReadAction\",\"target\":[\"https:\\\/\\\/biorius.com\\\/fr\\\/reglementation-cosmetique\\\/chine\\\/\"]}]},{\"@type\":\"ImageObject\",\"inLanguage\":\"fr-FR\",\"@id\":\"https:\\\/\\\/biorius.com\\\/fr\\\/reglementation-cosmetique\\\/chine\\\/#primaryimage\",\"url\":\"https:\\\/\\\/biorius.com\\\/wp-content\\\/uploads\\\/2023\\\/08\\\/china-2.jpg\",\"contentUrl\":\"https:\\\/\\\/biorius.com\\\/wp-content\\\/uploads\\\/2023\\\/08\\\/china-2.jpg\",\"width\":1920,\"height\":840,\"caption\":\"China Cosmetic Regulations\"},{\"@type\":\"BreadcrumbList\",\"@id\":\"https:\\\/\\\/biorius.com\\\/fr\\\/reglementation-cosmetique\\\/chine\\\/#breadcrumb\",\"itemListElement\":[{\"@type\":\"ListItem\",\"position\":1,\"name\":\"Accueil\",\"item\":\"https:\\\/\\\/biorius.com\\\/fr\\\/\"},{\"@type\":\"ListItem\",\"position\":2,\"name\":\"R\u00e9glementations Cosm\u00e9tiques\",\"item\":\"https:\\\/\\\/biorius.com\\\/fr\\\/cosmetic-regulations\\\/\"},{\"@type\":\"ListItem\",\"position\":3,\"name\":\"Chine R\u00e9glementation Cosm\u00e9tique\"}]},{\"@type\":\"WebSite\",\"@id\":\"https:\\\/\\\/biorius.com\\\/fr\\\/#website\",\"url\":\"https:\\\/\\\/biorius.com\\\/fr\\\/\",\"name\":\"Biorius\",\"description\":\"You create dreams we protect them\",\"potentialAction\":[{\"@type\":\"SearchAction\",\"target\":{\"@type\":\"EntryPoint\",\"urlTemplate\":\"https:\\\/\\\/biorius.com\\\/fr\\\/?s={search_term_string}\"},\"query-input\":{\"@type\":\"PropertyValueSpecification\",\"valueRequired\":true,\"valueName\":\"search_term_string\"}}],\"inLanguage\":\"fr-FR\"}]}<\/script>\n<!-- \/ Yoast SEO plugin. -->","yoast_head_json":{"title":"Chine R\u00e9glementation Cosm\u00e9tique - Biorius","description":"Biorius vous aide \u00e0 rendre vos produits conformes aux r\u00e9glementations chinoises sur les cosm\u00e9tiques","robots":{"index":"index","follow":"follow","max-snippet":"max-snippet:-1","max-image-preview":"max-image-preview:large","max-video-preview":"max-video-preview:-1"},"canonical":"https:\/\/biorius.com\/fr\/reglementation-cosmetique\/chine\/","og_locale":"fr_FR","og_type":"article","og_title":"Chine R\u00e9glementation Cosm\u00e9tique - Biorius","og_description":"Biorius vous aide \u00e0 rendre vos produits conformes aux r\u00e9glementations chinoises sur les cosm\u00e9tiques","og_url":"https:\/\/biorius.com\/fr\/reglementation-cosmetique\/chine\/","og_site_name":"Biorius","article_modified_time":"2024-11-04T08:18:50+00:00","og_image":[{"width":1920,"height":840,"url":"https:\/\/biorius.com\/wp-content\/uploads\/2023\/08\/china-2.jpg","type":"image\/jpeg"}],"twitter_card":"summary_large_image","twitter_misc":{"Dur\u00e9e de lecture estim\u00e9e":"11 minutes"},"schema":{"@context":"https:\/\/schema.org","@graph":[{"@type":"WebPage","@id":"https:\/\/biorius.com\/fr\/reglementation-cosmetique\/chine\/","url":"https:\/\/biorius.com\/fr\/reglementation-cosmetique\/chine\/","name":"Chine R\u00e9glementation Cosm\u00e9tique - Biorius","isPartOf":{"@id":"https:\/\/biorius.com\/fr\/#website"},"primaryImageOfPage":{"@id":"https:\/\/biorius.com\/fr\/reglementation-cosmetique\/chine\/#primaryimage"},"image":{"@id":"https:\/\/biorius.com\/fr\/reglementation-cosmetique\/chine\/#primaryimage"},"thumbnailUrl":"https:\/\/biorius.com\/wp-content\/uploads\/2023\/08\/china-2.jpg","datePublished":"2023-08-29T12:05:08+00:00","dateModified":"2024-11-04T08:18:50+00:00","description":"Biorius vous aide \u00e0 rendre vos produits conformes aux r\u00e9glementations chinoises sur les cosm\u00e9tiques","breadcrumb":{"@id":"https:\/\/biorius.com\/fr\/reglementation-cosmetique\/chine\/#breadcrumb"},"inLanguage":"fr-FR","potentialAction":[{"@type":"ReadAction","target":["https:\/\/biorius.com\/fr\/reglementation-cosmetique\/chine\/"]}]},{"@type":"ImageObject","inLanguage":"fr-FR","@id":"https:\/\/biorius.com\/fr\/reglementation-cosmetique\/chine\/#primaryimage","url":"https:\/\/biorius.com\/wp-content\/uploads\/2023\/08\/china-2.jpg","contentUrl":"https:\/\/biorius.com\/wp-content\/uploads\/2023\/08\/china-2.jpg","width":1920,"height":840,"caption":"China Cosmetic Regulations"},{"@type":"BreadcrumbList","@id":"https:\/\/biorius.com\/fr\/reglementation-cosmetique\/chine\/#breadcrumb","itemListElement":[{"@type":"ListItem","position":1,"name":"Accueil","item":"https:\/\/biorius.com\/fr\/"},{"@type":"ListItem","position":2,"name":"R\u00e9glementations Cosm\u00e9tiques","item":"https:\/\/biorius.com\/fr\/cosmetic-regulations\/"},{"@type":"ListItem","position":3,"name":"Chine R\u00e9glementation Cosm\u00e9tique"}]},{"@type":"WebSite","@id":"https:\/\/biorius.com\/fr\/#website","url":"https:\/\/biorius.com\/fr\/","name":"Biorius","description":"You create dreams we protect them","potentialAction":[{"@type":"SearchAction","target":{"@type":"EntryPoint","urlTemplate":"https:\/\/biorius.com\/fr\/?s={search_term_string}"},"query-input":{"@type":"PropertyValueSpecification","valueRequired":true,"valueName":"search_term_string"}}],"inLanguage":"fr-FR"}]}},"_links":{"self":[{"href":"https:\/\/biorius.com\/fr\/wp-json\/wp\/v2\/pages\/1933","targetHints":{"allow":["GET"]}}],"collection":[{"href":"https:\/\/biorius.com\/fr\/wp-json\/wp\/v2\/pages"}],"about":[{"href":"https:\/\/biorius.com\/fr\/wp-json\/wp\/v2\/types\/page"}],"author":[{"embeddable":true,"href":"https:\/\/biorius.com\/fr\/wp-json\/wp\/v2\/users\/1"}],"replies":[{"embeddable":true,"href":"https:\/\/biorius.com\/fr\/wp-json\/wp\/v2\/comments?post=1933"}],"version-history":[{"count":0,"href":"https:\/\/biorius.com\/fr\/wp-json\/wp\/v2\/pages\/1933\/revisions"}],"up":[{"embeddable":true,"href":"https:\/\/biorius.com\/fr\/wp-json\/wp\/v2\/pages\/47373"}],"wp:featuredmedia":[{"embeddable":true,"href":"https:\/\/biorius.com\/fr\/wp-json\/wp\/v2\/media\/871"}],"wp:attachment":[{"href":"https:\/\/biorius.com\/fr\/wp-json\/wp\/v2\/media?parent=1933"}],"wp:term":[{"taxonomy":"category","embeddable":true,"href":"https:\/\/biorius.com\/fr\/wp-json\/wp\/v2\/categories?post=1933"},{"taxonomy":"post_tag","embeddable":true,"href":"https:\/\/biorius.com\/fr\/wp-json\/wp\/v2\/tags?post=1933"}],"curies":[{"name":"wp","href":"https:\/\/api.w.org\/{rel}","templated":true}]}}