{"id":1893,"date":"2023-08-31T08:13:43","date_gmt":"2023-08-31T06:13:43","guid":{"rendered":"https:\/\/biorius.com\/cosmetic-labels\/"},"modified":"2024-11-04T09:18:50","modified_gmt":"2024-11-04T08:18:50","slug":"etiquette-cosmetique","status":"publish","type":"page","link":"https:\/\/biorius.com\/fr\/reglementation-cosmetique\/etiquette-cosmetique\/","title":{"rendered":"Revue de l&#8217;\u00e9tiquette cosm\u00e9tique"},"content":{"rendered":"","protected":false},"excerpt":{"rendered":"","protected":false},"author":1,"featured_media":0,"parent":47373,"menu_order":0,"comment_status":"closed","ping_status":"closed","template":"templates\/page-builder.php","meta":{"_acf_changed":false,"_coblocks_attr":"","_coblocks_dimensions":"","_coblocks_responsive_height":"","_coblocks_accordion_ie_support":"","footnotes":""},"categories":[],"tags":[],"class_list":["post-1893","page","type-page","status-publish","hentry"],"acf":[],"yoast_head":"<!-- This site is optimized with the Yoast SEO plugin v27.4 - https:\/\/yoast.com\/product\/yoast-seo-wordpress\/ -->\n<title>Cosmetic Label review - Biorius<\/title>\n<meta name=\"description\" content=\"R\u00e9vision de l&#039;\u00e9tiquetage des produits cosm\u00e9tiques : une grande attention devrait \u00eatre accord\u00e9e \u00e0 l&#039;information obligatoire des consommateurs et aux communications commerciales sur les \u00e9tiquettes des produits cosm\u00e9tiques.\" \/>\n<meta name=\"robots\" content=\"index, follow, max-snippet:-1, max-image-preview:large, max-video-preview:-1\" \/>\n<link rel=\"canonical\" href=\"https:\/\/biorius.com\/fr\/reglementation-cosmetique\/etiquette-cosmetique\/\" \/>\n<meta property=\"og:locale\" content=\"fr_FR\" \/>\n<meta property=\"og:type\" content=\"article\" \/>\n<meta property=\"og:title\" content=\"Cosmetic Label review - Biorius\" \/>\n<meta property=\"og:description\" content=\"R\u00e9vision de l&#039;\u00e9tiquetage des produits cosm\u00e9tiques : une grande attention devrait \u00eatre accord\u00e9e \u00e0 l&#039;information obligatoire des consommateurs et aux communications commerciales sur les \u00e9tiquettes des produits cosm\u00e9tiques.\" \/>\n<meta property=\"og:url\" content=\"https:\/\/biorius.com\/fr\/reglementation-cosmetique\/etiquette-cosmetique\/\" \/>\n<meta property=\"og:site_name\" content=\"Biorius\" \/>\n<meta property=\"article:modified_time\" content=\"2024-11-04T08:18:50+00:00\" \/>\n<meta name=\"twitter:card\" content=\"summary_large_image\" \/>\n<meta name=\"twitter:label1\" content=\"Dur\u00e9e de lecture estim\u00e9e\" \/>\n\t<meta name=\"twitter:data1\" content=\"2 minutes\" \/>\n<script type=\"application\/ld+json\" class=\"yoast-schema-graph\">{\"@context\":\"https:\\\/\\\/schema.org\",\"@graph\":[{\"@type\":\"WebPage\",\"@id\":\"https:\\\/\\\/biorius.com\\\/fr\\\/reglementation-cosmetique\\\/etiquette-cosmetique\\\/\",\"url\":\"https:\\\/\\\/biorius.com\\\/fr\\\/reglementation-cosmetique\\\/etiquette-cosmetique\\\/\",\"name\":\"Cosmetic Label review - Biorius\",\"isPartOf\":{\"@id\":\"https:\\\/\\\/biorius.com\\\/fr\\\/#website\"},\"datePublished\":\"2023-08-31T06:13:43+00:00\",\"dateModified\":\"2024-11-04T08:18:50+00:00\",\"description\":\"R\u00e9vision de l'\u00e9tiquetage des produits cosm\u00e9tiques : une grande attention devrait \u00eatre accord\u00e9e \u00e0 l'information obligatoire des consommateurs et aux communications commerciales sur les \u00e9tiquettes des produits cosm\u00e9tiques.\",\"breadcrumb\":{\"@id\":\"https:\\\/\\\/biorius.com\\\/fr\\\/reglementation-cosmetique\\\/etiquette-cosmetique\\\/#breadcrumb\"},\"inLanguage\":\"fr-FR\",\"potentialAction\":[{\"@type\":\"ReadAction\",\"target\":[\"https:\\\/\\\/biorius.com\\\/fr\\\/reglementation-cosmetique\\\/etiquette-cosmetique\\\/\"]}]},{\"@type\":\"BreadcrumbList\",\"@id\":\"https:\\\/\\\/biorius.com\\\/fr\\\/reglementation-cosmetique\\\/etiquette-cosmetique\\\/#breadcrumb\",\"itemListElement\":[{\"@type\":\"ListItem\",\"position\":1,\"name\":\"Accueil\",\"item\":\"https:\\\/\\\/biorius.com\\\/fr\\\/\"},{\"@type\":\"ListItem\",\"position\":2,\"name\":\"R\u00e9glementations Cosm\u00e9tiques\",\"item\":\"https:\\\/\\\/biorius.com\\\/fr\\\/cosmetic-regulations\\\/\"},{\"@type\":\"ListItem\",\"position\":3,\"name\":\"Revue de l&#8217;\u00e9tiquette cosm\u00e9tique\"}]},{\"@type\":\"WebSite\",\"@id\":\"https:\\\/\\\/biorius.com\\\/fr\\\/#website\",\"url\":\"https:\\\/\\\/biorius.com\\\/fr\\\/\",\"name\":\"Biorius\",\"description\":\"You create dreams we protect them\",\"potentialAction\":[{\"@type\":\"SearchAction\",\"target\":{\"@type\":\"EntryPoint\",\"urlTemplate\":\"https:\\\/\\\/biorius.com\\\/fr\\\/?s={search_term_string}\"},\"query-input\":{\"@type\":\"PropertyValueSpecification\",\"valueRequired\":true,\"valueName\":\"search_term_string\"}}],\"inLanguage\":\"fr-FR\"}]}<\/script>\n<!-- \/ Yoast SEO plugin. -->","yoast_head_json":{"title":"Cosmetic Label review - Biorius","description":"R\u00e9vision de l'\u00e9tiquetage des produits cosm\u00e9tiques : une grande attention devrait \u00eatre accord\u00e9e \u00e0 l'information obligatoire des consommateurs et aux communications commerciales sur les \u00e9tiquettes des produits cosm\u00e9tiques.","robots":{"index":"index","follow":"follow","max-snippet":"max-snippet:-1","max-image-preview":"max-image-preview:large","max-video-preview":"max-video-preview:-1"},"canonical":"https:\/\/biorius.com\/fr\/reglementation-cosmetique\/etiquette-cosmetique\/","og_locale":"fr_FR","og_type":"article","og_title":"Cosmetic Label review - Biorius","og_description":"R\u00e9vision de l'\u00e9tiquetage des produits cosm\u00e9tiques : une grande attention devrait \u00eatre accord\u00e9e \u00e0 l'information obligatoire des consommateurs et aux communications commerciales sur les \u00e9tiquettes des produits cosm\u00e9tiques.","og_url":"https:\/\/biorius.com\/fr\/reglementation-cosmetique\/etiquette-cosmetique\/","og_site_name":"Biorius","article_modified_time":"2024-11-04T08:18:50+00:00","twitter_card":"summary_large_image","twitter_misc":{"Dur\u00e9e de lecture estim\u00e9e":"2 minutes"},"schema":{"@context":"https:\/\/schema.org","@graph":[{"@type":"WebPage","@id":"https:\/\/biorius.com\/fr\/reglementation-cosmetique\/etiquette-cosmetique\/","url":"https:\/\/biorius.com\/fr\/reglementation-cosmetique\/etiquette-cosmetique\/","name":"Cosmetic Label review - Biorius","isPartOf":{"@id":"https:\/\/biorius.com\/fr\/#website"},"datePublished":"2023-08-31T06:13:43+00:00","dateModified":"2024-11-04T08:18:50+00:00","description":"R\u00e9vision de l'\u00e9tiquetage des produits cosm\u00e9tiques : une grande attention devrait \u00eatre accord\u00e9e \u00e0 l'information obligatoire des consommateurs et aux communications commerciales sur les \u00e9tiquettes des produits cosm\u00e9tiques.","breadcrumb":{"@id":"https:\/\/biorius.com\/fr\/reglementation-cosmetique\/etiquette-cosmetique\/#breadcrumb"},"inLanguage":"fr-FR","potentialAction":[{"@type":"ReadAction","target":["https:\/\/biorius.com\/fr\/reglementation-cosmetique\/etiquette-cosmetique\/"]}]},{"@type":"BreadcrumbList","@id":"https:\/\/biorius.com\/fr\/reglementation-cosmetique\/etiquette-cosmetique\/#breadcrumb","itemListElement":[{"@type":"ListItem","position":1,"name":"Accueil","item":"https:\/\/biorius.com\/fr\/"},{"@type":"ListItem","position":2,"name":"R\u00e9glementations Cosm\u00e9tiques","item":"https:\/\/biorius.com\/fr\/cosmetic-regulations\/"},{"@type":"ListItem","position":3,"name":"Revue de l&#8217;\u00e9tiquette cosm\u00e9tique"}]},{"@type":"WebSite","@id":"https:\/\/biorius.com\/fr\/#website","url":"https:\/\/biorius.com\/fr\/","name":"Biorius","description":"You create dreams we protect them","potentialAction":[{"@type":"SearchAction","target":{"@type":"EntryPoint","urlTemplate":"https:\/\/biorius.com\/fr\/?s={search_term_string}"},"query-input":{"@type":"PropertyValueSpecification","valueRequired":true,"valueName":"search_term_string"}}],"inLanguage":"fr-FR"}]}},"_links":{"self":[{"href":"https:\/\/biorius.com\/fr\/wp-json\/wp\/v2\/pages\/1893","targetHints":{"allow":["GET"]}}],"collection":[{"href":"https:\/\/biorius.com\/fr\/wp-json\/wp\/v2\/pages"}],"about":[{"href":"https:\/\/biorius.com\/fr\/wp-json\/wp\/v2\/types\/page"}],"author":[{"embeddable":true,"href":"https:\/\/biorius.com\/fr\/wp-json\/wp\/v2\/users\/1"}],"replies":[{"embeddable":true,"href":"https:\/\/biorius.com\/fr\/wp-json\/wp\/v2\/comments?post=1893"}],"version-history":[{"count":0,"href":"https:\/\/biorius.com\/fr\/wp-json\/wp\/v2\/pages\/1893\/revisions"}],"up":[{"embeddable":true,"href":"https:\/\/biorius.com\/fr\/wp-json\/wp\/v2\/pages\/47373"}],"wp:attachment":[{"href":"https:\/\/biorius.com\/fr\/wp-json\/wp\/v2\/media?parent=1893"}],"wp:term":[{"taxonomy":"category","embeddable":true,"href":"https:\/\/biorius.com\/fr\/wp-json\/wp\/v2\/categories?post=1893"},{"taxonomy":"post_tag","embeddable":true,"href":"https:\/\/biorius.com\/fr\/wp-json\/wp\/v2\/tags?post=1893"}],"curies":[{"name":"wp","href":"https:\/\/api.w.org\/{rel}","templated":true}]}}