{"id":1873,"date":"2023-09-01T05:59:52","date_gmt":"2023-09-01T03:59:52","guid":{"rendered":"https:\/\/biorius.com\/sustainability\/"},"modified":"2025-01-13T09:55:42","modified_gmt":"2025-01-13T08:55:42","slug":"developpement-durable","status":"publish","type":"page","link":"https:\/\/biorius.com\/fr\/developpement-durable\/","title":{"rendered":"Durabilit\u00e9"},"content":{"rendered":"","protected":false},"excerpt":{"rendered":"","protected":false},"author":1,"featured_media":0,"parent":0,"menu_order":0,"comment_status":"closed","ping_status":"closed","template":"templates\/page-builder.php","meta":{"_acf_changed":false,"_coblocks_attr":"","_coblocks_dimensions":"","_coblocks_responsive_height":"","_coblocks_accordion_ie_support":"","footnotes":""},"categories":[],"tags":[],"class_list":["post-1873","page","type-page","status-publish","hentry"],"acf":[],"yoast_head":"<!-- This site is optimized with the Yoast SEO plugin v27.4 - https:\/\/yoast.com\/product\/yoast-seo-wordpress\/ -->\n<title>Durabilit\u00e9 - Biorius votre expert en r\u00e9glementation des cosm\u00e9tiques<\/title>\n<meta name=\"description\" content=\"Biorius est conscient de sa responsabilit\u00e9 environnementale et a renforc\u00e9 son engagement aupr\u00e8s de l&#039;ONG &quot;Graine de Vie&quot; pour \u00eatre plus durable.\" \/>\n<meta name=\"robots\" content=\"index, follow, max-snippet:-1, max-image-preview:large, max-video-preview:-1\" \/>\n<link rel=\"canonical\" href=\"https:\/\/biorius.com\/fr\/developpement-durable\/\" \/>\n<meta property=\"og:locale\" content=\"fr_FR\" \/>\n<meta property=\"og:type\" content=\"article\" \/>\n<meta property=\"og:title\" content=\"Durabilit\u00e9 - Biorius votre expert en r\u00e9glementation des cosm\u00e9tiques\" \/>\n<meta property=\"og:description\" content=\"Biorius est conscient de sa responsabilit\u00e9 environnementale et a renforc\u00e9 son engagement aupr\u00e8s de l&#039;ONG &quot;Graine de Vie&quot; pour \u00eatre plus durable.\" \/>\n<meta property=\"og:url\" content=\"https:\/\/biorius.com\/fr\/developpement-durable\/\" \/>\n<meta property=\"og:site_name\" content=\"Biorius\" \/>\n<meta property=\"article:modified_time\" content=\"2025-01-13T08:55:42+00:00\" \/>\n<meta name=\"twitter:card\" content=\"summary_large_image\" \/>\n<meta name=\"twitter:label1\" content=\"Dur\u00e9e de lecture estim\u00e9e\" \/>\n\t<meta name=\"twitter:data1\" content=\"5 minutes\" \/>\n<script type=\"application\/ld+json\" class=\"yoast-schema-graph\">{\"@context\":\"https:\\\/\\\/schema.org\",\"@graph\":[{\"@type\":\"WebPage\",\"@id\":\"https:\\\/\\\/biorius.com\\\/fr\\\/developpement-durable\\\/\",\"url\":\"https:\\\/\\\/biorius.com\\\/fr\\\/developpement-durable\\\/\",\"name\":\"Durabilit\u00e9 - Biorius votre expert en r\u00e9glementation des cosm\u00e9tiques\",\"isPartOf\":{\"@id\":\"https:\\\/\\\/biorius.com\\\/fr\\\/#website\"},\"datePublished\":\"2023-09-01T03:59:52+00:00\",\"dateModified\":\"2025-01-13T08:55:42+00:00\",\"description\":\"Biorius est conscient de sa responsabilit\u00e9 environnementale et a renforc\u00e9 son engagement aupr\u00e8s de l'ONG \\\"Graine de Vie\\\" pour \u00eatre plus durable.\",\"breadcrumb\":{\"@id\":\"https:\\\/\\\/biorius.com\\\/fr\\\/developpement-durable\\\/#breadcrumb\"},\"inLanguage\":\"fr-FR\",\"potentialAction\":[{\"@type\":\"ReadAction\",\"target\":[\"https:\\\/\\\/biorius.com\\\/fr\\\/developpement-durable\\\/\"]}]},{\"@type\":\"BreadcrumbList\",\"@id\":\"https:\\\/\\\/biorius.com\\\/fr\\\/developpement-durable\\\/#breadcrumb\",\"itemListElement\":[{\"@type\":\"ListItem\",\"position\":1,\"name\":\"Accueil\",\"item\":\"https:\\\/\\\/biorius.com\\\/fr\\\/\"},{\"@type\":\"ListItem\",\"position\":2,\"name\":\"Durabilit\u00e9\"}]},{\"@type\":\"WebSite\",\"@id\":\"https:\\\/\\\/biorius.com\\\/fr\\\/#website\",\"url\":\"https:\\\/\\\/biorius.com\\\/fr\\\/\",\"name\":\"Biorius\",\"description\":\"You create dreams we protect them\",\"potentialAction\":[{\"@type\":\"SearchAction\",\"target\":{\"@type\":\"EntryPoint\",\"urlTemplate\":\"https:\\\/\\\/biorius.com\\\/fr\\\/?s={search_term_string}\"},\"query-input\":{\"@type\":\"PropertyValueSpecification\",\"valueRequired\":true,\"valueName\":\"search_term_string\"}}],\"inLanguage\":\"fr-FR\"}]}<\/script>\n<!-- \/ Yoast SEO plugin. -->","yoast_head_json":{"title":"Durabilit\u00e9 - Biorius votre expert en r\u00e9glementation des cosm\u00e9tiques","description":"Biorius est conscient de sa responsabilit\u00e9 environnementale et a renforc\u00e9 son engagement aupr\u00e8s de l'ONG \"Graine de Vie\" pour \u00eatre plus durable.","robots":{"index":"index","follow":"follow","max-snippet":"max-snippet:-1","max-image-preview":"max-image-preview:large","max-video-preview":"max-video-preview:-1"},"canonical":"https:\/\/biorius.com\/fr\/developpement-durable\/","og_locale":"fr_FR","og_type":"article","og_title":"Durabilit\u00e9 - Biorius votre expert en r\u00e9glementation des cosm\u00e9tiques","og_description":"Biorius est conscient de sa responsabilit\u00e9 environnementale et a renforc\u00e9 son engagement aupr\u00e8s de l'ONG \"Graine de Vie\" pour \u00eatre plus durable.","og_url":"https:\/\/biorius.com\/fr\/developpement-durable\/","og_site_name":"Biorius","article_modified_time":"2025-01-13T08:55:42+00:00","twitter_card":"summary_large_image","twitter_misc":{"Dur\u00e9e de lecture estim\u00e9e":"5 minutes"},"schema":{"@context":"https:\/\/schema.org","@graph":[{"@type":"WebPage","@id":"https:\/\/biorius.com\/fr\/developpement-durable\/","url":"https:\/\/biorius.com\/fr\/developpement-durable\/","name":"Durabilit\u00e9 - Biorius votre expert en r\u00e9glementation des cosm\u00e9tiques","isPartOf":{"@id":"https:\/\/biorius.com\/fr\/#website"},"datePublished":"2023-09-01T03:59:52+00:00","dateModified":"2025-01-13T08:55:42+00:00","description":"Biorius est conscient de sa responsabilit\u00e9 environnementale et a renforc\u00e9 son engagement aupr\u00e8s de l'ONG \"Graine de Vie\" pour \u00eatre plus durable.","breadcrumb":{"@id":"https:\/\/biorius.com\/fr\/developpement-durable\/#breadcrumb"},"inLanguage":"fr-FR","potentialAction":[{"@type":"ReadAction","target":["https:\/\/biorius.com\/fr\/developpement-durable\/"]}]},{"@type":"BreadcrumbList","@id":"https:\/\/biorius.com\/fr\/developpement-durable\/#breadcrumb","itemListElement":[{"@type":"ListItem","position":1,"name":"Accueil","item":"https:\/\/biorius.com\/fr\/"},{"@type":"ListItem","position":2,"name":"Durabilit\u00e9"}]},{"@type":"WebSite","@id":"https:\/\/biorius.com\/fr\/#website","url":"https:\/\/biorius.com\/fr\/","name":"Biorius","description":"You create dreams we protect them","potentialAction":[{"@type":"SearchAction","target":{"@type":"EntryPoint","urlTemplate":"https:\/\/biorius.com\/fr\/?s={search_term_string}"},"query-input":{"@type":"PropertyValueSpecification","valueRequired":true,"valueName":"search_term_string"}}],"inLanguage":"fr-FR"}]}},"_links":{"self":[{"href":"https:\/\/biorius.com\/fr\/wp-json\/wp\/v2\/pages\/1873","targetHints":{"allow":["GET"]}}],"collection":[{"href":"https:\/\/biorius.com\/fr\/wp-json\/wp\/v2\/pages"}],"about":[{"href":"https:\/\/biorius.com\/fr\/wp-json\/wp\/v2\/types\/page"}],"author":[{"embeddable":true,"href":"https:\/\/biorius.com\/fr\/wp-json\/wp\/v2\/users\/1"}],"replies":[{"embeddable":true,"href":"https:\/\/biorius.com\/fr\/wp-json\/wp\/v2\/comments?post=1873"}],"version-history":[{"count":0,"href":"https:\/\/biorius.com\/fr\/wp-json\/wp\/v2\/pages\/1873\/revisions"}],"wp:attachment":[{"href":"https:\/\/biorius.com\/fr\/wp-json\/wp\/v2\/media?parent=1873"}],"wp:term":[{"taxonomy":"category","embeddable":true,"href":"https:\/\/biorius.com\/fr\/wp-json\/wp\/v2\/categories?post=1873"},{"taxonomy":"post_tag","embeddable":true,"href":"https:\/\/biorius.com\/fr\/wp-json\/wp\/v2\/tags?post=1873"}],"curies":[{"name":"wp","href":"https:\/\/api.w.org\/{rel}","templated":true}]}}