{"id":54534,"date":"2024-09-02T15:06:09","date_gmt":"2024-09-02T13:06:09","guid":{"rendered":"https:\/\/biorius.com\/representante-autorizado\/"},"modified":"2025-01-13T10:08:48","modified_gmt":"2025-01-13T09:08:48","slug":"representante-autorizado","status":"publish","type":"page","link":"https:\/\/biorius.com\/es\/representante-autorizado\/","title":{"rendered":"Representante autorizado"},"content":{"rendered":"\n<div data-elementor-type=\"wp-page\" data-elementor-id=\"54534\" class=\"elementor elementor-54534 elementor-52808\" data-elementor-post-type=\"page\">\n<div class=\"elementor-element elementor-element-7ec2200 e-flex e-con-boxed e-con e-parent\" data-id=\"7ec2200\" data-element_type=\"container\" data-e-type=\"container\">\n<div class=\"e-con-inner\">\n<div class=\"elementor-element elementor-element-a2ad5f2 elementor-widget elementor-widget-text-editor\" data-id=\"a2ad5f2\" data-element_type=\"widget\" data-e-type=\"widget\" data-widget_type=\"text-editor.default\">\n<div class=\"elementor-widget-container\">\n<p><span style=\"color: var( --e-global-color-text ); font-family: var( --e-global-typography-text-font-family ), Sans-serif; font-weight: var( --e-global-typography-text-font-weight ); text-align: var(--text-align);\">Un <\/span><strong style=\"font-family: var( --e-global-typography-text-font-family ), Sans-serif; text-align: var(--text-align);\">Representante autorizado (RA) en <\/strong><span style=\"color: var(--c-theme-dark, var(--c-theme)); font-family: var( --e-global-typography-text-font-family ), Sans-serif; font-weight: 600; text-align: var(--text-align);\">GPSD<\/span><span style=\"color: var(--c-theme-dark, var(--c-theme)); font-family: var( --e-global-typography-text-font-family ), Sans-serif; font-weight: 600; text-align: var(--text-align);\"> <\/span><span style=\"color: var( --e-global-color-text ); font-family: var( --e-global-typography-text-font-family ), Sans-serif; font-weight: var( --e-global-typography-text-font-weight ); text-align: var(--text-align);\">es una persona o entidad designada por un fabricante, en particular los establecidos fuera de la Uni\u00f3n Europea, para actuar en su nombre dentro de la UE en virtud del &#8220;<\/span><strong style=\"font-family: var( --e-global-typography-text-font-family ), Sans-serif; text-align: var(--text-align);\">G<\/strong><span style=\"color: var( --e-global-color-text ); font-family: var( --e-global-typography-text-font-family ), Sans-serif; font-weight: var( --e-global-typography-text-font-weight ); text-align: var(--text-align);\">eneral <\/span><strong style=\"font-family: var( --e-global-typography-text-font-family ), Sans-serif; text-align: var(--text-align);\">P<\/strong><span style=\"color: var( --e-global-color-text ); font-family: var( --e-global-typography-text-font-family ), Sans-serif; font-weight: var( --e-global-typography-text-font-weight ); text-align: var(--text-align);\">roducto <\/span><strong style=\"font-family: var( --e-global-typography-text-font-family ), Sans-serif; text-align: var(--text-align);\">S<\/strong><span style=\"color: var( --e-global-color-text ); font-family: var( --e-global-typography-text-font-family ), Sans-serif; font-weight: var( --e-global-typography-text-font-weight ); text-align: var(--text-align);\">seguridad <\/span><strong style=\"font-family: var( --e-global-typography-text-font-family ), Sans-serif; text-align: var(--text-align);\">D<\/strong><span style=\"color: var( --e-global-color-text ); font-family: var( --e-global-typography-text-font-family ), Sans-serif; font-weight: var( --e-global-typography-text-font-weight ); text-align: var(--text-align);\">irectiva&#8221; (DSGP). El representante garantiza que los productos del fabricante cumplen la normativa de seguridad de la UE, conserva y mantiene la documentaci\u00f3n necesaria, y sirve de punto de contacto para las autoridades de vigilancia del mercado. Esta funci\u00f3n es fundamental para el cumplimiento de la normativa, sobre todo para los fabricantes de fuera de la UE que quieren entrar en el mercado europeo.  <\/span><\/p>\n<\/p>\n<p><strong>La DSGP (Directiva relativa a la seguridad general de los productos)<\/strong> es una normativa de la UE destinada a garantizar que los productos vendidos en la UE sean seguros para los consumidores. Se aplica a todos los productos de consumo no cubiertos por una legislaci\u00f3n sectorial espec\u00edfica. La DSGP fija requisitos generales de seguridad, ordena la vigilancia del mercado y establece obligaciones para que los fabricantes, distribuidores e importadores garanticen la seguridad de los productos.  <\/p>\n<\/p>\n<p><strong>Funci\u00f3n de Representante Autorizado (RA):<\/strong><\/p>\n<p>Un Representante Autorizado (RA) seg\u00fan la DSGP es una entidad o persona designada por un fabricante no comunitario para actuar en su nombre dentro de la UE. El RA garantiza el cumplimiento de la normativa, mantiene la documentaci\u00f3n necesaria (como la Declaraci\u00f3n de Conformidad de la UE) y sirve de enlace con las autoridades de vigilancia del mercado. Esta funci\u00f3n es especialmente importante para los fabricantes de fuera de la UE que quieren entrar en el mercado de la UE, ya que la RA ayuda a salvar la distancia reglamentaria y garantiza el cumplimiento de las normas de seguridad de la UE.  <\/p>\n<p><strong>Importancia de la DSGP:<\/strong><\/p>\n<p>La DSGP es esencial para mantener unas normas estrictas de protecci\u00f3n de los consumidores en toda la UE, fomentar la confianza de los consumidores en la seguridad de los productos disponibles en el mercado y prevenir los da\u00f1os causados por productos inseguros.<\/p>\n<\/p>\n<p>La Directiva relativa a la seguridad general de los productos (DSGP) se rige por <strong>la Directiva 2001\/95\/CE<\/strong>. Esta ley de la UE establece el marco para garantizar la seguridad de los productos de consumo en toda la Uni\u00f3n Europea. Establece los requisitos generales de seguridad de los productos, las obligaciones de los operadores econ\u00f3micos (fabricantes, importadores y distribuidores), y ordena la vigilancia del mercado y mecanismos de aplicaci\u00f3n para proteger a los consumidores de los productos inseguros.  <\/p>\n<p>Esta directiva es una piedra angular del planteamiento de la UE en materia de seguridad de los productos, sobre todo para los productos de consumo no cubiertos por una legislaci\u00f3n sectorial m\u00e1s espec\u00edfica.<\/p>\n<\/p><\/div>\n<\/p><\/div>\n<\/p><\/div>\n<\/p><\/div>\n<div class=\"elementor-element elementor-element-48ba72d e-flex e-con-boxed e-con e-parent\" data-id=\"48ba72d\" data-element_type=\"container\" data-e-type=\"container\">\n<div class=\"e-con-inner\">\n<div class=\"elementor-element elementor-element-a1b5e9a elementor-widget elementor-widget-text-editor\" data-id=\"a1b5e9a\" data-element_type=\"widget\" data-e-type=\"widget\" data-widget_type=\"text-editor.default\">\n<div class=\"elementor-widget-container\">\n<p>Un <strong>representante autorizado de la DSGP<\/strong> es una entidad o persona autorizada a actuar en nombre de un fabricante o importador conforme a la <strong>Directiva relativa a la seguridad general de los productos (DSGP<\/strong> ) en la Uni\u00f3n Europea. Este representante garantiza que los productos cumplen la normativa de seguridad de la UE y se coordina con las autoridades pertinentes. <\/p>\n<p>Aqu\u00ed tienes un desglose m\u00e1s detallado:<\/p>\n<ol>\n<li><strong>Directiva relativa a la seguridad general de los productos (DSGP):<\/strong> La DSGP es una directiva de la UE cuyo objetivo es garantizar que en el mercado europeo s\u00f3lo se vendan productos seguros. Se aplica a los productos de consumo que no est\u00e1n cubiertos por una legislaci\u00f3n sectorial espec\u00edfica (como juguetes, productos sanitarios, etc.). <\/li>\n<li><strong>Funci\u00f3n del representante autorizado:<\/strong>\n<ul>\n<li><strong>Garant\u00eda de cumplimiento:<\/strong> El representante autorizado garantiza que los productos cumplen todos los requisitos de seguridad establecidos en la DSGP.<\/li>\n<li><strong>La documentaci\u00f3n:<\/strong> Pueden conservar y mantener la documentaci\u00f3n necesaria, como la Declaraci\u00f3n UE de Conformidad, en nombre del fabricante.<\/li>\n<li><strong>Vigilancia del mercado:<\/strong> Act\u00faan como punto de contacto para las autoridades de vigilancia del mercado, respondiendo a las solicitudes de informaci\u00f3n o adoptando las medidas correctoras necesarias si un producto no cumple la normativa de seguridad.<\/li>\n<li><strong>Responsabilidad legal:<\/strong> En algunos casos, el representante autorizado puede compartir responsabilidades legales con el fabricante por la seguridad del producto.<\/li>\n<\/ul>\n<\/li>\n<li><strong>Por qu\u00e9 es importante:<\/strong>\n<ul>\n<li><strong>Fabricantes de fuera de la UE:<\/strong> Para los fabricantes situados fuera de la UE, tener un representante autorizado es crucial para acceder al mercado europeo, ya que ayuda a salvar la brecha normativa.<\/li>\n<li><strong>Entrada en el mercado:<\/strong> Simplifica el proceso de entrada en el mercado de la UE garantizando que una entidad competente dentro de la UE se ocupe del cumplimiento de la normativa.<\/li>\n<\/ul>\n<\/li>\n<\/ol>\n<p>En resumen, un representante autorizado de la DSGP act\u00faa como la entidad jur\u00eddica local responsable de garantizar que un producto cumple los requisitos generales de seguridad de la UE, especialmente para los fabricantes de fuera de la UE.<\/p>\n<\/p><\/div>\n<\/p><\/div>\n<\/p><\/div>\n<\/p><\/div>\n<\/p><\/div>\n","protected":false},"excerpt":{"rendered":"<p>Un Representante autorizado (RA) en GPSD es una persona o entidad designada por un fabricante, en particular los establecidos fuera de la Uni\u00f3n Europea, para&#8230;<\/p>\n","protected":false},"author":1,"featured_media":0,"parent":0,"menu_order":0,"comment_status":"closed","ping_status":"closed","template":"","meta":{"_acf_changed":false,"_coblocks_attr":"","_coblocks_dimensions":"","_coblocks_responsive_height":"","_coblocks_accordion_ie_support":"","footnotes":""},"categories":[],"tags":[],"class_list":["post-54534","page","type-page","status-publish","hentry"],"acf":[],"yoast_head":"<!-- This site is optimized with the Yoast SEO plugin v27.3 - https:\/\/yoast.com\/product\/yoast-seo-wordpress\/ -->\n<title>Representante autorizado - Biorius<\/title>\n<meta name=\"description\" content=\"Inf\u00f3rmate sobre el papel crucial de un Representante Autorizado de la DSGP para garantizar el cumplimiento de la seguridad de los productos en la Uni\u00f3n Europea.\" \/>\n<meta name=\"robots\" content=\"index, follow, max-snippet:-1, max-image-preview:large, max-video-preview:-1\" \/>\n<link rel=\"canonical\" href=\"https:\/\/biorius.com\/es\/representante-autorizado\/\" \/>\n<meta property=\"og:locale\" content=\"es_ES\" \/>\n<meta property=\"og:type\" content=\"article\" \/>\n<meta property=\"og:title\" content=\"Representante autorizado - Biorius\" \/>\n<meta property=\"og:description\" content=\"Inf\u00f3rmate sobre el papel crucial de un Representante Autorizado de la DSGP para garantizar el cumplimiento de la seguridad de los productos en la Uni\u00f3n Europea.\" \/>\n<meta property=\"og:url\" content=\"https:\/\/biorius.com\/es\/representante-autorizado\/\" \/>\n<meta property=\"og:site_name\" content=\"Biorius\" \/>\n<meta property=\"article:modified_time\" content=\"2025-01-13T09:08:48+00:00\" \/>\n<meta name=\"twitter:card\" content=\"summary_large_image\" \/>\n<meta name=\"twitter:label1\" content=\"Tiempo de lectura\" \/>\n\t<meta name=\"twitter:data1\" content=\"4 minutos\" \/>\n<script type=\"application\/ld+json\" class=\"yoast-schema-graph\">{\"@context\":\"https:\\\/\\\/schema.org\",\"@graph\":[{\"@type\":\"WebPage\",\"@id\":\"https:\\\/\\\/biorius.com\\\/es\\\/representante-autorizado\\\/\",\"url\":\"https:\\\/\\\/biorius.com\\\/es\\\/representante-autorizado\\\/\",\"name\":\"Representante autorizado - Biorius\",\"isPartOf\":{\"@id\":\"https:\\\/\\\/biorius.com\\\/es\\\/#website\"},\"datePublished\":\"2024-09-02T13:06:09+00:00\",\"dateModified\":\"2025-01-13T09:08:48+00:00\",\"description\":\"Inf\u00f3rmate sobre el papel crucial de un Representante Autorizado de la DSGP para garantizar el cumplimiento de la seguridad de los productos en la Uni\u00f3n Europea.\",\"breadcrumb\":{\"@id\":\"https:\\\/\\\/biorius.com\\\/es\\\/representante-autorizado\\\/#breadcrumb\"},\"inLanguage\":\"es\",\"potentialAction\":[{\"@type\":\"ReadAction\",\"target\":[\"https:\\\/\\\/biorius.com\\\/es\\\/representante-autorizado\\\/\"]}]},{\"@type\":\"BreadcrumbList\",\"@id\":\"https:\\\/\\\/biorius.com\\\/es\\\/representante-autorizado\\\/#breadcrumb\",\"itemListElement\":[{\"@type\":\"ListItem\",\"position\":1,\"name\":\"Inicio\",\"item\":\"https:\\\/\\\/biorius.com\\\/es\\\/\"},{\"@type\":\"ListItem\",\"position\":2,\"name\":\"Gu\u00eda completa para el cumplimiento de la DSGP (Directiva relativa a la seguridad general de los productos)\",\"item\":\"https:\\\/\\\/biorius.com\\\/es\\\/guia-completa-para-el-cumplimiento-de-la-dsgp-directiva-relativa-a-la-seguridad-general-de-los-productos\\\/\"},{\"@type\":\"ListItem\",\"position\":3,\"name\":\"Representante autorizado\"}]},{\"@type\":\"WebSite\",\"@id\":\"https:\\\/\\\/biorius.com\\\/es\\\/#website\",\"url\":\"https:\\\/\\\/biorius.com\\\/es\\\/\",\"name\":\"Biorius\",\"description\":\"You create dreams we protect them\",\"potentialAction\":[{\"@type\":\"SearchAction\",\"target\":{\"@type\":\"EntryPoint\",\"urlTemplate\":\"https:\\\/\\\/biorius.com\\\/es\\\/?s={search_term_string}\"},\"query-input\":{\"@type\":\"PropertyValueSpecification\",\"valueRequired\":true,\"valueName\":\"search_term_string\"}}],\"inLanguage\":\"es\"}]}<\/script>\n<!-- \/ Yoast SEO plugin. -->","yoast_head_json":{"title":"Representante autorizado - Biorius","description":"Inf\u00f3rmate sobre el papel crucial de un Representante Autorizado de la DSGP para garantizar el cumplimiento de la seguridad de los productos en la Uni\u00f3n Europea.","robots":{"index":"index","follow":"follow","max-snippet":"max-snippet:-1","max-image-preview":"max-image-preview:large","max-video-preview":"max-video-preview:-1"},"canonical":"https:\/\/biorius.com\/es\/representante-autorizado\/","og_locale":"es_ES","og_type":"article","og_title":"Representante autorizado - Biorius","og_description":"Inf\u00f3rmate sobre el papel crucial de un Representante Autorizado de la DSGP para garantizar el cumplimiento de la seguridad de los productos en la Uni\u00f3n Europea.","og_url":"https:\/\/biorius.com\/es\/representante-autorizado\/","og_site_name":"Biorius","article_modified_time":"2025-01-13T09:08:48+00:00","twitter_card":"summary_large_image","twitter_misc":{"Tiempo de lectura":"4 minutos"},"schema":{"@context":"https:\/\/schema.org","@graph":[{"@type":"WebPage","@id":"https:\/\/biorius.com\/es\/representante-autorizado\/","url":"https:\/\/biorius.com\/es\/representante-autorizado\/","name":"Representante autorizado - Biorius","isPartOf":{"@id":"https:\/\/biorius.com\/es\/#website"},"datePublished":"2024-09-02T13:06:09+00:00","dateModified":"2025-01-13T09:08:48+00:00","description":"Inf\u00f3rmate sobre el papel crucial de un Representante Autorizado de la DSGP para garantizar el cumplimiento de la seguridad de los productos en la Uni\u00f3n Europea.","breadcrumb":{"@id":"https:\/\/biorius.com\/es\/representante-autorizado\/#breadcrumb"},"inLanguage":"es","potentialAction":[{"@type":"ReadAction","target":["https:\/\/biorius.com\/es\/representante-autorizado\/"]}]},{"@type":"BreadcrumbList","@id":"https:\/\/biorius.com\/es\/representante-autorizado\/#breadcrumb","itemListElement":[{"@type":"ListItem","position":1,"name":"Inicio","item":"https:\/\/biorius.com\/es\/"},{"@type":"ListItem","position":2,"name":"Gu\u00eda completa para el cumplimiento de la DSGP (Directiva relativa a la seguridad general de los productos)","item":"https:\/\/biorius.com\/es\/guia-completa-para-el-cumplimiento-de-la-dsgp-directiva-relativa-a-la-seguridad-general-de-los-productos\/"},{"@type":"ListItem","position":3,"name":"Representante autorizado"}]},{"@type":"WebSite","@id":"https:\/\/biorius.com\/es\/#website","url":"https:\/\/biorius.com\/es\/","name":"Biorius","description":"You create dreams we protect them","potentialAction":[{"@type":"SearchAction","target":{"@type":"EntryPoint","urlTemplate":"https:\/\/biorius.com\/es\/?s={search_term_string}"},"query-input":{"@type":"PropertyValueSpecification","valueRequired":true,"valueName":"search_term_string"}}],"inLanguage":"es"}]}},"_links":{"self":[{"href":"https:\/\/biorius.com\/es\/wp-json\/wp\/v2\/pages\/54534","targetHints":{"allow":["GET"]}}],"collection":[{"href":"https:\/\/biorius.com\/es\/wp-json\/wp\/v2\/pages"}],"about":[{"href":"https:\/\/biorius.com\/es\/wp-json\/wp\/v2\/types\/page"}],"author":[{"embeddable":true,"href":"https:\/\/biorius.com\/es\/wp-json\/wp\/v2\/users\/1"}],"replies":[{"embeddable":true,"href":"https:\/\/biorius.com\/es\/wp-json\/wp\/v2\/comments?post=54534"}],"version-history":[{"count":0,"href":"https:\/\/biorius.com\/es\/wp-json\/wp\/v2\/pages\/54534\/revisions"}],"wp:attachment":[{"href":"https:\/\/biorius.com\/es\/wp-json\/wp\/v2\/media?parent=54534"}],"wp:term":[{"taxonomy":"category","embeddable":true,"href":"https:\/\/biorius.com\/es\/wp-json\/wp\/v2\/categories?post=54534"},{"taxonomy":"post_tag","embeddable":true,"href":"https:\/\/biorius.com\/es\/wp-json\/wp\/v2\/tags?post=54534"}],"curies":[{"name":"wp","href":"https:\/\/api.w.org\/{rel}","templated":true}]}}