{"id":54396,"date":"2024-07-22T13:31:20","date_gmt":"2024-07-22T11:31:20","guid":{"rendered":"https:\/\/biorius.com\/reglamento-cosmeticos\/estados-unidos\/legislacion-estadounidense-sobre-cosmeticos\/"},"modified":"2024-07-22T13:31:20","modified_gmt":"2024-07-22T11:31:20","slug":"legislacion-estadounidense-sobre-cosmeticos","status":"publish","type":"page","link":"https:\/\/biorius.com\/es\/reglamento-cosmeticos\/estados-unidos\/legislacion-estadounidense-sobre-cosmeticos\/","title":{"rendered":"Legislaci\u00f3n estadounidense sobre cosm\u00e9ticos"},"content":{"rendered":"<div class=\"vc_row wpb_row vc_row-fluid\">\n<div class=\"wpb_column vc_column_container vc_col-sm-12\">\n<div class=\"vc_column-inner\">\n<div class=\"wpb_wrapper\">\n<div class=\"vc_row wpb_row vc_inner vc_row-fluid\">\n<div class=\"wpb_column vc_column_container vc_col-sm-12\">\n<div class=\"vc_column-inner\">\n<div class=\"wpb_wrapper\">\n<div class=\"wpb_text_column wpb_content_element \">\n<div class=\"wpb_wrapper\">\n<p><img fetchpriority=\"high\" decoding=\"async\" class=\"alignleft wp-image-51891 size-full\" src=\"https:\/\/biorius.com\/wp-content\/uploads\/2024\/07\/US-cosmetics-law-e1721648381845.webp\" alt=\"Legislaci\u00f3n estadounidense sobre cosm\u00e9ticos\" width=\"256\" height=\"256\">Legislaci\u00f3n estadounidense sobre cosm\u00e9ticos: en EE.UU., la informaci\u00f3n es clave, y hay que hacer todo lo posible para que el consumidor tome una decisi\u00f3n de compra bien informada. La legislaci\u00f3n estadounidense sobre cosm\u00e9ticos, incluida la MoCRA, parece bastante ligera en comparaci\u00f3n con la europea. Normalmente, no es prescriptiva cuando se trata de garantizar la seguridad del producto o de fundamentar las comunicaciones de marketing. La raz\u00f3n es que los consumidores son responsables de las decisiones que toman en su propia vida. En otras palabras, se considera que los consumidores son plenamente responsables si perjudican su propia salud, ya que se les proporcion\u00f3 informaci\u00f3n adecuada sobre el producto. La consecuencia l\u00f3gica de esto es que el consumidor puede demandar a la empresa responsable en caso de problema. EE.UU. es una sociedad m\u00e1s litigiosa, y no es raro que un consumidor demande a una marca de cosm\u00e9ticos. Esto ocurre todos los d\u00edas (especialmente en forma de demandas colectivas) y los costes derivados de resolverlas pueden ser devastadores para una empresa. Por tanto, las palabras clave son libertad y responsabilidad. Aunque la MoCRA y la normativa vigente conllevan una serie de obligaciones, queda mucha m\u00e1s libertad en manos de la marca de cosm\u00e9ticos para demostrar adecuadamente el cumplimiento y la seguridad de sus productos.  <\/p>\n<\/div>\n<\/div>\n<\/div>\n<\/div>\n<\/div>\n<\/div>\n<\/div>\n<\/div>\n<\/div>\n<\/div>\n<div class=\"vc_row wpb_row vc_row-fluid\">\n<div class=\"wpb_column vc_column_container vc_col-sm-12\">\n<div class=\"vc_column-inner\">\n<div class=\"wpb_wrapper\">\n<div class=\"wpb_text_column wpb_content_element \">\n<div class=\"wpb_wrapper\">\n<h2><strong>Legislaci\u00f3n estadounidense sobre cosm\u00e9ticos &#8211; Contexto normativo<\/strong><\/h2>\n<p>Aunque a primera vista parecen bastante similares, las culturas estadounidense y europea difieren en varios aspectos. En cuanto a las implicaciones para la industria cosm\u00e9tica, las principales diferencias son las siguientes: <\/p>\n<\/div>\n<\/div>\n<div class=\"wpb_text_column wpb_content_element \">\n<div class=\"wpb_wrapper\">\n<h3><strong>Informaci\u00f3n al consumidor frente a protecci\u00f3n del consumidor<\/strong><\/h3>\n<p>En EE.UU., la informaci\u00f3n es clave, y hay que hacer todo lo posible para que el consumidor tome una decisi\u00f3n de compra bien informada. La legislaci\u00f3n sobre cosm\u00e9ticos parece bastante ligera en comparaci\u00f3n con Europa, y no es prescriptiva cuando se trata de garantizar la seguridad de los productos o fundamentar las comunicaciones de marketing. No es de extra\u00f1ar, pues, que los consumidores sean responsables de la decisi\u00f3n que toman en sus propias vidas. En otras palabras, se considera que los consumidores son plenamente responsables si perjudican su propia salud, ya que se les proporcion\u00f3 informaci\u00f3n adecuada sobre el producto. La consecuencia l\u00f3gica de esto es que el consumidor puede demandar a la empresa responsable en caso de problema. EE.UU. es una sociedad m\u00e1s litigiosa, y que un consumidor demande a una marca de cosm\u00e9ticos no es inusual. Esto ocurre todos los d\u00edas (especialmente en forma de demandas colectivas) y los costes derivados de resolverlas pueden ser devastadores para una empresa.      <\/p>\n<\/div>\n<\/div>\n<div class=\"wpb_text_column wpb_content_element \">\n<div class=\"wpb_wrapper\">\n<h3><strong>Principio de precauci\u00f3n<\/strong><\/h3>\n<p>Un elemento clave de las pol\u00edticas estadounidenses de gesti\u00f3n de riesgos es lo que se denomina principio de precauci\u00f3n. El planteamiento del gobierno federal estadounidense sobre la gesti\u00f3n de las sustancias qu\u00edmicas establece un list\u00f3n muy alto para la prueba del da\u00f1o que debe demostrarse antes de emprender una acci\u00f3n reguladora. La carga de demostrar que un producto no es seguro recae en las autoridades hasta que se plantea un problema real de seguridad. Cuando se produce un suceso de este tipo, el recurso legal por parte del consumidor y\/o de las autoridades se hace entonces posible, si no probable. A modo de ejemplo, la legislaci\u00f3n estadounidense no es prescriptiva y s\u00f3lo proh\u00edbe seis ingredientes y restringe otros tres<a href=\"https:\/\/www.accessdata.fda.gov\/scripts\/cdrh\/cfdocs\/cfcfr\/CFRSearch.cfm?fr=250.250\">[21 CFR 700.11-27 y 250.250<\/a>], pero esto no debe interpretarse como algo f\u00e1cil. Es simplemente un recordatorio de que el diablo est\u00e1 en los detalles, y las trampas m\u00e1s peligrosas son las que permanecen invisibles. Cualquier cosm\u00e9tico comercializado en el mercado estadounidense debe cumplir las disposiciones de la Ley Federal de Alimentos, Medicamentos y Cosm\u00e9ticos, la Ley de Envasado y Etiquetado Justos y todas las normativas publicadas bajo la autoridad de estas leyes (y tambi\u00e9n pueden aplicarse normativas estatales espec\u00edficas).<\/p>\n<\/div>\n<\/div>\n<\/div>\n<\/div>\n<\/div>\n<\/div>\n<div class=\"vc_row wpb_row vc_row-fluid\">\n<div class=\"wpb_column vc_column_container vc_col-sm-12\">\n<div class=\"vc_column-inner\">\n<div class=\"wpb_wrapper\">\n<div class=\"wpb_text_column wpb_content_element \">\n<div class=\"wpb_wrapper\">\n<h3><strong>En EEUU, los productos cosm\u00e9ticos se dividen en tres categor\u00edas de productos:<\/strong><\/h3>\n<p>Estos rasgos culturales de EEUU dieron lugar a dos leyes federales principales que regulan los cosm\u00e9ticos:<\/p>\n<\/div>\n<\/div>\n<div class=\"wpb_single_image wpb_content_element vc_align_center\">\n<figure class=\"wpb_wrapper vc_figure\">\n<div class=\"vc_single_image-wrapper vc_box_border_grey\"><img decoding=\"async\" class=\"vc_single_image-img attachment-full\" title=\"Constituci\u00f3n USA\" src=\"https:\/\/bioriusold.wpenginepowered.com\/wp-content\/uploads\/2020\/11\/constitution_usa.png\" sizes=\"(max-width: 1250px) 100vw, 1250px\" srcset=\"https:\/\/bioriusold.wpenginepowered.com\/wp-content\/uploads\/2020\/11\/constitution_usa.png 1250w, https:\/\/bioriusold.wpenginepowered.com\/wp-content\/uploads\/2020\/11\/constitution_usa-300x132.png 300w, https:\/\/bioriusold.wpenginepowered.com\/wp-content\/uploads\/2020\/11\/constitution_usa-1024x449.png 1024w, https:\/\/bioriusold.wpenginepowered.com\/wp-content\/uploads\/2020\/11\/constitution_usa-768x337.png 768w, https:\/\/bioriusold.wpenginepowered.com\/wp-content\/uploads\/2020\/11\/constitution_usa-24x11.png 24w, https:\/\/bioriusold.wpenginepowered.com\/wp-content\/uploads\/2020\/11\/constitution_usa-36x16.png 36w, https:\/\/bioriusold.wpenginepowered.com\/wp-content\/uploads\/2020\/11\/constitution_usa-48x21.png 48w\" alt=\"\" width=\"1250\" height=\"548\"><\/div>\n<\/figure>\n<\/div>\n<div class=\"wpb_text_column wpb_content_element \">\n<div class=\"wpb_wrapper\">\n<p>Sin embargo, lo que se denomina &#8220;cosm\u00e9ticos&#8221; en EE.UU. no coincide perfectamente con la definici\u00f3n de &#8220;cosm\u00e9ticos&#8221; en la UE\/Reino Unido y en la mayor\u00eda de los dem\u00e1s pa\u00edses:<\/p>\n<\/div>\n<\/div>\n<div class=\"wpb_text_column wpb_content_element \">\n<div class=\"wpb_wrapper\">\n<h3><strong>Cosm\u00e9ticos normales<\/strong><\/h3>\n<p>La <a href=\"https:\/\/www.fda.gov\/cosmetics\/cosmetics-laws-regulations\/it-cosmetic-drug-or-both-or-it-soap#Definecosmetic\">FDA define los cosm\u00e9ticos<\/a> [Ley FD&amp;C, art. 201(i)] por su uso previsto, como <em>&#8220;art\u00edculos destinados a ser frotados, vertidos, rociados o pulverizados sobre el cuerpo humano, introducidos en \u00e9l o aplicados de cualquier otro modo&#8230; para limpiarlo, embellecerlo, aumentar su atractivo o modificar su aspecto&#8221;.<\/em> <em>Ejemplos: cremas hidratantes para la piel, perfumes, barras de labios, esmaltes de u\u00f1as, maquillaje de ojos y cosm\u00e9ticos faciales, champ\u00fas limpiadores, ondas permanentes, tintes para el pelo y desodorantes, as\u00ed como cualquier sustancia destinada a utilizarse como componente de un producto cosm\u00e9tico.<\/em><\/p>\n<\/div>\n<\/div>\n<div class=\"wpb_text_column wpb_content_element \">\n<div class=\"wpb_wrapper\">\n<h3><strong>Productos de venta libre<\/strong><\/h3>\n<p>Los productos de venta libre son medicamentos disponibles sin receta. <a href=\"https:\/\/www.fda.gov\/drugs\/types-applications\/drug-applications-over-counter-otc-drugs\">La FDA define<\/a> los medicamentos de venta libre [Ley FD&amp;C, art. 201(g)(1)]] como <em>&#8220;medicamentos que son seguros y eficaces para su uso por el p\u00fablico en general sin necesidad de acudir a un profesional sanitario&#8221;.<\/em>BIORIUS puede cubrir los medicamentos de venta libre con monograf\u00edas existentes. <a href=\"https:\/\/www.fda.gov\/cosmetics\/cosmetics-laws-regulations\/it-cosmetic-drug-or-both-or-it-soap#Definecosmetic\">La FDA ha publicado monograf\u00edas<\/a> (es decir, normas), en las que se establecen requisitos como qu\u00e9 ingredientes pueden utilizarse y con qu\u00e9 fin.  <\/p>\n<\/div>\n<\/div>\n<div class=\"wpb_text_column wpb_content_element \">\n<div class=\"wpb_wrapper\">\n<h3><strong>Jabones<\/strong><\/h3>\n<p>En  <a href=\"https:\/\/www.fda.gov\/cosmetics\/cosmetics-laws-regulations\/it-cosmetic-drug-or-both-or-it-soap#Define_soap\">La FDA define &#8220;jab\u00f3n<\/a> &#8221; seg\u00fan dos condiciones:<\/p>\n<ul>\n<li>la mayor parte de la materia no vol\u00e1til del producto consiste en una sal alcalina de \u00e1cidos grasos y las propiedades detergentes del producto se deben a estos compuestos alcalinos de \u00e1cidos grasos, y<\/li>\n<li>el producto se etiquete, venda y represente \u00fanicamente como jab\u00f3n<a href=\"https:\/\/www.ecfr.gov\/cgi-bin\/retrieveECFR?gp=&amp;SID=79073513f7ba6a05126c6da0aa85c460&amp;r=PART&amp;n=21y7.0.1.2.11#21:7.0.1.2.11.3.1.1\">[21 CFR 701.20<\/a>].<\/li>\n<\/ul>\n<p>&nbsp;<\/p>\n<\/div>\n<\/div>\n<\/div>\n<\/div>\n<\/div>\n<\/div>\n<div class=\"vc_row wpb_row vc_row-fluid\">\n<div class=\"wpb_column vc_column_container vc_col-sm-12\">\n<div class=\"vc_column-inner\">\n<div class=\"wpb_wrapper\">\n<div class=\"wpb_text_column wpb_content_element \">\n<div class=\"wpb_wrapper\">\n<p><strong><a href=\"https:\/\/biorius.com\/cosmetic-regulations\/usa-cosmetic-regulations\/\">Comprueba c\u00f3mo vender cosm\u00e9ticos en EE.UU.<\/a><\/strong><\/p>\n<\/div>\n<\/div>\n<\/div>\n<\/div>\n<\/div>\n<\/div>\n","protected":false},"excerpt":{"rendered":"<p>Legislaci\u00f3n estadounidense sobre cosm\u00e9ticos: en EE.UU., la informaci\u00f3n es clave, y hay que hacer todo lo posible para que el consumidor tome una decisi\u00f3n de&#8230;<\/p>\n","protected":false},"author":1,"featured_media":51897,"parent":49085,"menu_order":0,"comment_status":"closed","ping_status":"closed","template":"","meta":{"_acf_changed":false,"_coblocks_attr":"","_coblocks_dimensions":"","_coblocks_responsive_height":"","_coblocks_accordion_ie_support":"","footnotes":""},"categories":[],"tags":[],"class_list":["post-54396","page","type-page","status-publish","has-post-thumbnail","hentry"],"acf":[],"yoast_head":"<!-- This site is optimized with the Yoast SEO plugin v27.3 - https:\/\/yoast.com\/product\/yoast-seo-wordpress\/ -->\n<title>Legislaci\u00f3n estadounidense sobre cosm\u00e9ticos - Biorius<\/title>\n<meta name=\"description\" content=\"Explora la Ley de Cosm\u00e9ticos de EE.UU. con BIORIUS: Informaci\u00f3n exhaustiva sobre la normativa, el cumplimiento y las normas de seguridad de la industria cosm\u00e9tica.\" \/>\n<meta name=\"robots\" content=\"index, follow, max-snippet:-1, max-image-preview:large, max-video-preview:-1\" \/>\n<link rel=\"canonical\" href=\"https:\/\/biorius.com\/es\/reglamento-cosmeticos\/estados-unidos\/legislacion-estadounidense-sobre-cosmeticos\/\" \/>\n<meta property=\"og:locale\" content=\"es_ES\" \/>\n<meta property=\"og:type\" content=\"article\" \/>\n<meta property=\"og:title\" content=\"Legislaci\u00f3n estadounidense sobre cosm\u00e9ticos - Biorius\" \/>\n<meta property=\"og:description\" content=\"Explora la Ley de Cosm\u00e9ticos de EE.UU. con BIORIUS: Informaci\u00f3n exhaustiva sobre la normativa, el cumplimiento y las normas de seguridad de la industria cosm\u00e9tica.\" \/>\n<meta property=\"og:url\" content=\"https:\/\/biorius.com\/es\/reglamento-cosmeticos\/estados-unidos\/legislacion-estadounidense-sobre-cosmeticos\/\" \/>\n<meta property=\"og:site_name\" content=\"Biorius\" \/>\n<meta property=\"og:image\" content=\"https:\/\/biorius.com\/wp-content\/uploads\/2024\/07\/US-cosmetics-law-e1721648381845.webp\" \/>\n\t<meta property=\"og:image:width\" content=\"1024\" \/>\n\t<meta property=\"og:image:height\" content=\"1024\" \/>\n\t<meta property=\"og:image:type\" content=\"image\/webp\" \/>\n<meta name=\"twitter:card\" content=\"summary_large_image\" \/>\n<meta name=\"twitter:label1\" content=\"Tiempo de lectura\" \/>\n\t<meta name=\"twitter:data1\" content=\"5 minutos\" \/>\n<script type=\"application\/ld+json\" class=\"yoast-schema-graph\">{\"@context\":\"https:\\\/\\\/schema.org\",\"@graph\":[{\"@type\":\"WebPage\",\"@id\":\"https:\\\/\\\/biorius.com\\\/es\\\/reglamento-cosmeticos\\\/estados-unidos\\\/legislacion-estadounidense-sobre-cosmeticos\\\/\",\"url\":\"https:\\\/\\\/biorius.com\\\/es\\\/reglamento-cosmeticos\\\/estados-unidos\\\/legislacion-estadounidense-sobre-cosmeticos\\\/\",\"name\":\"Legislaci\u00f3n estadounidense sobre cosm\u00e9ticos - Biorius\",\"isPartOf\":{\"@id\":\"https:\\\/\\\/biorius.com\\\/es\\\/#website\"},\"primaryImageOfPage\":{\"@id\":\"https:\\\/\\\/biorius.com\\\/es\\\/reglamento-cosmeticos\\\/estados-unidos\\\/legislacion-estadounidense-sobre-cosmeticos\\\/#primaryimage\"},\"image\":{\"@id\":\"https:\\\/\\\/biorius.com\\\/es\\\/reglamento-cosmeticos\\\/estados-unidos\\\/legislacion-estadounidense-sobre-cosmeticos\\\/#primaryimage\"},\"thumbnailUrl\":\"https:\\\/\\\/biorius.com\\\/wp-content\\\/uploads\\\/2024\\\/07\\\/US-cosmetics-law-e1721648381845.webp\",\"datePublished\":\"2024-07-22T11:31:20+00:00\",\"description\":\"Explora la Ley de Cosm\u00e9ticos de EE.UU. con BIORIUS: Informaci\u00f3n exhaustiva sobre la normativa, el cumplimiento y las normas de seguridad de la industria cosm\u00e9tica.\",\"breadcrumb\":{\"@id\":\"https:\\\/\\\/biorius.com\\\/es\\\/reglamento-cosmeticos\\\/estados-unidos\\\/legislacion-estadounidense-sobre-cosmeticos\\\/#breadcrumb\"},\"inLanguage\":\"es\",\"potentialAction\":[{\"@type\":\"ReadAction\",\"target\":[\"https:\\\/\\\/biorius.com\\\/es\\\/reglamento-cosmeticos\\\/estados-unidos\\\/legislacion-estadounidense-sobre-cosmeticos\\\/\"]}]},{\"@type\":\"ImageObject\",\"inLanguage\":\"es\",\"@id\":\"https:\\\/\\\/biorius.com\\\/es\\\/reglamento-cosmeticos\\\/estados-unidos\\\/legislacion-estadounidense-sobre-cosmeticos\\\/#primaryimage\",\"url\":\"https:\\\/\\\/biorius.com\\\/wp-content\\\/uploads\\\/2024\\\/07\\\/US-cosmetics-law-e1721648381845.webp\",\"contentUrl\":\"https:\\\/\\\/biorius.com\\\/wp-content\\\/uploads\\\/2024\\\/07\\\/US-cosmetics-law-e1721648381845.webp\",\"width\":1024,\"height\":1024,\"caption\":\"US cosmetics law\"},{\"@type\":\"BreadcrumbList\",\"@id\":\"https:\\\/\\\/biorius.com\\\/es\\\/reglamento-cosmeticos\\\/estados-unidos\\\/legislacion-estadounidense-sobre-cosmeticos\\\/#breadcrumb\",\"itemListElement\":[{\"@type\":\"ListItem\",\"position\":1,\"name\":\"Inicio\",\"item\":\"https:\\\/\\\/biorius.com\\\/es\\\/\"},{\"@type\":\"ListItem\",\"position\":2,\"name\":\"Reglamento Cosmeticos\",\"item\":\"https:\\\/\\\/biorius.com\\\/es\\\/cosmetic-regulations\\\/\"},{\"@type\":\"ListItem\",\"position\":3,\"name\":\"Estados Unidos Reglamento Cosm\u00e9ticos\",\"item\":\"https:\\\/\\\/biorius.com\\\/es\\\/reglamento-cosmeticos\\\/estados-unidos\\\/\"},{\"@type\":\"ListItem\",\"position\":4,\"name\":\"Legislaci\u00f3n estadounidense sobre cosm\u00e9ticos\"}]},{\"@type\":\"WebSite\",\"@id\":\"https:\\\/\\\/biorius.com\\\/es\\\/#website\",\"url\":\"https:\\\/\\\/biorius.com\\\/es\\\/\",\"name\":\"Biorius\",\"description\":\"You create dreams we protect them\",\"potentialAction\":[{\"@type\":\"SearchAction\",\"target\":{\"@type\":\"EntryPoint\",\"urlTemplate\":\"https:\\\/\\\/biorius.com\\\/es\\\/?s={search_term_string}\"},\"query-input\":{\"@type\":\"PropertyValueSpecification\",\"valueRequired\":true,\"valueName\":\"search_term_string\"}}],\"inLanguage\":\"es\"}]}<\/script>\n<!-- \/ Yoast SEO plugin. -->","yoast_head_json":{"title":"Legislaci\u00f3n estadounidense sobre cosm\u00e9ticos - Biorius","description":"Explora la Ley de Cosm\u00e9ticos de EE.UU. con BIORIUS: Informaci\u00f3n exhaustiva sobre la normativa, el cumplimiento y las normas de seguridad de la industria cosm\u00e9tica.","robots":{"index":"index","follow":"follow","max-snippet":"max-snippet:-1","max-image-preview":"max-image-preview:large","max-video-preview":"max-video-preview:-1"},"canonical":"https:\/\/biorius.com\/es\/reglamento-cosmeticos\/estados-unidos\/legislacion-estadounidense-sobre-cosmeticos\/","og_locale":"es_ES","og_type":"article","og_title":"Legislaci\u00f3n estadounidense sobre cosm\u00e9ticos - Biorius","og_description":"Explora la Ley de Cosm\u00e9ticos de EE.UU. con BIORIUS: Informaci\u00f3n exhaustiva sobre la normativa, el cumplimiento y las normas de seguridad de la industria cosm\u00e9tica.","og_url":"https:\/\/biorius.com\/es\/reglamento-cosmeticos\/estados-unidos\/legislacion-estadounidense-sobre-cosmeticos\/","og_site_name":"Biorius","og_image":[{"width":1024,"height":1024,"url":"https:\/\/biorius.com\/wp-content\/uploads\/2024\/07\/US-cosmetics-law-e1721648381845.webp","type":"image\/webp"}],"twitter_card":"summary_large_image","twitter_misc":{"Tiempo de lectura":"5 minutos"},"schema":{"@context":"https:\/\/schema.org","@graph":[{"@type":"WebPage","@id":"https:\/\/biorius.com\/es\/reglamento-cosmeticos\/estados-unidos\/legislacion-estadounidense-sobre-cosmeticos\/","url":"https:\/\/biorius.com\/es\/reglamento-cosmeticos\/estados-unidos\/legislacion-estadounidense-sobre-cosmeticos\/","name":"Legislaci\u00f3n estadounidense sobre cosm\u00e9ticos - Biorius","isPartOf":{"@id":"https:\/\/biorius.com\/es\/#website"},"primaryImageOfPage":{"@id":"https:\/\/biorius.com\/es\/reglamento-cosmeticos\/estados-unidos\/legislacion-estadounidense-sobre-cosmeticos\/#primaryimage"},"image":{"@id":"https:\/\/biorius.com\/es\/reglamento-cosmeticos\/estados-unidos\/legislacion-estadounidense-sobre-cosmeticos\/#primaryimage"},"thumbnailUrl":"https:\/\/biorius.com\/wp-content\/uploads\/2024\/07\/US-cosmetics-law-e1721648381845.webp","datePublished":"2024-07-22T11:31:20+00:00","description":"Explora la Ley de Cosm\u00e9ticos de EE.UU. con BIORIUS: Informaci\u00f3n exhaustiva sobre la normativa, el cumplimiento y las normas de seguridad de la industria cosm\u00e9tica.","breadcrumb":{"@id":"https:\/\/biorius.com\/es\/reglamento-cosmeticos\/estados-unidos\/legislacion-estadounidense-sobre-cosmeticos\/#breadcrumb"},"inLanguage":"es","potentialAction":[{"@type":"ReadAction","target":["https:\/\/biorius.com\/es\/reglamento-cosmeticos\/estados-unidos\/legislacion-estadounidense-sobre-cosmeticos\/"]}]},{"@type":"ImageObject","inLanguage":"es","@id":"https:\/\/biorius.com\/es\/reglamento-cosmeticos\/estados-unidos\/legislacion-estadounidense-sobre-cosmeticos\/#primaryimage","url":"https:\/\/biorius.com\/wp-content\/uploads\/2024\/07\/US-cosmetics-law-e1721648381845.webp","contentUrl":"https:\/\/biorius.com\/wp-content\/uploads\/2024\/07\/US-cosmetics-law-e1721648381845.webp","width":1024,"height":1024,"caption":"US cosmetics law"},{"@type":"BreadcrumbList","@id":"https:\/\/biorius.com\/es\/reglamento-cosmeticos\/estados-unidos\/legislacion-estadounidense-sobre-cosmeticos\/#breadcrumb","itemListElement":[{"@type":"ListItem","position":1,"name":"Inicio","item":"https:\/\/biorius.com\/es\/"},{"@type":"ListItem","position":2,"name":"Reglamento Cosmeticos","item":"https:\/\/biorius.com\/es\/cosmetic-regulations\/"},{"@type":"ListItem","position":3,"name":"Estados Unidos Reglamento Cosm\u00e9ticos","item":"https:\/\/biorius.com\/es\/reglamento-cosmeticos\/estados-unidos\/"},{"@type":"ListItem","position":4,"name":"Legislaci\u00f3n estadounidense sobre cosm\u00e9ticos"}]},{"@type":"WebSite","@id":"https:\/\/biorius.com\/es\/#website","url":"https:\/\/biorius.com\/es\/","name":"Biorius","description":"You create dreams we protect them","potentialAction":[{"@type":"SearchAction","target":{"@type":"EntryPoint","urlTemplate":"https:\/\/biorius.com\/es\/?s={search_term_string}"},"query-input":{"@type":"PropertyValueSpecification","valueRequired":true,"valueName":"search_term_string"}}],"inLanguage":"es"}]}},"_links":{"self":[{"href":"https:\/\/biorius.com\/es\/wp-json\/wp\/v2\/pages\/54396","targetHints":{"allow":["GET"]}}],"collection":[{"href":"https:\/\/biorius.com\/es\/wp-json\/wp\/v2\/pages"}],"about":[{"href":"https:\/\/biorius.com\/es\/wp-json\/wp\/v2\/types\/page"}],"author":[{"embeddable":true,"href":"https:\/\/biorius.com\/es\/wp-json\/wp\/v2\/users\/1"}],"replies":[{"embeddable":true,"href":"https:\/\/biorius.com\/es\/wp-json\/wp\/v2\/comments?post=54396"}],"version-history":[{"count":0,"href":"https:\/\/biorius.com\/es\/wp-json\/wp\/v2\/pages\/54396\/revisions"}],"up":[{"embeddable":true,"href":"https:\/\/biorius.com\/es\/wp-json\/wp\/v2\/pages\/49085"}],"wp:featuredmedia":[{"embeddable":true,"href":"https:\/\/biorius.com\/es\/wp-json\/wp\/v2\/media\/51897"}],"wp:attachment":[{"href":"https:\/\/biorius.com\/es\/wp-json\/wp\/v2\/media?parent=54396"}],"wp:term":[{"taxonomy":"category","embeddable":true,"href":"https:\/\/biorius.com\/es\/wp-json\/wp\/v2\/categories?post=54396"},{"taxonomy":"post_tag","embeddable":true,"href":"https:\/\/biorius.com\/es\/wp-json\/wp\/v2\/tags?post=54396"}],"curies":[{"name":"wp","href":"https:\/\/api.w.org\/{rel}","templated":true}]}}