{"id":48924,"date":"2023-11-22T15:46:00","date_gmt":"2023-11-22T14:46:00","guid":{"rendered":"https:\/\/biorius.com\/reglamento-cosmeticos-2\/america-del-sur-mercosur-normativa-sobre-cosmeticos\/"},"modified":"2025-01-13T09:55:34","modified_gmt":"2025-01-13T08:55:34","slug":"mercosur-america-del-sur","status":"publish","type":"page","link":"https:\/\/biorius.com\/es\/reglamento-cosmeticos\/mercosur-america-del-sur\/","title":{"rendered":"Am\u00e9rica del Sur Mercosur Normativa sobre cosm\u00e9ticos"},"content":{"rendered":"","protected":false},"excerpt":{"rendered":"","protected":false},"author":1,"featured_media":0,"parent":46475,"menu_order":0,"comment_status":"closed","ping_status":"closed","template":"templates\/page-builder.php","meta":{"_acf_changed":false,"_coblocks_attr":"","_coblocks_dimensions":"","_coblocks_responsive_height":"","_coblocks_accordion_ie_support":"","footnotes":""},"categories":[],"tags":[],"class_list":["post-48924","page","type-page","status-publish","hentry"],"acf":[],"yoast_head":"<!-- This site is optimized with the Yoast SEO plugin v27.3 - https:\/\/yoast.com\/product\/yoast-seo-wordpress\/ -->\n<title>Am\u00e9rica del Sur Mercosur Normativa sobre cosm\u00e9ticos - Biorius<\/title>\n<meta name=\"description\" content=\"Navega por la normativa sobre cosm\u00e9ticos del Mercosur de Sudam\u00e9rica con Biorius. Obt\u00e9n apoyo experto para el cumplimiento, centr\u00e1ndose en la seguridad, los ingredientes y las normas de etiquetado.\" \/>\n<meta name=\"robots\" content=\"index, follow, max-snippet:-1, max-image-preview:large, max-video-preview:-1\" \/>\n<link rel=\"canonical\" href=\"https:\/\/biorius.com\/es\/reglamento-cosmeticos\/mercosur-america-del-sur\/\" \/>\n<meta property=\"og:locale\" content=\"es_ES\" \/>\n<meta property=\"og:type\" content=\"article\" \/>\n<meta property=\"og:title\" content=\"Am\u00e9rica del Sur Mercosur Normativa sobre cosm\u00e9ticos - Biorius\" \/>\n<meta property=\"og:description\" content=\"Navega por la normativa sobre cosm\u00e9ticos del Mercosur de Sudam\u00e9rica con Biorius. Obt\u00e9n apoyo experto para el cumplimiento, centr\u00e1ndose en la seguridad, los ingredientes y las normas de etiquetado.\" \/>\n<meta property=\"og:url\" content=\"https:\/\/biorius.com\/es\/reglamento-cosmeticos\/mercosur-america-del-sur\/\" \/>\n<meta property=\"og:site_name\" content=\"Biorius\" \/>\n<meta property=\"article:modified_time\" content=\"2025-01-13T08:55:34+00:00\" \/>\n<meta name=\"twitter:card\" content=\"summary_large_image\" \/>\n<meta name=\"twitter:label1\" content=\"Tiempo de lectura\" \/>\n\t<meta name=\"twitter:data1\" content=\"6 minutos\" \/>\n<script type=\"application\/ld+json\" class=\"yoast-schema-graph\">{\"@context\":\"https:\\\/\\\/schema.org\",\"@graph\":[{\"@type\":\"WebPage\",\"@id\":\"https:\\\/\\\/biorius.com\\\/es\\\/reglamento-cosmeticos\\\/mercosur-america-del-sur\\\/\",\"url\":\"https:\\\/\\\/biorius.com\\\/es\\\/reglamento-cosmeticos\\\/mercosur-america-del-sur\\\/\",\"name\":\"Am\u00e9rica del Sur Mercosur Normativa sobre cosm\u00e9ticos - Biorius\",\"isPartOf\":{\"@id\":\"https:\\\/\\\/biorius.com\\\/es\\\/#website\"},\"datePublished\":\"2023-11-22T14:46:00+00:00\",\"dateModified\":\"2025-01-13T08:55:34+00:00\",\"description\":\"Navega por la normativa sobre cosm\u00e9ticos del Mercosur de Sudam\u00e9rica con Biorius. Obt\u00e9n apoyo experto para el cumplimiento, centr\u00e1ndose en la seguridad, los ingredientes y las normas de etiquetado.\",\"breadcrumb\":{\"@id\":\"https:\\\/\\\/biorius.com\\\/es\\\/reglamento-cosmeticos\\\/mercosur-america-del-sur\\\/#breadcrumb\"},\"inLanguage\":\"es\",\"potentialAction\":[{\"@type\":\"ReadAction\",\"target\":[\"https:\\\/\\\/biorius.com\\\/es\\\/reglamento-cosmeticos\\\/mercosur-america-del-sur\\\/\"]}]},{\"@type\":\"BreadcrumbList\",\"@id\":\"https:\\\/\\\/biorius.com\\\/es\\\/reglamento-cosmeticos\\\/mercosur-america-del-sur\\\/#breadcrumb\",\"itemListElement\":[{\"@type\":\"ListItem\",\"position\":1,\"name\":\"Inicio\",\"item\":\"https:\\\/\\\/biorius.com\\\/es\\\/\"},{\"@type\":\"ListItem\",\"position\":2,\"name\":\"Reglamento Cosmeticos\",\"item\":\"https:\\\/\\\/biorius.com\\\/es\\\/cosmetic-regulations\\\/\"},{\"@type\":\"ListItem\",\"position\":3,\"name\":\"Am\u00e9rica del Sur Mercosur Normativa sobre cosm\u00e9ticos\"}]},{\"@type\":\"WebSite\",\"@id\":\"https:\\\/\\\/biorius.com\\\/es\\\/#website\",\"url\":\"https:\\\/\\\/biorius.com\\\/es\\\/\",\"name\":\"Biorius\",\"description\":\"You create dreams we protect them\",\"potentialAction\":[{\"@type\":\"SearchAction\",\"target\":{\"@type\":\"EntryPoint\",\"urlTemplate\":\"https:\\\/\\\/biorius.com\\\/es\\\/?s={search_term_string}\"},\"query-input\":{\"@type\":\"PropertyValueSpecification\",\"valueRequired\":true,\"valueName\":\"search_term_string\"}}],\"inLanguage\":\"es\"}]}<\/script>\n<!-- \/ Yoast SEO plugin. -->","yoast_head_json":{"title":"Am\u00e9rica del Sur Mercosur Normativa sobre cosm\u00e9ticos - Biorius","description":"Navega por la normativa sobre cosm\u00e9ticos del Mercosur de Sudam\u00e9rica con Biorius. Obt\u00e9n apoyo experto para el cumplimiento, centr\u00e1ndose en la seguridad, los ingredientes y las normas de etiquetado.","robots":{"index":"index","follow":"follow","max-snippet":"max-snippet:-1","max-image-preview":"max-image-preview:large","max-video-preview":"max-video-preview:-1"},"canonical":"https:\/\/biorius.com\/es\/reglamento-cosmeticos\/mercosur-america-del-sur\/","og_locale":"es_ES","og_type":"article","og_title":"Am\u00e9rica del Sur Mercosur Normativa sobre cosm\u00e9ticos - Biorius","og_description":"Navega por la normativa sobre cosm\u00e9ticos del Mercosur de Sudam\u00e9rica con Biorius. Obt\u00e9n apoyo experto para el cumplimiento, centr\u00e1ndose en la seguridad, los ingredientes y las normas de etiquetado.","og_url":"https:\/\/biorius.com\/es\/reglamento-cosmeticos\/mercosur-america-del-sur\/","og_site_name":"Biorius","article_modified_time":"2025-01-13T08:55:34+00:00","twitter_card":"summary_large_image","twitter_misc":{"Tiempo de lectura":"6 minutos"},"schema":{"@context":"https:\/\/schema.org","@graph":[{"@type":"WebPage","@id":"https:\/\/biorius.com\/es\/reglamento-cosmeticos\/mercosur-america-del-sur\/","url":"https:\/\/biorius.com\/es\/reglamento-cosmeticos\/mercosur-america-del-sur\/","name":"Am\u00e9rica del Sur Mercosur Normativa sobre cosm\u00e9ticos - Biorius","isPartOf":{"@id":"https:\/\/biorius.com\/es\/#website"},"datePublished":"2023-11-22T14:46:00+00:00","dateModified":"2025-01-13T08:55:34+00:00","description":"Navega por la normativa sobre cosm\u00e9ticos del Mercosur de Sudam\u00e9rica con Biorius. Obt\u00e9n apoyo experto para el cumplimiento, centr\u00e1ndose en la seguridad, los ingredientes y las normas de etiquetado.","breadcrumb":{"@id":"https:\/\/biorius.com\/es\/reglamento-cosmeticos\/mercosur-america-del-sur\/#breadcrumb"},"inLanguage":"es","potentialAction":[{"@type":"ReadAction","target":["https:\/\/biorius.com\/es\/reglamento-cosmeticos\/mercosur-america-del-sur\/"]}]},{"@type":"BreadcrumbList","@id":"https:\/\/biorius.com\/es\/reglamento-cosmeticos\/mercosur-america-del-sur\/#breadcrumb","itemListElement":[{"@type":"ListItem","position":1,"name":"Inicio","item":"https:\/\/biorius.com\/es\/"},{"@type":"ListItem","position":2,"name":"Reglamento Cosmeticos","item":"https:\/\/biorius.com\/es\/cosmetic-regulations\/"},{"@type":"ListItem","position":3,"name":"Am\u00e9rica del Sur Mercosur Normativa sobre cosm\u00e9ticos"}]},{"@type":"WebSite","@id":"https:\/\/biorius.com\/es\/#website","url":"https:\/\/biorius.com\/es\/","name":"Biorius","description":"You create dreams we protect them","potentialAction":[{"@type":"SearchAction","target":{"@type":"EntryPoint","urlTemplate":"https:\/\/biorius.com\/es\/?s={search_term_string}"},"query-input":{"@type":"PropertyValueSpecification","valueRequired":true,"valueName":"search_term_string"}}],"inLanguage":"es"}]}},"_links":{"self":[{"href":"https:\/\/biorius.com\/es\/wp-json\/wp\/v2\/pages\/48924","targetHints":{"allow":["GET"]}}],"collection":[{"href":"https:\/\/biorius.com\/es\/wp-json\/wp\/v2\/pages"}],"about":[{"href":"https:\/\/biorius.com\/es\/wp-json\/wp\/v2\/types\/page"}],"author":[{"embeddable":true,"href":"https:\/\/biorius.com\/es\/wp-json\/wp\/v2\/users\/1"}],"replies":[{"embeddable":true,"href":"https:\/\/biorius.com\/es\/wp-json\/wp\/v2\/comments?post=48924"}],"version-history":[{"count":0,"href":"https:\/\/biorius.com\/es\/wp-json\/wp\/v2\/pages\/48924\/revisions"}],"up":[{"embeddable":true,"href":"https:\/\/biorius.com\/es\/wp-json\/wp\/v2\/pages\/46475"}],"wp:attachment":[{"href":"https:\/\/biorius.com\/es\/wp-json\/wp\/v2\/media?parent=48924"}],"wp:term":[{"taxonomy":"category","embeddable":true,"href":"https:\/\/biorius.com\/es\/wp-json\/wp\/v2\/categories?post=48924"},{"taxonomy":"post_tag","embeddable":true,"href":"https:\/\/biorius.com\/es\/wp-json\/wp\/v2\/tags?post=48924"}],"curies":[{"name":"wp","href":"https:\/\/api.w.org\/{rel}","templated":true}]}}