{"id":48704,"date":"2023-11-23T14:13:13","date_gmt":"2023-11-23T13:13:13","guid":{"rendered":"https:\/\/biorius.com\/reglamento-cosmeticos-2\/normativa-sobre-cosmeticos-todos-los-paises\/"},"modified":"2024-11-04T09:18:36","modified_gmt":"2024-11-04T08:18:36","slug":"reglamento-cosmeticos-todos-paises","status":"publish","type":"page","link":"https:\/\/biorius.com\/es\/reglamento-cosmeticos\/reglamento-cosmeticos-todos-paises\/","title":{"rendered":"Reglamento Cosm\u00e9ticos todos pa\u00edses"},"content":{"rendered":"","protected":false},"excerpt":{"rendered":"","protected":false},"author":1,"featured_media":0,"parent":46475,"menu_order":0,"comment_status":"closed","ping_status":"closed","template":"templates\/page-builder.php","meta":{"_acf_changed":false,"_coblocks_attr":"","_coblocks_dimensions":"","_coblocks_responsive_height":"","_coblocks_accordion_ie_support":"","footnotes":""},"categories":[],"tags":[],"class_list":["post-48704","page","type-page","status-publish","hentry"],"acf":[],"yoast_head":"<!-- This site is optimized with the Yoast SEO plugin v27.3 - https:\/\/yoast.com\/product\/yoast-seo-wordpress\/ -->\n<title>Reglamento Cosm\u00e9ticos todos pa\u00edses - Biorius<\/title>\n<meta name=\"description\" content=\"Biorius te ayuda a que tus productos cumplan la Normativa Cosm\u00e9tica en m\u00e1s de 60 pa\u00edses\" \/>\n<meta name=\"robots\" content=\"index, follow, max-snippet:-1, max-image-preview:large, max-video-preview:-1\" \/>\n<link rel=\"canonical\" href=\"https:\/\/biorius.com\/es\/reglamento-cosmeticos\/reglamento-cosmeticos-todos-paises\/\" \/>\n<meta property=\"og:locale\" content=\"es_ES\" \/>\n<meta property=\"og:type\" content=\"article\" \/>\n<meta property=\"og:title\" content=\"Reglamento Cosm\u00e9ticos todos pa\u00edses - Biorius\" \/>\n<meta property=\"og:description\" content=\"Biorius te ayuda a que tus productos cumplan la Normativa Cosm\u00e9tica en m\u00e1s de 60 pa\u00edses\" \/>\n<meta property=\"og:url\" content=\"https:\/\/biorius.com\/es\/reglamento-cosmeticos\/reglamento-cosmeticos-todos-paises\/\" \/>\n<meta property=\"og:site_name\" content=\"Biorius\" \/>\n<meta property=\"article:modified_time\" content=\"2024-11-04T08:18:36+00:00\" \/>\n<meta name=\"twitter:card\" content=\"summary_large_image\" \/>\n<meta name=\"twitter:label1\" content=\"Tiempo de lectura\" \/>\n\t<meta name=\"twitter:data1\" content=\"1 minuto\" \/>\n<script type=\"application\/ld+json\" class=\"yoast-schema-graph\">{\"@context\":\"https:\\\/\\\/schema.org\",\"@graph\":[{\"@type\":\"WebPage\",\"@id\":\"https:\\\/\\\/biorius.com\\\/es\\\/reglamento-cosmeticos\\\/reglamento-cosmeticos-todos-paises\\\/\",\"url\":\"https:\\\/\\\/biorius.com\\\/es\\\/reglamento-cosmeticos\\\/reglamento-cosmeticos-todos-paises\\\/\",\"name\":\"Reglamento Cosm\u00e9ticos todos pa\u00edses - Biorius\",\"isPartOf\":{\"@id\":\"https:\\\/\\\/biorius.com\\\/es\\\/#website\"},\"datePublished\":\"2023-11-23T13:13:13+00:00\",\"dateModified\":\"2024-11-04T08:18:36+00:00\",\"description\":\"Biorius te ayuda a que tus productos cumplan la Normativa Cosm\u00e9tica en m\u00e1s de 60 pa\u00edses\",\"breadcrumb\":{\"@id\":\"https:\\\/\\\/biorius.com\\\/es\\\/reglamento-cosmeticos\\\/reglamento-cosmeticos-todos-paises\\\/#breadcrumb\"},\"inLanguage\":\"es\",\"potentialAction\":[{\"@type\":\"ReadAction\",\"target\":[\"https:\\\/\\\/biorius.com\\\/es\\\/reglamento-cosmeticos\\\/reglamento-cosmeticos-todos-paises\\\/\"]}]},{\"@type\":\"BreadcrumbList\",\"@id\":\"https:\\\/\\\/biorius.com\\\/es\\\/reglamento-cosmeticos\\\/reglamento-cosmeticos-todos-paises\\\/#breadcrumb\",\"itemListElement\":[{\"@type\":\"ListItem\",\"position\":1,\"name\":\"Inicio\",\"item\":\"https:\\\/\\\/biorius.com\\\/es\\\/\"},{\"@type\":\"ListItem\",\"position\":2,\"name\":\"Reglamento Cosm\u00e9ticos todos pa\u00edses\"}]},{\"@type\":\"WebSite\",\"@id\":\"https:\\\/\\\/biorius.com\\\/es\\\/#website\",\"url\":\"https:\\\/\\\/biorius.com\\\/es\\\/\",\"name\":\"Biorius\",\"description\":\"You create dreams we protect them\",\"potentialAction\":[{\"@type\":\"SearchAction\",\"target\":{\"@type\":\"EntryPoint\",\"urlTemplate\":\"https:\\\/\\\/biorius.com\\\/es\\\/?s={search_term_string}\"},\"query-input\":{\"@type\":\"PropertyValueSpecification\",\"valueRequired\":true,\"valueName\":\"search_term_string\"}}],\"inLanguage\":\"es\"}]}<\/script>\n<!-- \/ Yoast SEO plugin. -->","yoast_head_json":{"title":"Reglamento Cosm\u00e9ticos todos pa\u00edses - Biorius","description":"Biorius te ayuda a que tus productos cumplan la Normativa Cosm\u00e9tica en m\u00e1s de 60 pa\u00edses","robots":{"index":"index","follow":"follow","max-snippet":"max-snippet:-1","max-image-preview":"max-image-preview:large","max-video-preview":"max-video-preview:-1"},"canonical":"https:\/\/biorius.com\/es\/reglamento-cosmeticos\/reglamento-cosmeticos-todos-paises\/","og_locale":"es_ES","og_type":"article","og_title":"Reglamento Cosm\u00e9ticos todos pa\u00edses - Biorius","og_description":"Biorius te ayuda a que tus productos cumplan la Normativa Cosm\u00e9tica en m\u00e1s de 60 pa\u00edses","og_url":"https:\/\/biorius.com\/es\/reglamento-cosmeticos\/reglamento-cosmeticos-todos-paises\/","og_site_name":"Biorius","article_modified_time":"2024-11-04T08:18:36+00:00","twitter_card":"summary_large_image","twitter_misc":{"Tiempo de lectura":"1 minuto"},"schema":{"@context":"https:\/\/schema.org","@graph":[{"@type":"WebPage","@id":"https:\/\/biorius.com\/es\/reglamento-cosmeticos\/reglamento-cosmeticos-todos-paises\/","url":"https:\/\/biorius.com\/es\/reglamento-cosmeticos\/reglamento-cosmeticos-todos-paises\/","name":"Reglamento Cosm\u00e9ticos todos pa\u00edses - Biorius","isPartOf":{"@id":"https:\/\/biorius.com\/es\/#website"},"datePublished":"2023-11-23T13:13:13+00:00","dateModified":"2024-11-04T08:18:36+00:00","description":"Biorius te ayuda a que tus productos cumplan la Normativa Cosm\u00e9tica en m\u00e1s de 60 pa\u00edses","breadcrumb":{"@id":"https:\/\/biorius.com\/es\/reglamento-cosmeticos\/reglamento-cosmeticos-todos-paises\/#breadcrumb"},"inLanguage":"es","potentialAction":[{"@type":"ReadAction","target":["https:\/\/biorius.com\/es\/reglamento-cosmeticos\/reglamento-cosmeticos-todos-paises\/"]}]},{"@type":"BreadcrumbList","@id":"https:\/\/biorius.com\/es\/reglamento-cosmeticos\/reglamento-cosmeticos-todos-paises\/#breadcrumb","itemListElement":[{"@type":"ListItem","position":1,"name":"Inicio","item":"https:\/\/biorius.com\/es\/"},{"@type":"ListItem","position":2,"name":"Reglamento Cosm\u00e9ticos todos pa\u00edses"}]},{"@type":"WebSite","@id":"https:\/\/biorius.com\/es\/#website","url":"https:\/\/biorius.com\/es\/","name":"Biorius","description":"You create dreams we protect them","potentialAction":[{"@type":"SearchAction","target":{"@type":"EntryPoint","urlTemplate":"https:\/\/biorius.com\/es\/?s={search_term_string}"},"query-input":{"@type":"PropertyValueSpecification","valueRequired":true,"valueName":"search_term_string"}}],"inLanguage":"es"}]}},"_links":{"self":[{"href":"https:\/\/biorius.com\/es\/wp-json\/wp\/v2\/pages\/48704","targetHints":{"allow":["GET"]}}],"collection":[{"href":"https:\/\/biorius.com\/es\/wp-json\/wp\/v2\/pages"}],"about":[{"href":"https:\/\/biorius.com\/es\/wp-json\/wp\/v2\/types\/page"}],"author":[{"embeddable":true,"href":"https:\/\/biorius.com\/es\/wp-json\/wp\/v2\/users\/1"}],"replies":[{"embeddable":true,"href":"https:\/\/biorius.com\/es\/wp-json\/wp\/v2\/comments?post=48704"}],"version-history":[{"count":0,"href":"https:\/\/biorius.com\/es\/wp-json\/wp\/v2\/pages\/48704\/revisions"}],"up":[{"embeddable":true,"href":"https:\/\/biorius.com\/es\/wp-json\/wp\/v2\/pages\/46475"}],"wp:attachment":[{"href":"https:\/\/biorius.com\/es\/wp-json\/wp\/v2\/media?parent=48704"}],"wp:term":[{"taxonomy":"category","embeddable":true,"href":"https:\/\/biorius.com\/es\/wp-json\/wp\/v2\/categories?post=48704"},{"taxonomy":"post_tag","embeddable":true,"href":"https:\/\/biorius.com\/es\/wp-json\/wp\/v2\/tags?post=48704"}],"curies":[{"name":"wp","href":"https:\/\/api.w.org\/{rel}","templated":true}]}}