{"id":48617,"date":"2023-11-27T13:52:03","date_gmt":"2023-11-27T12:52:03","guid":{"rendered":"https:\/\/biorius.com\/reach-registro-evaluacion-autorizacion-sustancias-quimicas\/"},"modified":"2025-01-13T09:55:03","modified_gmt":"2025-01-13T08:55:03","slug":"reach","status":"publish","type":"page","link":"https:\/\/biorius.com\/es\/reach\/","title":{"rendered":"REACH (Registro, Evaluaci\u00f3n, Autorizaci\u00f3n, Sustancias Qu\u00edmicas)"},"content":{"rendered":"","protected":false},"excerpt":{"rendered":"","protected":false},"author":1,"featured_media":47356,"parent":0,"menu_order":0,"comment_status":"closed","ping_status":"closed","template":"templates\/page-builder.php","meta":{"_acf_changed":false,"_coblocks_attr":"","_coblocks_dimensions":"","_coblocks_responsive_height":"","_coblocks_accordion_ie_support":"","footnotes":""},"categories":[],"tags":[],"class_list":["post-48617","page","type-page","status-publish","has-post-thumbnail","hentry"],"acf":[],"yoast_head":"<!-- This site is optimized with the Yoast SEO plugin v27.4 - https:\/\/yoast.com\/product\/yoast-seo-wordpress\/ -->\n<title>REACH (Registro, Evaluaci\u00f3n, Autorizaci\u00f3n, Sustancias Qu\u00edmicas) - Biorius<\/title>\n<meta name=\"description\" content=\"Garantiza el cumplimiento de la normativa REACH para productos qu\u00edmicos con Biorius. Obt\u00e9n apoyo experto para el registro, la evaluaci\u00f3n y la autorizaci\u00f3n de tus productos.\" \/>\n<meta name=\"robots\" content=\"index, follow, max-snippet:-1, max-image-preview:large, max-video-preview:-1\" \/>\n<link rel=\"canonical\" href=\"https:\/\/biorius.com\/es\/reach\/\" \/>\n<meta property=\"og:locale\" content=\"es_ES\" \/>\n<meta property=\"og:type\" content=\"article\" \/>\n<meta property=\"og:title\" content=\"REACH (Registro, Evaluaci\u00f3n, Autorizaci\u00f3n, Sustancias Qu\u00edmicas) - Biorius\" \/>\n<meta property=\"og:description\" content=\"Garantiza el cumplimiento de la normativa REACH para productos qu\u00edmicos con Biorius. Obt\u00e9n apoyo experto para el registro, la evaluaci\u00f3n y la autorizaci\u00f3n de tus productos.\" \/>\n<meta property=\"og:url\" content=\"https:\/\/biorius.com\/es\/reach\/\" \/>\n<meta property=\"og:site_name\" content=\"Biorius\" \/>\n<meta property=\"article:modified_time\" content=\"2025-01-13T08:55:03+00:00\" \/>\n<meta property=\"og:image\" content=\"https:\/\/biorius.com\/wp-content\/uploads\/2024\/01\/REACh-2.webp\" \/>\n\t<meta property=\"og:image:width\" content=\"1024\" \/>\n\t<meta property=\"og:image:height\" content=\"1024\" \/>\n\t<meta property=\"og:image:type\" content=\"image\/png\" \/>\n<meta name=\"twitter:card\" content=\"summary_large_image\" \/>\n<meta name=\"twitter:label1\" content=\"Tiempo de lectura\" \/>\n\t<meta name=\"twitter:data1\" content=\"2 minutos\" \/>\n<script type=\"application\/ld+json\" class=\"yoast-schema-graph\">{\"@context\":\"https:\\\/\\\/schema.org\",\"@graph\":[{\"@type\":\"WebPage\",\"@id\":\"https:\\\/\\\/biorius.com\\\/es\\\/reach\\\/\",\"url\":\"https:\\\/\\\/biorius.com\\\/es\\\/reach\\\/\",\"name\":\"REACH (Registro, Evaluaci\u00f3n, Autorizaci\u00f3n, Sustancias Qu\u00edmicas) - Biorius\",\"isPartOf\":{\"@id\":\"https:\\\/\\\/biorius.com\\\/es\\\/#website\"},\"primaryImageOfPage\":{\"@id\":\"https:\\\/\\\/biorius.com\\\/es\\\/reach\\\/#primaryimage\"},\"image\":{\"@id\":\"https:\\\/\\\/biorius.com\\\/es\\\/reach\\\/#primaryimage\"},\"thumbnailUrl\":\"https:\\\/\\\/biorius.com\\\/wp-content\\\/uploads\\\/2024\\\/01\\\/REACh-2.webp\",\"datePublished\":\"2023-11-27T12:52:03+00:00\",\"dateModified\":\"2025-01-13T08:55:03+00:00\",\"description\":\"Garantiza el cumplimiento de la normativa REACH para productos qu\u00edmicos con Biorius. Obt\u00e9n apoyo experto para el registro, la evaluaci\u00f3n y la autorizaci\u00f3n de tus productos.\",\"breadcrumb\":{\"@id\":\"https:\\\/\\\/biorius.com\\\/es\\\/reach\\\/#breadcrumb\"},\"inLanguage\":\"es\",\"potentialAction\":[{\"@type\":\"ReadAction\",\"target\":[\"https:\\\/\\\/biorius.com\\\/es\\\/reach\\\/\"]}]},{\"@type\":\"ImageObject\",\"inLanguage\":\"es\",\"@id\":\"https:\\\/\\\/biorius.com\\\/es\\\/reach\\\/#primaryimage\",\"url\":\"https:\\\/\\\/biorius.com\\\/wp-content\\\/uploads\\\/2024\\\/01\\\/REACh-2.webp\",\"contentUrl\":\"https:\\\/\\\/biorius.com\\\/wp-content\\\/uploads\\\/2024\\\/01\\\/REACh-2.webp\",\"width\":1024,\"height\":1024},{\"@type\":\"BreadcrumbList\",\"@id\":\"https:\\\/\\\/biorius.com\\\/es\\\/reach\\\/#breadcrumb\",\"itemListElement\":[{\"@type\":\"ListItem\",\"position\":1,\"name\":\"Inicio\",\"item\":\"https:\\\/\\\/biorius.com\\\/es\\\/\"},{\"@type\":\"ListItem\",\"position\":2,\"name\":\"REACH (Registro, Evaluaci\u00f3n, Autorizaci\u00f3n, Sustancias Qu\u00edmicas)\"}]},{\"@type\":\"WebSite\",\"@id\":\"https:\\\/\\\/biorius.com\\\/es\\\/#website\",\"url\":\"https:\\\/\\\/biorius.com\\\/es\\\/\",\"name\":\"Biorius\",\"description\":\"You create dreams we protect them\",\"potentialAction\":[{\"@type\":\"SearchAction\",\"target\":{\"@type\":\"EntryPoint\",\"urlTemplate\":\"https:\\\/\\\/biorius.com\\\/es\\\/?s={search_term_string}\"},\"query-input\":{\"@type\":\"PropertyValueSpecification\",\"valueRequired\":true,\"valueName\":\"search_term_string\"}}],\"inLanguage\":\"es\"}]}<\/script>\n<!-- \/ Yoast SEO plugin. -->","yoast_head_json":{"title":"REACH (Registro, Evaluaci\u00f3n, Autorizaci\u00f3n, Sustancias Qu\u00edmicas) - Biorius","description":"Garantiza el cumplimiento de la normativa REACH para productos qu\u00edmicos con Biorius. Obt\u00e9n apoyo experto para el registro, la evaluaci\u00f3n y la autorizaci\u00f3n de tus productos.","robots":{"index":"index","follow":"follow","max-snippet":"max-snippet:-1","max-image-preview":"max-image-preview:large","max-video-preview":"max-video-preview:-1"},"canonical":"https:\/\/biorius.com\/es\/reach\/","og_locale":"es_ES","og_type":"article","og_title":"REACH (Registro, Evaluaci\u00f3n, Autorizaci\u00f3n, Sustancias Qu\u00edmicas) - Biorius","og_description":"Garantiza el cumplimiento de la normativa REACH para productos qu\u00edmicos con Biorius. Obt\u00e9n apoyo experto para el registro, la evaluaci\u00f3n y la autorizaci\u00f3n de tus productos.","og_url":"https:\/\/biorius.com\/es\/reach\/","og_site_name":"Biorius","article_modified_time":"2025-01-13T08:55:03+00:00","og_image":[{"width":1024,"height":1024,"url":"https:\/\/biorius.com\/wp-content\/uploads\/2024\/01\/REACh-2.webp","type":"image\/png"}],"twitter_card":"summary_large_image","twitter_misc":{"Tiempo de lectura":"2 minutos"},"schema":{"@context":"https:\/\/schema.org","@graph":[{"@type":"WebPage","@id":"https:\/\/biorius.com\/es\/reach\/","url":"https:\/\/biorius.com\/es\/reach\/","name":"REACH (Registro, Evaluaci\u00f3n, Autorizaci\u00f3n, Sustancias Qu\u00edmicas) - Biorius","isPartOf":{"@id":"https:\/\/biorius.com\/es\/#website"},"primaryImageOfPage":{"@id":"https:\/\/biorius.com\/es\/reach\/#primaryimage"},"image":{"@id":"https:\/\/biorius.com\/es\/reach\/#primaryimage"},"thumbnailUrl":"https:\/\/biorius.com\/wp-content\/uploads\/2024\/01\/REACh-2.webp","datePublished":"2023-11-27T12:52:03+00:00","dateModified":"2025-01-13T08:55:03+00:00","description":"Garantiza el cumplimiento de la normativa REACH para productos qu\u00edmicos con Biorius. Obt\u00e9n apoyo experto para el registro, la evaluaci\u00f3n y la autorizaci\u00f3n de tus productos.","breadcrumb":{"@id":"https:\/\/biorius.com\/es\/reach\/#breadcrumb"},"inLanguage":"es","potentialAction":[{"@type":"ReadAction","target":["https:\/\/biorius.com\/es\/reach\/"]}]},{"@type":"ImageObject","inLanguage":"es","@id":"https:\/\/biorius.com\/es\/reach\/#primaryimage","url":"https:\/\/biorius.com\/wp-content\/uploads\/2024\/01\/REACh-2.webp","contentUrl":"https:\/\/biorius.com\/wp-content\/uploads\/2024\/01\/REACh-2.webp","width":1024,"height":1024},{"@type":"BreadcrumbList","@id":"https:\/\/biorius.com\/es\/reach\/#breadcrumb","itemListElement":[{"@type":"ListItem","position":1,"name":"Inicio","item":"https:\/\/biorius.com\/es\/"},{"@type":"ListItem","position":2,"name":"REACH (Registro, Evaluaci\u00f3n, Autorizaci\u00f3n, Sustancias Qu\u00edmicas)"}]},{"@type":"WebSite","@id":"https:\/\/biorius.com\/es\/#website","url":"https:\/\/biorius.com\/es\/","name":"Biorius","description":"You create dreams we protect them","potentialAction":[{"@type":"SearchAction","target":{"@type":"EntryPoint","urlTemplate":"https:\/\/biorius.com\/es\/?s={search_term_string}"},"query-input":{"@type":"PropertyValueSpecification","valueRequired":true,"valueName":"search_term_string"}}],"inLanguage":"es"}]}},"_links":{"self":[{"href":"https:\/\/biorius.com\/es\/wp-json\/wp\/v2\/pages\/48617","targetHints":{"allow":["GET"]}}],"collection":[{"href":"https:\/\/biorius.com\/es\/wp-json\/wp\/v2\/pages"}],"about":[{"href":"https:\/\/biorius.com\/es\/wp-json\/wp\/v2\/types\/page"}],"author":[{"embeddable":true,"href":"https:\/\/biorius.com\/es\/wp-json\/wp\/v2\/users\/1"}],"replies":[{"embeddable":true,"href":"https:\/\/biorius.com\/es\/wp-json\/wp\/v2\/comments?post=48617"}],"version-history":[{"count":0,"href":"https:\/\/biorius.com\/es\/wp-json\/wp\/v2\/pages\/48617\/revisions"}],"wp:featuredmedia":[{"embeddable":true,"href":"https:\/\/biorius.com\/es\/wp-json\/wp\/v2\/media\/47356"}],"wp:attachment":[{"href":"https:\/\/biorius.com\/es\/wp-json\/wp\/v2\/media?parent=48617"}],"wp:term":[{"taxonomy":"category","embeddable":true,"href":"https:\/\/biorius.com\/es\/wp-json\/wp\/v2\/categories?post=48617"},{"taxonomy":"post_tag","embeddable":true,"href":"https:\/\/biorius.com\/es\/wp-json\/wp\/v2\/tags?post=48617"}],"curies":[{"name":"wp","href":"https:\/\/api.w.org\/{rel}","templated":true}]}}