{"id":48562,"date":"2023-11-23T16:01:43","date_gmt":"2023-11-23T15:01:43","guid":{"rendered":"https:\/\/biorius.com\/cosmetic-ingredient-review\/"},"modified":"2024-11-04T09:31:55","modified_gmt":"2024-11-04T08:31:55","slug":"ingredientes-cosmeticos","status":"publish","type":"page","link":"https:\/\/biorius.com\/es\/ingredientes-cosmeticos\/","title":{"rendered":"Revisi\u00f3n de ingredientes cosm\u00e9ticos: Formulaciones seguras y conformes"},"content":{"rendered":"","protected":false},"excerpt":{"rendered":"","protected":false},"author":1,"featured_media":47308,"parent":0,"menu_order":0,"comment_status":"closed","ping_status":"closed","template":"templates\/page-builder.php","meta":{"_acf_changed":false,"_coblocks_attr":"","_coblocks_dimensions":"","_coblocks_responsive_height":"","_coblocks_accordion_ie_support":"","footnotes":""},"categories":[],"tags":[],"class_list":["post-48562","page","type-page","status-publish","has-post-thumbnail","hentry"],"acf":[],"yoast_head":"<!-- This site is optimized with the Yoast SEO plugin v27.4 - https:\/\/yoast.com\/product\/yoast-seo-wordpress\/ -->\n<title>Revisi\u00f3n de ingredientes cosm\u00e9ticos: Formulaciones seguras y conformes - Biorius<\/title>\n<meta name=\"description\" content=\"Revisi\u00f3n de ingredientes cosm\u00e9ticos: Garantiza la seguridad y la conformidad de tus cosm\u00e9ticos con las revisiones de ingredientes realizadas por expertos de Biorius.\" \/>\n<meta name=\"robots\" content=\"index, follow, max-snippet:-1, max-image-preview:large, max-video-preview:-1\" \/>\n<link rel=\"canonical\" href=\"https:\/\/biorius.com\/es\/ingredientes-cosmeticos\/\" \/>\n<meta property=\"og:locale\" content=\"es_ES\" \/>\n<meta property=\"og:type\" content=\"article\" \/>\n<meta property=\"og:title\" content=\"Revisi\u00f3n de ingredientes cosm\u00e9ticos: Formulaciones seguras y conformes - Biorius\" \/>\n<meta property=\"og:description\" content=\"Revisi\u00f3n de ingredientes cosm\u00e9ticos: Garantiza la seguridad y la conformidad de tus cosm\u00e9ticos con las revisiones de ingredientes realizadas por expertos de Biorius.\" \/>\n<meta property=\"og:url\" content=\"https:\/\/biorius.com\/es\/ingredientes-cosmeticos\/\" \/>\n<meta property=\"og:site_name\" content=\"Biorius\" \/>\n<meta property=\"article:modified_time\" content=\"2024-11-04T08:31:55+00:00\" \/>\n<meta property=\"og:image\" content=\"https:\/\/biorius.com\/wp-content\/uploads\/2023\/11\/Cosmetic-ingredients-scaled-e1700750179289.jpg\" \/>\n\t<meta property=\"og:image:width\" content=\"2560\" \/>\n\t<meta property=\"og:image:height\" content=\"1828\" \/>\n\t<meta property=\"og:image:type\" content=\"image\/jpeg\" \/>\n<meta name=\"twitter:card\" content=\"summary_large_image\" \/>\n<meta name=\"twitter:label1\" content=\"Tiempo de lectura\" \/>\n\t<meta name=\"twitter:data1\" content=\"5 minutos\" \/>\n<script type=\"application\/ld+json\" class=\"yoast-schema-graph\">{\"@context\":\"https:\\\/\\\/schema.org\",\"@graph\":[{\"@type\":\"WebPage\",\"@id\":\"https:\\\/\\\/biorius.com\\\/es\\\/ingredientes-cosmeticos\\\/\",\"url\":\"https:\\\/\\\/biorius.com\\\/es\\\/ingredientes-cosmeticos\\\/\",\"name\":\"Revisi\u00f3n de ingredientes cosm\u00e9ticos: Formulaciones seguras y conformes - Biorius\",\"isPartOf\":{\"@id\":\"https:\\\/\\\/biorius.com\\\/es\\\/#website\"},\"primaryImageOfPage\":{\"@id\":\"https:\\\/\\\/biorius.com\\\/es\\\/ingredientes-cosmeticos\\\/#primaryimage\"},\"image\":{\"@id\":\"https:\\\/\\\/biorius.com\\\/es\\\/ingredientes-cosmeticos\\\/#primaryimage\"},\"thumbnailUrl\":\"https:\\\/\\\/biorius.com\\\/wp-content\\\/uploads\\\/2023\\\/11\\\/Cosmetic-ingredients-scaled-e1700750179289.jpg\",\"datePublished\":\"2023-11-23T15:01:43+00:00\",\"dateModified\":\"2024-11-04T08:31:55+00:00\",\"description\":\"Revisi\u00f3n de ingredientes cosm\u00e9ticos: Garantiza la seguridad y la conformidad de tus cosm\u00e9ticos con las revisiones de ingredientes realizadas por expertos de Biorius.\",\"breadcrumb\":{\"@id\":\"https:\\\/\\\/biorius.com\\\/es\\\/ingredientes-cosmeticos\\\/#breadcrumb\"},\"inLanguage\":\"es\",\"potentialAction\":[{\"@type\":\"ReadAction\",\"target\":[\"https:\\\/\\\/biorius.com\\\/es\\\/ingredientes-cosmeticos\\\/\"]}]},{\"@type\":\"ImageObject\",\"inLanguage\":\"es\",\"@id\":\"https:\\\/\\\/biorius.com\\\/es\\\/ingredientes-cosmeticos\\\/#primaryimage\",\"url\":\"https:\\\/\\\/biorius.com\\\/wp-content\\\/uploads\\\/2023\\\/11\\\/Cosmetic-ingredients-scaled-e1700750179289.jpg\",\"contentUrl\":\"https:\\\/\\\/biorius.com\\\/wp-content\\\/uploads\\\/2023\\\/11\\\/Cosmetic-ingredients-scaled-e1700750179289.jpg\",\"width\":2560,\"height\":1828},{\"@type\":\"BreadcrumbList\",\"@id\":\"https:\\\/\\\/biorius.com\\\/es\\\/ingredientes-cosmeticos\\\/#breadcrumb\",\"itemListElement\":[{\"@type\":\"ListItem\",\"position\":1,\"name\":\"Inicio\",\"item\":\"https:\\\/\\\/biorius.com\\\/es\\\/\"},{\"@type\":\"ListItem\",\"position\":2,\"name\":\"Revisi\u00f3n de ingredientes cosm\u00e9ticos: Formulaciones seguras y conformes\"}]},{\"@type\":\"WebSite\",\"@id\":\"https:\\\/\\\/biorius.com\\\/es\\\/#website\",\"url\":\"https:\\\/\\\/biorius.com\\\/es\\\/\",\"name\":\"Biorius\",\"description\":\"You create dreams we protect them\",\"potentialAction\":[{\"@type\":\"SearchAction\",\"target\":{\"@type\":\"EntryPoint\",\"urlTemplate\":\"https:\\\/\\\/biorius.com\\\/es\\\/?s={search_term_string}\"},\"query-input\":{\"@type\":\"PropertyValueSpecification\",\"valueRequired\":true,\"valueName\":\"search_term_string\"}}],\"inLanguage\":\"es\"}]}<\/script>\n<!-- \/ Yoast SEO plugin. -->","yoast_head_json":{"title":"Revisi\u00f3n de ingredientes cosm\u00e9ticos: Formulaciones seguras y conformes - Biorius","description":"Revisi\u00f3n de ingredientes cosm\u00e9ticos: Garantiza la seguridad y la conformidad de tus cosm\u00e9ticos con las revisiones de ingredientes realizadas por expertos de Biorius.","robots":{"index":"index","follow":"follow","max-snippet":"max-snippet:-1","max-image-preview":"max-image-preview:large","max-video-preview":"max-video-preview:-1"},"canonical":"https:\/\/biorius.com\/es\/ingredientes-cosmeticos\/","og_locale":"es_ES","og_type":"article","og_title":"Revisi\u00f3n de ingredientes cosm\u00e9ticos: Formulaciones seguras y conformes - Biorius","og_description":"Revisi\u00f3n de ingredientes cosm\u00e9ticos: Garantiza la seguridad y la conformidad de tus cosm\u00e9ticos con las revisiones de ingredientes realizadas por expertos de Biorius.","og_url":"https:\/\/biorius.com\/es\/ingredientes-cosmeticos\/","og_site_name":"Biorius","article_modified_time":"2024-11-04T08:31:55+00:00","og_image":[{"width":2560,"height":1828,"url":"https:\/\/biorius.com\/wp-content\/uploads\/2023\/11\/Cosmetic-ingredients-scaled-e1700750179289.jpg","type":"image\/jpeg"}],"twitter_card":"summary_large_image","twitter_misc":{"Tiempo de lectura":"5 minutos"},"schema":{"@context":"https:\/\/schema.org","@graph":[{"@type":"WebPage","@id":"https:\/\/biorius.com\/es\/ingredientes-cosmeticos\/","url":"https:\/\/biorius.com\/es\/ingredientes-cosmeticos\/","name":"Revisi\u00f3n de ingredientes cosm\u00e9ticos: Formulaciones seguras y conformes - Biorius","isPartOf":{"@id":"https:\/\/biorius.com\/es\/#website"},"primaryImageOfPage":{"@id":"https:\/\/biorius.com\/es\/ingredientes-cosmeticos\/#primaryimage"},"image":{"@id":"https:\/\/biorius.com\/es\/ingredientes-cosmeticos\/#primaryimage"},"thumbnailUrl":"https:\/\/biorius.com\/wp-content\/uploads\/2023\/11\/Cosmetic-ingredients-scaled-e1700750179289.jpg","datePublished":"2023-11-23T15:01:43+00:00","dateModified":"2024-11-04T08:31:55+00:00","description":"Revisi\u00f3n de ingredientes cosm\u00e9ticos: Garantiza la seguridad y la conformidad de tus cosm\u00e9ticos con las revisiones de ingredientes realizadas por expertos de Biorius.","breadcrumb":{"@id":"https:\/\/biorius.com\/es\/ingredientes-cosmeticos\/#breadcrumb"},"inLanguage":"es","potentialAction":[{"@type":"ReadAction","target":["https:\/\/biorius.com\/es\/ingredientes-cosmeticos\/"]}]},{"@type":"ImageObject","inLanguage":"es","@id":"https:\/\/biorius.com\/es\/ingredientes-cosmeticos\/#primaryimage","url":"https:\/\/biorius.com\/wp-content\/uploads\/2023\/11\/Cosmetic-ingredients-scaled-e1700750179289.jpg","contentUrl":"https:\/\/biorius.com\/wp-content\/uploads\/2023\/11\/Cosmetic-ingredients-scaled-e1700750179289.jpg","width":2560,"height":1828},{"@type":"BreadcrumbList","@id":"https:\/\/biorius.com\/es\/ingredientes-cosmeticos\/#breadcrumb","itemListElement":[{"@type":"ListItem","position":1,"name":"Inicio","item":"https:\/\/biorius.com\/es\/"},{"@type":"ListItem","position":2,"name":"Revisi\u00f3n de ingredientes cosm\u00e9ticos: Formulaciones seguras y conformes"}]},{"@type":"WebSite","@id":"https:\/\/biorius.com\/es\/#website","url":"https:\/\/biorius.com\/es\/","name":"Biorius","description":"You create dreams we protect them","potentialAction":[{"@type":"SearchAction","target":{"@type":"EntryPoint","urlTemplate":"https:\/\/biorius.com\/es\/?s={search_term_string}"},"query-input":{"@type":"PropertyValueSpecification","valueRequired":true,"valueName":"search_term_string"}}],"inLanguage":"es"}]}},"_links":{"self":[{"href":"https:\/\/biorius.com\/es\/wp-json\/wp\/v2\/pages\/48562","targetHints":{"allow":["GET"]}}],"collection":[{"href":"https:\/\/biorius.com\/es\/wp-json\/wp\/v2\/pages"}],"about":[{"href":"https:\/\/biorius.com\/es\/wp-json\/wp\/v2\/types\/page"}],"author":[{"embeddable":true,"href":"https:\/\/biorius.com\/es\/wp-json\/wp\/v2\/users\/1"}],"replies":[{"embeddable":true,"href":"https:\/\/biorius.com\/es\/wp-json\/wp\/v2\/comments?post=48562"}],"version-history":[{"count":0,"href":"https:\/\/biorius.com\/es\/wp-json\/wp\/v2\/pages\/48562\/revisions"}],"wp:featuredmedia":[{"embeddable":true,"href":"https:\/\/biorius.com\/es\/wp-json\/wp\/v2\/media\/47308"}],"wp:attachment":[{"href":"https:\/\/biorius.com\/es\/wp-json\/wp\/v2\/media?parent=48562"}],"wp:term":[{"taxonomy":"category","embeddable":true,"href":"https:\/\/biorius.com\/es\/wp-json\/wp\/v2\/categories?post=48562"},{"taxonomy":"post_tag","embeddable":true,"href":"https:\/\/biorius.com\/es\/wp-json\/wp\/v2\/tags?post=48562"}],"curies":[{"name":"wp","href":"https:\/\/api.w.org\/{rel}","templated":true}]}}