{"id":48540,"date":"2023-11-20T13:55:31","date_gmt":"2023-11-20T12:55:31","guid":{"rendered":"https:\/\/biorius.com\/cosmeticos-noticias-de-ultima-hora\/"},"modified":"2025-01-13T09:55:43","modified_gmt":"2025-01-13T08:55:43","slug":"ultimas-cosmeticos-noticias","status":"publish","type":"page","link":"https:\/\/biorius.com\/es\/ultimas-cosmeticos-noticias\/","title":{"rendered":"Cosm\u00e9ticos Noticias de \u00faltima hora"},"content":{"rendered":"","protected":false},"excerpt":{"rendered":"","protected":false},"author":1,"featured_media":47288,"parent":0,"menu_order":0,"comment_status":"closed","ping_status":"closed","template":"templates\/page-builder.php","meta":{"_acf_changed":false,"_coblocks_attr":"","_coblocks_dimensions":"","_coblocks_responsive_height":"","_coblocks_accordion_ie_support":"","footnotes":""},"categories":[],"tags":[],"class_list":["post-48540","page","type-page","status-publish","has-post-thumbnail","hentry"],"acf":[],"yoast_head":"<!-- This site is optimized with the Yoast SEO plugin v27.4 - https:\/\/yoast.com\/product\/yoast-seo-wordpress\/ -->\n<title>Cosm\u00e9ticos Noticias de \u00faltima hora - Biorius<\/title>\n<meta name=\"description\" content=\"Mantente al d\u00eda de las \u00faltimas noticias de la industria cosm\u00e9tica, normativas y actualizaciones de cumplimiento de Biorius. Informaci\u00f3n esencial para las marcas globales.\" \/>\n<meta name=\"robots\" content=\"index, follow, max-snippet:-1, max-image-preview:large, max-video-preview:-1\" \/>\n<link rel=\"canonical\" href=\"https:\/\/biorius.com\/es\/ultimas-cosmeticos-noticias\/\" \/>\n<meta property=\"og:locale\" content=\"es_ES\" \/>\n<meta property=\"og:type\" content=\"article\" \/>\n<meta property=\"og:title\" content=\"Cosm\u00e9ticos Noticias de \u00faltima hora - Biorius\" \/>\n<meta property=\"og:description\" content=\"Mantente al d\u00eda de las \u00faltimas noticias de la industria cosm\u00e9tica, normativas y actualizaciones de cumplimiento de Biorius. Informaci\u00f3n esencial para las marcas globales.\" \/>\n<meta property=\"og:url\" content=\"https:\/\/biorius.com\/es\/ultimas-cosmeticos-noticias\/\" \/>\n<meta property=\"og:site_name\" content=\"Biorius\" \/>\n<meta property=\"article:modified_time\" content=\"2025-01-13T08:55:43+00:00\" \/>\n<meta property=\"og:image\" content=\"https:\/\/biorius.com\/wp-content\/uploads\/2023\/11\/Cosmetics-Breaking-news.webp\" \/>\n\t<meta property=\"og:image:width\" content=\"1200\" \/>\n\t<meta property=\"og:image:height\" content=\"771\" \/>\n\t<meta property=\"og:image:type\" content=\"image\/jpeg\" \/>\n<meta name=\"twitter:card\" content=\"summary_large_image\" \/>\n<meta name=\"twitter:label1\" content=\"Tiempo de lectura\" \/>\n\t<meta name=\"twitter:data1\" content=\"25 minutos\" \/>\n<script type=\"application\/ld+json\" class=\"yoast-schema-graph\">{\"@context\":\"https:\\\/\\\/schema.org\",\"@graph\":[{\"@type\":\"WebPage\",\"@id\":\"https:\\\/\\\/biorius.com\\\/es\\\/ultimas-cosmeticos-noticias\\\/\",\"url\":\"https:\\\/\\\/biorius.com\\\/es\\\/ultimas-cosmeticos-noticias\\\/\",\"name\":\"Cosm\u00e9ticos Noticias de \u00faltima hora - Biorius\",\"isPartOf\":{\"@id\":\"https:\\\/\\\/biorius.com\\\/es\\\/#website\"},\"primaryImageOfPage\":{\"@id\":\"https:\\\/\\\/biorius.com\\\/es\\\/ultimas-cosmeticos-noticias\\\/#primaryimage\"},\"image\":{\"@id\":\"https:\\\/\\\/biorius.com\\\/es\\\/ultimas-cosmeticos-noticias\\\/#primaryimage\"},\"thumbnailUrl\":\"https:\\\/\\\/biorius.com\\\/wp-content\\\/uploads\\\/2023\\\/11\\\/Cosmetics-Breaking-news.webp\",\"datePublished\":\"2023-11-20T12:55:31+00:00\",\"dateModified\":\"2025-01-13T08:55:43+00:00\",\"description\":\"Mantente al d\u00eda de las \u00faltimas noticias de la industria cosm\u00e9tica, normativas y actualizaciones de cumplimiento de Biorius. Informaci\u00f3n esencial para las marcas globales.\",\"breadcrumb\":{\"@id\":\"https:\\\/\\\/biorius.com\\\/es\\\/ultimas-cosmeticos-noticias\\\/#breadcrumb\"},\"inLanguage\":\"es\",\"potentialAction\":[{\"@type\":\"ReadAction\",\"target\":[\"https:\\\/\\\/biorius.com\\\/es\\\/ultimas-cosmeticos-noticias\\\/\"]}]},{\"@type\":\"ImageObject\",\"inLanguage\":\"es\",\"@id\":\"https:\\\/\\\/biorius.com\\\/es\\\/ultimas-cosmeticos-noticias\\\/#primaryimage\",\"url\":\"https:\\\/\\\/biorius.com\\\/wp-content\\\/uploads\\\/2023\\\/11\\\/Cosmetics-Breaking-news.webp\",\"contentUrl\":\"https:\\\/\\\/biorius.com\\\/wp-content\\\/uploads\\\/2023\\\/11\\\/Cosmetics-Breaking-news.webp\",\"width\":1200,\"height\":771},{\"@type\":\"BreadcrumbList\",\"@id\":\"https:\\\/\\\/biorius.com\\\/es\\\/ultimas-cosmeticos-noticias\\\/#breadcrumb\",\"itemListElement\":[{\"@type\":\"ListItem\",\"position\":1,\"name\":\"Inicio\",\"item\":\"https:\\\/\\\/biorius.com\\\/es\\\/\"},{\"@type\":\"ListItem\",\"position\":2,\"name\":\"Cosm\u00e9ticos Noticias de \u00faltima hora\"}]},{\"@type\":\"WebSite\",\"@id\":\"https:\\\/\\\/biorius.com\\\/es\\\/#website\",\"url\":\"https:\\\/\\\/biorius.com\\\/es\\\/\",\"name\":\"Biorius\",\"description\":\"You create dreams we protect them\",\"potentialAction\":[{\"@type\":\"SearchAction\",\"target\":{\"@type\":\"EntryPoint\",\"urlTemplate\":\"https:\\\/\\\/biorius.com\\\/es\\\/?s={search_term_string}\"},\"query-input\":{\"@type\":\"PropertyValueSpecification\",\"valueRequired\":true,\"valueName\":\"search_term_string\"}}],\"inLanguage\":\"es\"}]}<\/script>\n<!-- \/ Yoast SEO plugin. -->","yoast_head_json":{"title":"Cosm\u00e9ticos Noticias de \u00faltima hora - Biorius","description":"Mantente al d\u00eda de las \u00faltimas noticias de la industria cosm\u00e9tica, normativas y actualizaciones de cumplimiento de Biorius. Informaci\u00f3n esencial para las marcas globales.","robots":{"index":"index","follow":"follow","max-snippet":"max-snippet:-1","max-image-preview":"max-image-preview:large","max-video-preview":"max-video-preview:-1"},"canonical":"https:\/\/biorius.com\/es\/ultimas-cosmeticos-noticias\/","og_locale":"es_ES","og_type":"article","og_title":"Cosm\u00e9ticos Noticias de \u00faltima hora - Biorius","og_description":"Mantente al d\u00eda de las \u00faltimas noticias de la industria cosm\u00e9tica, normativas y actualizaciones de cumplimiento de Biorius. Informaci\u00f3n esencial para las marcas globales.","og_url":"https:\/\/biorius.com\/es\/ultimas-cosmeticos-noticias\/","og_site_name":"Biorius","article_modified_time":"2025-01-13T08:55:43+00:00","og_image":[{"width":1200,"height":771,"url":"https:\/\/biorius.com\/wp-content\/uploads\/2023\/11\/Cosmetics-Breaking-news.webp","type":"image\/jpeg"}],"twitter_card":"summary_large_image","twitter_misc":{"Tiempo de lectura":"25 minutos"},"schema":{"@context":"https:\/\/schema.org","@graph":[{"@type":"WebPage","@id":"https:\/\/biorius.com\/es\/ultimas-cosmeticos-noticias\/","url":"https:\/\/biorius.com\/es\/ultimas-cosmeticos-noticias\/","name":"Cosm\u00e9ticos Noticias de \u00faltima hora - Biorius","isPartOf":{"@id":"https:\/\/biorius.com\/es\/#website"},"primaryImageOfPage":{"@id":"https:\/\/biorius.com\/es\/ultimas-cosmeticos-noticias\/#primaryimage"},"image":{"@id":"https:\/\/biorius.com\/es\/ultimas-cosmeticos-noticias\/#primaryimage"},"thumbnailUrl":"https:\/\/biorius.com\/wp-content\/uploads\/2023\/11\/Cosmetics-Breaking-news.webp","datePublished":"2023-11-20T12:55:31+00:00","dateModified":"2025-01-13T08:55:43+00:00","description":"Mantente al d\u00eda de las \u00faltimas noticias de la industria cosm\u00e9tica, normativas y actualizaciones de cumplimiento de Biorius. Informaci\u00f3n esencial para las marcas globales.","breadcrumb":{"@id":"https:\/\/biorius.com\/es\/ultimas-cosmeticos-noticias\/#breadcrumb"},"inLanguage":"es","potentialAction":[{"@type":"ReadAction","target":["https:\/\/biorius.com\/es\/ultimas-cosmeticos-noticias\/"]}]},{"@type":"ImageObject","inLanguage":"es","@id":"https:\/\/biorius.com\/es\/ultimas-cosmeticos-noticias\/#primaryimage","url":"https:\/\/biorius.com\/wp-content\/uploads\/2023\/11\/Cosmetics-Breaking-news.webp","contentUrl":"https:\/\/biorius.com\/wp-content\/uploads\/2023\/11\/Cosmetics-Breaking-news.webp","width":1200,"height":771},{"@type":"BreadcrumbList","@id":"https:\/\/biorius.com\/es\/ultimas-cosmeticos-noticias\/#breadcrumb","itemListElement":[{"@type":"ListItem","position":1,"name":"Inicio","item":"https:\/\/biorius.com\/es\/"},{"@type":"ListItem","position":2,"name":"Cosm\u00e9ticos Noticias de \u00faltima hora"}]},{"@type":"WebSite","@id":"https:\/\/biorius.com\/es\/#website","url":"https:\/\/biorius.com\/es\/","name":"Biorius","description":"You create dreams we protect them","potentialAction":[{"@type":"SearchAction","target":{"@type":"EntryPoint","urlTemplate":"https:\/\/biorius.com\/es\/?s={search_term_string}"},"query-input":{"@type":"PropertyValueSpecification","valueRequired":true,"valueName":"search_term_string"}}],"inLanguage":"es"}]}},"_links":{"self":[{"href":"https:\/\/biorius.com\/es\/wp-json\/wp\/v2\/pages\/48540","targetHints":{"allow":["GET"]}}],"collection":[{"href":"https:\/\/biorius.com\/es\/wp-json\/wp\/v2\/pages"}],"about":[{"href":"https:\/\/biorius.com\/es\/wp-json\/wp\/v2\/types\/page"}],"author":[{"embeddable":true,"href":"https:\/\/biorius.com\/es\/wp-json\/wp\/v2\/users\/1"}],"replies":[{"embeddable":true,"href":"https:\/\/biorius.com\/es\/wp-json\/wp\/v2\/comments?post=48540"}],"version-history":[{"count":0,"href":"https:\/\/biorius.com\/es\/wp-json\/wp\/v2\/pages\/48540\/revisions"}],"wp:featuredmedia":[{"embeddable":true,"href":"https:\/\/biorius.com\/es\/wp-json\/wp\/v2\/media\/47288"}],"wp:attachment":[{"href":"https:\/\/biorius.com\/es\/wp-json\/wp\/v2\/media?parent=48540"}],"wp:term":[{"taxonomy":"category","embeddable":true,"href":"https:\/\/biorius.com\/es\/wp-json\/wp\/v2\/categories?post=48540"},{"taxonomy":"post_tag","embeddable":true,"href":"https:\/\/biorius.com\/es\/wp-json\/wp\/v2\/tags?post=48540"}],"curies":[{"name":"wp","href":"https:\/\/api.w.org\/{rel}","templated":true}]}}