{"id":48533,"date":"2023-08-31T12:48:26","date_gmt":"2023-08-31T10:48:26","guid":{"rendered":"https:\/\/biorius.com\/who-we-are\/empleo\/"},"modified":"2024-05-10T12:39:43","modified_gmt":"2024-05-10T10:39:43","slug":"empleo","status":"publish","type":"page","link":"https:\/\/biorius.com\/es\/empleo\/","title":{"rendered":"Empleo"},"content":{"rendered":"","protected":false},"excerpt":{"rendered":"","protected":false},"author":1,"featured_media":0,"parent":0,"menu_order":0,"comment_status":"closed","ping_status":"closed","template":"templates\/page-builder.php","meta":{"_acf_changed":false,"_coblocks_attr":"","_coblocks_dimensions":"","_coblocks_responsive_height":"","_coblocks_accordion_ie_support":"","footnotes":""},"categories":[],"tags":[],"class_list":["post-48533","page","type-page","status-publish","hentry"],"acf":[],"yoast_head":"<!-- This site is optimized with the Yoast SEO plugin v27.5 - https:\/\/yoast.com\/product\/yoast-seo-wordpress\/ -->\n<title>Carrera profesional - BIORIUS<\/title>\n<meta name=\"description\" content=\"Carrera @ BIORIUS: \u00danete al experto en regulaci\u00f3n y toxicolog\u00eda cosm\u00e9tica y ay\u00fadanos a garantizar la seguridad y el cumplimiento en todo el mundo.\" \/>\n<meta name=\"robots\" content=\"index, follow, max-snippet:-1, max-image-preview:large, max-video-preview:-1\" \/>\n<link rel=\"canonical\" href=\"https:\/\/biorius.com\/es\/empleo\/\" \/>\n<meta property=\"og:locale\" content=\"es_ES\" \/>\n<meta property=\"og:type\" content=\"article\" \/>\n<meta property=\"og:title\" content=\"Carrera profesional - BIORIUS\" \/>\n<meta property=\"og:description\" content=\"Carrera @ BIORIUS: \u00danete al experto en regulaci\u00f3n y toxicolog\u00eda cosm\u00e9tica y ay\u00fadanos a garantizar la seguridad y el cumplimiento en todo el mundo.\" \/>\n<meta property=\"og:url\" content=\"https:\/\/biorius.com\/es\/empleo\/\" \/>\n<meta property=\"og:site_name\" content=\"Biorius\" \/>\n<meta property=\"article:modified_time\" content=\"2024-05-10T10:39:43+00:00\" \/>\n<meta name=\"twitter:card\" content=\"summary_large_image\" \/>\n<script type=\"application\/ld+json\" class=\"yoast-schema-graph\">{\"@context\":\"https:\\\/\\\/schema.org\",\"@graph\":[{\"@type\":\"WebPage\",\"@id\":\"https:\\\/\\\/biorius.com\\\/es\\\/empleo\\\/\",\"url\":\"https:\\\/\\\/biorius.com\\\/es\\\/empleo\\\/\",\"name\":\"Carrera profesional - BIORIUS\",\"isPartOf\":{\"@id\":\"https:\\\/\\\/biorius.com\\\/es\\\/#website\"},\"datePublished\":\"2023-08-31T10:48:26+00:00\",\"dateModified\":\"2024-05-10T10:39:43+00:00\",\"description\":\"Carrera @ BIORIUS: \u00danete al experto en regulaci\u00f3n y toxicolog\u00eda cosm\u00e9tica y ay\u00fadanos a garantizar la seguridad y el cumplimiento en todo el mundo.\",\"breadcrumb\":{\"@id\":\"https:\\\/\\\/biorius.com\\\/es\\\/empleo\\\/#breadcrumb\"},\"inLanguage\":\"es\",\"potentialAction\":[{\"@type\":\"ReadAction\",\"target\":[\"https:\\\/\\\/biorius.com\\\/es\\\/empleo\\\/\"]}]},{\"@type\":\"BreadcrumbList\",\"@id\":\"https:\\\/\\\/biorius.com\\\/es\\\/empleo\\\/#breadcrumb\",\"itemListElement\":[{\"@type\":\"ListItem\",\"position\":1,\"name\":\"Inicio\",\"item\":\"https:\\\/\\\/biorius.com\\\/es\\\/\"},{\"@type\":\"ListItem\",\"position\":2,\"name\":\"Empleo\"}]},{\"@type\":\"WebSite\",\"@id\":\"https:\\\/\\\/biorius.com\\\/es\\\/#website\",\"url\":\"https:\\\/\\\/biorius.com\\\/es\\\/\",\"name\":\"Biorius\",\"description\":\"You create dreams we protect them\",\"potentialAction\":[{\"@type\":\"SearchAction\",\"target\":{\"@type\":\"EntryPoint\",\"urlTemplate\":\"https:\\\/\\\/biorius.com\\\/es\\\/?s={search_term_string}\"},\"query-input\":{\"@type\":\"PropertyValueSpecification\",\"valueRequired\":true,\"valueName\":\"search_term_string\"}}],\"inLanguage\":\"es\"}]}<\/script>\n<!-- \/ Yoast SEO plugin. -->","yoast_head_json":{"title":"Carrera profesional - BIORIUS","description":"Carrera @ BIORIUS: \u00danete al experto en regulaci\u00f3n y toxicolog\u00eda cosm\u00e9tica y ay\u00fadanos a garantizar la seguridad y el cumplimiento en todo el mundo.","robots":{"index":"index","follow":"follow","max-snippet":"max-snippet:-1","max-image-preview":"max-image-preview:large","max-video-preview":"max-video-preview:-1"},"canonical":"https:\/\/biorius.com\/es\/empleo\/","og_locale":"es_ES","og_type":"article","og_title":"Carrera profesional - BIORIUS","og_description":"Carrera @ BIORIUS: \u00danete al experto en regulaci\u00f3n y toxicolog\u00eda cosm\u00e9tica y ay\u00fadanos a garantizar la seguridad y el cumplimiento en todo el mundo.","og_url":"https:\/\/biorius.com\/es\/empleo\/","og_site_name":"Biorius","article_modified_time":"2024-05-10T10:39:43+00:00","twitter_card":"summary_large_image","schema":{"@context":"https:\/\/schema.org","@graph":[{"@type":"WebPage","@id":"https:\/\/biorius.com\/es\/empleo\/","url":"https:\/\/biorius.com\/es\/empleo\/","name":"Carrera profesional - BIORIUS","isPartOf":{"@id":"https:\/\/biorius.com\/es\/#website"},"datePublished":"2023-08-31T10:48:26+00:00","dateModified":"2024-05-10T10:39:43+00:00","description":"Carrera @ BIORIUS: \u00danete al experto en regulaci\u00f3n y toxicolog\u00eda cosm\u00e9tica y ay\u00fadanos a garantizar la seguridad y el cumplimiento en todo el mundo.","breadcrumb":{"@id":"https:\/\/biorius.com\/es\/empleo\/#breadcrumb"},"inLanguage":"es","potentialAction":[{"@type":"ReadAction","target":["https:\/\/biorius.com\/es\/empleo\/"]}]},{"@type":"BreadcrumbList","@id":"https:\/\/biorius.com\/es\/empleo\/#breadcrumb","itemListElement":[{"@type":"ListItem","position":1,"name":"Inicio","item":"https:\/\/biorius.com\/es\/"},{"@type":"ListItem","position":2,"name":"Empleo"}]},{"@type":"WebSite","@id":"https:\/\/biorius.com\/es\/#website","url":"https:\/\/biorius.com\/es\/","name":"Biorius","description":"You create dreams we protect them","potentialAction":[{"@type":"SearchAction","target":{"@type":"EntryPoint","urlTemplate":"https:\/\/biorius.com\/es\/?s={search_term_string}"},"query-input":{"@type":"PropertyValueSpecification","valueRequired":true,"valueName":"search_term_string"}}],"inLanguage":"es"}]}},"_links":{"self":[{"href":"https:\/\/biorius.com\/es\/wp-json\/wp\/v2\/pages\/48533","targetHints":{"allow":["GET"]}}],"collection":[{"href":"https:\/\/biorius.com\/es\/wp-json\/wp\/v2\/pages"}],"about":[{"href":"https:\/\/biorius.com\/es\/wp-json\/wp\/v2\/types\/page"}],"author":[{"embeddable":true,"href":"https:\/\/biorius.com\/es\/wp-json\/wp\/v2\/users\/1"}],"replies":[{"embeddable":true,"href":"https:\/\/biorius.com\/es\/wp-json\/wp\/v2\/comments?post=48533"}],"version-history":[{"count":0,"href":"https:\/\/biorius.com\/es\/wp-json\/wp\/v2\/pages\/48533\/revisions"}],"wp:attachment":[{"href":"https:\/\/biorius.com\/es\/wp-json\/wp\/v2\/media?parent=48533"}],"wp:term":[{"taxonomy":"category","embeddable":true,"href":"https:\/\/biorius.com\/es\/wp-json\/wp\/v2\/categories?post=48533"},{"taxonomy":"post_tag","embeddable":true,"href":"https:\/\/biorius.com\/es\/wp-json\/wp\/v2\/tags?post=48533"}],"curies":[{"name":"wp","href":"https:\/\/api.w.org\/{rel}","templated":true}]}}