{"id":48504,"date":"2023-11-20T10:21:22","date_gmt":"2023-11-20T09:21:22","guid":{"rendered":"https:\/\/biorius.com\/tutoriales-de-la-aplicacion-biorius\/"},"modified":"2023-11-20T10:21:22","modified_gmt":"2023-11-20T09:21:22","slug":"tutoriales-de-la-aplicacion-biorius","status":"publish","type":"page","link":"https:\/\/biorius.com\/es\/tutoriales-de-la-aplicacion-biorius\/","title":{"rendered":"Tutoriales de la aplicaci\u00f3n Biorius"},"content":{"rendered":"","protected":false},"excerpt":{"rendered":"","protected":false},"author":2,"featured_media":0,"parent":0,"menu_order":0,"comment_status":"closed","ping_status":"closed","template":"templates\/page-builder.php","meta":{"_acf_changed":false,"_coblocks_attr":"","_coblocks_dimensions":"","_coblocks_responsive_height":"","_coblocks_accordion_ie_support":"","footnotes":""},"categories":[],"tags":[],"class_list":["post-48504","page","type-page","status-publish","hentry"],"acf":[],"yoast_head":"<!-- This site is optimized with the Yoast SEO plugin v27.3 - https:\/\/yoast.com\/product\/yoast-seo-wordpress\/ -->\n<title>Tutoriales de la aplicaci\u00f3n Biorius - Biorius<\/title>\n<meta name=\"description\" content=\"Echa un vistazo a los v\u00eddeos y tutoriales de la aplicaci\u00f3n Biorius\" \/>\n<meta name=\"robots\" content=\"index, follow, max-snippet:-1, max-image-preview:large, max-video-preview:-1\" \/>\n<link rel=\"canonical\" href=\"https:\/\/biorius.com\/es\/tutoriales-de-la-aplicacion-biorius\/\" \/>\n<meta property=\"og:locale\" content=\"es_ES\" \/>\n<meta property=\"og:type\" content=\"article\" \/>\n<meta property=\"og:title\" content=\"Tutoriales de la aplicaci\u00f3n Biorius - Biorius\" \/>\n<meta property=\"og:description\" content=\"Echa un vistazo a los v\u00eddeos y tutoriales de la aplicaci\u00f3n Biorius\" \/>\n<meta property=\"og:url\" content=\"https:\/\/biorius.com\/es\/tutoriales-de-la-aplicacion-biorius\/\" \/>\n<meta property=\"og:site_name\" content=\"Biorius\" \/>\n<meta name=\"twitter:card\" content=\"summary_large_image\" \/>\n<script type=\"application\/ld+json\" class=\"yoast-schema-graph\">{\"@context\":\"https:\\\/\\\/schema.org\",\"@graph\":[{\"@type\":\"WebPage\",\"@id\":\"https:\\\/\\\/biorius.com\\\/es\\\/tutoriales-de-la-aplicacion-biorius\\\/\",\"url\":\"https:\\\/\\\/biorius.com\\\/es\\\/tutoriales-de-la-aplicacion-biorius\\\/\",\"name\":\"Tutoriales de la aplicaci\u00f3n Biorius - Biorius\",\"isPartOf\":{\"@id\":\"https:\\\/\\\/biorius.com\\\/es\\\/#website\"},\"datePublished\":\"2023-11-20T09:21:22+00:00\",\"description\":\"Echa un vistazo a los v\u00eddeos y tutoriales de la aplicaci\u00f3n Biorius\",\"breadcrumb\":{\"@id\":\"https:\\\/\\\/biorius.com\\\/es\\\/tutoriales-de-la-aplicacion-biorius\\\/#breadcrumb\"},\"inLanguage\":\"es\",\"potentialAction\":[{\"@type\":\"ReadAction\",\"target\":[\"https:\\\/\\\/biorius.com\\\/es\\\/tutoriales-de-la-aplicacion-biorius\\\/\"]}]},{\"@type\":\"BreadcrumbList\",\"@id\":\"https:\\\/\\\/biorius.com\\\/es\\\/tutoriales-de-la-aplicacion-biorius\\\/#breadcrumb\",\"itemListElement\":[{\"@type\":\"ListItem\",\"position\":1,\"name\":\"Inicio\",\"item\":\"https:\\\/\\\/biorius.com\\\/es\\\/\"},{\"@type\":\"ListItem\",\"position\":2,\"name\":\"Tutoriales de la aplicaci\u00f3n Biorius\"}]},{\"@type\":\"WebSite\",\"@id\":\"https:\\\/\\\/biorius.com\\\/es\\\/#website\",\"url\":\"https:\\\/\\\/biorius.com\\\/es\\\/\",\"name\":\"Biorius\",\"description\":\"You create dreams we protect them\",\"potentialAction\":[{\"@type\":\"SearchAction\",\"target\":{\"@type\":\"EntryPoint\",\"urlTemplate\":\"https:\\\/\\\/biorius.com\\\/es\\\/?s={search_term_string}\"},\"query-input\":{\"@type\":\"PropertyValueSpecification\",\"valueRequired\":true,\"valueName\":\"search_term_string\"}}],\"inLanguage\":\"es\"}]}<\/script>\n<!-- \/ Yoast SEO plugin. -->","yoast_head_json":{"title":"Tutoriales de la aplicaci\u00f3n Biorius - Biorius","description":"Echa un vistazo a los v\u00eddeos y tutoriales de la aplicaci\u00f3n Biorius","robots":{"index":"index","follow":"follow","max-snippet":"max-snippet:-1","max-image-preview":"max-image-preview:large","max-video-preview":"max-video-preview:-1"},"canonical":"https:\/\/biorius.com\/es\/tutoriales-de-la-aplicacion-biorius\/","og_locale":"es_ES","og_type":"article","og_title":"Tutoriales de la aplicaci\u00f3n Biorius - Biorius","og_description":"Echa un vistazo a los v\u00eddeos y tutoriales de la aplicaci\u00f3n Biorius","og_url":"https:\/\/biorius.com\/es\/tutoriales-de-la-aplicacion-biorius\/","og_site_name":"Biorius","twitter_card":"summary_large_image","schema":{"@context":"https:\/\/schema.org","@graph":[{"@type":"WebPage","@id":"https:\/\/biorius.com\/es\/tutoriales-de-la-aplicacion-biorius\/","url":"https:\/\/biorius.com\/es\/tutoriales-de-la-aplicacion-biorius\/","name":"Tutoriales de la aplicaci\u00f3n Biorius - Biorius","isPartOf":{"@id":"https:\/\/biorius.com\/es\/#website"},"datePublished":"2023-11-20T09:21:22+00:00","description":"Echa un vistazo a los v\u00eddeos y tutoriales de la aplicaci\u00f3n Biorius","breadcrumb":{"@id":"https:\/\/biorius.com\/es\/tutoriales-de-la-aplicacion-biorius\/#breadcrumb"},"inLanguage":"es","potentialAction":[{"@type":"ReadAction","target":["https:\/\/biorius.com\/es\/tutoriales-de-la-aplicacion-biorius\/"]}]},{"@type":"BreadcrumbList","@id":"https:\/\/biorius.com\/es\/tutoriales-de-la-aplicacion-biorius\/#breadcrumb","itemListElement":[{"@type":"ListItem","position":1,"name":"Inicio","item":"https:\/\/biorius.com\/es\/"},{"@type":"ListItem","position":2,"name":"Tutoriales de la aplicaci\u00f3n Biorius"}]},{"@type":"WebSite","@id":"https:\/\/biorius.com\/es\/#website","url":"https:\/\/biorius.com\/es\/","name":"Biorius","description":"You create dreams we protect them","potentialAction":[{"@type":"SearchAction","target":{"@type":"EntryPoint","urlTemplate":"https:\/\/biorius.com\/es\/?s={search_term_string}"},"query-input":{"@type":"PropertyValueSpecification","valueRequired":true,"valueName":"search_term_string"}}],"inLanguage":"es"}]}},"_links":{"self":[{"href":"https:\/\/biorius.com\/es\/wp-json\/wp\/v2\/pages\/48504","targetHints":{"allow":["GET"]}}],"collection":[{"href":"https:\/\/biorius.com\/es\/wp-json\/wp\/v2\/pages"}],"about":[{"href":"https:\/\/biorius.com\/es\/wp-json\/wp\/v2\/types\/page"}],"author":[{"embeddable":true,"href":"https:\/\/biorius.com\/es\/wp-json\/wp\/v2\/users\/2"}],"replies":[{"embeddable":true,"href":"https:\/\/biorius.com\/es\/wp-json\/wp\/v2\/comments?post=48504"}],"version-history":[{"count":0,"href":"https:\/\/biorius.com\/es\/wp-json\/wp\/v2\/pages\/48504\/revisions"}],"wp:attachment":[{"href":"https:\/\/biorius.com\/es\/wp-json\/wp\/v2\/media?parent=48504"}],"wp:term":[{"taxonomy":"category","embeddable":true,"href":"https:\/\/biorius.com\/es\/wp-json\/wp\/v2\/categories?post=48504"},{"taxonomy":"post_tag","embeddable":true,"href":"https:\/\/biorius.com\/es\/wp-json\/wp\/v2\/tags?post=48504"}],"curies":[{"name":"wp","href":"https:\/\/api.w.org\/{rel}","templated":true}]}}