{"id":48430,"date":"2023-08-31T08:13:43","date_gmt":"2023-08-31T06:13:43","guid":{"rendered":"https:\/\/biorius.com\/reglamento-cosmeticos-2\/revision-de-la-etiqueta-cosmetica\/"},"modified":"2024-11-04T09:30:33","modified_gmt":"2024-11-04T08:30:33","slug":"revision-etiquetas-cosmeticos","status":"publish","type":"page","link":"https:\/\/biorius.com\/es\/reglamento-cosmeticos\/revision-etiquetas-cosmeticos\/","title":{"rendered":"Revisi\u00f3n de la etiqueta cosm\u00e9tica"},"content":{"rendered":"","protected":false},"excerpt":{"rendered":"","protected":false},"author":1,"featured_media":0,"parent":46475,"menu_order":0,"comment_status":"closed","ping_status":"closed","template":"templates\/page-builder.php","meta":{"_acf_changed":false,"_coblocks_attr":"","_coblocks_dimensions":"","_coblocks_responsive_height":"","_coblocks_accordion_ie_support":"","footnotes":""},"categories":[],"tags":[],"class_list":["post-48430","page","type-page","status-publish","hentry"],"acf":[],"yoast_head":"<!-- This site is optimized with the Yoast SEO plugin v27.4 - https:\/\/yoast.com\/product\/yoast-seo-wordpress\/ -->\n<title>Etiqueta cosm\u00e9tica revisi\u00f3n - Biorius<\/title>\n<meta name=\"description\" content=\"Revisiones expertas de etiquetas cosm\u00e9ticas para el cumplimiento global. Aseg\u00farate de que las etiquetas de tus productos cumplen la normativa internacional con los servicios integrales de Biorius.\" \/>\n<meta name=\"robots\" content=\"index, follow, max-snippet:-1, max-image-preview:large, max-video-preview:-1\" \/>\n<link rel=\"canonical\" href=\"https:\/\/biorius.com\/es\/reglamento-cosmeticos\/revision-etiquetas-cosmeticos\/\" \/>\n<meta property=\"og:locale\" content=\"es_ES\" \/>\n<meta property=\"og:type\" content=\"article\" \/>\n<meta property=\"og:title\" content=\"Etiqueta cosm\u00e9tica revisi\u00f3n - Biorius\" \/>\n<meta property=\"og:description\" content=\"Revisiones expertas de etiquetas cosm\u00e9ticas para el cumplimiento global. Aseg\u00farate de que las etiquetas de tus productos cumplen la normativa internacional con los servicios integrales de Biorius.\" \/>\n<meta property=\"og:url\" content=\"https:\/\/biorius.com\/es\/reglamento-cosmeticos\/revision-etiquetas-cosmeticos\/\" \/>\n<meta property=\"og:site_name\" content=\"Biorius\" \/>\n<meta property=\"article:modified_time\" content=\"2024-11-04T08:30:33+00:00\" \/>\n<meta name=\"twitter:card\" content=\"summary_large_image\" \/>\n<meta name=\"twitter:label1\" content=\"Tiempo de lectura\" \/>\n\t<meta name=\"twitter:data1\" content=\"2 minutos\" \/>\n<script type=\"application\/ld+json\" class=\"yoast-schema-graph\">{\"@context\":\"https:\\\/\\\/schema.org\",\"@graph\":[{\"@type\":\"WebPage\",\"@id\":\"https:\\\/\\\/biorius.com\\\/es\\\/reglamento-cosmeticos\\\/revision-etiquetas-cosmeticos\\\/\",\"url\":\"https:\\\/\\\/biorius.com\\\/es\\\/reglamento-cosmeticos\\\/revision-etiquetas-cosmeticos\\\/\",\"name\":\"Etiqueta cosm\u00e9tica revisi\u00f3n - Biorius\",\"isPartOf\":{\"@id\":\"https:\\\/\\\/biorius.com\\\/es\\\/#website\"},\"datePublished\":\"2023-08-31T06:13:43+00:00\",\"dateModified\":\"2024-11-04T08:30:33+00:00\",\"description\":\"Revisiones expertas de etiquetas cosm\u00e9ticas para el cumplimiento global. Aseg\u00farate de que las etiquetas de tus productos cumplen la normativa internacional con los servicios integrales de Biorius.\",\"breadcrumb\":{\"@id\":\"https:\\\/\\\/biorius.com\\\/es\\\/reglamento-cosmeticos\\\/revision-etiquetas-cosmeticos\\\/#breadcrumb\"},\"inLanguage\":\"es\",\"potentialAction\":[{\"@type\":\"ReadAction\",\"target\":[\"https:\\\/\\\/biorius.com\\\/es\\\/reglamento-cosmeticos\\\/revision-etiquetas-cosmeticos\\\/\"]}]},{\"@type\":\"BreadcrumbList\",\"@id\":\"https:\\\/\\\/biorius.com\\\/es\\\/reglamento-cosmeticos\\\/revision-etiquetas-cosmeticos\\\/#breadcrumb\",\"itemListElement\":[{\"@type\":\"ListItem\",\"position\":1,\"name\":\"Inicio\",\"item\":\"https:\\\/\\\/biorius.com\\\/es\\\/\"},{\"@type\":\"ListItem\",\"position\":2,\"name\":\"Revisi\u00f3n de la etiqueta cosm\u00e9tica\"}]},{\"@type\":\"WebSite\",\"@id\":\"https:\\\/\\\/biorius.com\\\/es\\\/#website\",\"url\":\"https:\\\/\\\/biorius.com\\\/es\\\/\",\"name\":\"Biorius\",\"description\":\"You create dreams we protect them\",\"potentialAction\":[{\"@type\":\"SearchAction\",\"target\":{\"@type\":\"EntryPoint\",\"urlTemplate\":\"https:\\\/\\\/biorius.com\\\/es\\\/?s={search_term_string}\"},\"query-input\":{\"@type\":\"PropertyValueSpecification\",\"valueRequired\":true,\"valueName\":\"search_term_string\"}}],\"inLanguage\":\"es\"}]}<\/script>\n<!-- \/ Yoast SEO plugin. -->","yoast_head_json":{"title":"Etiqueta cosm\u00e9tica revisi\u00f3n - Biorius","description":"Revisiones expertas de etiquetas cosm\u00e9ticas para el cumplimiento global. Aseg\u00farate de que las etiquetas de tus productos cumplen la normativa internacional con los servicios integrales de Biorius.","robots":{"index":"index","follow":"follow","max-snippet":"max-snippet:-1","max-image-preview":"max-image-preview:large","max-video-preview":"max-video-preview:-1"},"canonical":"https:\/\/biorius.com\/es\/reglamento-cosmeticos\/revision-etiquetas-cosmeticos\/","og_locale":"es_ES","og_type":"article","og_title":"Etiqueta cosm\u00e9tica revisi\u00f3n - Biorius","og_description":"Revisiones expertas de etiquetas cosm\u00e9ticas para el cumplimiento global. Aseg\u00farate de que las etiquetas de tus productos cumplen la normativa internacional con los servicios integrales de Biorius.","og_url":"https:\/\/biorius.com\/es\/reglamento-cosmeticos\/revision-etiquetas-cosmeticos\/","og_site_name":"Biorius","article_modified_time":"2024-11-04T08:30:33+00:00","twitter_card":"summary_large_image","twitter_misc":{"Tiempo de lectura":"2 minutos"},"schema":{"@context":"https:\/\/schema.org","@graph":[{"@type":"WebPage","@id":"https:\/\/biorius.com\/es\/reglamento-cosmeticos\/revision-etiquetas-cosmeticos\/","url":"https:\/\/biorius.com\/es\/reglamento-cosmeticos\/revision-etiquetas-cosmeticos\/","name":"Etiqueta cosm\u00e9tica revisi\u00f3n - Biorius","isPartOf":{"@id":"https:\/\/biorius.com\/es\/#website"},"datePublished":"2023-08-31T06:13:43+00:00","dateModified":"2024-11-04T08:30:33+00:00","description":"Revisiones expertas de etiquetas cosm\u00e9ticas para el cumplimiento global. Aseg\u00farate de que las etiquetas de tus productos cumplen la normativa internacional con los servicios integrales de Biorius.","breadcrumb":{"@id":"https:\/\/biorius.com\/es\/reglamento-cosmeticos\/revision-etiquetas-cosmeticos\/#breadcrumb"},"inLanguage":"es","potentialAction":[{"@type":"ReadAction","target":["https:\/\/biorius.com\/es\/reglamento-cosmeticos\/revision-etiquetas-cosmeticos\/"]}]},{"@type":"BreadcrumbList","@id":"https:\/\/biorius.com\/es\/reglamento-cosmeticos\/revision-etiquetas-cosmeticos\/#breadcrumb","itemListElement":[{"@type":"ListItem","position":1,"name":"Inicio","item":"https:\/\/biorius.com\/es\/"},{"@type":"ListItem","position":2,"name":"Revisi\u00f3n de la etiqueta cosm\u00e9tica"}]},{"@type":"WebSite","@id":"https:\/\/biorius.com\/es\/#website","url":"https:\/\/biorius.com\/es\/","name":"Biorius","description":"You create dreams we protect them","potentialAction":[{"@type":"SearchAction","target":{"@type":"EntryPoint","urlTemplate":"https:\/\/biorius.com\/es\/?s={search_term_string}"},"query-input":{"@type":"PropertyValueSpecification","valueRequired":true,"valueName":"search_term_string"}}],"inLanguage":"es"}]}},"_links":{"self":[{"href":"https:\/\/biorius.com\/es\/wp-json\/wp\/v2\/pages\/48430","targetHints":{"allow":["GET"]}}],"collection":[{"href":"https:\/\/biorius.com\/es\/wp-json\/wp\/v2\/pages"}],"about":[{"href":"https:\/\/biorius.com\/es\/wp-json\/wp\/v2\/types\/page"}],"author":[{"embeddable":true,"href":"https:\/\/biorius.com\/es\/wp-json\/wp\/v2\/users\/1"}],"replies":[{"embeddable":true,"href":"https:\/\/biorius.com\/es\/wp-json\/wp\/v2\/comments?post=48430"}],"version-history":[{"count":0,"href":"https:\/\/biorius.com\/es\/wp-json\/wp\/v2\/pages\/48430\/revisions"}],"up":[{"embeddable":true,"href":"https:\/\/biorius.com\/es\/wp-json\/wp\/v2\/pages\/46475"}],"wp:attachment":[{"href":"https:\/\/biorius.com\/es\/wp-json\/wp\/v2\/media?parent=48430"}],"wp:term":[{"taxonomy":"category","embeddable":true,"href":"https:\/\/biorius.com\/es\/wp-json\/wp\/v2\/categories?post=48430"},{"taxonomy":"post_tag","embeddable":true,"href":"https:\/\/biorius.com\/es\/wp-json\/wp\/v2\/tags?post=48430"}],"curies":[{"name":"wp","href":"https:\/\/api.w.org\/{rel}","templated":true}]}}