{"id":54538,"date":"2024-09-02T15:06:09","date_gmt":"2024-09-02T13:06:09","guid":{"rendered":"https:\/\/biorius.com\/umfassender-leitfaden-zur-einhaltung-der-richtlinie-ueber-die-allgemeine-produktsicherheit-gpsd\/bevollmaechtigter-vertreter\/"},"modified":"2025-01-13T10:08:48","modified_gmt":"2025-01-13T09:08:48","slug":"bevollmaechtigter-vertreter","status":"publish","type":"page","link":"https:\/\/biorius.com\/de\/bevollmaechtigter-vertreter\/","title":{"rendered":"Bevollm\u00e4chtigter Vertreter"},"content":{"rendered":"\n<div data-elementor-type=\"wp-page\" data-elementor-id=\"54538\" class=\"elementor elementor-54538 elementor-52808\" data-elementor-post-type=\"page\">\n<div class=\"elementor-element elementor-element-7ec2200 e-flex e-con-boxed e-con e-parent\" data-id=\"7ec2200\" data-element_type=\"container\" data-e-type=\"container\">\n<div class=\"e-con-inner\">\n<div class=\"elementor-element elementor-element-a2ad5f2 elementor-widget elementor-widget-text-editor\" data-id=\"a2ad5f2\" data-element_type=\"widget\" data-e-type=\"widget\" data-widget_type=\"text-editor.default\">\n<div class=\"elementor-widget-container\">\n<p><span style=\"color: var( --e-global-color-text ); font-family: var( --e-global-typography-text-font-family ), Sans-serif; font-weight: var( --e-global-typography-text-font-weight ); text-align: var(--text-align);\">Ein <\/span><strong style=\"font-family: var( --e-global-typography-text-font-family ), Sans-serif; text-align: var(--text-align);\">Bevollm\u00e4chtigter (AR) in <\/strong><span style=\"color: var(--c-theme-dark, var(--c-theme)); font-family: var( --e-global-typography-text-font-family ), Sans-serif; font-weight: 600; text-align: var(--text-align);\">GPSD<\/span><span style=\"color: var(--c-theme-dark, var(--c-theme)); font-family: var( --e-global-typography-text-font-family ), Sans-serif; font-weight: 600; text-align: var(--text-align);\"> <\/span><span style=\"color: var( --e-global-color-text ); font-family: var( --e-global-typography-text-font-family ), Sans-serif; font-weight: var( --e-global-typography-text-font-weight ); text-align: var(--text-align);\">ist eine nat\u00fcrliche oder juristische Person, die von einem Hersteller, insbesondere von Herstellern mit Sitz au\u00dferhalb der Europ\u00e4ischen Union, beauftragt wird, in seinem Namen in der EU im Rahmen der &#8220;<\/span><strong style=\"font-family: var( --e-global-typography-text-font-family ), Sans-serif; text-align: var(--text-align);\">G<\/strong><span style=\"color: var( --e-global-color-text ); font-family: var( --e-global-typography-text-font-family ), Sans-serif; font-weight: var( --e-global-typography-text-font-weight ); text-align: var(--text-align);\">eneral <\/span><strong style=\"font-family: var( --e-global-typography-text-font-family ), Sans-serif; text-align: var(--text-align);\">P<\/strong><span style=\"color: var( --e-global-color-text ); font-family: var( --e-global-typography-text-font-family ), Sans-serif; font-weight: var( --e-global-typography-text-font-weight ); text-align: var(--text-align);\">rodukt <\/span><strong style=\"font-family: var( --e-global-typography-text-font-family ), Sans-serif; text-align: var(--text-align);\">S<\/strong><span style=\"color: var( --e-global-color-text ); font-family: var( --e-global-typography-text-font-family ), Sans-serif; font-weight: var( --e-global-typography-text-font-weight ); text-align: var(--text-align);\">afety <\/span><strong style=\"font-family: var( --e-global-typography-text-font-family ), Sans-serif; text-align: var(--text-align);\">D<\/strong><span style=\"color: var( --e-global-color-text ); font-family: var( --e-global-typography-text-font-family ), Sans-serif; font-weight: var( --e-global-typography-text-font-weight ); text-align: var(--text-align);\">ichtlinie&#8221; (GPSD). Der Beauftragte stellt sicher, dass die Produkte des Herstellers den EU-Sicherheitsvorschriften entsprechen, verf\u00fcgt \u00fcber die erforderliche Dokumentation und dient als Ansprechpartner f\u00fcr die Marktaufsichtsbeh\u00f6rden. Diese Rolle ist entscheidend f\u00fcr die Einhaltung der Vorschriften, insbesondere f\u00fcr Hersteller aus Nicht-EU-L\u00e4ndern, die in den europ\u00e4ischen Markt eintreten wollen.  <\/span><\/p>\n<\/p>\n<p>Die <strong>Richtlinie \u00fcber die allgemeine Produktsicherheit (GPSD)<\/strong> ist eine EU-Verordnung, die sicherstellen soll, dass die in der EU verkauften Produkte f\u00fcr die Verbraucher sicher sind. Sie gilt f\u00fcr alle Verbraucherprodukte, die nicht durch spezifische sektorale Rechtsvorschriften abgedeckt sind. Die Produktsicherheitsrichtlinie legt allgemeine Sicherheitsanforderungen fest, schreibt eine Markt\u00fcberwachung vor und verpflichtet Hersteller, H\u00e4ndler und Importeure, die Produktsicherheit zu gew\u00e4hrleisten.  <\/p>\n<\/p>\n<p><strong>Rolle des autorisierten Vertreters (AR):<\/strong><\/p>\n<p>Ein Bevollm\u00e4chtigter (AR) im Sinne der RaPS ist eine Einrichtung oder Person, die von einem Nicht-EU-Hersteller ernannt wird, um in seinem Namen in der EU zu handeln. Der Bevollm\u00e4chtigte sorgt f\u00fcr die Einhaltung der Vorschriften, verwaltet die erforderlichen Unterlagen (z. B. die EU-Konformit\u00e4tserkl\u00e4rung) und stellt die Verbindung zu den Markt\u00fcberwachungsbeh\u00f6rden her. Diese Rolle ist besonders wichtig f\u00fcr Nicht-EU-Hersteller, die in den EU-Markt eintreten wollen, da der AR hilft, die regulatorische L\u00fccke zu schlie\u00dfen und die Einhaltung der EU-Sicherheitsstandards zu gew\u00e4hrleisten.  <\/p>\n<p><strong>Die Bedeutung der RaPS:<\/strong><\/p>\n<p>Die RaPS ist von entscheidender Bedeutung f\u00fcr die Aufrechterhaltung hoher Verbraucherschutzstandards in der gesamten EU, die F\u00f6rderung des Vertrauens der Verbraucher in die Sicherheit der auf dem Markt erh\u00e4ltlichen Produkte und die Vermeidung von Sch\u00e4den durch unsichere Waren.<\/p>\n<\/p>\n<p>Die Richtlinie \u00fcber die allgemeine Produktsicherheit (GPSD) wird durch die <strong>Richtlinie 2001\/95\/EG<\/strong> geregelt. Dieses EU-Gesetz legt den Rahmen f\u00fcr die Gew\u00e4hrleistung der Sicherheit von Verbraucherprodukten in der gesamten Europ\u00e4ischen Union fest. Sie legt die allgemeinen Sicherheitsanforderungen f\u00fcr Produkte fest, verpflichtet die Wirtschaftsakteure (Hersteller, Importeure und H\u00e4ndler) und schreibt Markt\u00fcberwachungs- und Durchsetzungsmechanismen vor, um die Verbraucher vor unsicheren Produkten zu sch\u00fctzen.  <\/p>\n<p>Diese Richtlinie ist ein Eckpfeiler des EU-Konzepts f\u00fcr die Produktsicherheit, insbesondere f\u00fcr jene Verbraucherprodukte, die nicht unter spezifischere sektorale Rechtsvorschriften fallen.<\/p>\n<\/p><\/div>\n<\/p><\/div>\n<\/p><\/div>\n<\/p><\/div>\n<div class=\"elementor-element elementor-element-48ba72d e-flex e-con-boxed e-con e-parent\" data-id=\"48ba72d\" data-element_type=\"container\" data-e-type=\"container\">\n<div class=\"e-con-inner\">\n<div class=\"elementor-element elementor-element-a1b5e9a elementor-widget elementor-widget-text-editor\" data-id=\"a1b5e9a\" data-element_type=\"widget\" data-e-type=\"widget\" data-widget_type=\"text-editor.default\">\n<div class=\"elementor-widget-container\">\n<p>Ein <strong>GPSD-Bevollm\u00e4chtigter<\/strong> ist eine Einrichtung oder Person, die befugt ist, im Namen eines Herstellers oder Importeurs gem\u00e4\u00df der <strong>Richtlinie \u00fcber die allgemeine Produktsicherheit (GPSD)<\/strong> in der Europ\u00e4ischen Union zu handeln. Dieser Bevollm\u00e4chtigte stellt sicher, dass die Produkte den EU-Sicherheitsvorschriften entsprechen und koordiniert sich mit den zust\u00e4ndigen Beh\u00f6rden. <\/p>\n<p>Hier ist eine detailliertere Aufschl\u00fcsselung:<\/p>\n<ol>\n<li><strong>Richtlinie \u00fcber die allgemeine Produktsicherheit (GPSD):<\/strong> Die RaPS ist eine EU-Richtlinie, die sicherstellen soll, dass nur sichere Produkte auf dem europ\u00e4ischen Markt verkauft werden. Sie gilt f\u00fcr Verbraucherprodukte, die nicht unter spezifische sektorale Rechtsvorschriften fallen (wie Spielzeug, medizinische Ger\u00e4te usw.). <\/li>\n<li><strong>Rolle des bevollm\u00e4chtigten Vertreters:<\/strong>\n<ul>\n<li><strong>Konformit\u00e4tsgarantie:<\/strong> Der Bevollm\u00e4chtigte stellt sicher, dass die Produkte alle in der RaPS festgelegten Sicherheitsanforderungen erf\u00fcllen.<\/li>\n<li><strong>Dokumentation:<\/strong> Sie k\u00f6nnen im Namen des Herstellers die erforderlichen Unterlagen, wie die EU-Konformit\u00e4tserkl\u00e4rung, aufbewahren und pflegen.<\/li>\n<li><strong>Markt\u00fcberwachung:<\/strong> Sie fungieren als Ansprechpartner f\u00fcr die Markt\u00fcberwachungsbeh\u00f6rden, beantworten Informationsanfragen oder ergreifen notwendige Korrekturma\u00dfnahmen, wenn ein Produkt nicht den Sicherheitsvorschriften entspricht.<\/li>\n<li><strong>Haftung:<\/strong> In einigen F\u00e4llen kann der Bevollm\u00e4chtigte gemeinsam mit dem Hersteller f\u00fcr die Produktsicherheit haften.<\/li>\n<\/ul>\n<\/li>\n<li><strong>Warum es wichtig ist:<\/strong>\n<ul>\n<li><strong>Nicht-EU-Hersteller:<\/strong> F\u00fcr Hersteller, die au\u00dferhalb der EU ans\u00e4ssig sind, ist ein bevollm\u00e4chtigter Vertreter entscheidend f\u00fcr den Zugang zum europ\u00e4ischen Markt, da er hilft, die regulatorische Kluft zu \u00fcberbr\u00fccken.<\/li>\n<li><strong>Marktzugang:<\/strong> Es vereinfacht den Eintritt in den EU-Markt, indem es sicherstellt, dass eine zust\u00e4ndige Stelle in der EU die Einhaltung der Vorschriften \u00fcbernimmt.<\/li>\n<\/ul>\n<\/li>\n<\/ol>\n<p>Zusammenfassend l\u00e4sst sich sagen, dass ein GPSD-Bevollm\u00e4chtigter als lokale juristische Person fungiert, die daf\u00fcr verantwortlich ist, dass ein Produkt die allgemeinen Sicherheitsanforderungen der EU erf\u00fcllt, insbesondere f\u00fcr Hersteller au\u00dferhalb der EU.<\/p>\n<\/p><\/div>\n<\/p><\/div>\n<\/p><\/div>\n<\/p><\/div>\n<\/p><\/div>\n","protected":false},"excerpt":{"rendered":"<p>Ein Bevollm\u00e4chtigter (AR) in GPSD ist eine nat\u00fcrliche oder juristische Person, die von einem Hersteller, insbesondere von Herstellern mit Sitz au\u00dferhalb der Europ\u00e4ischen Union, beauftragt&#8230;<\/p>\n","protected":false},"author":1,"featured_media":0,"parent":0,"menu_order":0,"comment_status":"closed","ping_status":"closed","template":"","meta":{"_acf_changed":false,"_coblocks_attr":"","_coblocks_dimensions":"","_coblocks_responsive_height":"","_coblocks_accordion_ie_support":"","footnotes":""},"categories":[],"tags":[],"class_list":["post-54538","page","type-page","status-publish","hentry"],"acf":[],"yoast_head":"<!-- This site is optimized with the Yoast SEO plugin v27.5 - https:\/\/yoast.com\/product\/yoast-seo-wordpress\/ -->\n<title>Bevollm\u00e4chtigter Vertreter - Biorius<\/title>\n<meta name=\"description\" content=\"Erfahren Sie mehr \u00fcber die entscheidende Rolle eines GPSD-Bevollm\u00e4chtigten bei der Gew\u00e4hrleistung der Produktsicherheit in der Europ\u00e4ischen Union.\" \/>\n<meta name=\"robots\" content=\"index, follow, max-snippet:-1, max-image-preview:large, max-video-preview:-1\" \/>\n<link rel=\"canonical\" href=\"https:\/\/biorius.com\/de\/bevollmaechtigter-vertreter\/\" \/>\n<meta property=\"og:locale\" content=\"de_DE\" \/>\n<meta property=\"og:type\" content=\"article\" \/>\n<meta property=\"og:title\" content=\"Bevollm\u00e4chtigter Vertreter - Biorius\" \/>\n<meta property=\"og:description\" content=\"Erfahren Sie mehr \u00fcber die entscheidende Rolle eines GPSD-Bevollm\u00e4chtigten bei der Gew\u00e4hrleistung der Produktsicherheit in der Europ\u00e4ischen Union.\" \/>\n<meta property=\"og:url\" content=\"https:\/\/biorius.com\/de\/bevollmaechtigter-vertreter\/\" \/>\n<meta property=\"og:site_name\" content=\"Biorius\" \/>\n<meta property=\"article:modified_time\" content=\"2025-01-13T09:08:48+00:00\" \/>\n<meta name=\"twitter:card\" content=\"summary_large_image\" \/>\n<meta name=\"twitter:label1\" content=\"Gesch\u00e4tzte Lesezeit\" \/>\n\t<meta name=\"twitter:data1\" content=\"3 Minuten\" \/>\n<script type=\"application\/ld+json\" class=\"yoast-schema-graph\">{\"@context\":\"https:\\\/\\\/schema.org\",\"@graph\":[{\"@type\":\"WebPage\",\"@id\":\"https:\\\/\\\/biorius.com\\\/de\\\/bevollmaechtigter-vertreter\\\/\",\"url\":\"https:\\\/\\\/biorius.com\\\/de\\\/bevollmaechtigter-vertreter\\\/\",\"name\":\"Bevollm\u00e4chtigter Vertreter - Biorius\",\"isPartOf\":{\"@id\":\"https:\\\/\\\/biorius.com\\\/de\\\/#website\"},\"datePublished\":\"2024-09-02T13:06:09+00:00\",\"dateModified\":\"2025-01-13T09:08:48+00:00\",\"description\":\"Erfahren Sie mehr \u00fcber die entscheidende Rolle eines GPSD-Bevollm\u00e4chtigten bei der Gew\u00e4hrleistung der Produktsicherheit in der Europ\u00e4ischen Union.\",\"breadcrumb\":{\"@id\":\"https:\\\/\\\/biorius.com\\\/de\\\/bevollmaechtigter-vertreter\\\/#breadcrumb\"},\"inLanguage\":\"de-DE\",\"potentialAction\":[{\"@type\":\"ReadAction\",\"target\":[\"https:\\\/\\\/biorius.com\\\/de\\\/bevollmaechtigter-vertreter\\\/\"]}]},{\"@type\":\"BreadcrumbList\",\"@id\":\"https:\\\/\\\/biorius.com\\\/de\\\/bevollmaechtigter-vertreter\\\/#breadcrumb\",\"itemListElement\":[{\"@type\":\"ListItem\",\"position\":1,\"name\":\"Startseite\",\"item\":\"https:\\\/\\\/biorius.com\\\/de\\\/\"},{\"@type\":\"ListItem\",\"position\":2,\"name\":\"Bevollm\u00e4chtigter Vertreter\"}]},{\"@type\":\"WebSite\",\"@id\":\"https:\\\/\\\/biorius.com\\\/de\\\/#website\",\"url\":\"https:\\\/\\\/biorius.com\\\/de\\\/\",\"name\":\"Biorius\",\"description\":\"You create dreams we protect them\",\"potentialAction\":[{\"@type\":\"SearchAction\",\"target\":{\"@type\":\"EntryPoint\",\"urlTemplate\":\"https:\\\/\\\/biorius.com\\\/de\\\/?s={search_term_string}\"},\"query-input\":{\"@type\":\"PropertyValueSpecification\",\"valueRequired\":true,\"valueName\":\"search_term_string\"}}],\"inLanguage\":\"de-DE\"}]}<\/script>\n<!-- \/ Yoast SEO plugin. -->","yoast_head_json":{"title":"Bevollm\u00e4chtigter Vertreter - Biorius","description":"Erfahren Sie mehr \u00fcber die entscheidende Rolle eines GPSD-Bevollm\u00e4chtigten bei der Gew\u00e4hrleistung der Produktsicherheit in der Europ\u00e4ischen Union.","robots":{"index":"index","follow":"follow","max-snippet":"max-snippet:-1","max-image-preview":"max-image-preview:large","max-video-preview":"max-video-preview:-1"},"canonical":"https:\/\/biorius.com\/de\/bevollmaechtigter-vertreter\/","og_locale":"de_DE","og_type":"article","og_title":"Bevollm\u00e4chtigter Vertreter - Biorius","og_description":"Erfahren Sie mehr \u00fcber die entscheidende Rolle eines GPSD-Bevollm\u00e4chtigten bei der Gew\u00e4hrleistung der Produktsicherheit in der Europ\u00e4ischen Union.","og_url":"https:\/\/biorius.com\/de\/bevollmaechtigter-vertreter\/","og_site_name":"Biorius","article_modified_time":"2025-01-13T09:08:48+00:00","twitter_card":"summary_large_image","twitter_misc":{"Gesch\u00e4tzte Lesezeit":"3 Minuten"},"schema":{"@context":"https:\/\/schema.org","@graph":[{"@type":"WebPage","@id":"https:\/\/biorius.com\/de\/bevollmaechtigter-vertreter\/","url":"https:\/\/biorius.com\/de\/bevollmaechtigter-vertreter\/","name":"Bevollm\u00e4chtigter Vertreter - Biorius","isPartOf":{"@id":"https:\/\/biorius.com\/de\/#website"},"datePublished":"2024-09-02T13:06:09+00:00","dateModified":"2025-01-13T09:08:48+00:00","description":"Erfahren Sie mehr \u00fcber die entscheidende Rolle eines GPSD-Bevollm\u00e4chtigten bei der Gew\u00e4hrleistung der Produktsicherheit in der Europ\u00e4ischen Union.","breadcrumb":{"@id":"https:\/\/biorius.com\/de\/bevollmaechtigter-vertreter\/#breadcrumb"},"inLanguage":"de-DE","potentialAction":[{"@type":"ReadAction","target":["https:\/\/biorius.com\/de\/bevollmaechtigter-vertreter\/"]}]},{"@type":"BreadcrumbList","@id":"https:\/\/biorius.com\/de\/bevollmaechtigter-vertreter\/#breadcrumb","itemListElement":[{"@type":"ListItem","position":1,"name":"Startseite","item":"https:\/\/biorius.com\/de\/"},{"@type":"ListItem","position":2,"name":"Bevollm\u00e4chtigter Vertreter"}]},{"@type":"WebSite","@id":"https:\/\/biorius.com\/de\/#website","url":"https:\/\/biorius.com\/de\/","name":"Biorius","description":"You create dreams we protect them","potentialAction":[{"@type":"SearchAction","target":{"@type":"EntryPoint","urlTemplate":"https:\/\/biorius.com\/de\/?s={search_term_string}"},"query-input":{"@type":"PropertyValueSpecification","valueRequired":true,"valueName":"search_term_string"}}],"inLanguage":"de-DE"}]}},"_links":{"self":[{"href":"https:\/\/biorius.com\/de\/wp-json\/wp\/v2\/pages\/54538","targetHints":{"allow":["GET"]}}],"collection":[{"href":"https:\/\/biorius.com\/de\/wp-json\/wp\/v2\/pages"}],"about":[{"href":"https:\/\/biorius.com\/de\/wp-json\/wp\/v2\/types\/page"}],"author":[{"embeddable":true,"href":"https:\/\/biorius.com\/de\/wp-json\/wp\/v2\/users\/1"}],"replies":[{"embeddable":true,"href":"https:\/\/biorius.com\/de\/wp-json\/wp\/v2\/comments?post=54538"}],"version-history":[{"count":0,"href":"https:\/\/biorius.com\/de\/wp-json\/wp\/v2\/pages\/54538\/revisions"}],"wp:attachment":[{"href":"https:\/\/biorius.com\/de\/wp-json\/wp\/v2\/media?parent=54538"}],"wp:term":[{"taxonomy":"category","embeddable":true,"href":"https:\/\/biorius.com\/de\/wp-json\/wp\/v2\/categories?post=54538"},{"taxonomy":"post_tag","embeddable":true,"href":"https:\/\/biorius.com\/de\/wp-json\/wp\/v2\/tags?post=54538"}],"curies":[{"name":"wp","href":"https:\/\/api.w.org\/{rel}","templated":true}]}}