{"id":54398,"date":"2024-07-22T13:31:20","date_gmt":"2024-07-22T11:31:20","guid":{"rendered":"https:\/\/biorius.com\/kosmetikverordnung\/usa\/us-kosmetikrecht\/"},"modified":"2024-07-22T13:31:20","modified_gmt":"2024-07-22T11:31:20","slug":"us-kosmetikrecht","status":"publish","type":"page","link":"https:\/\/biorius.com\/de\/kosmetikverordnung\/usa\/us-kosmetikrecht\/","title":{"rendered":"US-Kosmetikrecht"},"content":{"rendered":"<div class=\"vc_row wpb_row vc_row-fluid\">\n<div class=\"wpb_column vc_column_container vc_col-sm-12\">\n<div class=\"vc_column-inner\">\n<div class=\"wpb_wrapper\">\n<div class=\"vc_row wpb_row vc_inner vc_row-fluid\">\n<div class=\"wpb_column vc_column_container vc_col-sm-12\">\n<div class=\"vc_column-inner\">\n<div class=\"wpb_wrapper\">\n<div class=\"wpb_text_column wpb_content_element \">\n<div class=\"wpb_wrapper\">\n<p><img fetchpriority=\"high\" decoding=\"async\" class=\"alignleft wp-image-51891 size-full\" src=\"https:\/\/biorius.com\/wp-content\/uploads\/2024\/07\/US-cosmetics-law-e1721648381845.webp\" alt=\"US-Kosmetikrecht\" width=\"256\" height=\"256\">US-Kosmetikrecht: In den USA ist Information das A und O, und es muss alles getan werden, um sicherzustellen, dass der Verbraucher eine gut informierte Kaufentscheidung trifft. Die US-amerikanische Kosmetikgesetzgebung, einschlie\u00dflich des MoCRA, scheint im Vergleich zur europ\u00e4ischen Gesetzgebung eher leicht zu sein. In der Regel sind sie nicht verbindlich, wenn es darum geht, die Produktsicherheit zu gew\u00e4hrleisten oder die Marketingkommunikation zu belegen. Der Grund daf\u00fcr ist, dass die Verbraucher f\u00fcr die Entscheidungen, die sie in ihrem Leben treffen, selbst verantwortlich sind. Mit anderen Worten, die Verbraucher werden als voll verantwortlich angesehen, wenn sie ihre eigene Gesundheit sch\u00e4digen, da sie ordnungsgem\u00e4\u00df \u00fcber das Produkt informiert wurden. Die logische Konsequenz daraus ist, dass der Verbraucher das verantwortliche Unternehmen im Falle eines Problems verklagen kann. Die USA sind eine eher prozessfreudige Gesellschaft, und es ist nicht ungew\u00f6hnlich, dass ein Verbraucher eine Kosmetikmarke verklagt. Dies geschieht jeden Tag (insbesondere in Form von Sammelklagen) und die Kosten, die sich aus der Beilegung dieser Klagen ergeben, k\u00f6nnen f\u00fcr ein Unternehmen verheerend sein. Die Schl\u00fcsselw\u00f6rter sind also Freiheit und Verantwortung. Obwohl das MoCRA und die bestehenden Vorschriften eine Reihe von Verpflichtungen mit sich bringen, bleibt den Kosmetikmarken viel mehr Freiheit, die Konformit\u00e4t und Sicherheit ihrer Produkte angemessen nachzuweisen.  <\/p>\n<\/div>\n<\/div>\n<\/div>\n<\/div>\n<\/div>\n<\/div>\n<\/div>\n<\/div>\n<\/div>\n<\/div>\n<div class=\"vc_row wpb_row vc_row-fluid\">\n<div class=\"wpb_column vc_column_container vc_col-sm-12\">\n<div class=\"vc_column-inner\">\n<div class=\"wpb_wrapper\">\n<div class=\"wpb_text_column wpb_content_element \">\n<div class=\"wpb_wrapper\">\n<h2><strong>US-Kosmetikrecht &#8211; Regulatorischer Kontext<\/strong><\/h2>\n<p>Obwohl sie auf den ersten Blick recht \u00e4hnlich aussehen, unterscheiden sich die amerikanische und die europ\u00e4ische Kultur in vielerlei Hinsicht. Wenn es um die Auswirkungen auf die Kosmetikindustrie geht, sind die wichtigsten Unterschiede die folgenden: <\/p>\n<\/div>\n<\/div>\n<div class=\"wpb_text_column wpb_content_element \">\n<div class=\"wpb_wrapper\">\n<h3><strong>Verbraucherinformation vs. Verbraucherschutz<\/strong><\/h3>\n<p>In den USA ist Information das A und O. Es muss alles getan werden, um sicherzustellen, dass der Verbraucher eine gut informierte Kaufentscheidung trifft. Die Gesetzgebung f\u00fcr Kosmetika scheint im Vergleich zu Europa eher gering zu sein und ist nicht zwingend, wenn es darum geht, die Produktsicherheit zu gew\u00e4hrleisten oder Marketingkommunikation zu belegen. Es ist also keine \u00dcberraschung, dass die Verbraucher f\u00fcr die Entscheidungen, die sie in ihrem Leben treffen, selbst verantwortlich sind. Mit anderen Worten, die Verbraucher werden als voll verantwortlich angesehen, wenn sie ihre eigene Gesundheit sch\u00e4digen, da sie ordnungsgem\u00e4\u00df \u00fcber das Produkt informiert wurden. Die logische Konsequenz daraus ist, dass der Verbraucher das verantwortliche Unternehmen im Falle eines Problems verklagen kann. Die USA sind eine eher prozessfreudige Gesellschaft, und es ist nicht ungew\u00f6hnlich, dass ein Verbraucher eine Kosmetikmarke verklagt. Dies geschieht jeden Tag (insbesondere in Form von Sammelklagen) und die Kosten, die sich aus der Beilegung dieser Klagen ergeben, k\u00f6nnen f\u00fcr ein Unternehmen verheerend sein.      <\/p>\n<\/div>\n<\/div>\n<div class=\"wpb_text_column wpb_content_element \">\n<div class=\"wpb_wrapper\">\n<h3><strong>Vorsichtsprinzip<\/strong><\/h3>\n<p>Ein Schl\u00fcsselelement der US-Risikomanagementpolitik ist das so genannte Vorsorgeprinzip. Der Ansatz der US-Bundesregierung f\u00fcr den Umgang mit chemischen Stoffen legt die Messlatte f\u00fcr den Nachweis von Sch\u00e4den, der erbracht werden muss, bevor regulatorische Ma\u00dfnahmen ergriffen werden, sehr hoch. Die Beweislast daf\u00fcr, dass ein Produkt unsicher ist, liegt bei den Beh\u00f6rden, bis ein tats\u00e4chliches Sicherheitsproblem auftritt. Wenn ein solches Ereignis eintritt, sind rechtliche Schritte seitens des Verbrauchers und\/oder der Beh\u00f6rden m\u00f6glich, wenn nicht sogar wahrscheinlich. Die US-Gesetzgebung ist zum Beispiel nicht pr\u00e4skriptiv und verbietet nur sechs Inhaltsstoffe und schr\u00e4nkt nur drei weitere ein<a href=\"https:\/\/www.accessdata.fda.gov\/scripts\/cdrh\/cfdocs\/cfcfr\/CFRSearch.cfm?fr=250.250\">[21 CFR 700.11-27 &amp; 250.250<\/a>], aber das sollte nicht als einfach interpretiert werden. Es ist lediglich eine Erinnerung daran, dass der Teufel im Detail steckt und dass die gef\u00e4hrlichsten Fallen diejenigen sind, die unsichtbar bleiben. Alle Kosmetika, die auf dem US-amerikanischen Markt vermarktet werden, m\u00fcssen den Bestimmungen des Federal Food, Drug and Cosmetic Act, des Fair Packaging and Labeling Act und allen unter der Autorit\u00e4t dieser Gesetze ver\u00f6ffentlichten Verordnungen entsprechen (und es k\u00f6nnen auch spezifische bundesstaatliche Vorschriften gelten).<\/p>\n<\/div>\n<\/div>\n<\/div>\n<\/div>\n<\/div>\n<\/div>\n<div class=\"vc_row wpb_row vc_row-fluid\">\n<div class=\"wpb_column vc_column_container vc_col-sm-12\">\n<div class=\"vc_column-inner\">\n<div class=\"wpb_wrapper\">\n<div class=\"wpb_text_column wpb_content_element \">\n<div class=\"wpb_wrapper\">\n<h3><strong>In den USA fallen kosmetische Produkte in drei Produktkategorien:<\/strong><\/h3>\n<p>Diese kulturellen Merkmale der USA f\u00fchrten zu zwei wichtigen Bundesgesetzen, die Kosmetika regulieren:<\/p>\n<\/div>\n<\/div>\n<div class=\"wpb_single_image wpb_content_element vc_align_center\">\n<figure class=\"wpb_wrapper vc_figure\">\n<div class=\"vc_single_image-wrapper vc_box_border_grey\"><img decoding=\"async\" class=\"vc_single_image-img attachment-full\" title=\"Verfassung USA\" src=\"https:\/\/bioriusold.wpenginepowered.com\/wp-content\/uploads\/2020\/11\/constitution_usa.png\" sizes=\"(max-width: 1250px) 100vw, 1250px\" srcset=\"https:\/\/bioriusold.wpenginepowered.com\/wp-content\/uploads\/2020\/11\/constitution_usa.png 1250w, https:\/\/bioriusold.wpenginepowered.com\/wp-content\/uploads\/2020\/11\/constitution_usa-300x132.png 300w, https:\/\/bioriusold.wpenginepowered.com\/wp-content\/uploads\/2020\/11\/constitution_usa-1024x449.png 1024w, https:\/\/bioriusold.wpenginepowered.com\/wp-content\/uploads\/2020\/11\/constitution_usa-768x337.png 768w, https:\/\/bioriusold.wpenginepowered.com\/wp-content\/uploads\/2020\/11\/constitution_usa-24x11.png 24w, https:\/\/bioriusold.wpenginepowered.com\/wp-content\/uploads\/2020\/11\/constitution_usa-36x16.png 36w, https:\/\/bioriusold.wpenginepowered.com\/wp-content\/uploads\/2020\/11\/constitution_usa-48x21.png 48w\" alt=\"\" width=\"1250\" height=\"548\"><\/div>\n<\/figure>\n<\/div>\n<div class=\"wpb_text_column wpb_content_element \">\n<div class=\"wpb_wrapper\">\n<p>Allerdings stimmt das, was in den USA als &#8220;Kosmetik&#8221; bezeichnet wird, nicht genau mit der Definition von &#8220;Kosmetik&#8221; in der EU\/im Vereinigten K\u00f6nigreich und den meisten anderen L\u00e4ndern \u00fcberein:<\/p>\n<\/div>\n<\/div>\n<div class=\"wpb_text_column wpb_content_element \">\n<div class=\"wpb_wrapper\">\n<h3><strong>Regelm\u00e4\u00dfige Kosmetika<\/strong><\/h3>\n<p>Die <a href=\"https:\/\/www.fda.gov\/cosmetics\/cosmetics-laws-regulations\/it-cosmetic-drug-or-both-or-it-soap#Definecosmetic\">FDA definiert Kosmetika<\/a> [FD&amp;C Act, sec. 201(i)] anhand ihres Verwendungszwecks als <em>&#8220;Artikel, die dazu bestimmt sind, auf den menschlichen K\u00f6rper gerieben, gegossen, gespritzt oder gespr\u00fcht zu werden, in ihn eingef\u00fchrt oder anderweitig auf ihn aufgetragen zu werden&#8230;um ihn zu reinigen, zu versch\u00f6nern, seine Attraktivit\u00e4t zu f\u00f6rdern oder sein Aussehen zu ver\u00e4ndern&#8221;.<\/em> <em>Beispiele: Feuchtigkeitscremes f\u00fcr die Haut, Parf\u00fcms, Lippenstifte, Nagellack, Augen- und Gesichtskosmetik, Reinigungsshampoos, Dauerwellen, Haarfarben und Deodorants sowie jede Substanz, die zur Verwendung als Bestandteil eines kosmetischen Mittels bestimmt ist.<\/em><\/p>\n<\/div>\n<\/div>\n<div class=\"wpb_text_column wpb_content_element \">\n<div class=\"wpb_wrapper\">\n<h3><strong>Freiverk\u00e4ufliche Produkte<\/strong><\/h3>\n<p>Freiverk\u00e4ufliche Produkte sind Arzneimittel, die ohne Rezept erh\u00e4ltlich sind. OTC-Arzneimittel werden <a href=\"https:\/\/www.fda.gov\/drugs\/types-applications\/drug-applications-over-counter-otc-drugs\">von der FDA<\/a> [FD&amp;C Act, sec. 201(g)(1)] <a href=\"https:\/\/www.fda.gov\/drugs\/types-applications\/drug-applications-over-counter-otc-drugs\">definiert<\/a> als <em>&#8220;Arzneimittel, die f\u00fcr die allgemeine \u00d6ffentlichkeit sicher und wirksam sind, ohne dass eine Behandlung durch einen Arzt erforderlich ist&#8221;.<\/em>BIORIUS kann OTC-Arzneimittel mit bestehenden Monographien abdecken. Die <a href=\"https:\/\/www.fda.gov\/cosmetics\/cosmetics-laws-regulations\/it-cosmetic-drug-or-both-or-it-soap#Definecosmetic\">FDA hat Monographien<\/a> (d.h. Regeln) <a href=\"https:\/\/www.fda.gov\/cosmetics\/cosmetics-laws-regulations\/it-cosmetic-drug-or-both-or-it-soap#Definecosmetic\">ver\u00f6ffentlicht<\/a>, in denen Anforderungen festgelegt sind, z.B. welche Inhaltsstoffe verwendet werden d\u00fcrfen und zu welchem Zweck.  <\/p>\n<\/div>\n<\/div>\n<div class=\"wpb_text_column wpb_content_element \">\n<div class=\"wpb_wrapper\">\n<h3><strong>Seifen<\/strong><\/h3>\n<p>Die  <a href=\"https:\/\/www.fda.gov\/cosmetics\/cosmetics-laws-regulations\/it-cosmetic-drug-or-both-or-it-soap#Define_soap\">Die FDA definiert &#8220;Seife&#8221;<\/a> anhand von zwei Bedingungen:<\/p>\n<ul>\n<li>der Gro\u00dfteil der nichtfl\u00fcchtigen Bestandteile des Produkts aus einem Alkalisalz von Fetts\u00e4uren besteht und die waschaktiven Eigenschaften des Produkts auf diese Alkalifetts\u00e4ureverbindungen zur\u00fcckzuf\u00fchren sind, und<\/li>\n<li>das Produkt ausschlie\u00dflich als Seife etikettiert, verkauft und dargestellt wird<a href=\"https:\/\/www.ecfr.gov\/cgi-bin\/retrieveECFR?gp=&amp;SID=79073513f7ba6a05126c6da0aa85c460&amp;r=PART&amp;n=21y7.0.1.2.11#21:7.0.1.2.11.3.1.1\">[21 CFR 701.20<\/a>].<\/li>\n<\/ul>\n<p>&nbsp;<\/p>\n<\/div>\n<\/div>\n<\/div>\n<\/div>\n<\/div>\n<\/div>\n<div class=\"vc_row wpb_row vc_row-fluid\">\n<div class=\"wpb_column vc_column_container vc_col-sm-12\">\n<div class=\"vc_column-inner\">\n<div class=\"wpb_wrapper\">\n<div class=\"wpb_text_column wpb_content_element \">\n<div class=\"wpb_wrapper\">\n<p><strong><a href=\"https:\/\/biorius.com\/cosmetic-regulations\/usa-cosmetic-regulations\/\">Erfahren Sie, wie Sie in den USA Kosmetika verkaufen k\u00f6nnen<\/a><\/strong><\/p>\n<\/div>\n<\/div>\n<\/div>\n<\/div>\n<\/div>\n<\/div>\n","protected":false},"excerpt":{"rendered":"<p>US-Kosmetikrecht: In den USA ist Information das A und O, und es muss alles getan werden, um sicherzustellen, dass der Verbraucher eine gut informierte Kaufentscheidung&#8230;<\/p>\n","protected":false},"author":1,"featured_media":51893,"parent":49124,"menu_order":0,"comment_status":"closed","ping_status":"closed","template":"","meta":{"_acf_changed":false,"_coblocks_attr":"","_coblocks_dimensions":"","_coblocks_responsive_height":"","_coblocks_accordion_ie_support":"","footnotes":""},"categories":[],"tags":[],"class_list":["post-54398","page","type-page","status-publish","has-post-thumbnail","hentry"],"acf":[],"yoast_head":"<!-- This site is optimized with the Yoast SEO plugin v27.5 - https:\/\/yoast.com\/product\/yoast-seo-wordpress\/ -->\n<title>US-Kosmetikrecht - Biorius<\/title>\n<meta name=\"description\" content=\"Erforschen Sie das US-Kosmetikrecht mit BIORIUS: Umfassende Einblicke in Vorschriften, Compliance und Sicherheitsstandards f\u00fcr die Kosmetikindustrie.\" \/>\n<meta name=\"robots\" content=\"index, follow, max-snippet:-1, max-image-preview:large, max-video-preview:-1\" \/>\n<link rel=\"canonical\" href=\"https:\/\/biorius.com\/de\/kosmetikverordnung\/usa\/us-kosmetikrecht\/\" \/>\n<meta property=\"og:locale\" content=\"de_DE\" \/>\n<meta property=\"og:type\" content=\"article\" \/>\n<meta property=\"og:title\" content=\"US-Kosmetikrecht - Biorius\" \/>\n<meta property=\"og:description\" content=\"Erforschen Sie das US-Kosmetikrecht mit BIORIUS: Umfassende Einblicke in Vorschriften, Compliance und Sicherheitsstandards f\u00fcr die Kosmetikindustrie.\" \/>\n<meta property=\"og:url\" content=\"https:\/\/biorius.com\/de\/kosmetikverordnung\/usa\/us-kosmetikrecht\/\" \/>\n<meta property=\"og:site_name\" content=\"Biorius\" \/>\n<meta property=\"og:image\" content=\"https:\/\/biorius.com\/wp-content\/uploads\/2024\/07\/US-cosmetics-law-e1721648381845.webp\" \/>\n\t<meta property=\"og:image:width\" content=\"1024\" \/>\n\t<meta property=\"og:image:height\" content=\"1024\" \/>\n\t<meta property=\"og:image:type\" content=\"image\/webp\" \/>\n<meta name=\"twitter:card\" content=\"summary_large_image\" \/>\n<meta name=\"twitter:label1\" content=\"Gesch\u00e4tzte Lesezeit\" \/>\n\t<meta name=\"twitter:data1\" content=\"5 Minuten\" \/>\n<script type=\"application\/ld+json\" class=\"yoast-schema-graph\">{\"@context\":\"https:\\\/\\\/schema.org\",\"@graph\":[{\"@type\":\"WebPage\",\"@id\":\"https:\\\/\\\/biorius.com\\\/de\\\/kosmetikverordnung\\\/usa\\\/us-kosmetikrecht\\\/\",\"url\":\"https:\\\/\\\/biorius.com\\\/de\\\/kosmetikverordnung\\\/usa\\\/us-kosmetikrecht\\\/\",\"name\":\"US-Kosmetikrecht - Biorius\",\"isPartOf\":{\"@id\":\"https:\\\/\\\/biorius.com\\\/de\\\/#website\"},\"primaryImageOfPage\":{\"@id\":\"https:\\\/\\\/biorius.com\\\/de\\\/kosmetikverordnung\\\/usa\\\/us-kosmetikrecht\\\/#primaryimage\"},\"image\":{\"@id\":\"https:\\\/\\\/biorius.com\\\/de\\\/kosmetikverordnung\\\/usa\\\/us-kosmetikrecht\\\/#primaryimage\"},\"thumbnailUrl\":\"https:\\\/\\\/biorius.com\\\/wp-content\\\/uploads\\\/2024\\\/07\\\/US-cosmetics-law-e1721648381845.webp\",\"datePublished\":\"2024-07-22T11:31:20+00:00\",\"description\":\"Erforschen Sie das US-Kosmetikrecht mit BIORIUS: Umfassende Einblicke in Vorschriften, Compliance und Sicherheitsstandards f\u00fcr die Kosmetikindustrie.\",\"breadcrumb\":{\"@id\":\"https:\\\/\\\/biorius.com\\\/de\\\/kosmetikverordnung\\\/usa\\\/us-kosmetikrecht\\\/#breadcrumb\"},\"inLanguage\":\"de-DE\",\"potentialAction\":[{\"@type\":\"ReadAction\",\"target\":[\"https:\\\/\\\/biorius.com\\\/de\\\/kosmetikverordnung\\\/usa\\\/us-kosmetikrecht\\\/\"]}]},{\"@type\":\"ImageObject\",\"inLanguage\":\"de-DE\",\"@id\":\"https:\\\/\\\/biorius.com\\\/de\\\/kosmetikverordnung\\\/usa\\\/us-kosmetikrecht\\\/#primaryimage\",\"url\":\"https:\\\/\\\/biorius.com\\\/wp-content\\\/uploads\\\/2024\\\/07\\\/US-cosmetics-law-e1721648381845.webp\",\"contentUrl\":\"https:\\\/\\\/biorius.com\\\/wp-content\\\/uploads\\\/2024\\\/07\\\/US-cosmetics-law-e1721648381845.webp\",\"width\":1024,\"height\":1024,\"caption\":\"US cosmetics law\"},{\"@type\":\"BreadcrumbList\",\"@id\":\"https:\\\/\\\/biorius.com\\\/de\\\/kosmetikverordnung\\\/usa\\\/us-kosmetikrecht\\\/#breadcrumb\",\"itemListElement\":[{\"@type\":\"ListItem\",\"position\":1,\"name\":\"Startseite\",\"item\":\"https:\\\/\\\/biorius.com\\\/de\\\/\"},{\"@type\":\"ListItem\",\"position\":2,\"name\":\"Kosmetische Verordnungen\",\"item\":\"https:\\\/\\\/biorius.com\\\/de\\\/cosmetic-regulations\\\/\"},{\"@type\":\"ListItem\",\"position\":3,\"name\":\"Kosmetische Vorschriften der USA &#8211; Umfassender Leitfaden\",\"item\":\"https:\\\/\\\/biorius.com\\\/de\\\/cosmetic-regulations\\\/usa-cosmetic-regulations\\\/\"},{\"@type\":\"ListItem\",\"position\":4,\"name\":\"US-Kosmetikrecht\"}]},{\"@type\":\"WebSite\",\"@id\":\"https:\\\/\\\/biorius.com\\\/de\\\/#website\",\"url\":\"https:\\\/\\\/biorius.com\\\/de\\\/\",\"name\":\"Biorius\",\"description\":\"You create dreams we protect them\",\"potentialAction\":[{\"@type\":\"SearchAction\",\"target\":{\"@type\":\"EntryPoint\",\"urlTemplate\":\"https:\\\/\\\/biorius.com\\\/de\\\/?s={search_term_string}\"},\"query-input\":{\"@type\":\"PropertyValueSpecification\",\"valueRequired\":true,\"valueName\":\"search_term_string\"}}],\"inLanguage\":\"de-DE\"}]}<\/script>\n<!-- \/ Yoast SEO plugin. -->","yoast_head_json":{"title":"US-Kosmetikrecht - Biorius","description":"Erforschen Sie das US-Kosmetikrecht mit BIORIUS: Umfassende Einblicke in Vorschriften, Compliance und Sicherheitsstandards f\u00fcr die Kosmetikindustrie.","robots":{"index":"index","follow":"follow","max-snippet":"max-snippet:-1","max-image-preview":"max-image-preview:large","max-video-preview":"max-video-preview:-1"},"canonical":"https:\/\/biorius.com\/de\/kosmetikverordnung\/usa\/us-kosmetikrecht\/","og_locale":"de_DE","og_type":"article","og_title":"US-Kosmetikrecht - Biorius","og_description":"Erforschen Sie das US-Kosmetikrecht mit BIORIUS: Umfassende Einblicke in Vorschriften, Compliance und Sicherheitsstandards f\u00fcr die Kosmetikindustrie.","og_url":"https:\/\/biorius.com\/de\/kosmetikverordnung\/usa\/us-kosmetikrecht\/","og_site_name":"Biorius","og_image":[{"width":1024,"height":1024,"url":"https:\/\/biorius.com\/wp-content\/uploads\/2024\/07\/US-cosmetics-law-e1721648381845.webp","type":"image\/webp"}],"twitter_card":"summary_large_image","twitter_misc":{"Gesch\u00e4tzte Lesezeit":"5 Minuten"},"schema":{"@context":"https:\/\/schema.org","@graph":[{"@type":"WebPage","@id":"https:\/\/biorius.com\/de\/kosmetikverordnung\/usa\/us-kosmetikrecht\/","url":"https:\/\/biorius.com\/de\/kosmetikverordnung\/usa\/us-kosmetikrecht\/","name":"US-Kosmetikrecht - Biorius","isPartOf":{"@id":"https:\/\/biorius.com\/de\/#website"},"primaryImageOfPage":{"@id":"https:\/\/biorius.com\/de\/kosmetikverordnung\/usa\/us-kosmetikrecht\/#primaryimage"},"image":{"@id":"https:\/\/biorius.com\/de\/kosmetikverordnung\/usa\/us-kosmetikrecht\/#primaryimage"},"thumbnailUrl":"https:\/\/biorius.com\/wp-content\/uploads\/2024\/07\/US-cosmetics-law-e1721648381845.webp","datePublished":"2024-07-22T11:31:20+00:00","description":"Erforschen Sie das US-Kosmetikrecht mit BIORIUS: Umfassende Einblicke in Vorschriften, Compliance und Sicherheitsstandards f\u00fcr die Kosmetikindustrie.","breadcrumb":{"@id":"https:\/\/biorius.com\/de\/kosmetikverordnung\/usa\/us-kosmetikrecht\/#breadcrumb"},"inLanguage":"de-DE","potentialAction":[{"@type":"ReadAction","target":["https:\/\/biorius.com\/de\/kosmetikverordnung\/usa\/us-kosmetikrecht\/"]}]},{"@type":"ImageObject","inLanguage":"de-DE","@id":"https:\/\/biorius.com\/de\/kosmetikverordnung\/usa\/us-kosmetikrecht\/#primaryimage","url":"https:\/\/biorius.com\/wp-content\/uploads\/2024\/07\/US-cosmetics-law-e1721648381845.webp","contentUrl":"https:\/\/biorius.com\/wp-content\/uploads\/2024\/07\/US-cosmetics-law-e1721648381845.webp","width":1024,"height":1024,"caption":"US cosmetics law"},{"@type":"BreadcrumbList","@id":"https:\/\/biorius.com\/de\/kosmetikverordnung\/usa\/us-kosmetikrecht\/#breadcrumb","itemListElement":[{"@type":"ListItem","position":1,"name":"Startseite","item":"https:\/\/biorius.com\/de\/"},{"@type":"ListItem","position":2,"name":"Kosmetische Verordnungen","item":"https:\/\/biorius.com\/de\/cosmetic-regulations\/"},{"@type":"ListItem","position":3,"name":"Kosmetische Vorschriften der USA &#8211; Umfassender Leitfaden","item":"https:\/\/biorius.com\/de\/cosmetic-regulations\/usa-cosmetic-regulations\/"},{"@type":"ListItem","position":4,"name":"US-Kosmetikrecht"}]},{"@type":"WebSite","@id":"https:\/\/biorius.com\/de\/#website","url":"https:\/\/biorius.com\/de\/","name":"Biorius","description":"You create dreams we protect them","potentialAction":[{"@type":"SearchAction","target":{"@type":"EntryPoint","urlTemplate":"https:\/\/biorius.com\/de\/?s={search_term_string}"},"query-input":{"@type":"PropertyValueSpecification","valueRequired":true,"valueName":"search_term_string"}}],"inLanguage":"de-DE"}]}},"_links":{"self":[{"href":"https:\/\/biorius.com\/de\/wp-json\/wp\/v2\/pages\/54398","targetHints":{"allow":["GET"]}}],"collection":[{"href":"https:\/\/biorius.com\/de\/wp-json\/wp\/v2\/pages"}],"about":[{"href":"https:\/\/biorius.com\/de\/wp-json\/wp\/v2\/types\/page"}],"author":[{"embeddable":true,"href":"https:\/\/biorius.com\/de\/wp-json\/wp\/v2\/users\/1"}],"replies":[{"embeddable":true,"href":"https:\/\/biorius.com\/de\/wp-json\/wp\/v2\/comments?post=54398"}],"version-history":[{"count":0,"href":"https:\/\/biorius.com\/de\/wp-json\/wp\/v2\/pages\/54398\/revisions"}],"up":[{"embeddable":true,"href":"https:\/\/biorius.com\/de\/wp-json\/wp\/v2\/pages\/49124"}],"wp:featuredmedia":[{"embeddable":true,"href":"https:\/\/biorius.com\/de\/wp-json\/wp\/v2\/media\/51893"}],"wp:attachment":[{"href":"https:\/\/biorius.com\/de\/wp-json\/wp\/v2\/media?parent=54398"}],"wp:term":[{"taxonomy":"category","embeddable":true,"href":"https:\/\/biorius.com\/de\/wp-json\/wp\/v2\/categories?post=54398"},{"taxonomy":"post_tag","embeddable":true,"href":"https:\/\/biorius.com\/de\/wp-json\/wp\/v2\/tags?post=54398"}],"curies":[{"name":"wp","href":"https:\/\/api.w.org\/{rel}","templated":true}]}}