{"id":48587,"date":"2023-11-27T11:35:25","date_gmt":"2023-11-27T10:35:25","guid":{"rendered":"https:\/\/biorius.com\/regulierung-von-waschmitteln\/"},"modified":"2025-01-13T09:55:12","modified_gmt":"2025-01-13T08:55:12","slug":"regulierung-von-waschmitteln","status":"publish","type":"page","link":"https:\/\/biorius.com\/de\/regulierung-von-waschmitteln\/","title":{"rendered":"Regulierung von Waschmitteln"},"content":{"rendered":"","protected":false},"excerpt":{"rendered":"","protected":false},"author":1,"featured_media":48591,"parent":0,"menu_order":0,"comment_status":"closed","ping_status":"closed","template":"templates\/page-builder.php","meta":{"_acf_changed":false,"_coblocks_attr":"","_coblocks_dimensions":"","_coblocks_responsive_height":"","_coblocks_accordion_ie_support":"","footnotes":""},"categories":[],"tags":[],"class_list":["post-48587","page","type-page","status-publish","has-post-thumbnail","hentry"],"acf":[],"yoast_head":"<!-- This site is optimized with the Yoast SEO plugin v27.3 - https:\/\/yoast.com\/product\/yoast-seo-wordpress\/ -->\n<title>Regulierung von Waschmitteln - Biorius<\/title>\n<meta name=\"description\" content=\"Navigieren Sie mit Biorius durch die Vorschriften der EU und Gro\u00dfbritanniens f\u00fcr Detergenzien. Fachkundige Dienstleistungen f\u00fcr die Einhaltung von Vorschriften, Inhaltsstoffpr\u00fcfungen, Sicherheitsdatenbl\u00e4tter und Marktzugang.\" \/>\n<meta name=\"robots\" content=\"index, follow, max-snippet:-1, max-image-preview:large, max-video-preview:-1\" \/>\n<link rel=\"canonical\" href=\"https:\/\/biorius.com\/de\/regulierung-von-waschmitteln\/\" \/>\n<meta property=\"og:locale\" content=\"de_DE\" \/>\n<meta property=\"og:type\" content=\"article\" \/>\n<meta property=\"og:title\" content=\"Regulierung von Waschmitteln - Biorius\" \/>\n<meta property=\"og:description\" content=\"Navigieren Sie mit Biorius durch die Vorschriften der EU und Gro\u00dfbritanniens f\u00fcr Detergenzien. Fachkundige Dienstleistungen f\u00fcr die Einhaltung von Vorschriften, Inhaltsstoffpr\u00fcfungen, Sicherheitsdatenbl\u00e4tter und Marktzugang.\" \/>\n<meta property=\"og:url\" content=\"https:\/\/biorius.com\/de\/regulierung-von-waschmitteln\/\" \/>\n<meta property=\"og:site_name\" content=\"Biorius\" \/>\n<meta property=\"article:modified_time\" content=\"2025-01-13T08:55:12+00:00\" \/>\n<meta property=\"og:image\" content=\"https:\/\/biorius.com\/wp-content\/uploads\/2023\/11\/Detergents-e1701081445965.jpg\" \/>\n\t<meta property=\"og:image:width\" content=\"619\" \/>\n\t<meta property=\"og:image:height\" content=\"387\" \/>\n\t<meta property=\"og:image:type\" content=\"image\/jpeg\" \/>\n<meta name=\"twitter:card\" content=\"summary_large_image\" \/>\n<script type=\"application\/ld+json\" class=\"yoast-schema-graph\">{\"@context\":\"https:\\\/\\\/schema.org\",\"@graph\":[{\"@type\":\"WebPage\",\"@id\":\"https:\\\/\\\/biorius.com\\\/de\\\/regulierung-von-waschmitteln\\\/\",\"url\":\"https:\\\/\\\/biorius.com\\\/de\\\/regulierung-von-waschmitteln\\\/\",\"name\":\"Regulierung von Waschmitteln - Biorius\",\"isPartOf\":{\"@id\":\"https:\\\/\\\/biorius.com\\\/de\\\/#website\"},\"primaryImageOfPage\":{\"@id\":\"https:\\\/\\\/biorius.com\\\/de\\\/regulierung-von-waschmitteln\\\/#primaryimage\"},\"image\":{\"@id\":\"https:\\\/\\\/biorius.com\\\/de\\\/regulierung-von-waschmitteln\\\/#primaryimage\"},\"thumbnailUrl\":\"https:\\\/\\\/biorius.com\\\/wp-content\\\/uploads\\\/2023\\\/11\\\/Detergents-e1701081445965.jpg\",\"datePublished\":\"2023-11-27T10:35:25+00:00\",\"dateModified\":\"2025-01-13T08:55:12+00:00\",\"description\":\"Navigieren Sie mit Biorius durch die Vorschriften der EU und Gro\u00dfbritanniens f\u00fcr Detergenzien. Fachkundige Dienstleistungen f\u00fcr die Einhaltung von Vorschriften, Inhaltsstoffpr\u00fcfungen, Sicherheitsdatenbl\u00e4tter und Marktzugang.\",\"breadcrumb\":{\"@id\":\"https:\\\/\\\/biorius.com\\\/de\\\/regulierung-von-waschmitteln\\\/#breadcrumb\"},\"inLanguage\":\"de-DE\",\"potentialAction\":[{\"@type\":\"ReadAction\",\"target\":[\"https:\\\/\\\/biorius.com\\\/de\\\/regulierung-von-waschmitteln\\\/\"]}]},{\"@type\":\"ImageObject\",\"inLanguage\":\"de-DE\",\"@id\":\"https:\\\/\\\/biorius.com\\\/de\\\/regulierung-von-waschmitteln\\\/#primaryimage\",\"url\":\"https:\\\/\\\/biorius.com\\\/wp-content\\\/uploads\\\/2023\\\/11\\\/Detergents-e1701081445965.jpg\",\"contentUrl\":\"https:\\\/\\\/biorius.com\\\/wp-content\\\/uploads\\\/2023\\\/11\\\/Detergents-e1701081445965.jpg\",\"width\":619,\"height\":387,\"caption\":\"Detergents\"},{\"@type\":\"BreadcrumbList\",\"@id\":\"https:\\\/\\\/biorius.com\\\/de\\\/regulierung-von-waschmitteln\\\/#breadcrumb\",\"itemListElement\":[{\"@type\":\"ListItem\",\"position\":1,\"name\":\"Startseite\",\"item\":\"https:\\\/\\\/biorius.com\\\/de\\\/\"},{\"@type\":\"ListItem\",\"position\":2,\"name\":\"Regulierung von Waschmitteln\"}]},{\"@type\":\"WebSite\",\"@id\":\"https:\\\/\\\/biorius.com\\\/de\\\/#website\",\"url\":\"https:\\\/\\\/biorius.com\\\/de\\\/\",\"name\":\"Biorius\",\"description\":\"You create dreams we protect them\",\"potentialAction\":[{\"@type\":\"SearchAction\",\"target\":{\"@type\":\"EntryPoint\",\"urlTemplate\":\"https:\\\/\\\/biorius.com\\\/de\\\/?s={search_term_string}\"},\"query-input\":{\"@type\":\"PropertyValueSpecification\",\"valueRequired\":true,\"valueName\":\"search_term_string\"}}],\"inLanguage\":\"de-DE\"}]}<\/script>\n<!-- \/ Yoast SEO plugin. -->","yoast_head_json":{"title":"Regulierung von Waschmitteln - Biorius","description":"Navigieren Sie mit Biorius durch die Vorschriften der EU und Gro\u00dfbritanniens f\u00fcr Detergenzien. Fachkundige Dienstleistungen f\u00fcr die Einhaltung von Vorschriften, Inhaltsstoffpr\u00fcfungen, Sicherheitsdatenbl\u00e4tter und Marktzugang.","robots":{"index":"index","follow":"follow","max-snippet":"max-snippet:-1","max-image-preview":"max-image-preview:large","max-video-preview":"max-video-preview:-1"},"canonical":"https:\/\/biorius.com\/de\/regulierung-von-waschmitteln\/","og_locale":"de_DE","og_type":"article","og_title":"Regulierung von Waschmitteln - Biorius","og_description":"Navigieren Sie mit Biorius durch die Vorschriften der EU und Gro\u00dfbritanniens f\u00fcr Detergenzien. Fachkundige Dienstleistungen f\u00fcr die Einhaltung von Vorschriften, Inhaltsstoffpr\u00fcfungen, Sicherheitsdatenbl\u00e4tter und Marktzugang.","og_url":"https:\/\/biorius.com\/de\/regulierung-von-waschmitteln\/","og_site_name":"Biorius","article_modified_time":"2025-01-13T08:55:12+00:00","og_image":[{"width":619,"height":387,"url":"https:\/\/biorius.com\/wp-content\/uploads\/2023\/11\/Detergents-e1701081445965.jpg","type":"image\/jpeg"}],"twitter_card":"summary_large_image","schema":{"@context":"https:\/\/schema.org","@graph":[{"@type":"WebPage","@id":"https:\/\/biorius.com\/de\/regulierung-von-waschmitteln\/","url":"https:\/\/biorius.com\/de\/regulierung-von-waschmitteln\/","name":"Regulierung von Waschmitteln - Biorius","isPartOf":{"@id":"https:\/\/biorius.com\/de\/#website"},"primaryImageOfPage":{"@id":"https:\/\/biorius.com\/de\/regulierung-von-waschmitteln\/#primaryimage"},"image":{"@id":"https:\/\/biorius.com\/de\/regulierung-von-waschmitteln\/#primaryimage"},"thumbnailUrl":"https:\/\/biorius.com\/wp-content\/uploads\/2023\/11\/Detergents-e1701081445965.jpg","datePublished":"2023-11-27T10:35:25+00:00","dateModified":"2025-01-13T08:55:12+00:00","description":"Navigieren Sie mit Biorius durch die Vorschriften der EU und Gro\u00dfbritanniens f\u00fcr Detergenzien. Fachkundige Dienstleistungen f\u00fcr die Einhaltung von Vorschriften, Inhaltsstoffpr\u00fcfungen, Sicherheitsdatenbl\u00e4tter und Marktzugang.","breadcrumb":{"@id":"https:\/\/biorius.com\/de\/regulierung-von-waschmitteln\/#breadcrumb"},"inLanguage":"de-DE","potentialAction":[{"@type":"ReadAction","target":["https:\/\/biorius.com\/de\/regulierung-von-waschmitteln\/"]}]},{"@type":"ImageObject","inLanguage":"de-DE","@id":"https:\/\/biorius.com\/de\/regulierung-von-waschmitteln\/#primaryimage","url":"https:\/\/biorius.com\/wp-content\/uploads\/2023\/11\/Detergents-e1701081445965.jpg","contentUrl":"https:\/\/biorius.com\/wp-content\/uploads\/2023\/11\/Detergents-e1701081445965.jpg","width":619,"height":387,"caption":"Detergents"},{"@type":"BreadcrumbList","@id":"https:\/\/biorius.com\/de\/regulierung-von-waschmitteln\/#breadcrumb","itemListElement":[{"@type":"ListItem","position":1,"name":"Startseite","item":"https:\/\/biorius.com\/de\/"},{"@type":"ListItem","position":2,"name":"Regulierung von Waschmitteln"}]},{"@type":"WebSite","@id":"https:\/\/biorius.com\/de\/#website","url":"https:\/\/biorius.com\/de\/","name":"Biorius","description":"You create dreams we protect them","potentialAction":[{"@type":"SearchAction","target":{"@type":"EntryPoint","urlTemplate":"https:\/\/biorius.com\/de\/?s={search_term_string}"},"query-input":{"@type":"PropertyValueSpecification","valueRequired":true,"valueName":"search_term_string"}}],"inLanguage":"de-DE"}]}},"_links":{"self":[{"href":"https:\/\/biorius.com\/de\/wp-json\/wp\/v2\/pages\/48587","targetHints":{"allow":["GET"]}}],"collection":[{"href":"https:\/\/biorius.com\/de\/wp-json\/wp\/v2\/pages"}],"about":[{"href":"https:\/\/biorius.com\/de\/wp-json\/wp\/v2\/types\/page"}],"author":[{"embeddable":true,"href":"https:\/\/biorius.com\/de\/wp-json\/wp\/v2\/users\/1"}],"replies":[{"embeddable":true,"href":"https:\/\/biorius.com\/de\/wp-json\/wp\/v2\/comments?post=48587"}],"version-history":[{"count":0,"href":"https:\/\/biorius.com\/de\/wp-json\/wp\/v2\/pages\/48587\/revisions"}],"wp:featuredmedia":[{"embeddable":true,"href":"https:\/\/biorius.com\/de\/wp-json\/wp\/v2\/media\/48591"}],"wp:attachment":[{"href":"https:\/\/biorius.com\/de\/wp-json\/wp\/v2\/media?parent=48587"}],"wp:term":[{"taxonomy":"category","embeddable":true,"href":"https:\/\/biorius.com\/de\/wp-json\/wp\/v2\/categories?post=48587"},{"taxonomy":"post_tag","embeddable":true,"href":"https:\/\/biorius.com\/de\/wp-json\/wp\/v2\/tags?post=48587"}],"curies":[{"name":"wp","href":"https:\/\/api.w.org\/{rel}","templated":true}]}}