{"id":48563,"date":"2023-11-24T15:16:37","date_gmt":"2023-11-24T14:16:37","guid":{"rendered":"https:\/\/biorius.com\/bericht-ueber-unerwuenschte-ereignisse-biorius\/"},"modified":"2025-01-13T09:55:18","modified_gmt":"2025-01-13T08:55:18","slug":"bericht-ueber-unerwuenschte-ereignisse-biorius","status":"publish","type":"page","link":"https:\/\/biorius.com\/de\/bericht-ueber-unerwuenschte-ereignisse-biorius\/","title":{"rendered":"Bericht \u00fcber unerw\u00fcnschte Ereignisse Arthes Gruppe"},"content":{"rendered":"","protected":false},"excerpt":{"rendered":"","protected":false},"author":1,"featured_media":0,"parent":0,"menu_order":0,"comment_status":"closed","ping_status":"closed","template":"elementor_header_footer","meta":{"_acf_changed":false,"_coblocks_attr":"","_coblocks_dimensions":"","_coblocks_responsive_height":"","_coblocks_accordion_ie_support":"","footnotes":""},"categories":[],"tags":[],"class_list":["post-48563","page","type-page","status-publish","hentry"],"acf":[],"yoast_head":"<!-- This site is optimized with the Yoast SEO plugin v27.4 - https:\/\/yoast.com\/product\/yoast-seo-wordpress\/ -->\n<title>Bericht \u00fcber unerw\u00fcnschte Ereignisse Arthes Gruppe - Biorius<\/title>\n<meta name=\"description\" content=\"Wir bedauern die unangenehmen oder unerw\u00fcnschten Reaktionen, die Ihnen widerfahren sind, aber keine Sorge, wir haben f\u00fcr Sie vorgesorgt und werden uns um Sie k\u00fcmmern.\" \/>\n<meta name=\"robots\" content=\"noindex, nofollow\" \/>\n<meta property=\"og:locale\" content=\"de_DE\" \/>\n<meta property=\"og:type\" content=\"article\" \/>\n<meta property=\"og:title\" content=\"Bericht \u00fcber unerw\u00fcnschte Ereignisse Arthes Gruppe - Biorius\" \/>\n<meta property=\"og:description\" content=\"Wir bedauern die unangenehmen oder unerw\u00fcnschten Reaktionen, die Ihnen widerfahren sind, aber keine Sorge, wir haben f\u00fcr Sie vorgesorgt und werden uns um Sie k\u00fcmmern.\" \/>\n<meta property=\"og:url\" content=\"https:\/\/biorius.com\/de\/bericht-ueber-unerwuenschte-ereignisse-biorius\/\" \/>\n<meta property=\"og:site_name\" content=\"Biorius\" \/>\n<meta property=\"article:modified_time\" content=\"2025-01-13T08:55:18+00:00\" \/>\n<meta name=\"twitter:card\" content=\"summary_large_image\" \/>\n<script type=\"application\/ld+json\" class=\"yoast-schema-graph\">{\"@context\":\"https:\\\/\\\/schema.org\",\"@graph\":[{\"@type\":\"WebPage\",\"@id\":\"https:\\\/\\\/biorius.com\\\/de\\\/bericht-ueber-unerwuenschte-ereignisse-biorius\\\/\",\"url\":\"https:\\\/\\\/biorius.com\\\/de\\\/bericht-ueber-unerwuenschte-ereignisse-biorius\\\/\",\"name\":\"Bericht \u00fcber unerw\u00fcnschte Ereignisse Arthes Gruppe - Biorius\",\"isPartOf\":{\"@id\":\"https:\\\/\\\/biorius.com\\\/de\\\/#website\"},\"datePublished\":\"2023-11-24T14:16:37+00:00\",\"dateModified\":\"2025-01-13T08:55:18+00:00\",\"description\":\"Wir bedauern die unangenehmen oder unerw\u00fcnschten Reaktionen, die Ihnen widerfahren sind, aber keine Sorge, wir haben f\u00fcr Sie vorgesorgt und werden uns um Sie k\u00fcmmern.\",\"breadcrumb\":{\"@id\":\"https:\\\/\\\/biorius.com\\\/de\\\/bericht-ueber-unerwuenschte-ereignisse-biorius\\\/#breadcrumb\"},\"inLanguage\":\"de-DE\",\"potentialAction\":[{\"@type\":\"ReadAction\",\"target\":[\"https:\\\/\\\/biorius.com\\\/de\\\/bericht-ueber-unerwuenschte-ereignisse-biorius\\\/\"]}]},{\"@type\":\"BreadcrumbList\",\"@id\":\"https:\\\/\\\/biorius.com\\\/de\\\/bericht-ueber-unerwuenschte-ereignisse-biorius\\\/#breadcrumb\",\"itemListElement\":[{\"@type\":\"ListItem\",\"position\":1,\"name\":\"Startseite\",\"item\":\"https:\\\/\\\/biorius.com\\\/de\\\/\"},{\"@type\":\"ListItem\",\"position\":2,\"name\":\"Bericht \u00fcber unerw\u00fcnschte Ereignisse\",\"item\":\"https:\\\/\\\/biorius.com\\\/de\\\/bericht-ueber-unerwuenschte-ereignisse\\\/\"},{\"@type\":\"ListItem\",\"position\":3,\"name\":\"Bericht \u00fcber unerw\u00fcnschte Ereignisse Arthes Gruppe\"}]},{\"@type\":\"WebSite\",\"@id\":\"https:\\\/\\\/biorius.com\\\/de\\\/#website\",\"url\":\"https:\\\/\\\/biorius.com\\\/de\\\/\",\"name\":\"Biorius\",\"description\":\"You create dreams we protect them\",\"potentialAction\":[{\"@type\":\"SearchAction\",\"target\":{\"@type\":\"EntryPoint\",\"urlTemplate\":\"https:\\\/\\\/biorius.com\\\/de\\\/?s={search_term_string}\"},\"query-input\":{\"@type\":\"PropertyValueSpecification\",\"valueRequired\":true,\"valueName\":\"search_term_string\"}}],\"inLanguage\":\"de-DE\"}]}<\/script>\n<!-- \/ Yoast SEO plugin. -->","yoast_head_json":{"title":"Bericht \u00fcber unerw\u00fcnschte Ereignisse Arthes Gruppe - Biorius","description":"Wir bedauern die unangenehmen oder unerw\u00fcnschten Reaktionen, die Ihnen widerfahren sind, aber keine Sorge, wir haben f\u00fcr Sie vorgesorgt und werden uns um Sie k\u00fcmmern.","robots":{"index":"noindex","follow":"nofollow"},"og_locale":"de_DE","og_type":"article","og_title":"Bericht \u00fcber unerw\u00fcnschte Ereignisse Arthes Gruppe - Biorius","og_description":"Wir bedauern die unangenehmen oder unerw\u00fcnschten Reaktionen, die Ihnen widerfahren sind, aber keine Sorge, wir haben f\u00fcr Sie vorgesorgt und werden uns um Sie k\u00fcmmern.","og_url":"https:\/\/biorius.com\/de\/bericht-ueber-unerwuenschte-ereignisse-biorius\/","og_site_name":"Biorius","article_modified_time":"2025-01-13T08:55:18+00:00","twitter_card":"summary_large_image","schema":{"@context":"https:\/\/schema.org","@graph":[{"@type":"WebPage","@id":"https:\/\/biorius.com\/de\/bericht-ueber-unerwuenschte-ereignisse-biorius\/","url":"https:\/\/biorius.com\/de\/bericht-ueber-unerwuenschte-ereignisse-biorius\/","name":"Bericht \u00fcber unerw\u00fcnschte Ereignisse Arthes Gruppe - Biorius","isPartOf":{"@id":"https:\/\/biorius.com\/de\/#website"},"datePublished":"2023-11-24T14:16:37+00:00","dateModified":"2025-01-13T08:55:18+00:00","description":"Wir bedauern die unangenehmen oder unerw\u00fcnschten Reaktionen, die Ihnen widerfahren sind, aber keine Sorge, wir haben f\u00fcr Sie vorgesorgt und werden uns um Sie k\u00fcmmern.","breadcrumb":{"@id":"https:\/\/biorius.com\/de\/bericht-ueber-unerwuenschte-ereignisse-biorius\/#breadcrumb"},"inLanguage":"de-DE","potentialAction":[{"@type":"ReadAction","target":["https:\/\/biorius.com\/de\/bericht-ueber-unerwuenschte-ereignisse-biorius\/"]}]},{"@type":"BreadcrumbList","@id":"https:\/\/biorius.com\/de\/bericht-ueber-unerwuenschte-ereignisse-biorius\/#breadcrumb","itemListElement":[{"@type":"ListItem","position":1,"name":"Startseite","item":"https:\/\/biorius.com\/de\/"},{"@type":"ListItem","position":2,"name":"Bericht \u00fcber unerw\u00fcnschte Ereignisse","item":"https:\/\/biorius.com\/de\/bericht-ueber-unerwuenschte-ereignisse\/"},{"@type":"ListItem","position":3,"name":"Bericht \u00fcber unerw\u00fcnschte Ereignisse Arthes Gruppe"}]},{"@type":"WebSite","@id":"https:\/\/biorius.com\/de\/#website","url":"https:\/\/biorius.com\/de\/","name":"Biorius","description":"You create dreams we protect them","potentialAction":[{"@type":"SearchAction","target":{"@type":"EntryPoint","urlTemplate":"https:\/\/biorius.com\/de\/?s={search_term_string}"},"query-input":{"@type":"PropertyValueSpecification","valueRequired":true,"valueName":"search_term_string"}}],"inLanguage":"de-DE"}]}},"_links":{"self":[{"href":"https:\/\/biorius.com\/de\/wp-json\/wp\/v2\/pages\/48563","targetHints":{"allow":["GET"]}}],"collection":[{"href":"https:\/\/biorius.com\/de\/wp-json\/wp\/v2\/pages"}],"about":[{"href":"https:\/\/biorius.com\/de\/wp-json\/wp\/v2\/types\/page"}],"author":[{"embeddable":true,"href":"https:\/\/biorius.com\/de\/wp-json\/wp\/v2\/users\/1"}],"replies":[{"embeddable":true,"href":"https:\/\/biorius.com\/de\/wp-json\/wp\/v2\/comments?post=48563"}],"version-history":[{"count":0,"href":"https:\/\/biorius.com\/de\/wp-json\/wp\/v2\/pages\/48563\/revisions"}],"wp:attachment":[{"href":"https:\/\/biorius.com\/de\/wp-json\/wp\/v2\/media?parent=48563"}],"wp:term":[{"taxonomy":"category","embeddable":true,"href":"https:\/\/biorius.com\/de\/wp-json\/wp\/v2\/categories?post=48563"},{"taxonomy":"post_tag","embeddable":true,"href":"https:\/\/biorius.com\/de\/wp-json\/wp\/v2\/tags?post=48563"}],"curies":[{"name":"wp","href":"https:\/\/api.w.org\/{rel}","templated":true}]}}