{"id":48543,"date":"2023-11-22T15:46:00","date_gmt":"2023-11-22T14:46:00","guid":{"rendered":"https:\/\/biorius.com\/kosmetische-verordnungen\/suedamerika-mercosur-verordnungen-fuer-kosmetika\/"},"modified":"2025-01-13T09:55:35","modified_gmt":"2025-01-13T08:55:35","slug":"mercosur","status":"publish","type":"page","link":"https:\/\/biorius.com\/de\/kosmetikverordnung\/mercosur\/","title":{"rendered":"S\u00fcdamerika Mercosur Verordnungen f\u00fcr Kosmetika"},"content":{"rendered":"","protected":false},"excerpt":{"rendered":"","protected":false},"author":1,"featured_media":0,"parent":48371,"menu_order":0,"comment_status":"closed","ping_status":"closed","template":"templates\/page-builder.php","meta":{"_acf_changed":false,"_coblocks_attr":"","_coblocks_dimensions":"","_coblocks_responsive_height":"","_coblocks_accordion_ie_support":"","footnotes":""},"categories":[],"tags":[],"class_list":["post-48543","page","type-page","status-publish","hentry"],"acf":[],"yoast_head":"<!-- This site is optimized with the Yoast SEO plugin v27.4 - https:\/\/yoast.com\/product\/yoast-seo-wordpress\/ -->\n<title>S\u00fcdamerika Mercosur Verordnungen f\u00fcr Kosmetika - Biorius<\/title>\n<meta name=\"description\" content=\"Navigieren Sie mit Biorius durch die Kosmetikvorschriften des s\u00fcdamerikanischen Mercosur. Holen Sie sich fachkundige Unterst\u00fctzung bei der Einhaltung der Vorschriften, insbesondere in Bezug auf Sicherheit, Inhaltsstoffe und Kennzeichnungsstandards.\" \/>\n<meta name=\"robots\" content=\"index, follow, max-snippet:-1, max-image-preview:large, max-video-preview:-1\" \/>\n<link rel=\"canonical\" href=\"https:\/\/biorius.com\/de\/kosmetikverordnung\/mercosur\/\" \/>\n<meta property=\"og:locale\" content=\"de_DE\" \/>\n<meta property=\"og:type\" content=\"article\" \/>\n<meta property=\"og:title\" content=\"S\u00fcdamerika Mercosur Verordnungen f\u00fcr Kosmetika - Biorius\" \/>\n<meta property=\"og:description\" content=\"Navigieren Sie mit Biorius durch die Kosmetikvorschriften des s\u00fcdamerikanischen Mercosur. Holen Sie sich fachkundige Unterst\u00fctzung bei der Einhaltung der Vorschriften, insbesondere in Bezug auf Sicherheit, Inhaltsstoffe und Kennzeichnungsstandards.\" \/>\n<meta property=\"og:url\" content=\"https:\/\/biorius.com\/de\/kosmetikverordnung\/mercosur\/\" \/>\n<meta property=\"og:site_name\" content=\"Biorius\" \/>\n<meta property=\"article:modified_time\" content=\"2025-01-13T08:55:35+00:00\" \/>\n<meta name=\"twitter:card\" content=\"summary_large_image\" \/>\n<meta name=\"twitter:label1\" content=\"Gesch\u00e4tzte Lesezeit\" \/>\n\t<meta name=\"twitter:data1\" content=\"6 Minuten\" \/>\n<script type=\"application\/ld+json\" class=\"yoast-schema-graph\">{\"@context\":\"https:\\\/\\\/schema.org\",\"@graph\":[{\"@type\":\"WebPage\",\"@id\":\"https:\\\/\\\/biorius.com\\\/de\\\/kosmetikverordnung\\\/mercosur\\\/\",\"url\":\"https:\\\/\\\/biorius.com\\\/de\\\/kosmetikverordnung\\\/mercosur\\\/\",\"name\":\"S\u00fcdamerika Mercosur Verordnungen f\u00fcr Kosmetika - Biorius\",\"isPartOf\":{\"@id\":\"https:\\\/\\\/biorius.com\\\/de\\\/#website\"},\"datePublished\":\"2023-11-22T14:46:00+00:00\",\"dateModified\":\"2025-01-13T08:55:35+00:00\",\"description\":\"Navigieren Sie mit Biorius durch die Kosmetikvorschriften des s\u00fcdamerikanischen Mercosur. Holen Sie sich fachkundige Unterst\u00fctzung bei der Einhaltung der Vorschriften, insbesondere in Bezug auf Sicherheit, Inhaltsstoffe und Kennzeichnungsstandards.\",\"breadcrumb\":{\"@id\":\"https:\\\/\\\/biorius.com\\\/de\\\/kosmetikverordnung\\\/mercosur\\\/#breadcrumb\"},\"inLanguage\":\"de-DE\",\"potentialAction\":[{\"@type\":\"ReadAction\",\"target\":[\"https:\\\/\\\/biorius.com\\\/de\\\/kosmetikverordnung\\\/mercosur\\\/\"]}]},{\"@type\":\"BreadcrumbList\",\"@id\":\"https:\\\/\\\/biorius.com\\\/de\\\/kosmetikverordnung\\\/mercosur\\\/#breadcrumb\",\"itemListElement\":[{\"@type\":\"ListItem\",\"position\":1,\"name\":\"Startseite\",\"item\":\"https:\\\/\\\/biorius.com\\\/de\\\/\"},{\"@type\":\"ListItem\",\"position\":2,\"name\":\"Kosmetische Verordnungen\",\"item\":\"https:\\\/\\\/biorius.com\\\/de\\\/cosmetic-regulations\\\/\"},{\"@type\":\"ListItem\",\"position\":3,\"name\":\"S\u00fcdamerika Mercosur Verordnungen f\u00fcr Kosmetika\"}]},{\"@type\":\"WebSite\",\"@id\":\"https:\\\/\\\/biorius.com\\\/de\\\/#website\",\"url\":\"https:\\\/\\\/biorius.com\\\/de\\\/\",\"name\":\"Biorius\",\"description\":\"You create dreams we protect them\",\"potentialAction\":[{\"@type\":\"SearchAction\",\"target\":{\"@type\":\"EntryPoint\",\"urlTemplate\":\"https:\\\/\\\/biorius.com\\\/de\\\/?s={search_term_string}\"},\"query-input\":{\"@type\":\"PropertyValueSpecification\",\"valueRequired\":true,\"valueName\":\"search_term_string\"}}],\"inLanguage\":\"de-DE\"}]}<\/script>\n<!-- \/ Yoast SEO plugin. -->","yoast_head_json":{"title":"S\u00fcdamerika Mercosur Verordnungen f\u00fcr Kosmetika - Biorius","description":"Navigieren Sie mit Biorius durch die Kosmetikvorschriften des s\u00fcdamerikanischen Mercosur. Holen Sie sich fachkundige Unterst\u00fctzung bei der Einhaltung der Vorschriften, insbesondere in Bezug auf Sicherheit, Inhaltsstoffe und Kennzeichnungsstandards.","robots":{"index":"index","follow":"follow","max-snippet":"max-snippet:-1","max-image-preview":"max-image-preview:large","max-video-preview":"max-video-preview:-1"},"canonical":"https:\/\/biorius.com\/de\/kosmetikverordnung\/mercosur\/","og_locale":"de_DE","og_type":"article","og_title":"S\u00fcdamerika Mercosur Verordnungen f\u00fcr Kosmetika - Biorius","og_description":"Navigieren Sie mit Biorius durch die Kosmetikvorschriften des s\u00fcdamerikanischen Mercosur. Holen Sie sich fachkundige Unterst\u00fctzung bei der Einhaltung der Vorschriften, insbesondere in Bezug auf Sicherheit, Inhaltsstoffe und Kennzeichnungsstandards.","og_url":"https:\/\/biorius.com\/de\/kosmetikverordnung\/mercosur\/","og_site_name":"Biorius","article_modified_time":"2025-01-13T08:55:35+00:00","twitter_card":"summary_large_image","twitter_misc":{"Gesch\u00e4tzte Lesezeit":"6 Minuten"},"schema":{"@context":"https:\/\/schema.org","@graph":[{"@type":"WebPage","@id":"https:\/\/biorius.com\/de\/kosmetikverordnung\/mercosur\/","url":"https:\/\/biorius.com\/de\/kosmetikverordnung\/mercosur\/","name":"S\u00fcdamerika Mercosur Verordnungen f\u00fcr Kosmetika - Biorius","isPartOf":{"@id":"https:\/\/biorius.com\/de\/#website"},"datePublished":"2023-11-22T14:46:00+00:00","dateModified":"2025-01-13T08:55:35+00:00","description":"Navigieren Sie mit Biorius durch die Kosmetikvorschriften des s\u00fcdamerikanischen Mercosur. Holen Sie sich fachkundige Unterst\u00fctzung bei der Einhaltung der Vorschriften, insbesondere in Bezug auf Sicherheit, Inhaltsstoffe und Kennzeichnungsstandards.","breadcrumb":{"@id":"https:\/\/biorius.com\/de\/kosmetikverordnung\/mercosur\/#breadcrumb"},"inLanguage":"de-DE","potentialAction":[{"@type":"ReadAction","target":["https:\/\/biorius.com\/de\/kosmetikverordnung\/mercosur\/"]}]},{"@type":"BreadcrumbList","@id":"https:\/\/biorius.com\/de\/kosmetikverordnung\/mercosur\/#breadcrumb","itemListElement":[{"@type":"ListItem","position":1,"name":"Startseite","item":"https:\/\/biorius.com\/de\/"},{"@type":"ListItem","position":2,"name":"Kosmetische Verordnungen","item":"https:\/\/biorius.com\/de\/cosmetic-regulations\/"},{"@type":"ListItem","position":3,"name":"S\u00fcdamerika Mercosur Verordnungen f\u00fcr Kosmetika"}]},{"@type":"WebSite","@id":"https:\/\/biorius.com\/de\/#website","url":"https:\/\/biorius.com\/de\/","name":"Biorius","description":"You create dreams we protect them","potentialAction":[{"@type":"SearchAction","target":{"@type":"EntryPoint","urlTemplate":"https:\/\/biorius.com\/de\/?s={search_term_string}"},"query-input":{"@type":"PropertyValueSpecification","valueRequired":true,"valueName":"search_term_string"}}],"inLanguage":"de-DE"}]}},"_links":{"self":[{"href":"https:\/\/biorius.com\/de\/wp-json\/wp\/v2\/pages\/48543","targetHints":{"allow":["GET"]}}],"collection":[{"href":"https:\/\/biorius.com\/de\/wp-json\/wp\/v2\/pages"}],"about":[{"href":"https:\/\/biorius.com\/de\/wp-json\/wp\/v2\/types\/page"}],"author":[{"embeddable":true,"href":"https:\/\/biorius.com\/de\/wp-json\/wp\/v2\/users\/1"}],"replies":[{"embeddable":true,"href":"https:\/\/biorius.com\/de\/wp-json\/wp\/v2\/comments?post=48543"}],"version-history":[{"count":0,"href":"https:\/\/biorius.com\/de\/wp-json\/wp\/v2\/pages\/48543\/revisions"}],"up":[{"embeddable":true,"href":"https:\/\/biorius.com\/de\/wp-json\/wp\/v2\/pages\/48371"}],"wp:attachment":[{"href":"https:\/\/biorius.com\/de\/wp-json\/wp\/v2\/media?parent=48543"}],"wp:term":[{"taxonomy":"category","embeddable":true,"href":"https:\/\/biorius.com\/de\/wp-json\/wp\/v2\/categories?post=48543"},{"taxonomy":"post_tag","embeddable":true,"href":"https:\/\/biorius.com\/de\/wp-json\/wp\/v2\/tags?post=48543"}],"curies":[{"name":"wp","href":"https:\/\/api.w.org\/{rel}","templated":true}]}}