{"id":48448,"date":"2023-08-31T07:45:47","date_gmt":"2023-08-31T05:45:47","guid":{"rendered":"https:\/\/biorius.com\/kosmetische-verordnungen\/cosmetic-formula-bewertung\/"},"modified":"2024-05-10T12:37:26","modified_gmt":"2024-05-10T10:37:26","slug":"cosmetic-formula-bewertung","status":"publish","type":"page","link":"https:\/\/biorius.com\/de\/cosmetic-formula-bewertung\/","title":{"rendered":"Cosmetic Formula Bewertung"},"content":{"rendered":"","protected":false},"excerpt":{"rendered":"","protected":false},"author":1,"featured_media":0,"parent":0,"menu_order":0,"comment_status":"closed","ping_status":"closed","template":"templates\/page-builder.php","meta":{"_acf_changed":false,"_coblocks_attr":"","_coblocks_dimensions":"","_coblocks_responsive_height":"","_coblocks_accordion_ie_support":"","footnotes":""},"categories":[],"tags":[],"class_list":["post-48448","page","type-page","status-publish","hentry"],"acf":[],"yoast_head":"<!-- This site is optimized with the Yoast SEO plugin v27.5 - https:\/\/yoast.com\/product\/yoast-seo-wordpress\/ -->\n<title>Cosmetic Formula Bewertung - Biorius<\/title>\n<meta name=\"description\" content=\"Unsere Formel\u00fcberpr\u00fcfungsdienste erm\u00f6glichen es einer Kosmetikmarke, ihre Kosmetikformeln f\u00fcr mehrere Regionen\/L\u00e4nder auf einmal zu \u00fcberpr\u00fcfen.\" \/>\n<meta name=\"robots\" content=\"index, follow, max-snippet:-1, max-image-preview:large, max-video-preview:-1\" \/>\n<link rel=\"canonical\" href=\"https:\/\/biorius.com\/de\/cosmetic-formula-bewertung\/\" \/>\n<meta property=\"og:locale\" content=\"de_DE\" \/>\n<meta property=\"og:type\" content=\"article\" \/>\n<meta property=\"og:title\" content=\"Cosmetic Formula Bewertung - Biorius\" \/>\n<meta property=\"og:description\" content=\"Unsere Formel\u00fcberpr\u00fcfungsdienste erm\u00f6glichen es einer Kosmetikmarke, ihre Kosmetikformeln f\u00fcr mehrere Regionen\/L\u00e4nder auf einmal zu \u00fcberpr\u00fcfen.\" \/>\n<meta property=\"og:url\" content=\"https:\/\/biorius.com\/de\/cosmetic-formula-bewertung\/\" \/>\n<meta property=\"og:site_name\" content=\"Biorius\" \/>\n<meta property=\"article:modified_time\" content=\"2024-05-10T10:37:26+00:00\" \/>\n<meta name=\"twitter:card\" content=\"summary_large_image\" \/>\n<script type=\"application\/ld+json\" class=\"yoast-schema-graph\">{\"@context\":\"https:\\\/\\\/schema.org\",\"@graph\":[{\"@type\":\"WebPage\",\"@id\":\"https:\\\/\\\/biorius.com\\\/de\\\/cosmetic-formula-bewertung\\\/\",\"url\":\"https:\\\/\\\/biorius.com\\\/de\\\/cosmetic-formula-bewertung\\\/\",\"name\":\"Cosmetic Formula Bewertung - Biorius\",\"isPartOf\":{\"@id\":\"https:\\\/\\\/biorius.com\\\/de\\\/#website\"},\"datePublished\":\"2023-08-31T05:45:47+00:00\",\"dateModified\":\"2024-05-10T10:37:26+00:00\",\"description\":\"Unsere Formel\u00fcberpr\u00fcfungsdienste erm\u00f6glichen es einer Kosmetikmarke, ihre Kosmetikformeln f\u00fcr mehrere Regionen\\\/L\u00e4nder auf einmal zu \u00fcberpr\u00fcfen.\",\"breadcrumb\":{\"@id\":\"https:\\\/\\\/biorius.com\\\/de\\\/cosmetic-formula-bewertung\\\/#breadcrumb\"},\"inLanguage\":\"de-DE\",\"potentialAction\":[{\"@type\":\"ReadAction\",\"target\":[\"https:\\\/\\\/biorius.com\\\/de\\\/cosmetic-formula-bewertung\\\/\"]}]},{\"@type\":\"BreadcrumbList\",\"@id\":\"https:\\\/\\\/biorius.com\\\/de\\\/cosmetic-formula-bewertung\\\/#breadcrumb\",\"itemListElement\":[{\"@type\":\"ListItem\",\"position\":1,\"name\":\"Startseite\",\"item\":\"https:\\\/\\\/biorius.com\\\/de\\\/\"},{\"@type\":\"ListItem\",\"position\":2,\"name\":\"Cosmetic Formula Bewertung\"}]},{\"@type\":\"WebSite\",\"@id\":\"https:\\\/\\\/biorius.com\\\/de\\\/#website\",\"url\":\"https:\\\/\\\/biorius.com\\\/de\\\/\",\"name\":\"Biorius\",\"description\":\"You create dreams we protect them\",\"potentialAction\":[{\"@type\":\"SearchAction\",\"target\":{\"@type\":\"EntryPoint\",\"urlTemplate\":\"https:\\\/\\\/biorius.com\\\/de\\\/?s={search_term_string}\"},\"query-input\":{\"@type\":\"PropertyValueSpecification\",\"valueRequired\":true,\"valueName\":\"search_term_string\"}}],\"inLanguage\":\"de-DE\"}]}<\/script>\n<!-- \/ Yoast SEO plugin. -->","yoast_head_json":{"title":"Cosmetic Formula Bewertung - Biorius","description":"Unsere Formel\u00fcberpr\u00fcfungsdienste erm\u00f6glichen es einer Kosmetikmarke, ihre Kosmetikformeln f\u00fcr mehrere Regionen\/L\u00e4nder auf einmal zu \u00fcberpr\u00fcfen.","robots":{"index":"index","follow":"follow","max-snippet":"max-snippet:-1","max-image-preview":"max-image-preview:large","max-video-preview":"max-video-preview:-1"},"canonical":"https:\/\/biorius.com\/de\/cosmetic-formula-bewertung\/","og_locale":"de_DE","og_type":"article","og_title":"Cosmetic Formula Bewertung - Biorius","og_description":"Unsere Formel\u00fcberpr\u00fcfungsdienste erm\u00f6glichen es einer Kosmetikmarke, ihre Kosmetikformeln f\u00fcr mehrere Regionen\/L\u00e4nder auf einmal zu \u00fcberpr\u00fcfen.","og_url":"https:\/\/biorius.com\/de\/cosmetic-formula-bewertung\/","og_site_name":"Biorius","article_modified_time":"2024-05-10T10:37:26+00:00","twitter_card":"summary_large_image","schema":{"@context":"https:\/\/schema.org","@graph":[{"@type":"WebPage","@id":"https:\/\/biorius.com\/de\/cosmetic-formula-bewertung\/","url":"https:\/\/biorius.com\/de\/cosmetic-formula-bewertung\/","name":"Cosmetic Formula Bewertung - Biorius","isPartOf":{"@id":"https:\/\/biorius.com\/de\/#website"},"datePublished":"2023-08-31T05:45:47+00:00","dateModified":"2024-05-10T10:37:26+00:00","description":"Unsere Formel\u00fcberpr\u00fcfungsdienste erm\u00f6glichen es einer Kosmetikmarke, ihre Kosmetikformeln f\u00fcr mehrere Regionen\/L\u00e4nder auf einmal zu \u00fcberpr\u00fcfen.","breadcrumb":{"@id":"https:\/\/biorius.com\/de\/cosmetic-formula-bewertung\/#breadcrumb"},"inLanguage":"de-DE","potentialAction":[{"@type":"ReadAction","target":["https:\/\/biorius.com\/de\/cosmetic-formula-bewertung\/"]}]},{"@type":"BreadcrumbList","@id":"https:\/\/biorius.com\/de\/cosmetic-formula-bewertung\/#breadcrumb","itemListElement":[{"@type":"ListItem","position":1,"name":"Startseite","item":"https:\/\/biorius.com\/de\/"},{"@type":"ListItem","position":2,"name":"Cosmetic Formula Bewertung"}]},{"@type":"WebSite","@id":"https:\/\/biorius.com\/de\/#website","url":"https:\/\/biorius.com\/de\/","name":"Biorius","description":"You create dreams we protect them","potentialAction":[{"@type":"SearchAction","target":{"@type":"EntryPoint","urlTemplate":"https:\/\/biorius.com\/de\/?s={search_term_string}"},"query-input":{"@type":"PropertyValueSpecification","valueRequired":true,"valueName":"search_term_string"}}],"inLanguage":"de-DE"}]}},"_links":{"self":[{"href":"https:\/\/biorius.com\/de\/wp-json\/wp\/v2\/pages\/48448","targetHints":{"allow":["GET"]}}],"collection":[{"href":"https:\/\/biorius.com\/de\/wp-json\/wp\/v2\/pages"}],"about":[{"href":"https:\/\/biorius.com\/de\/wp-json\/wp\/v2\/types\/page"}],"author":[{"embeddable":true,"href":"https:\/\/biorius.com\/de\/wp-json\/wp\/v2\/users\/1"}],"replies":[{"embeddable":true,"href":"https:\/\/biorius.com\/de\/wp-json\/wp\/v2\/comments?post=48448"}],"version-history":[{"count":0,"href":"https:\/\/biorius.com\/de\/wp-json\/wp\/v2\/pages\/48448\/revisions"}],"wp:attachment":[{"href":"https:\/\/biorius.com\/de\/wp-json\/wp\/v2\/media?parent=48448"}],"wp:term":[{"taxonomy":"category","embeddable":true,"href":"https:\/\/biorius.com\/de\/wp-json\/wp\/v2\/categories?post=48448"},{"taxonomy":"post_tag","embeddable":true,"href":"https:\/\/biorius.com\/de\/wp-json\/wp\/v2\/tags?post=48448"}],"curies":[{"name":"wp","href":"https:\/\/api.w.org\/{rel}","templated":true}]}}