{"id":48433,"date":"2023-08-31T08:13:43","date_gmt":"2023-08-31T06:13:43","guid":{"rendered":"https:\/\/biorius.com\/kosmetische-verordnungen\/cosmetic-label-bewertung\/"},"modified":"2024-11-04T09:32:04","modified_gmt":"2024-11-04T08:32:04","slug":"etiketten-kosmetik","status":"publish","type":"page","link":"https:\/\/biorius.com\/de\/kosmetikverordnung\/etiketten-kosmetik\/","title":{"rendered":"Cosmetic Label Bewertung"},"content":{"rendered":"","protected":false},"excerpt":{"rendered":"","protected":false},"author":1,"featured_media":0,"parent":48371,"menu_order":0,"comment_status":"closed","ping_status":"closed","template":"templates\/page-builder.php","meta":{"_acf_changed":false,"_coblocks_attr":"","_coblocks_dimensions":"","_coblocks_responsive_height":"","_coblocks_accordion_ie_support":"","footnotes":""},"categories":[],"tags":[],"class_list":["post-48433","page","type-page","status-publish","hentry"],"acf":[],"yoast_head":"<!-- This site is optimized with the Yoast SEO plugin v27.5 - https:\/\/yoast.com\/product\/yoast-seo-wordpress\/ -->\n<title>Cosmetic Label Bewertung - Biorius<\/title>\n<meta name=\"description\" content=\"\u00dcberpr\u00fcfung von Kosmetika-Etiketten durch Experten f\u00fcr globale Konformit\u00e4t. Stellen Sie mit den umfassenden Dienstleistungen von Biorius sicher, dass Ihre Produktetiketten den internationalen Vorschriften entsprechen.\" \/>\n<meta name=\"robots\" content=\"index, follow, max-snippet:-1, max-image-preview:large, max-video-preview:-1\" \/>\n<link rel=\"canonical\" href=\"https:\/\/biorius.com\/de\/kosmetikverordnung\/etiketten-kosmetik\/\" \/>\n<meta property=\"og:locale\" content=\"de_DE\" \/>\n<meta property=\"og:type\" content=\"article\" \/>\n<meta property=\"og:title\" content=\"Cosmetic Label Bewertung - Biorius\" \/>\n<meta property=\"og:description\" content=\"\u00dcberpr\u00fcfung von Kosmetika-Etiketten durch Experten f\u00fcr globale Konformit\u00e4t. Stellen Sie mit den umfassenden Dienstleistungen von Biorius sicher, dass Ihre Produktetiketten den internationalen Vorschriften entsprechen.\" \/>\n<meta property=\"og:url\" content=\"https:\/\/biorius.com\/de\/kosmetikverordnung\/etiketten-kosmetik\/\" \/>\n<meta property=\"og:site_name\" content=\"Biorius\" \/>\n<meta property=\"article:modified_time\" content=\"2024-11-04T08:32:04+00:00\" \/>\n<meta name=\"twitter:card\" content=\"summary_large_image\" \/>\n<meta name=\"twitter:label1\" content=\"Gesch\u00e4tzte Lesezeit\" \/>\n\t<meta name=\"twitter:data1\" content=\"2 Minuten\" \/>\n<script type=\"application\/ld+json\" class=\"yoast-schema-graph\">{\"@context\":\"https:\\\/\\\/schema.org\",\"@graph\":[{\"@type\":\"WebPage\",\"@id\":\"https:\\\/\\\/biorius.com\\\/de\\\/kosmetikverordnung\\\/etiketten-kosmetik\\\/\",\"url\":\"https:\\\/\\\/biorius.com\\\/de\\\/kosmetikverordnung\\\/etiketten-kosmetik\\\/\",\"name\":\"Cosmetic Label Bewertung - Biorius\",\"isPartOf\":{\"@id\":\"https:\\\/\\\/biorius.com\\\/de\\\/#website\"},\"datePublished\":\"2023-08-31T06:13:43+00:00\",\"dateModified\":\"2024-11-04T08:32:04+00:00\",\"description\":\"\u00dcberpr\u00fcfung von Kosmetika-Etiketten durch Experten f\u00fcr globale Konformit\u00e4t. Stellen Sie mit den umfassenden Dienstleistungen von Biorius sicher, dass Ihre Produktetiketten den internationalen Vorschriften entsprechen.\",\"breadcrumb\":{\"@id\":\"https:\\\/\\\/biorius.com\\\/de\\\/kosmetikverordnung\\\/etiketten-kosmetik\\\/#breadcrumb\"},\"inLanguage\":\"de-DE\",\"potentialAction\":[{\"@type\":\"ReadAction\",\"target\":[\"https:\\\/\\\/biorius.com\\\/de\\\/kosmetikverordnung\\\/etiketten-kosmetik\\\/\"]}]},{\"@type\":\"BreadcrumbList\",\"@id\":\"https:\\\/\\\/biorius.com\\\/de\\\/kosmetikverordnung\\\/etiketten-kosmetik\\\/#breadcrumb\",\"itemListElement\":[{\"@type\":\"ListItem\",\"position\":1,\"name\":\"Startseite\",\"item\":\"https:\\\/\\\/biorius.com\\\/de\\\/\"},{\"@type\":\"ListItem\",\"position\":2,\"name\":\"Kosmetische Verordnungen\",\"item\":\"https:\\\/\\\/biorius.com\\\/de\\\/cosmetic-regulations\\\/\"},{\"@type\":\"ListItem\",\"position\":3,\"name\":\"Cosmetic Label Bewertung\"}]},{\"@type\":\"WebSite\",\"@id\":\"https:\\\/\\\/biorius.com\\\/de\\\/#website\",\"url\":\"https:\\\/\\\/biorius.com\\\/de\\\/\",\"name\":\"Biorius\",\"description\":\"You create dreams we protect them\",\"potentialAction\":[{\"@type\":\"SearchAction\",\"target\":{\"@type\":\"EntryPoint\",\"urlTemplate\":\"https:\\\/\\\/biorius.com\\\/de\\\/?s={search_term_string}\"},\"query-input\":{\"@type\":\"PropertyValueSpecification\",\"valueRequired\":true,\"valueName\":\"search_term_string\"}}],\"inLanguage\":\"de-DE\"}]}<\/script>\n<!-- \/ Yoast SEO plugin. -->","yoast_head_json":{"title":"Cosmetic Label Bewertung - Biorius","description":"\u00dcberpr\u00fcfung von Kosmetika-Etiketten durch Experten f\u00fcr globale Konformit\u00e4t. Stellen Sie mit den umfassenden Dienstleistungen von Biorius sicher, dass Ihre Produktetiketten den internationalen Vorschriften entsprechen.","robots":{"index":"index","follow":"follow","max-snippet":"max-snippet:-1","max-image-preview":"max-image-preview:large","max-video-preview":"max-video-preview:-1"},"canonical":"https:\/\/biorius.com\/de\/kosmetikverordnung\/etiketten-kosmetik\/","og_locale":"de_DE","og_type":"article","og_title":"Cosmetic Label Bewertung - Biorius","og_description":"\u00dcberpr\u00fcfung von Kosmetika-Etiketten durch Experten f\u00fcr globale Konformit\u00e4t. Stellen Sie mit den umfassenden Dienstleistungen von Biorius sicher, dass Ihre Produktetiketten den internationalen Vorschriften entsprechen.","og_url":"https:\/\/biorius.com\/de\/kosmetikverordnung\/etiketten-kosmetik\/","og_site_name":"Biorius","article_modified_time":"2024-11-04T08:32:04+00:00","twitter_card":"summary_large_image","twitter_misc":{"Gesch\u00e4tzte Lesezeit":"2 Minuten"},"schema":{"@context":"https:\/\/schema.org","@graph":[{"@type":"WebPage","@id":"https:\/\/biorius.com\/de\/kosmetikverordnung\/etiketten-kosmetik\/","url":"https:\/\/biorius.com\/de\/kosmetikverordnung\/etiketten-kosmetik\/","name":"Cosmetic Label Bewertung - Biorius","isPartOf":{"@id":"https:\/\/biorius.com\/de\/#website"},"datePublished":"2023-08-31T06:13:43+00:00","dateModified":"2024-11-04T08:32:04+00:00","description":"\u00dcberpr\u00fcfung von Kosmetika-Etiketten durch Experten f\u00fcr globale Konformit\u00e4t. Stellen Sie mit den umfassenden Dienstleistungen von Biorius sicher, dass Ihre Produktetiketten den internationalen Vorschriften entsprechen.","breadcrumb":{"@id":"https:\/\/biorius.com\/de\/kosmetikverordnung\/etiketten-kosmetik\/#breadcrumb"},"inLanguage":"de-DE","potentialAction":[{"@type":"ReadAction","target":["https:\/\/biorius.com\/de\/kosmetikverordnung\/etiketten-kosmetik\/"]}]},{"@type":"BreadcrumbList","@id":"https:\/\/biorius.com\/de\/kosmetikverordnung\/etiketten-kosmetik\/#breadcrumb","itemListElement":[{"@type":"ListItem","position":1,"name":"Startseite","item":"https:\/\/biorius.com\/de\/"},{"@type":"ListItem","position":2,"name":"Kosmetische Verordnungen","item":"https:\/\/biorius.com\/de\/cosmetic-regulations\/"},{"@type":"ListItem","position":3,"name":"Cosmetic Label Bewertung"}]},{"@type":"WebSite","@id":"https:\/\/biorius.com\/de\/#website","url":"https:\/\/biorius.com\/de\/","name":"Biorius","description":"You create dreams we protect them","potentialAction":[{"@type":"SearchAction","target":{"@type":"EntryPoint","urlTemplate":"https:\/\/biorius.com\/de\/?s={search_term_string}"},"query-input":{"@type":"PropertyValueSpecification","valueRequired":true,"valueName":"search_term_string"}}],"inLanguage":"de-DE"}]}},"_links":{"self":[{"href":"https:\/\/biorius.com\/de\/wp-json\/wp\/v2\/pages\/48433","targetHints":{"allow":["GET"]}}],"collection":[{"href":"https:\/\/biorius.com\/de\/wp-json\/wp\/v2\/pages"}],"about":[{"href":"https:\/\/biorius.com\/de\/wp-json\/wp\/v2\/types\/page"}],"author":[{"embeddable":true,"href":"https:\/\/biorius.com\/de\/wp-json\/wp\/v2\/users\/1"}],"replies":[{"embeddable":true,"href":"https:\/\/biorius.com\/de\/wp-json\/wp\/v2\/comments?post=48433"}],"version-history":[{"count":0,"href":"https:\/\/biorius.com\/de\/wp-json\/wp\/v2\/pages\/48433\/revisions"}],"up":[{"embeddable":true,"href":"https:\/\/biorius.com\/de\/wp-json\/wp\/v2\/pages\/48371"}],"wp:attachment":[{"href":"https:\/\/biorius.com\/de\/wp-json\/wp\/v2\/media?parent=48433"}],"wp:term":[{"taxonomy":"category","embeddable":true,"href":"https:\/\/biorius.com\/de\/wp-json\/wp\/v2\/categories?post=48433"},{"taxonomy":"post_tag","embeddable":true,"href":"https:\/\/biorius.com\/de\/wp-json\/wp\/v2\/tags?post=48433"}],"curies":[{"name":"wp","href":"https:\/\/api.w.org\/{rel}","templated":true}]}}