{"id":48414,"date":"2023-08-30T09:26:12","date_gmt":"2023-08-30T07:26:12","guid":{"rendered":"https:\/\/biorius.com\/webinare-einhaltung-kosmetischer-vorschriften\/"},"modified":"2024-05-13T13:54:28","modified_gmt":"2024-05-13T11:54:28","slug":"webinare-einhaltung-kosmetischer-vorschriften","status":"publish","type":"page","link":"https:\/\/biorius.com\/de\/webinare-einhaltung-kosmetischer-vorschriften\/","title":{"rendered":"Webinare Einhaltung kosmetischer Vorschriften"},"content":{"rendered":"","protected":false},"excerpt":{"rendered":"","protected":false},"author":1,"featured_media":0,"parent":0,"menu_order":0,"comment_status":"closed","ping_status":"closed","template":"templates\/page-builder.php","meta":{"_acf_changed":false,"_coblocks_attr":"","_coblocks_dimensions":"","_coblocks_responsive_height":"","_coblocks_accordion_ie_support":"","footnotes":""},"categories":[],"tags":[],"class_list":["post-48414","page","type-page","status-publish","hentry"],"acf":[],"yoast_head":"<!-- This site is optimized with the Yoast SEO plugin v27.3 - https:\/\/yoast.com\/product\/yoast-seo-wordpress\/ -->\n<title>Webinare Einhaltung kosmetischer Vorschriften - Biorius<\/title>\n<meta name=\"description\" content=\"Webinare zur Einhaltung von Vorschriften f\u00fcr Kosmetika: Biorius Experten teilen ihr Wissen \u00fcber die wichtigsten regulatorischen \u00c4nderungen, die die Kosmetik- und Chemiebranche betreffen.\" \/>\n<meta name=\"robots\" content=\"index, follow, max-snippet:-1, max-image-preview:large, max-video-preview:-1\" \/>\n<link rel=\"canonical\" href=\"https:\/\/biorius.com\/de\/webinare-einhaltung-kosmetischer-vorschriften\/\" \/>\n<meta property=\"og:locale\" content=\"de_DE\" \/>\n<meta property=\"og:type\" content=\"article\" \/>\n<meta property=\"og:title\" content=\"Webinare Einhaltung kosmetischer Vorschriften - Biorius\" \/>\n<meta property=\"og:description\" content=\"Webinare zur Einhaltung von Vorschriften f\u00fcr Kosmetika: Biorius Experten teilen ihr Wissen \u00fcber die wichtigsten regulatorischen \u00c4nderungen, die die Kosmetik- und Chemiebranche betreffen.\" \/>\n<meta property=\"og:url\" content=\"https:\/\/biorius.com\/de\/webinare-einhaltung-kosmetischer-vorschriften\/\" \/>\n<meta property=\"og:site_name\" content=\"Biorius\" \/>\n<meta property=\"article:modified_time\" content=\"2024-05-13T11:54:28+00:00\" \/>\n<meta name=\"twitter:card\" content=\"summary_large_image\" \/>\n<script type=\"application\/ld+json\" class=\"yoast-schema-graph\">{\"@context\":\"https:\\\/\\\/schema.org\",\"@graph\":[{\"@type\":\"WebPage\",\"@id\":\"https:\\\/\\\/biorius.com\\\/de\\\/webinare-einhaltung-kosmetischer-vorschriften\\\/\",\"url\":\"https:\\\/\\\/biorius.com\\\/de\\\/webinare-einhaltung-kosmetischer-vorschriften\\\/\",\"name\":\"Webinare Einhaltung kosmetischer Vorschriften - Biorius\",\"isPartOf\":{\"@id\":\"https:\\\/\\\/biorius.com\\\/de\\\/#website\"},\"datePublished\":\"2023-08-30T07:26:12+00:00\",\"dateModified\":\"2024-05-13T11:54:28+00:00\",\"description\":\"Webinare zur Einhaltung von Vorschriften f\u00fcr Kosmetika: Biorius Experten teilen ihr Wissen \u00fcber die wichtigsten regulatorischen \u00c4nderungen, die die Kosmetik- und Chemiebranche betreffen.\",\"breadcrumb\":{\"@id\":\"https:\\\/\\\/biorius.com\\\/de\\\/webinare-einhaltung-kosmetischer-vorschriften\\\/#breadcrumb\"},\"inLanguage\":\"de-DE\",\"potentialAction\":[{\"@type\":\"ReadAction\",\"target\":[\"https:\\\/\\\/biorius.com\\\/de\\\/webinare-einhaltung-kosmetischer-vorschriften\\\/\"]}]},{\"@type\":\"BreadcrumbList\",\"@id\":\"https:\\\/\\\/biorius.com\\\/de\\\/webinare-einhaltung-kosmetischer-vorschriften\\\/#breadcrumb\",\"itemListElement\":[{\"@type\":\"ListItem\",\"position\":1,\"name\":\"Startseite\",\"item\":\"https:\\\/\\\/biorius.com\\\/de\\\/\"},{\"@type\":\"ListItem\",\"position\":2,\"name\":\"Webinare Einhaltung kosmetischer Vorschriften\"}]},{\"@type\":\"WebSite\",\"@id\":\"https:\\\/\\\/biorius.com\\\/de\\\/#website\",\"url\":\"https:\\\/\\\/biorius.com\\\/de\\\/\",\"name\":\"Biorius\",\"description\":\"You create dreams we protect them\",\"potentialAction\":[{\"@type\":\"SearchAction\",\"target\":{\"@type\":\"EntryPoint\",\"urlTemplate\":\"https:\\\/\\\/biorius.com\\\/de\\\/?s={search_term_string}\"},\"query-input\":{\"@type\":\"PropertyValueSpecification\",\"valueRequired\":true,\"valueName\":\"search_term_string\"}}],\"inLanguage\":\"de-DE\"}]}<\/script>\n<!-- \/ Yoast SEO plugin. -->","yoast_head_json":{"title":"Webinare Einhaltung kosmetischer Vorschriften - Biorius","description":"Webinare zur Einhaltung von Vorschriften f\u00fcr Kosmetika: Biorius Experten teilen ihr Wissen \u00fcber die wichtigsten regulatorischen \u00c4nderungen, die die Kosmetik- und Chemiebranche betreffen.","robots":{"index":"index","follow":"follow","max-snippet":"max-snippet:-1","max-image-preview":"max-image-preview:large","max-video-preview":"max-video-preview:-1"},"canonical":"https:\/\/biorius.com\/de\/webinare-einhaltung-kosmetischer-vorschriften\/","og_locale":"de_DE","og_type":"article","og_title":"Webinare Einhaltung kosmetischer Vorschriften - Biorius","og_description":"Webinare zur Einhaltung von Vorschriften f\u00fcr Kosmetika: Biorius Experten teilen ihr Wissen \u00fcber die wichtigsten regulatorischen \u00c4nderungen, die die Kosmetik- und Chemiebranche betreffen.","og_url":"https:\/\/biorius.com\/de\/webinare-einhaltung-kosmetischer-vorschriften\/","og_site_name":"Biorius","article_modified_time":"2024-05-13T11:54:28+00:00","twitter_card":"summary_large_image","schema":{"@context":"https:\/\/schema.org","@graph":[{"@type":"WebPage","@id":"https:\/\/biorius.com\/de\/webinare-einhaltung-kosmetischer-vorschriften\/","url":"https:\/\/biorius.com\/de\/webinare-einhaltung-kosmetischer-vorschriften\/","name":"Webinare Einhaltung kosmetischer Vorschriften - Biorius","isPartOf":{"@id":"https:\/\/biorius.com\/de\/#website"},"datePublished":"2023-08-30T07:26:12+00:00","dateModified":"2024-05-13T11:54:28+00:00","description":"Webinare zur Einhaltung von Vorschriften f\u00fcr Kosmetika: Biorius Experten teilen ihr Wissen \u00fcber die wichtigsten regulatorischen \u00c4nderungen, die die Kosmetik- und Chemiebranche betreffen.","breadcrumb":{"@id":"https:\/\/biorius.com\/de\/webinare-einhaltung-kosmetischer-vorschriften\/#breadcrumb"},"inLanguage":"de-DE","potentialAction":[{"@type":"ReadAction","target":["https:\/\/biorius.com\/de\/webinare-einhaltung-kosmetischer-vorschriften\/"]}]},{"@type":"BreadcrumbList","@id":"https:\/\/biorius.com\/de\/webinare-einhaltung-kosmetischer-vorschriften\/#breadcrumb","itemListElement":[{"@type":"ListItem","position":1,"name":"Startseite","item":"https:\/\/biorius.com\/de\/"},{"@type":"ListItem","position":2,"name":"Webinare Einhaltung kosmetischer Vorschriften"}]},{"@type":"WebSite","@id":"https:\/\/biorius.com\/de\/#website","url":"https:\/\/biorius.com\/de\/","name":"Biorius","description":"You create dreams we protect them","potentialAction":[{"@type":"SearchAction","target":{"@type":"EntryPoint","urlTemplate":"https:\/\/biorius.com\/de\/?s={search_term_string}"},"query-input":{"@type":"PropertyValueSpecification","valueRequired":true,"valueName":"search_term_string"}}],"inLanguage":"de-DE"}]}},"_links":{"self":[{"href":"https:\/\/biorius.com\/de\/wp-json\/wp\/v2\/pages\/48414","targetHints":{"allow":["GET"]}}],"collection":[{"href":"https:\/\/biorius.com\/de\/wp-json\/wp\/v2\/pages"}],"about":[{"href":"https:\/\/biorius.com\/de\/wp-json\/wp\/v2\/types\/page"}],"author":[{"embeddable":true,"href":"https:\/\/biorius.com\/de\/wp-json\/wp\/v2\/users\/1"}],"replies":[{"embeddable":true,"href":"https:\/\/biorius.com\/de\/wp-json\/wp\/v2\/comments?post=48414"}],"version-history":[{"count":0,"href":"https:\/\/biorius.com\/de\/wp-json\/wp\/v2\/pages\/48414\/revisions"}],"wp:attachment":[{"href":"https:\/\/biorius.com\/de\/wp-json\/wp\/v2\/media?parent=48414"}],"wp:term":[{"taxonomy":"category","embeddable":true,"href":"https:\/\/biorius.com\/de\/wp-json\/wp\/v2\/categories?post=48414"},{"taxonomy":"post_tag","embeddable":true,"href":"https:\/\/biorius.com\/de\/wp-json\/wp\/v2\/tags?post=48414"}],"curies":[{"name":"wp","href":"https:\/\/api.w.org\/{rel}","templated":true}]}}