{"id":48402,"date":"2023-08-29T11:20:43","date_gmt":"2023-08-29T09:20:43","guid":{"rendered":"https:\/\/biorius.com\/unsere-werte\/"},"modified":"2025-01-13T09:56:18","modified_gmt":"2025-01-13T08:56:18","slug":"unsere-werte","status":"publish","type":"page","link":"https:\/\/biorius.com\/de\/unsere-werte\/","title":{"rendered":"Unsere Werte"},"content":{"rendered":"","protected":false},"excerpt":{"rendered":"","protected":false},"author":1,"featured_media":0,"parent":0,"menu_order":0,"comment_status":"closed","ping_status":"closed","template":"templates\/page-builder.php","meta":{"_acf_changed":false,"_coblocks_attr":"","_coblocks_dimensions":"","_coblocks_responsive_height":"","_coblocks_accordion_ie_support":"","footnotes":""},"categories":[],"tags":[],"class_list":["post-48402","page","type-page","status-publish","hentry"],"acf":[],"yoast_head":"<!-- This site is optimized with the Yoast SEO plugin v27.4 - https:\/\/yoast.com\/product\/yoast-seo-wordpress\/ -->\n<title>Unsere Werte - Biorius<\/title>\n<meta name=\"description\" content=\"Wir sind der Meinung, dass Konsumg\u00fcterunternehmen sicher und dauerhaft wachsen, sobald sie die Einhaltung der Vorschriften f\u00fcr ihre Aktivit\u00e4ten unter Kontrolle haben.\" \/>\n<meta name=\"robots\" content=\"index, follow, max-snippet:-1, max-image-preview:large, max-video-preview:-1\" \/>\n<link rel=\"canonical\" href=\"https:\/\/biorius.com\/de\/unsere-werte\/\" \/>\n<meta property=\"og:locale\" content=\"de_DE\" \/>\n<meta property=\"og:type\" content=\"article\" \/>\n<meta property=\"og:title\" content=\"Unsere Werte - Biorius\" \/>\n<meta property=\"og:description\" content=\"Wir sind der Meinung, dass Konsumg\u00fcterunternehmen sicher und dauerhaft wachsen, sobald sie die Einhaltung der Vorschriften f\u00fcr ihre Aktivit\u00e4ten unter Kontrolle haben.\" \/>\n<meta property=\"og:url\" content=\"https:\/\/biorius.com\/de\/unsere-werte\/\" \/>\n<meta property=\"og:site_name\" content=\"Biorius\" \/>\n<meta property=\"article:modified_time\" content=\"2025-01-13T08:56:18+00:00\" \/>\n<meta name=\"twitter:card\" content=\"summary_large_image\" \/>\n<script type=\"application\/ld+json\" class=\"yoast-schema-graph\">{\"@context\":\"https:\\\/\\\/schema.org\",\"@graph\":[{\"@type\":\"WebPage\",\"@id\":\"https:\\\/\\\/biorius.com\\\/de\\\/unsere-werte\\\/\",\"url\":\"https:\\\/\\\/biorius.com\\\/de\\\/unsere-werte\\\/\",\"name\":\"Unsere Werte - Biorius\",\"isPartOf\":{\"@id\":\"https:\\\/\\\/biorius.com\\\/de\\\/#website\"},\"datePublished\":\"2023-08-29T09:20:43+00:00\",\"dateModified\":\"2025-01-13T08:56:18+00:00\",\"description\":\"Wir sind der Meinung, dass Konsumg\u00fcterunternehmen sicher und dauerhaft wachsen, sobald sie die Einhaltung der Vorschriften f\u00fcr ihre Aktivit\u00e4ten unter Kontrolle haben.\",\"breadcrumb\":{\"@id\":\"https:\\\/\\\/biorius.com\\\/de\\\/unsere-werte\\\/#breadcrumb\"},\"inLanguage\":\"de-DE\",\"potentialAction\":[{\"@type\":\"ReadAction\",\"target\":[\"https:\\\/\\\/biorius.com\\\/de\\\/unsere-werte\\\/\"]}]},{\"@type\":\"BreadcrumbList\",\"@id\":\"https:\\\/\\\/biorius.com\\\/de\\\/unsere-werte\\\/#breadcrumb\",\"itemListElement\":[{\"@type\":\"ListItem\",\"position\":1,\"name\":\"Startseite\",\"item\":\"https:\\\/\\\/biorius.com\\\/de\\\/\"},{\"@type\":\"ListItem\",\"position\":2,\"name\":\"Unsere Werte\"}]},{\"@type\":\"WebSite\",\"@id\":\"https:\\\/\\\/biorius.com\\\/de\\\/#website\",\"url\":\"https:\\\/\\\/biorius.com\\\/de\\\/\",\"name\":\"Biorius\",\"description\":\"You create dreams we protect them\",\"potentialAction\":[{\"@type\":\"SearchAction\",\"target\":{\"@type\":\"EntryPoint\",\"urlTemplate\":\"https:\\\/\\\/biorius.com\\\/de\\\/?s={search_term_string}\"},\"query-input\":{\"@type\":\"PropertyValueSpecification\",\"valueRequired\":true,\"valueName\":\"search_term_string\"}}],\"inLanguage\":\"de-DE\"}]}<\/script>\n<!-- \/ Yoast SEO plugin. -->","yoast_head_json":{"title":"Unsere Werte - Biorius","description":"Wir sind der Meinung, dass Konsumg\u00fcterunternehmen sicher und dauerhaft wachsen, sobald sie die Einhaltung der Vorschriften f\u00fcr ihre Aktivit\u00e4ten unter Kontrolle haben.","robots":{"index":"index","follow":"follow","max-snippet":"max-snippet:-1","max-image-preview":"max-image-preview:large","max-video-preview":"max-video-preview:-1"},"canonical":"https:\/\/biorius.com\/de\/unsere-werte\/","og_locale":"de_DE","og_type":"article","og_title":"Unsere Werte - Biorius","og_description":"Wir sind der Meinung, dass Konsumg\u00fcterunternehmen sicher und dauerhaft wachsen, sobald sie die Einhaltung der Vorschriften f\u00fcr ihre Aktivit\u00e4ten unter Kontrolle haben.","og_url":"https:\/\/biorius.com\/de\/unsere-werte\/","og_site_name":"Biorius","article_modified_time":"2025-01-13T08:56:18+00:00","twitter_card":"summary_large_image","schema":{"@context":"https:\/\/schema.org","@graph":[{"@type":"WebPage","@id":"https:\/\/biorius.com\/de\/unsere-werte\/","url":"https:\/\/biorius.com\/de\/unsere-werte\/","name":"Unsere Werte - Biorius","isPartOf":{"@id":"https:\/\/biorius.com\/de\/#website"},"datePublished":"2023-08-29T09:20:43+00:00","dateModified":"2025-01-13T08:56:18+00:00","description":"Wir sind der Meinung, dass Konsumg\u00fcterunternehmen sicher und dauerhaft wachsen, sobald sie die Einhaltung der Vorschriften f\u00fcr ihre Aktivit\u00e4ten unter Kontrolle haben.","breadcrumb":{"@id":"https:\/\/biorius.com\/de\/unsere-werte\/#breadcrumb"},"inLanguage":"de-DE","potentialAction":[{"@type":"ReadAction","target":["https:\/\/biorius.com\/de\/unsere-werte\/"]}]},{"@type":"BreadcrumbList","@id":"https:\/\/biorius.com\/de\/unsere-werte\/#breadcrumb","itemListElement":[{"@type":"ListItem","position":1,"name":"Startseite","item":"https:\/\/biorius.com\/de\/"},{"@type":"ListItem","position":2,"name":"Unsere Werte"}]},{"@type":"WebSite","@id":"https:\/\/biorius.com\/de\/#website","url":"https:\/\/biorius.com\/de\/","name":"Biorius","description":"You create dreams we protect them","potentialAction":[{"@type":"SearchAction","target":{"@type":"EntryPoint","urlTemplate":"https:\/\/biorius.com\/de\/?s={search_term_string}"},"query-input":{"@type":"PropertyValueSpecification","valueRequired":true,"valueName":"search_term_string"}}],"inLanguage":"de-DE"}]}},"_links":{"self":[{"href":"https:\/\/biorius.com\/de\/wp-json\/wp\/v2\/pages\/48402","targetHints":{"allow":["GET"]}}],"collection":[{"href":"https:\/\/biorius.com\/de\/wp-json\/wp\/v2\/pages"}],"about":[{"href":"https:\/\/biorius.com\/de\/wp-json\/wp\/v2\/types\/page"}],"author":[{"embeddable":true,"href":"https:\/\/biorius.com\/de\/wp-json\/wp\/v2\/users\/1"}],"replies":[{"embeddable":true,"href":"https:\/\/biorius.com\/de\/wp-json\/wp\/v2\/comments?post=48402"}],"version-history":[{"count":0,"href":"https:\/\/biorius.com\/de\/wp-json\/wp\/v2\/pages\/48402\/revisions"}],"wp:attachment":[{"href":"https:\/\/biorius.com\/de\/wp-json\/wp\/v2\/media?parent=48402"}],"wp:term":[{"taxonomy":"category","embeddable":true,"href":"https:\/\/biorius.com\/de\/wp-json\/wp\/v2\/categories?post=48402"},{"taxonomy":"post_tag","embeddable":true,"href":"https:\/\/biorius.com\/de\/wp-json\/wp\/v2\/tags?post=48402"}],"curies":[{"name":"wp","href":"https:\/\/api.w.org\/{rel}","templated":true}]}}