{"id":48193,"date":"2023-07-05T14:13:47","date_gmt":"2023-07-05T12:13:47","guid":{"rendered":"https:\/\/biorius.com\/kosmetische-vorschriften\/"},"modified":"2026-03-04T15:45:51","modified_gmt":"2026-03-04T14:45:51","slug":"kosmetische-vorschriften","status":"publish","type":"page","link":"https:\/\/biorius.com\/de\/","title":{"rendered":"kosmetikverordnung"},"content":{"rendered":"","protected":false},"excerpt":{"rendered":"","protected":false},"author":1,"featured_media":51219,"parent":0,"menu_order":0,"comment_status":"closed","ping_status":"closed","template":"templates\/page-builder.php","meta":{"_acf_changed":false,"_coblocks_attr":"","_coblocks_dimensions":"","_coblocks_responsive_height":"","_coblocks_accordion_ie_support":"","footnotes":""},"categories":[2384,2417,2418,2430,2392,2438],"tags":[2534,2529,2364,2362,2419,2439],"class_list":["post-48193","page","type-page","status-publish","has-post-thumbnail","hentry","category-eu-kosmetik-verordnung","category-kosmetische-vorschriften-der-usa","category-mocra-de","category-mocra-us-agent-de","category-uk-kosmetikverordnung","category-verantwortliche-person","tag-cosmetic-regulations-de","tag-eu-kosmetik-verordnung","tag-kosmetika","tag-kosmetische","tag-mocra-de","tag-verantwortliche-person"],"acf":[],"yoast_head":"<!-- This site is optimized with the Yoast SEO plugin v27.3 - https:\/\/yoast.com\/product\/yoast-seo-wordpress\/ -->\n<title>Biorius - Ihr Experte f\u00fcr Kosmetikverordnung<\/title>\n<meta name=\"description\" content=\"Kontaktieren Sie Biorius, einen f\u00fchrenden Experten f\u00fcr Kosmetikverordnung seit \u00fcber 15 Jahren, der die EU, das Vereinigte K\u00f6nigreich, die USA und \u00fcber 60 L\u00e4nder bedient.\" \/>\n<meta name=\"robots\" content=\"index, follow, max-snippet:-1, max-image-preview:large, max-video-preview:-1\" \/>\n<link rel=\"canonical\" href=\"https:\/\/biorius.com\/de\/\" \/>\n<meta property=\"og:locale\" content=\"de_DE\" \/>\n<meta property=\"og:type\" content=\"article\" \/>\n<meta property=\"og:title\" content=\"Biorius - Ihr Experte f\u00fcr Kosmetikverordnung\" \/>\n<meta property=\"og:description\" content=\"Kontaktieren Sie Biorius, einen f\u00fchrenden Experten f\u00fcr Kosmetikverordnung seit \u00fcber 15 Jahren, der die EU, das Vereinigte K\u00f6nigreich, die USA und \u00fcber 60 L\u00e4nder bedient.\" \/>\n<meta property=\"og:url\" content=\"https:\/\/biorius.com\/de\/\" \/>\n<meta property=\"og:site_name\" content=\"Biorius\" \/>\n<meta property=\"article:modified_time\" content=\"2026-03-04T14:45:51+00:00\" \/>\n<meta property=\"og:image\" content=\"https:\/\/biorius.com\/wp-content\/uploads\/2023\/11\/LOGO_RVB-e1768482371629.webp\" \/>\n\t<meta property=\"og:image:width\" content=\"1799\" \/>\n\t<meta property=\"og:image:height\" content=\"426\" \/>\n\t<meta property=\"og:image:type\" content=\"image\/png\" \/>\n<meta name=\"twitter:card\" content=\"summary_large_image\" \/>\n<meta name=\"twitter:label1\" content=\"Gesch\u00e4tzte Lesezeit\" \/>\n\t<meta name=\"twitter:data1\" content=\"15 Minuten\" \/>\n<script type=\"application\/ld+json\" class=\"yoast-schema-graph\">{\"@context\":\"https:\\\/\\\/schema.org\",\"@graph\":[{\"@type\":\"WebPage\",\"@id\":\"https:\\\/\\\/biorius.com\\\/de\\\/\",\"url\":\"https:\\\/\\\/biorius.com\\\/de\\\/\",\"name\":\"Biorius - Ihr Experte f\u00fcr Kosmetikverordnung\",\"isPartOf\":{\"@id\":\"https:\\\/\\\/biorius.com\\\/de\\\/#website\"},\"primaryImageOfPage\":{\"@id\":\"https:\\\/\\\/biorius.com\\\/de\\\/#primaryimage\"},\"image\":{\"@id\":\"https:\\\/\\\/biorius.com\\\/de\\\/#primaryimage\"},\"thumbnailUrl\":\"https:\\\/\\\/biorius.com\\\/wp-content\\\/uploads\\\/2023\\\/11\\\/LOGO_RVB-e1768482371629.webp\",\"datePublished\":\"2023-07-05T12:13:47+00:00\",\"dateModified\":\"2026-03-04T14:45:51+00:00\",\"description\":\"Kontaktieren Sie Biorius, einen f\u00fchrenden Experten f\u00fcr Kosmetikverordnung seit \u00fcber 15 Jahren, der die EU, das Vereinigte K\u00f6nigreich, die USA und \u00fcber 60 L\u00e4nder bedient.\",\"breadcrumb\":{\"@id\":\"https:\\\/\\\/biorius.com\\\/de\\\/#breadcrumb\"},\"inLanguage\":\"de-DE\",\"potentialAction\":[{\"@type\":\"ReadAction\",\"target\":[\"https:\\\/\\\/biorius.com\\\/de\\\/\"]}]},{\"@type\":\"ImageObject\",\"inLanguage\":\"de-DE\",\"@id\":\"https:\\\/\\\/biorius.com\\\/de\\\/#primaryimage\",\"url\":\"https:\\\/\\\/biorius.com\\\/wp-content\\\/uploads\\\/2023\\\/11\\\/LOGO_RVB-e1768482371629.webp\",\"contentUrl\":\"https:\\\/\\\/biorius.com\\\/wp-content\\\/uploads\\\/2023\\\/11\\\/LOGO_RVB-e1768482371629.webp\",\"width\":1799,\"height\":426},{\"@type\":\"BreadcrumbList\",\"@id\":\"https:\\\/\\\/biorius.com\\\/de\\\/#breadcrumb\",\"itemListElement\":[{\"@type\":\"ListItem\",\"position\":1,\"name\":\"Startseite\",\"item\":\"https:\\\/\\\/biorius.com\\\/de\\\/\"},{\"@type\":\"ListItem\",\"position\":2,\"name\":\"kosmetikverordnung\"}]},{\"@type\":\"WebSite\",\"@id\":\"https:\\\/\\\/biorius.com\\\/de\\\/#website\",\"url\":\"https:\\\/\\\/biorius.com\\\/de\\\/\",\"name\":\"Biorius\",\"description\":\"You create dreams we protect them\",\"potentialAction\":[{\"@type\":\"SearchAction\",\"target\":{\"@type\":\"EntryPoint\",\"urlTemplate\":\"https:\\\/\\\/biorius.com\\\/de\\\/?s={search_term_string}\"},\"query-input\":{\"@type\":\"PropertyValueSpecification\",\"valueRequired\":true,\"valueName\":\"search_term_string\"}}],\"inLanguage\":\"de-DE\"}]}<\/script>\n<!-- \/ Yoast SEO plugin. -->","yoast_head_json":{"title":"Biorius - Ihr Experte f\u00fcr Kosmetikverordnung","description":"Kontaktieren Sie Biorius, einen f\u00fchrenden Experten f\u00fcr Kosmetikverordnung seit \u00fcber 15 Jahren, der die EU, das Vereinigte K\u00f6nigreich, die USA und \u00fcber 60 L\u00e4nder bedient.","robots":{"index":"index","follow":"follow","max-snippet":"max-snippet:-1","max-image-preview":"max-image-preview:large","max-video-preview":"max-video-preview:-1"},"canonical":"https:\/\/biorius.com\/de\/","og_locale":"de_DE","og_type":"article","og_title":"Biorius - Ihr Experte f\u00fcr Kosmetikverordnung","og_description":"Kontaktieren Sie Biorius, einen f\u00fchrenden Experten f\u00fcr Kosmetikverordnung seit \u00fcber 15 Jahren, der die EU, das Vereinigte K\u00f6nigreich, die USA und \u00fcber 60 L\u00e4nder bedient.","og_url":"https:\/\/biorius.com\/de\/","og_site_name":"Biorius","article_modified_time":"2026-03-04T14:45:51+00:00","og_image":[{"width":1799,"height":426,"url":"https:\/\/biorius.com\/wp-content\/uploads\/2023\/11\/LOGO_RVB-e1768482371629.webp","type":"image\/png"}],"twitter_card":"summary_large_image","twitter_misc":{"Gesch\u00e4tzte Lesezeit":"15 Minuten"},"schema":{"@context":"https:\/\/schema.org","@graph":[{"@type":"WebPage","@id":"https:\/\/biorius.com\/de\/","url":"https:\/\/biorius.com\/de\/","name":"Biorius - Ihr Experte f\u00fcr Kosmetikverordnung","isPartOf":{"@id":"https:\/\/biorius.com\/de\/#website"},"primaryImageOfPage":{"@id":"https:\/\/biorius.com\/de\/#primaryimage"},"image":{"@id":"https:\/\/biorius.com\/de\/#primaryimage"},"thumbnailUrl":"https:\/\/biorius.com\/wp-content\/uploads\/2023\/11\/LOGO_RVB-e1768482371629.webp","datePublished":"2023-07-05T12:13:47+00:00","dateModified":"2026-03-04T14:45:51+00:00","description":"Kontaktieren Sie Biorius, einen f\u00fchrenden Experten f\u00fcr Kosmetikverordnung seit \u00fcber 15 Jahren, der die EU, das Vereinigte K\u00f6nigreich, die USA und \u00fcber 60 L\u00e4nder bedient.","breadcrumb":{"@id":"https:\/\/biorius.com\/de\/#breadcrumb"},"inLanguage":"de-DE","potentialAction":[{"@type":"ReadAction","target":["https:\/\/biorius.com\/de\/"]}]},{"@type":"ImageObject","inLanguage":"de-DE","@id":"https:\/\/biorius.com\/de\/#primaryimage","url":"https:\/\/biorius.com\/wp-content\/uploads\/2023\/11\/LOGO_RVB-e1768482371629.webp","contentUrl":"https:\/\/biorius.com\/wp-content\/uploads\/2023\/11\/LOGO_RVB-e1768482371629.webp","width":1799,"height":426},{"@type":"BreadcrumbList","@id":"https:\/\/biorius.com\/de\/#breadcrumb","itemListElement":[{"@type":"ListItem","position":1,"name":"Startseite","item":"https:\/\/biorius.com\/de\/"},{"@type":"ListItem","position":2,"name":"kosmetikverordnung"}]},{"@type":"WebSite","@id":"https:\/\/biorius.com\/de\/#website","url":"https:\/\/biorius.com\/de\/","name":"Biorius","description":"You create dreams we protect them","potentialAction":[{"@type":"SearchAction","target":{"@type":"EntryPoint","urlTemplate":"https:\/\/biorius.com\/de\/?s={search_term_string}"},"query-input":{"@type":"PropertyValueSpecification","valueRequired":true,"valueName":"search_term_string"}}],"inLanguage":"de-DE"}]}},"_links":{"self":[{"href":"https:\/\/biorius.com\/de\/wp-json\/wp\/v2\/pages\/48193","targetHints":{"allow":["GET"]}}],"collection":[{"href":"https:\/\/biorius.com\/de\/wp-json\/wp\/v2\/pages"}],"about":[{"href":"https:\/\/biorius.com\/de\/wp-json\/wp\/v2\/types\/page"}],"author":[{"embeddable":true,"href":"https:\/\/biorius.com\/de\/wp-json\/wp\/v2\/users\/1"}],"replies":[{"embeddable":true,"href":"https:\/\/biorius.com\/de\/wp-json\/wp\/v2\/comments?post=48193"}],"version-history":[{"count":0,"href":"https:\/\/biorius.com\/de\/wp-json\/wp\/v2\/pages\/48193\/revisions"}],"wp:featuredmedia":[{"embeddable":true,"href":"https:\/\/biorius.com\/de\/wp-json\/wp\/v2\/media\/51219"}],"wp:attachment":[{"href":"https:\/\/biorius.com\/de\/wp-json\/wp\/v2\/media?parent=48193"}],"wp:term":[{"taxonomy":"category","embeddable":true,"href":"https:\/\/biorius.com\/de\/wp-json\/wp\/v2\/categories?post=48193"},{"taxonomy":"post_tag","embeddable":true,"href":"https:\/\/biorius.com\/de\/wp-json\/wp\/v2\/tags?post=48193"}],"curies":[{"name":"wp","href":"https:\/\/api.w.org\/{rel}","templated":true}]}}